{"id":162,"date":"2018-01-18T11:22:37","date_gmt":"2018-01-18T10:22:37","guid":{"rendered":"http:\/\/blogs.univ-jfc.fr\/vphn\/?page_id=162"},"modified":"2018-03-05T17:10:57","modified_gmt":"2018-03-05T16:10:57","slug":"la-resistance-en-midi-pyrenees-2017","status":"publish","type":"page","link":"https:\/\/blogs.univ-jfc.fr\/vphn\/histoire-locale\/la-resistance-en-midi-pyrenees-2017\/","title":{"rendered":"La r\u00e9sistance en Midi-Pyr\u00e9n\u00e9es [2017]"},"content":{"rendered":"<p align=\"justify\">En novembre 1942, trois ans apr\u00e8s le d\u00e9but de la seconde Guerre Mondiale, la zone libre devient occup\u00e9 par l\u2019Allemagne nazis. Le mouvement de r\u00e9sistance s&rsquo;acc\u00e9l\u00e8re alors. La radio de Londres attire de plus en plus d&rsquo;auditeurs malgr\u00e9 son interdiction. C&rsquo;est \u00e0 partir du printemps de l&rsquo;ann\u00e9e 1943 que la formation des premiers maquis dans la r\u00e9gion prend forme. D\u00e8s lors, les r\u00e9seaux se multiplient, ainsi que leurs actions et la dangerosit\u00e9 de leurs op\u00e9rations. Mais les r\u00e9sistants doivent se former au maniement des armes et des explosifs se qui rend l&rsquo;int\u00e9gration de nouveau maquisard longue. L&rsquo;engagement dans la r\u00e9sistance n&rsquo;est \u00e9galement pas unanime pour les opposants au r\u00e9gime nazi et au gouvernement de Vichy. Longtemps occult\u00e9 par le r\u00e9sistancialisme, le faible taux de r\u00e9sistant en France est une r\u00e9alit\u00e9. En 1943, moins de 10\u00a0% des r\u00e9fracteurs prennent le maquis, parfois dans le seul but de s&rsquo;y cacher dans des maquis-refuges. Il faut donc bien d\u00e9finir le terme de \u00ab\u00a0R\u00e9sistant\u00a0\u00bb comme une personne qui s&rsquo;opposait \u00e0 l&rsquo;occupation allemande en s&rsquo;engagent dans un combat actif et direct contre elle. En 1944, le terrible hiver rend la vie dans les maquis encore plus difficile. Il refroidis bon nombre de combattants. On assiste alors a une forte baisse de maquisard. Mais malgr\u00e9 le faible nombre de r\u00e9sistants actifs, la guerre entre les r\u00e9seaux de r\u00e9sistances et l&rsquo;occupant avec les forces du gouvernement de Vichy s\u2019amplifie et devient de plus en plus totale. Londres envoie des agents sur place pour aider \u00e0 l&rsquo;unification et la coordination des mouvements r\u00e9sistants, qui ont souvent \u00e9t\u00e9 cr\u00e9e de mani\u00e8re ind\u00e9pendante. Nous pouvons alors nous demander si les groupes de r\u00e9sistants \u00e9taient disparate, aux actions et aux id\u00e9es diff\u00e9rentes\u00a0?<\/p>\n<p align=\"justify\"><span style=\"font-size: large\"><u>I\/ Des r\u00e9sistants aux id\u00e9es divergentes\u00a0:<\/u><\/span><\/p>\n<p align=\"justify\"><span style=\"font-size: medium\"><b>a) La frange communiste<\/b><\/span><\/p>\n<p align=\"justify\"><span style=\"font-size: medium\">Concernant les mouvements de r\u00e9sistance communiste dans la r\u00e9gion, on peut premi\u00e8rement citer <i>Lib\u00e9ration<\/i>, structure paramilitaire comme \u00e0 Toulouse avec J-P. Vernant qui est un ancien responsable des \u00c9tudiants communistes de Paris. Cette organisation est donc tr\u00e8s proche de la vision r\u00e9sistante communiste qui veut une r\u00e9volution marxiste et non pas une simple lib\u00e9ration de l&#8217;emprise du r\u00e9gime de Vichy et de l\u2019ennemi Nazi. Autre grand mouvement, <i>Front National<\/i> sera <\/span><\/p>\n<p align=\"justify\"><span style=\"font-size: medium\">aussi tr\u00e8s actif dans les actes de sabotages et de gu\u00e9rilla tout comme le mouvement Partisans fran\u00e7ais.En fait, on constate que contrairement aux autres mouvements r\u00e9sistants, ceux communistes ont toujours eu un effectif plus important et ont toujours \u00e9t\u00e9 plus actifs sur la sc\u00e8ne combattante, on peut l&rsquo;expliquer par sa nature r\u00e9volutionnaire. De fait \u00e0 l &lsquo;\u00e9t\u00e9 1941 l&rsquo;op\u00e9ration Barbarossa, galvanisera les forces communistes qui voient les forces allemandes attaquer l&rsquo;URSS. Il n&rsquo;y a alors plus d&rsquo;ambigu\u00eft\u00e9 d\u00fb au pacte entre l&rsquo;Allemagne Nazis et L&rsquo;URSS , la politique de renforcement \u00e0 la clandestin\u00e9 s\u2019acc\u00e9l\u00e8re. On augmente les tracts et la propagande en g\u00e9n\u00e9ral en ciblant les ouvriers, l&rsquo;objectif est de les rallier \u00e0 leur cause les ouvriers dans les usines, notamment d&rsquo;armement comme \u00e0 Tarbes.<\/span><\/p>\n<p align=\"justify\"><span style=\"font-size: medium\"><b>b) Les d\u00e9mocrates-catholiques<\/b><\/span><\/p>\n<figure id=\"attachment_1033\" aria-describedby=\"caption-attachment-1033\" style=\"width: 344px\" class=\"wp-caption alignright\"><img loading=\"lazy\" class=\"wp-image-1033\" src=\"http:\/\/blogs.univ-jfc.fr\/vphn\/wp-content\/uploads\/sites\/65\/2018\/01\/Combat-300x165.jpg\" alt=\"\" width=\"344\" height=\"189\" srcset=\"https:\/\/blogs.univ-jfc.fr\/vphn\/wp-content\/uploads\/sites\/65\/2018\/01\/Combat-300x165.jpg 300w, https:\/\/blogs.univ-jfc.fr\/vphn\/wp-content\/uploads\/sites\/65\/2018\/01\/Combat.jpg 636w\" sizes=\"(max-width: 344px) 100vw, 344px\" \/><figcaption id=\"caption-attachment-1033\" class=\"wp-caption-text\">Titre du journal Combat, D\u00e9cembre 1942, num\u00e9ro 38<\/figcaption><\/figure>\n<p align=\"justify\"><span style=\"font-size: medium\">Les d\u00e9mocrates-catholiques sont favorables \u00e0 Londres, ils veulent que la France retrouve sa souverainet\u00e9 tel qu&rsquo;elle l&rsquo;avait sous la troisi\u00e8me r\u00e9publique. Ils ont comme objectif faire r\u00e9fl\u00e9chir les fran\u00e7ais et les faire rejoindre la cause r\u00e9sistante gr\u00e2ce aux journaux clandestins. Leur voie se fera entendre mais toujours \u00e0 une \u00e9chelle r\u00e9sistante, elle reste donc limit\u00e9e.Des hommes tels que P-H. Teitgen ou F. de Menthon dans diff\u00e9rentes grandes villes du Sud de la France cr\u00e9eront le journal <i>Libert\u00e9. <\/i>Ce journal clandestin est la premi\u00e8re forme de r\u00e9sistance que l&rsquo;on peut constater par les d\u00e9mocrates-catholiques,c&rsquo;est un journal tr\u00e8s bien fait et \u00e9crit par des universitaires, il se garde de critiquer ouvertement le mar\u00e9chal P\u00e9tain ce qui r\u00e9volterai le peuple qui lui est attach\u00e9, mais critique le nazisme et les positions du nouveau gouvernement. Autour de ce journal va se former la naissance de <i>Combat<\/i>, un nouveau journal qui s&rsquo;organisera dans le sud et la r\u00e9gion 4 de l&rsquo;\u00e9poque, celle de Toulouse. Le credo de ce nouveau journal est de s&rsquo;accentuer sur la propagande, le recrutement et l&rsquo;organisation, ce seront ces ma\u00eetres mots. Les d\u00e9mocrates-catholiques seront pendant l&rsquo;unification des r\u00e9seaux de r\u00e9sistants fran\u00e7ais, favorables \u00e0 Jean Moulin.<\/span><\/p>\n<p align=\"justify\"><span style=\"font-size: medium\"><b>c) Les pers\u00e9cut\u00e9s par le r\u00e9gime de Vichy et Reich<\/b><\/span><\/p>\n<p align=\"justify\"><span style=\"font-size: medium\">La r\u00e9gion a \u00e9t\u00e9 infect\u00e9e par l&rsquo;antis\u00e9mitisme malgr\u00e9 la pr\u00e9sence de familles juives depuis des g\u00e9n\u00e9rations qui se sont tr\u00e8s bien int\u00e9gr\u00e9es dans la r\u00e9gion Toulousaine. La population juive \u00e0 alors le choix de faire face ou bien de fuir. \u00c0 partir de 1942 les juifs se munissent de v\u00e9ritable structure r\u00e9sistante malgr\u00e9 une attitude largement l\u00e9galiste. Les \u00e9claireurs isra\u00e9lites juifs ( EIF) cr\u00e9\u00e9s en 1923 se voient en 1940 pr\u00e9sents dans de nombreux d\u00e9partements comme le Tarn et Garonne ou l&rsquo;Aveyron. Apr\u00e8s l&rsquo;interdiction de ce mouvement, en 1943 elle sera \u00e0 l&rsquo;origine du scoutisme juif dans la r\u00e9sistance. Cela va alors pr\u00e9parer \u00e0 la futur clandestinit\u00e9. Les juifs \u00e9taient alors soit cach\u00e9s, comme \u00e0 Lautrec dans le Tarn ou encore dans les fermes du Tarn et Garonne. D&rsquo;autres forment des groupes de combat comme l&rsquo;AJ, l&rsquo;Arm\u00e9e Juive. Les franc-ma\u00e7on, sont eux aussi pers\u00e9cut\u00e9s avec la fermeture des loges, on les chasse de la fonction publique. Cependant nombre d&rsquo;entre eux rejoindront la r\u00e9sistance comme Pierre Vendeven dans le Tarn ou encore Maurice Fonvielle et Paul Verdier \u00e0 Toulouse. Dans le Tarn les syndicalistes ouvriers et les mineurs de Carmaux, ou dans les usines des hautes Pyr\u00e9n\u00e9es et celles de Toulouse, forment des groupes de r\u00e9sistants. Les protestants quant \u00e0 eux rentrent aussi en r\u00e9sistance \u00e0 l&rsquo;image de ceux \u00e0 <a href=\"https:\/\/maquisdevabre.wordpress.com\/\">Vabre<\/a> dans le Tarn.<\/span><\/p>\n<p align=\"justify\"><span style=\"font-size: large\"><u>II\/ Les diff\u00e9rentes formes de r\u00e9sistances<\/u><\/span><\/p>\n<p align=\"justify\"><span style=\"font-size: medium\"><b>a) Les chefs et coordinateurs de la r\u00e9sistance<\/b> <\/span><\/p>\n<p align=\"justify\"><span style=\"font-size: medium\">On peut parler dans les premiers temps de la r\u00e9sistance d&rsquo;instigateurs id\u00e9ologiques, avant les actes il y a une r\u00e9flexion \u00ab\u00a0r\u00e9sistance\u00a0\u00bb, une fa\u00e7on de penser de la r\u00e9sistance propre \u00e0 chacun. Parmi les coordinateurs de la r\u00e9sistance, il est indispensable de parler des agents du SOE (<\/span>Special Op\u00e9rations Ex\u00e9cutive)<span style=\"font-size: medium\"> anglais. Leur objectif est de faire remonter \u00e0 Londres la situation en France ainsi que des informations sur l&rsquo;\u00e9tat de l&rsquo;arm\u00e9e allemande et sur quelles forces de r\u00e9sistances ils pourront compter pour un d\u00e9barquement futur. Logiquement, ces agents vont travailler avec des mouvements r\u00e9sistants. En ce qui concerne l&rsquo;unification des mouvements de r\u00e9sistance, celle-elle a \u00e9t\u00e9 difficile on le sait par les m\u00e9fiances que chaque mouvement porte sur un autre, pour certain d&rsquo;entre on peut parler de m\u00e9pris. Cette unification se fait au prix de discutions compliqu\u00e9es et serr\u00e9es. Henry Freney le chef du mouvement Combat l&rsquo;a par ailleurs expliqu\u00e9 \u00e0 Jean Moulin, l&rsquo;instigateur de cette volont\u00e9 d&rsquo;unification.<\/span><\/p>\n<p align=\"justify\"><span style=\"font-size: medium\"><b>b) Vie civile doubl\u00e9e d&rsquo;une vie dans la r\u00e9sistance<\/b><\/span><\/p>\n<p align=\"justify\"><span style=\"font-size: medium\">Une partie de la population prend par \u00e0 l&rsquo;effort de toutes les mani\u00e8res possibles, cela passe par chaque actes faits dans l&rsquo; id\u00e9e de r\u00e9sistance. Ces actions sont telles que\u00a0: le ravitaillement des maquis, cacher des personnes pers\u00e9cut\u00e9es par les deux r\u00e9gimes, distribuer des tractes ou encore donner des informations. Les informateurs sont recrut\u00e9s jusque dans l&rsquo;administration de Vichy et dans la police. On peut m\u00eame voir que les services Allemands sont noyaut\u00e9s, tel qu&rsquo;avec Gerhard Leo, infiltr\u00e9 dans les services allemands \u00e0 Toulouse et \u00e0 Castres. Pour relayer la propagande r\u00e9sistante, il faut bien s\u00fbr des hommes pour distribuer les tracts, ainsi que des hommes pour les \u00e9crire et pour les imprimer. Dans un r\u00f4le d&rsquo;imprimeur r\u00e9sistant \u00e0 Albi on trouve Mr Pezous, qui imprimait tracts et journaux r\u00e9sistants. Entre autre grande activit\u00e9 r\u00e9sistante dans le Midi toulousain est celle des passeurs. Nombreux seront les passages par les Pyr\u00e9n\u00e9es vers l&rsquo;Espagne. Leurs origines sont vari\u00e9es, des pr\u00eatres, instituteurs ou encore des h\u00f4teliers prendront ce r\u00f4le. Les \u00e9vad\u00e9s par ces r\u00e9seaux de passage se compte \u00e0 pr\u00e8s de 30 000 personnes, on y retrouve des fran\u00e7ais d\u00e9sireux de rejoindre les Forces fran\u00e7aises libres, des militaire belges ou encore des r\u00e9sistants menac\u00e9s. <\/span><\/p>\n<p align=\"justify\"><span style=\"font-size: medium\"><u><b>c) Les maquisards<\/b><\/u><\/span><\/p>\n<figure id=\"attachment_1035\" aria-describedby=\"caption-attachment-1035\" style=\"width: 292px\" class=\"wp-caption alignleft\"><img loading=\"lazy\" class=\"wp-image-1035 \" src=\"http:\/\/blogs.univ-jfc.fr\/vphn\/wp-content\/uploads\/sites\/65\/2018\/01\/mvcartetarn-300x255.jpg\" alt=\"\" width=\"292\" height=\"249\" srcset=\"https:\/\/blogs.univ-jfc.fr\/vphn\/wp-content\/uploads\/sites\/65\/2018\/01\/mvcartetarn-300x255.jpg 300w, https:\/\/blogs.univ-jfc.fr\/vphn\/wp-content\/uploads\/sites\/65\/2018\/01\/mvcartetarn.jpg 500w\" sizes=\"(max-width: 292px) 100vw, 292px\" \/><figcaption id=\"caption-attachment-1035\" class=\"wp-caption-text\">Carte des maquis du Tarn en 1943 (Site du Maquis de Vabre).<\/figcaption><\/figure>\n<p align=\"justify\">Pour commencer, donnons quelques informations sur l\u2019\u00e9volution des maquisards dans les campagnes du Sud de la France, en prenant l&rsquo;exemple d&rsquo;un de ses maquis. Celui de <a href=\"https:\/\/maquisdevabre.wordpress.com\/documents\/le-ravitaillement\/\">Vabre<\/a>.<\/p>\n<p align=\"justify\"><span style=\"font-size: medium\">Apr\u00e8s l&rsquo;occupation de la zone libre par les nazis en 1942, ils sont 25 \u00e0 prendre le maquis, rejoint par 37 r\u00e9sistants de plus entre janvier et mai 1944. Apr\u00e8s le d\u00e9barquement en Normandie des troupes alli\u00e9es le 6 juin 1944, le mouvement s\u2019acc\u00e9l\u00e8re avec pr\u00e8s de 270 personnes suppl\u00e9mentaires qui viennent renforcer la clandestinit\u00e9. L&rsquo;affaiblissement des Allemands et l&rsquo;entr\u00e9e des Am\u00e9ricains sur le sol fran\u00e7ais donne un vent nouveau \u00e0 la r\u00e9bellion. Sentant le vent tourner, beaucoup de personnes rallient le mouvement de r\u00e9sistance pour rejoindre le camp des futurs vainqueurs. Enfin, apr\u00e8s le d\u00e9barquement des alli\u00e9s en Provence le 15 ao\u00fbt 1944 qui leur assure la victoire, 135 hommes suppl\u00e9mentaires rejoignent l&rsquo;opposition active \u00e0 Vichy. Les maquis se remplissent. En mai 1944, c&rsquo;est m\u00eame trois SS qui d\u00e9serteront pour rejoindre le maquis de <a href=\"https:\/\/maquisdevabre.wordpress.com\/documents\/le-ravitaillement\/\">Vabre<\/a>, pr\u00e8s de Castres.<\/span><\/p>\n<p align=\"justify\">Qui sont r\u00e9ellement les maquisards\u00a0? Les premiers maquis sont surtout des maquis d\u2019attente, form\u00e9 par des jeunes qui fuient le Service de Travail Obligatoire et les Chantiers Jeunes, organis\u00e9 par l&rsquo;Allemagne nazis pour envoyer des milliers de jeunes travailleurs fran\u00e7ais dans leurs usines.<\/p>\n<p align=\"justify\">Puis, ils seront rejoints par des patriotes de tous bords, des immigrais espagnol fuyant la dictature de Castro, des communistes\u2026<\/p>\n<p align=\"justify\">Ces r\u00e9sistants ne sont donc pas pour la plupart des combattants, des militaires. Ils prennent le maquis avec de faibles moyens et souvent avec peur. La c\u00e9l\u00e8bre r\u00e9sistante du mouvement Lib\u00e9ration Sud, Lucie Aubrac disait:<\/p>\n<p style=\"text-align: center\" align=\"left\">\u00ab\u00a0Prendre le maquis, c&rsquo;est comme aller \u00e0 un examen. [\u2026] On a peur mais on y va et on fait du mieux qu&rsquo;on peut\u00a0\u00bb.<\/p>\n<p align=\"justify\"><span style=\"font-size: large\"><u>III\/ La vie difficile des maquisards <\/u><\/span><\/p>\n<p align=\"justify\"><span style=\"font-size: medium\"><b>a) Les conditions de vie dans le maquis<\/b><\/span><\/p>\n<figure id=\"attachment_1034\" aria-describedby=\"caption-attachment-1034\" style=\"width: 236px\" class=\"wp-caption alignleft\"><img loading=\"lazy\" class=\"wp-image-1034 \" src=\"http:\/\/blogs.univ-jfc.fr\/vphn\/wp-content\/uploads\/sites\/65\/2018\/01\/groupe-4-a.c.-07-44-300x226.jpg\" alt=\"\" width=\"236\" height=\"178\" srcset=\"https:\/\/blogs.univ-jfc.fr\/vphn\/wp-content\/uploads\/sites\/65\/2018\/01\/groupe-4-a.c.-07-44-300x226.jpg 300w, https:\/\/blogs.univ-jfc.fr\/vphn\/wp-content\/uploads\/sites\/65\/2018\/01\/groupe-4-a.c.-07-44.jpg 447w\" sizes=\"(max-width: 236px) 100vw, 236px\" \/><figcaption id=\"caption-attachment-1034\" class=\"wp-caption-text\">Photo d&rsquo;un groupe de r\u00e9sistant dans le maquis du Mont Aigoual. (Photo Mus\u00e9e de la R\u00e9sistance).<\/figcaption><\/figure>\n<p align=\"justify\">Les lieux, appel\u00e9s maquis, ne sont pas forc\u00e9ment repr\u00e9sentatifs de la situation. Tr\u00e8s recul\u00e9, isol\u00e9, cach\u00e9 par la v\u00e9g\u00e9tation, souvent dans des forets denses, le maquis est loin de son sens premier, une v\u00e9g\u00e9tation caract\u00e9ristique du climat m\u00e9diterran\u00e9en.<\/p>\n<p>&nbsp;<\/p>\n<p>&nbsp;<\/p>\n<p align=\"justify\">Dans ces forets, la vie y est difficile. Le terrain est abrupt, la v\u00e9g\u00e9tation dense et le climat rude. L&rsquo;hiver difficile en d\u00e9couragea plus d&rsquo;un.<\/p>\n<p>L&rsquo;autre difficult\u00e9, c&rsquo;est l&rsquo;alimentation. En ces temps de guerre, les ressources de premi\u00e8re n\u00e9cessit\u00e9 sont distribu\u00e9es lors des ravitaillements qui constituent la pr\u00e9occupation premi\u00e8re des maquisards.<\/p>\n<p>&nbsp;<\/p>\n<p align=\"justify\"><b>b) Une pression constante de l\u2019ennemi<\/b><\/p>\n<figure id=\"attachment_1036\" aria-describedby=\"caption-attachment-1036\" style=\"width: 242px\" class=\"wp-caption alignright\"><img loading=\"lazy\" class=\"wp-image-1036 \" src=\"http:\/\/blogs.univ-jfc.fr\/vphn\/wp-content\/uploads\/sites\/65\/2018\/01\/126_269-226x300.jpg\" alt=\"\" width=\"242\" height=\"321\" srcset=\"https:\/\/blogs.univ-jfc.fr\/vphn\/wp-content\/uploads\/sites\/65\/2018\/01\/126_269-226x300.jpg 226w, https:\/\/blogs.univ-jfc.fr\/vphn\/wp-content\/uploads\/sites\/65\/2018\/01\/126_269.jpg 528w\" sizes=\"(max-width: 242px) 100vw, 242px\" \/><figcaption id=\"caption-attachment-1036\" class=\"wp-caption-text\">L&rsquo;affiche rouge : r\u00e9alis\u00e9e par les allemands en 1944 sous l&rsquo;occupation pour d\u00e9noncer la R\u00e9sistance comme un mouvement terroriste, compos\u00e9 essentiellement de r\u00e9sistants immigr\u00e9s.<\/figcaption><\/figure>\n<p align=\"justify\">Apr\u00e8s 1944 et la mise en place des premiers r\u00e9seaux de r\u00e9sistance, les combats entre maquisard et Allemand nazis entrent dans une guerre de plus en plus totale. Traque, arrestation, torture, ex\u00e9cution, la r\u00e9pression des nazis est forte.<\/p>\n<p align=\"justify\"><span style=\"font-size: medium\">Mais d&rsquo;autres moyens de pression sont utilis\u00e9s, comme les affiches de propagande contre les maquisards qui les font passer aux yeux de la population comme des terroristes. <\/span><\/p>\n<p align=\"justify\"><span style=\"font-size: medium\">L&rsquo;ennemi peut \u00eatre donc partout, parmi les villageois, ou m\u00eame directement dans le maquis avec des espions allemands infiltr\u00e9s. <\/span><\/p>\n<p align=\"justify\"><span style=\"color: #ffffff\">\u00a0<\/span><\/p>\n<p align=\"justify\"><span style=\"font-size: medium\"><b>c) Des actions difficiles \u00e0 mettre en place<\/b><\/span><\/p>\n<p align=\"justify\"><span style=\"font-size: medium\">Les actions des r\u00e9sistants sont plus rares que ce qu&rsquo;on peut penser. Plusieurs raisons \u00e0 cela.<\/span><\/p>\n<p align=\"justify\">La premi\u00e8re, est le manque de formation des maquisards. Simple citoyen, ils n&rsquo;ont pour la plupart aucune exp\u00e9rience dans le maniement des armes. Il faut donc former longuement les nouveaux venus. Cet apprentissage se fait souvent par des anciens combattants de la Premi\u00e8re Guerre mondiale (1914-1918) qui les entra\u00eenent avec de faibles moyens, des armes de chasse ou de collection. La faiblesse des moyens est une r\u00e9alit\u00e9 qui constitue la seconde raison pour laquelle les actions sont difficiles \u00e0 mener. La derni\u00e8re raison est le manque de renseignements. Les informations strat\u00e9giques de l&rsquo;ennemi sont difficiles \u00e0 obtenir, donnant que peu de possibilit\u00e9s aux maquisards d&rsquo;agir. Leurs actions sont donc le plus souvent des sabotages ou des r\u00e9ceptions de colis parachut\u00e9s par l&rsquo;aviation anglaise.<\/p>\n<p align=\"justify\">Pour aller plus loin, voici <a href=\"http:\/\/blogs.univ-jfc.fr\/vphn\/bibliographie-la-resistance-en-midi-pyrenees\/\">la bibliographie<\/a><\/p>\n","protected":false},"excerpt":{"rendered":"<p>En novembre 1942, trois ans apr\u00e8s le d\u00e9but de la seconde Guerre Mondiale, la zone libre devient occup\u00e9 par l\u2019Allemagne nazis. Le mouvement de r\u00e9sistance s&rsquo;acc\u00e9l\u00e8re alors. La radio de Londres attire de plus en plus d&rsquo;auditeurs malgr\u00e9 son interdiction. C&rsquo;est \u00e0 partir du printemps de l&rsquo;ann\u00e9e 1943 que la formation des premiers maquis dans &hellip; <\/p>\n<p class=\"link-more\"><a href=\"https:\/\/blogs.univ-jfc.fr\/vphn\/histoire-locale\/la-resistance-en-midi-pyrenees-2017\/\" class=\"more-link\">Continuer la lecture<span class=\"screen-reader-text\"> de &laquo;&nbsp;La r\u00e9sistance en Midi-Pyr\u00e9n\u00e9es [2017]&nbsp;&raquo;<\/span><\/a><\/p>\n","protected":false},"author":420,"featured_media":0,"parent":1173,"menu_order":0,"comment_status":"closed","ping_status":"closed","template":"","meta":[],"_links":{"self":[{"href":"https:\/\/blogs.univ-jfc.fr\/vphn\/wp-json\/wp\/v2\/pages\/162"}],"collection":[{"href":"https:\/\/blogs.univ-jfc.fr\/vphn\/wp-json\/wp\/v2\/pages"}],"about":[{"href":"https:\/\/blogs.univ-jfc.fr\/vphn\/wp-json\/wp\/v2\/types\/page"}],"author":[{"embeddable":true,"href":"https:\/\/blogs.univ-jfc.fr\/vphn\/wp-json\/wp\/v2\/users\/420"}],"replies":[{"embeddable":true,"href":"https:\/\/blogs.univ-jfc.fr\/vphn\/wp-json\/wp\/v2\/comments?post=162"}],"version-history":[{"count":41,"href":"https:\/\/blogs.univ-jfc.fr\/vphn\/wp-json\/wp\/v2\/pages\/162\/revisions"}],"predecessor-version":[{"id":1762,"href":"https:\/\/blogs.univ-jfc.fr\/vphn\/wp-json\/wp\/v2\/pages\/162\/revisions\/1762"}],"up":[{"embeddable":true,"href":"https:\/\/blogs.univ-jfc.fr\/vphn\/wp-json\/wp\/v2\/pages\/1173"}],"wp:attachment":[{"href":"https:\/\/blogs.univ-jfc.fr\/vphn\/wp-json\/wp\/v2\/media?parent=162"}],"curies":[{"name":"wp","href":"https:\/\/api.w.org\/{rel}","templated":true}]}}