{"id":163,"date":"2018-01-18T11:27:25","date_gmt":"2018-01-18T10:27:25","guid":{"rendered":"http:\/\/blogs.univ-jfc.fr\/vphn\/?page_id=163"},"modified":"2018-05-16T18:34:48","modified_gmt":"2018-05-16T16:34:48","slug":"lapogee-de-lindustrie-mazametaine-au-xixeme-siecle-2017","status":"publish","type":"page","link":"https:\/\/blogs.univ-jfc.fr\/vphn\/patrimoine-immateriel\/lapogee-de-lindustrie-mazametaine-au-xixeme-siecle-2017\/","title":{"rendered":"L&rsquo;apog\u00e9e de l&rsquo;industrie mazam\u00e9taine au XIXe si\u00e8cle [2017]"},"content":{"rendered":"<figure id=\"attachment_1284\" aria-describedby=\"caption-attachment-1284\" style=\"width: 310px\" class=\"wp-caption alignright\"><img loading=\"lazy\" class=\"wp-image-1284\" src=\"http:\/\/blogs.univ-jfc.fr\/vphn\/wp-content\/uploads\/sites\/65\/2018\/01\/8-300x234.jpg\" alt=\"\" width=\"310\" height=\"242\" srcset=\"https:\/\/blogs.univ-jfc.fr\/vphn\/wp-content\/uploads\/sites\/65\/2018\/01\/8-300x234.jpg 300w, https:\/\/blogs.univ-jfc.fr\/vphn\/wp-content\/uploads\/sites\/65\/2018\/01\/8.jpg 387w\" sizes=\"(max-width: 310px) 100vw, 310px\" \/><figcaption id=\"caption-attachment-1284\" class=\"wp-caption-text\">CAZALS, R\u00e9my, Cinq si\u00e8cles de travail de la laine: Mazamet, 1500-2000.<\/figcaption><\/figure>\n<p align=\"justify\">Situ\u00e9 au pied de la Montagne Noire dans le d\u00e9partement du Tarn, Mazamet a connu une p\u00e9riode tr\u00e8s attractive dans le domaine de l\u2019industrie notamment au milieu du XIXe si\u00e8cle avec l\u2019apparition du <a href=\"https:\/\/www.youtube.com\/watch?v=xxyjrHWz9xk\">d\u00e9lainage<\/a>. Le terme d\u00e9lainage d\u00e9signe une technique qui consiste \u00e0 \u00ab s\u00e9parer la laine de la peau brute du mouton, afin de les utiliser s\u00e9par\u00e9ment \u00bb. Cette activit\u00e9 locale a permis \u00e0 la ville de se d\u00e9velopper et de devenir un centre industriel et commercial, qui s\u2019est \u00e9tendu au niveau mondial. En effet, pour r\u00e9pondre \u00e0 la demande croissante, les industriels mazam\u00e9tains ont commenc\u00e9 \u00e0 importer de la laine dans diff\u00e9rents pays. Le bassin mazam\u00e9tain a donc port\u00e9 le d\u00e9lainage au niveau international \u00e0 partir de 1951. M\u00eame si la zone g\u00e9ographique n\u2019\u00e9tait pas sp\u00e9cialement favorable pour son commerce, elle l\u2019\u00e9tait pour la conception du d\u00e9lainage gr\u00e2ce \u00e0 son enclavement et ses nombreux cours d\u2019eau. En effet, pour importer et exporter, des d\u00e9penses de transports cons\u00e9quents sont n\u00e9cessaires. Cependant, la ville de Mazamet affirma tr\u00e8s t\u00f4t cette vocation industrielle et est donc tr\u00e8s sp\u00e9cialis\u00e9e dans ce domaine. Le d\u00e9veloppement de cette industrie \u00e0 permis de stimuler l\u2019emploi local, et d\u2019apporter une certaines richesses. De plus, l\u2019infertilit\u00e9 des sols obligea les mazam\u00e9tains \u00e0 trouver dans l\u2019industrie du textile un moyen de s\u2019ouvrir au monde et de \u00ab s\u2019\u00e9panouir \u00bb \u00e9conomiquement.<\/p>\n<p align=\"justify\">Comment\u00a0la ville de\u00a0Mazamet\u00a0a-t-elle\u00a0r\u00e9ussi \u00e0 obtenir le quasi-monopole mondial de l&rsquo;industrie du d\u00e9lainage au XIXe si\u00e8cle?<\/p>\n<p align=\"justify\">L&rsquo;industrie de Mazamet s&rsquo;est d\u00e9velopp\u00e9e dans une r\u00e9gion propice \u00e0 l&rsquo;activit\u00e9. Tout d&rsquo;abord, le village d&rsquo;Hautpoul qui surplombe Mazamet est depuis le Moyen-\u00c2ge une place strat\u00e9gique de march\u00e9. Le bois et la laine de mouton \u00e9taient d\u00e9j\u00e0 des \u00e9l\u00e9ments cl\u00e9s du commerce de la r\u00e9gion. De plus, l&rsquo;Arnette, la rivi\u00e8re qui traverse Mazamet, actionne moulins et usines depuis plusieurs si\u00e8cles. En 1851, l&rsquo;industrie du d\u00e9lainage voit le jour, mais ne peut pas s&rsquo;\u00e9largir du fait du manque de laine. En effet, la laine de mouton provenant des r\u00e9gions proches : la Provence, le Languedoc ou m\u00eame l&rsquo;Espagne, ne suffisent plus.<\/p>\n<figure id=\"attachment_1321\" aria-describedby=\"caption-attachment-1321\" style=\"width: 169px\" class=\"wp-caption alignleft\"><img loading=\"lazy\" class=\"wp-image-1321 size-medium\" src=\"http:\/\/blogs.univ-jfc.fr\/vphn\/wp-content\/uploads\/sites\/65\/2018\/01\/3-169x300.png\" alt=\"\" width=\"169\" height=\"300\" srcset=\"https:\/\/blogs.univ-jfc.fr\/vphn\/wp-content\/uploads\/sites\/65\/2018\/01\/3-169x300.png 169w, https:\/\/blogs.univ-jfc.fr\/vphn\/wp-content\/uploads\/sites\/65\/2018\/01\/3.png 250w\" sizes=\"(max-width: 169px) 100vw, 169px\" \/><figcaption id=\"caption-attachment-1321\" class=\"wp-caption-text\">Pierre-Elie HOULES Archives d\u00e9partementale du Tarn<\/figcaption><\/figure>\n<p align=\"justify\">C\u2019est <a href=\"http:\/\/archivescormouls-houles.tarn.fr\/index.php?id=2309\">Pierre-\u00c9lie Houl\u00e8s<\/a> (1790-1851), industriel mazam\u00e9tain qui d\u00e9cida de s&rsquo;approvisionner ailleurs pour r\u00e9pondre aux besoins constants des entreprises. C&rsquo;est en Argentine qu&rsquo;il va d\u00e9marcher des balles de laine, du fait de ses importants \u00e9levages de moutons, notamment en Patagonie. Une fois la mati\u00e8re premi\u00e8re trouv\u00e9e et achemin\u00e9e jusqu&rsquo;aux usines, il faut pouvoir la travailler. De cette mani\u00e8re, le \u00ab\u00a0d\u00e9lainage \u00e0 l&rsquo;\u00e9chauffe\u00a0\u00bb est mis en place. C&rsquo;est une technique qui consiste \u00e0 s\u00e9parer la laine du cuir sans l\u2019endommager. Bien que Pierre-\u00c9lie Houl\u00e8s soit \u00e0 l&rsquo;origine de l&rsquo;entr\u00e9e des balles de laine d&rsquo;Argentine \u00e0 Mazamet et que son gendre ait repris l&rsquo;affaire ensuite, c&rsquo;est \u00e0 Gaston Cormouls-Houl\u00e8s que l&rsquo;on doit le surnom de la ville: \u00ab\u00a0la capitale mondiale du d\u00e9lainage\u00a0\u00bb.<\/p>\n<p align=\"justify\">L&rsquo;activit\u00e9 industrielle vers 1850 reste la m\u00eame \u00e0 la fin du XIXe si\u00e8cle. Mais, elle est domin\u00e9e par \u00ab cette jeune et vivante industrie du d\u00e9lainage, \u00e0 peine \u00e2g\u00e9e de quarante ans et qui a fait de Mazamet un des centres de production de laine le plus connu du monde entier \u00bb. Les march\u00e9s d&rsquo;origine \u00e9taient limit\u00e9s au pays de la Plata, c&rsquo;est-\u00e0-dire de l&rsquo;Argentine, puis, ils s&rsquo;\u00e9largissent \u00e0 l\u2019Australie en 1890 et \u00e0 l&rsquo;Afrique du Sud en 1896. C&rsquo;est dans la capitale argentine, Buenos Aires, que se trouve le plus grand nombre de comptoirs d&rsquo;achat et de nombreux mazam\u00e9tains y vivent. Notamment, Albert VIDAL, issu d&rsquo;une famille de la bourgeoisie laini\u00e8re protestante, conna\u00eet le milieu lainier et l&rsquo;Argentine. Il nous indique que les ouvriers sont pay\u00e9s 1000 francs pour traiter la laine, et qu&rsquo;une fois le produit fini, il pourra rapporter plus du double.<\/p>\n<figure id=\"attachment_1240\" aria-describedby=\"caption-attachment-1240\" style=\"width: 624px\" class=\"wp-caption aligncenter\"><img loading=\"lazy\" class=\"wp-image-1240 size-full\" src=\"http:\/\/blogs.univ-jfc.fr\/vphn\/wp-content\/uploads\/sites\/65\/2018\/01\/1.jpg\" alt=\"\" width=\"624\" height=\"425\" srcset=\"https:\/\/blogs.univ-jfc.fr\/vphn\/wp-content\/uploads\/sites\/65\/2018\/01\/1.jpg 624w, https:\/\/blogs.univ-jfc.fr\/vphn\/wp-content\/uploads\/sites\/65\/2018\/01\/1-300x204.jpg 300w\" sizes=\"(max-width: 624px) 100vw, 624px\" \/><figcaption id=\"caption-attachment-1240\" class=\"wp-caption-text\">CAZALS, R\u00e9my, Cinq si\u00e8cles de travail de la laine: Mazamet, 1500-2000.<\/figcaption><\/figure>\n<p align=\"justify\">Depuis la R\u00e9volution industrielle, la classe ouvri\u00e8re est consid\u00e9r\u00e9e comme un acteur indispensable de la<a href=\"https:\/\/www.youtube.com\/watch?v=LPxb2fy7QtQ\"> cr\u00e9ation des richesses<\/a>. Cependant, ces ouvriers sont victimes de redistribution in\u00e9gale. Les catholiques sont nombreux parmi les ouvriers et les protestants constituent la majorit\u00e9 du patronat. Pour ce qui est des conditions de travail, en 1843, les ouvriers effectuent un travail de 14h puis de 12h par jour.<br \/>\nLe travail de nuit existe, g\u00e9n\u00e9ralement effectu\u00e9 par les femmes sur des t\u00e2ches qui n&rsquo;am\u00e8nent pas sp\u00e9cialement de fatigue corporelle comme le triage de la laine ou le bobinage \u00e0 la main. La classe ouvri\u00e8re de Mazamet conna\u00eet dans la premi\u00e8re moiti\u00e9 du XIXe de longues journ\u00e9es et faibles salaires, travail des enfants, logement \u00e9troit et insalubre. Cependant la bonne marche des affaires, la mont\u00e9e du syndicalisme et des gr\u00e8ves permettent l&rsquo;augmentation des salaires apr\u00e8s 1851 et contribuent \u00e0 maintenir la \u00ab paix sociale \u00bb. Le d\u00e9lainage met son empreinte sur le paysage de tout le bassin. Il transforme les usines existantes (textile), et il en cr\u00e9e d&rsquo;autres (d\u00e9lainage).<\/p>\n<p style=\"padding-left: 30px\" align=\"justify\">On peut dire que la ville de Mazamet \u00e0 su s&rsquo;imposer dans l&rsquo;industrie du textile et surtout dans l&rsquo;industrie du d\u00e9lainage. Pendant le XIXe si\u00e8cle, le bassin mazam\u00e9tain \u00e9tait d\u00e9j\u00e0 marqu\u00e9 par l\u2019apog\u00e9e du textile. Cependant il conna\u00eet dans sa seconde moiti\u00e9 un d\u00e9clin net laissant place \u00e0 l&rsquo;industrie du d\u00e9lainage qui a su s&rsquo;affirmer en France et \u00e0 l&rsquo;international. Cr\u00e9ateur de richesse, les ouvriers du textiles ont une place importante dans l&rsquo;industrie et Mazamet fut la seule et unique ville \u00e0 pratiquer ces proc\u00e9d\u00e9s de d\u00e9lainage et s&rsquo;este inscrit dans l&rsquo;histoire de l&rsquo;industrie.<\/p>\n<p style=\"padding-left: 30px\" align=\"justify\"><a href=\"http:\/\/blogs.univ-jfc.fr\/vphn\/patrimoine-immateriel\/lapogee-de-lindustrie-mazametaine-au-xixeme-siecle-2017\/bibliographie\/\">Bibliographie<\/a><\/p>\n","protected":false},"excerpt":{"rendered":"<p>Situ\u00e9 au pied de la Montagne Noire dans le d\u00e9partement du Tarn, Mazamet a connu une p\u00e9riode tr\u00e8s attractive dans le domaine de l\u2019industrie notamment au milieu du XIXe si\u00e8cle avec l\u2019apparition du d\u00e9lainage. Le terme d\u00e9lainage d\u00e9signe une technique qui consiste \u00e0 \u00ab s\u00e9parer la laine de la peau brute du mouton, afin de &hellip; <\/p>\n<p class=\"link-more\"><a href=\"https:\/\/blogs.univ-jfc.fr\/vphn\/patrimoine-immateriel\/lapogee-de-lindustrie-mazametaine-au-xixeme-siecle-2017\/\" class=\"more-link\">Continuer la lecture<span class=\"screen-reader-text\"> de &laquo;&nbsp;L&rsquo;apog\u00e9e de l&rsquo;industrie mazam\u00e9taine au XIXe si\u00e8cle [2017]&nbsp;&raquo;<\/span><\/a><\/p>\n","protected":false},"author":273,"featured_media":0,"parent":33,"menu_order":0,"comment_status":"closed","ping_status":"closed","template":"","meta":[],"_links":{"self":[{"href":"https:\/\/blogs.univ-jfc.fr\/vphn\/wp-json\/wp\/v2\/pages\/163"}],"collection":[{"href":"https:\/\/blogs.univ-jfc.fr\/vphn\/wp-json\/wp\/v2\/pages"}],"about":[{"href":"https:\/\/blogs.univ-jfc.fr\/vphn\/wp-json\/wp\/v2\/types\/page"}],"author":[{"embeddable":true,"href":"https:\/\/blogs.univ-jfc.fr\/vphn\/wp-json\/wp\/v2\/users\/273"}],"replies":[{"embeddable":true,"href":"https:\/\/blogs.univ-jfc.fr\/vphn\/wp-json\/wp\/v2\/comments?post=163"}],"version-history":[{"count":18,"href":"https:\/\/blogs.univ-jfc.fr\/vphn\/wp-json\/wp\/v2\/pages\/163\/revisions"}],"predecessor-version":[{"id":2135,"href":"https:\/\/blogs.univ-jfc.fr\/vphn\/wp-json\/wp\/v2\/pages\/163\/revisions\/2135"}],"up":[{"embeddable":true,"href":"https:\/\/blogs.univ-jfc.fr\/vphn\/wp-json\/wp\/v2\/pages\/33"}],"wp:attachment":[{"href":"https:\/\/blogs.univ-jfc.fr\/vphn\/wp-json\/wp\/v2\/media?parent=163"}],"curies":[{"name":"wp","href":"https:\/\/api.w.org\/{rel}","templated":true}]}}