{"id":168,"date":"2018-01-18T11:22:44","date_gmt":"2018-01-18T10:22:44","guid":{"rendered":"http:\/\/blogs.univ-jfc.fr\/vphn\/?page_id=168"},"modified":"2018-02-01T12:07:37","modified_gmt":"2018-02-01T11:07:37","slug":"toulouse-capitale-du-royaume-wisigoth-2017","status":"publish","type":"page","link":"https:\/\/blogs.univ-jfc.fr\/vphn\/patrimoine-et-sites-remarquables\/toulouse-capitale-du-royaume-wisigoth-2017\/","title":{"rendered":"Toulouse, Capitale du royaume Wisigoth [2017]"},"content":{"rendered":"<p align=\"justify\">En 418 apr\u00e8s JC, Toulouse devient la capitale des rois wisigoths. Venus de Scandinavie les Goths s&rsquo;\u00e9taient d\u2019abord install\u00e9s pour un temps au sud de la Russie d\u2019o\u00f9 ils furent chass\u00e9s par les Huns. Ils s\u2019\u00e9tablirent alors dans les Balkans en 238. La pression des Huns ne faiblissant pas, les Goths tent\u00e8rent plusieurs fois de traverser le Danube. Au Ve si\u00e8cle, alors que les Ostrogoths sont int\u00e9gr\u00e9s \u00e0 l\u2019empire Hunnique, les Wisigoths, men\u00e9s par leur chef Alaric, apr\u00e8s plusieurs trait\u00e9s et conflits avec l&rsquo;Empire romain, prennent Rome le 24 ao\u00fbt 410. Toujours \u00e0 la recherche d\u2019un territoire stable, Ata\u00fclf, le successeur d&rsquo;Alaric, m\u00e8ne les Wisigoths en Gaulle, et Wallia qui a succ\u00e9d\u00e9 \u00e0 Ata\u00fclf, tente une installation en Espagne. Apr\u00e8s avoir \u00e9chou\u00e9 Wallia, retourne vers la Gaule et s&rsquo;installe en Aquitaine seconde o\u00f9 l&#8217;empereur Flavius Horius conc\u00e8de aux Wisigoths le statut de f\u00e9d\u00e9r\u00e9s vers 418. C\u2019est alors que les Wisigoths installent leur capitale \u00e0 Toulouse.<\/p>\n<p align=\"justify\">Bien que des peuples aient occup\u00e9 les rives de la Garonne depuis la r\u00e9volution du n\u00e9olithique, ce n\u2019est qu\u2019au cours du IIe si\u00e8cle avant J.-C. que Toulouse est cit\u00e9e pour la premi\u00e8re fois en tant que ville. C&rsquo;est avec l&rsquo;installation d&rsquo;une garnison romaine vers 118 av. JC qu\u2019elle devient une vraie cit\u00e9 Gallo-romaine. Cependant, c&rsquo;est durant le r\u00e8gne des Wisigoths que la ville va conna\u00eetre ses heures de gloire.<\/p>\n<h1>Les Wisigoths<\/h1>\n<h2>Les relations aux autres<\/h2>\n<figure id=\"attachment_990\" aria-describedby=\"caption-attachment-990\" style=\"width: 246px\" class=\"wp-caption alignleft\"><img loading=\"lazy\" class=\"wp-image-990\" src=\"http:\/\/blogs.univ-jfc.fr\/vphn\/wp-content\/uploads\/sites\/65\/2018\/01\/carte-autre-274x300.png\" alt=\"\" width=\"246\" height=\"269\" srcset=\"https:\/\/blogs.univ-jfc.fr\/vphn\/wp-content\/uploads\/sites\/65\/2018\/01\/carte-autre-274x300.png 274w, https:\/\/blogs.univ-jfc.fr\/vphn\/wp-content\/uploads\/sites\/65\/2018\/01\/carte-autre-768x842.png 768w, https:\/\/blogs.univ-jfc.fr\/vphn\/wp-content\/uploads\/sites\/65\/2018\/01\/carte-autre-934x1024.png 934w, https:\/\/blogs.univ-jfc.fr\/vphn\/wp-content\/uploads\/sites\/65\/2018\/01\/carte-autre.png 1115w\" sizes=\"(max-width: 246px) 100vw, 246px\" \/><figcaption id=\"caption-attachment-990\" class=\"wp-caption-text\"><a href=\"https:\/\/medievalhistorygeek.wordpress.com\/category\/literature\/\">Possessions des Wisigoths du V\u00b0 au VIII\u00b0 si\u00e8cle <\/a><\/figcaption><\/figure>\n<p align=\"justify\">Vers 418 les Wisigoths sont li\u00e9s par un foedus \u00e0 Rome\u00a0: Ils affrontent diff\u00e9rents peuples barbares pour le service de l\u2019Empire. C\u2019est ainsi qu\u2019ils repoussent l\u2019invasion des Huns pour Rome. \u00c9tant le premier peuple \u00e0 se f\u00e9d\u00e9rer \u00e0 l\u2019Empire romain, les Wisigoths sont les premiers alli\u00e9s de Rome. Mais le royaume de Toulouse n\u2019est pas le seul royaume barbare et d\u2019autres peuples sont f\u00e9d\u00e9r\u00e9s \u00e0 l\u2019Empire comme les Francs et les Burgondes. La p\u00e9ninsule ib\u00e9rique, elle, est occup\u00e9e par les Vandales et les Su\u00e8ves. Les rapports entre ces peuples sont belliqueux, malgr\u00e9 quelques \u00e9changes commerciaux. Les Wisigoths \u00e9tendent leur territoire au d\u00e9triment des autres peuples comme les Burgondes, les Vandales ou encore les Su\u00e8ves. Mais en 507, \u00e0 Vouill\u00e9, les Francs mettent fin au royaume de Toulouse. Les Wisigoths sont repouss\u00e9s en Espagne o\u00f9 ils vont finalement prendre le territoire des Su\u00e8ves. Les Wisigoths rompent avec l\u2019Empire romain en 470, mais, \u00e0 cette date, ils ont d\u00e9j\u00e0 perdu leur place de premiers f\u00e9d\u00e9r\u00e9s que les Francs r\u00e9cup\u00e8rent car ils sont catholiques et les Wisigoths ariens.<\/p>\n<h2>La Religion<\/h2>\n<p align=\"justify\">L\u2019<a href=\"https:\/\/www.universalis.fr\/encyclopedie\/arianisme\/\">Arianisme <\/a>est la religion adopt\u00e9e par les Wisigoths. Jusqu\u2019\u00e0 la mort de Th\u00e9odoric II, en 466, chr\u00e9tiens et ariens cohabitent sans probl\u00e8me dans le royaume de Toulouse. Mais son successeur, le roi Euric, va mener une politique expansionniste arienne\u00a0: diminution des monast\u00e8res chr\u00e9tiens, exils, pers\u00e9cutions, ex\u00e9cutions d\u2019\u00e9v\u00eaques chr\u00e9tiens. Ceci va g\u00e9n\u00e9rer de fortes tensions avec l\u2019aristocratie locale rest\u00e9e chr\u00e9tienne et ainsi contribuer \u00e0 diviser le peuple du royaume wisigoth.<\/p>\n<h2>Le Droit Wisigoth<\/h2>\n<p align=\"justify\">Le droit wisigoth est l\u2019un des plus anciens droits barbares \u00e0 avoir \u00e9t\u00e9 mis par \u00e9crit. En effet, le droit barbare est traditionnellement un droit oral. C\u2019est avec la proximit\u00e9 des romains que les wisigoths vont mettre leurs lois par \u00e9crit et cr\u00e9er ainsi un droit wisigoth avec quelques \u00ab\u00a0couleurs romaines\u00a0\u00bb. Certains articles sont tir\u00e9s directement du code th\u00e9odosien ou de travaux de Jurisconsultes romains.<\/p>\n<p align=\"justify\">Dans le droit wisigoth, des diff\u00e9rences sont \u00e9tablies entre les libres et les non-libres, les goths et les romains, la haute soci\u00e9t\u00e9 et les classes inf\u00e9rieures. C\u2019est un Code tr\u00e8s pr\u00e9cis, tout est pr\u00e9vu du d\u00e9lit le plus simple au plus grave. Cette pr\u00e9cision des lois se retrouve aussi chez les Burgondes et les Francs.<\/p>\n<table style=\"height: 325px\" width=\"555\" cellspacing=\"0\" cellpadding=\"2\">\n<colgroup>\n<col width=\"230\" \/>\n<col width=\"233\" \/>\n<col width=\"226\" \/> <\/colgroup>\n<tbody>\n<tr valign=\"top\">\n<td width=\"230\" height=\"41\">\n<p align=\"left\">Pour le meurtre d\u2019un homme<\/p>\n<\/td>\n<td width=\"233\">\n<p align=\"left\">Pour le meurtre d\u2019une femme<\/p>\n<\/td>\n<td width=\"226\">\n<p align=\"left\">Pour le meurtre d\u2019un enfant m\u00e2le<\/p>\n<\/td>\n<\/tr>\n<tr valign=\"top\">\n<td width=\"230\" height=\"162\">\n<p align=\"left\">15 \u00e0 20 ans \u2192 150 sous<\/p>\n<p align=\"left\">20 \u00e0 50 ans \u2192 300 sous<\/p>\n<p align=\"left\">50 \u00e0 65 ans \u2192 200<\/p>\n<p align=\"left\">sous<\/p>\n<p align=\"left\">+ de 65 ans \u2192 100 sous<\/p>\n<p align=\"left\">\n<\/td>\n<td width=\"233\">\n<p align=\"left\">15 \u00e0 40 ans \u2192 250 sous<\/p>\n<p align=\"left\">40 \u00e0 60 ans \u2192200 sous<\/p>\n<p align=\"left\">+ de 60 ans \u2192 100 sous<\/p>\n<\/td>\n<td width=\"226\">\n<p align=\"left\">14 ans \u2192 140 sous<\/p>\n<p align=\"left\">13 ans \u2192 130 sous<\/p>\n<p align=\"left\">12 ans \u2192 120 sous<\/p>\n<p align=\"left\">11 ans \u2192110 sous<\/p>\n<p align=\"left\">10 ans \u2192 100 sous<\/p>\n<p align=\"left\">7 \u00e0 9 ans \u2192 90 sous<\/p>\n<p align=\"left\">4 \u00e0 6 ans \u2192 80 sous<\/p>\n<p align=\"left\">2 \u00e0 3 ans \u219270 sous<\/p>\n<p align=\"left\">1 an \u2192 60 sous<\/p>\n<\/td>\n<\/tr>\n<\/tbody>\n<\/table>\n<p align=\"justify\">Deux grands textes de loi Wisigoth sont r\u00e9dig\u00e9s \u00e0 Toulouse\u00a0: Le code d\u2019Euric en 480 et le Br\u00e9viaire d\u2019Alaric II en 506.<\/p>\n<figure id=\"attachment_995\" aria-describedby=\"caption-attachment-995\" style=\"width: 292px\" class=\"wp-caption alignnone\"><img loading=\"lazy\" class=\"wp-image-995 size-full\" src=\"http:\/\/blogs.univ-jfc.fr\/vphn\/wp-content\/uploads\/sites\/65\/2018\/01\/Br\u00e9viaire-de-Alaric.jpg\" alt=\"\" width=\"292\" height=\"190\" \/><figcaption id=\"caption-attachment-995\" class=\"wp-caption-text\"><a href=\"https:\/\/commons.wikimedia.org\/wiki\/File:Br%C3%A9viaire_d'Alaric_%28Clermont%29.jpg\">Br\u00e9viaire d\u2019Alaric II <\/a><\/figcaption><\/figure>\n<h2>L\u2019Art Wisigoth<\/h2>\n<p align=\"justify\">L\u2019art principal des Wisigoths est l\u2019architecture. Toutefois ils s\u2019illustrent \u00e9galement dans ce que l\u2019on appelle les arts mineurs\u00a0: la joaillerie et la bijouterie. On retrouve une grande production artistique de bijoux (broches, bagues, boucles d\u2019oreille, fibules, \u00e9pingles, colliers), plaques, boucles de ceinture et objets de culte.<\/p>\n<div id='gallery-1' class='gallery galleryid-168 gallery-columns-3 gallery-size-thumbnail'><figure class='gallery-item'>\n\t\t\t<div class='gallery-icon portrait'>\n\t\t\t\t<a href='https:\/\/blogs.univ-jfc.fr\/vphn\/patrimoine-et-sites-remarquables\/toulouse-capitale-du-royaume-wisigoth-2017\/bague-alaric\/'><img width=\"150\" height=\"150\" src=\"https:\/\/blogs.univ-jfc.fr\/vphn\/wp-content\/uploads\/sites\/65\/2018\/01\/bague-alaric-150x150.png\" class=\"attachment-thumbnail size-thumbnail\" alt=\"\" loading=\"lazy\" aria-describedby=\"gallery-1-1003\" srcset=\"https:\/\/blogs.univ-jfc.fr\/vphn\/wp-content\/uploads\/sites\/65\/2018\/01\/bague-alaric-150x150.png 150w, https:\/\/blogs.univ-jfc.fr\/vphn\/wp-content\/uploads\/sites\/65\/2018\/01\/bague-alaric-100x100.png 100w\" sizes=\"100vw\" \/><\/a>\n\t\t\t<\/div>\n\t\t\t\t<figcaption class='wp-caption-text gallery-caption' id='gallery-1-1003'>\n\t\t\t\tBague-sceau attribu\u00e9e \u00e0 Alaric II, dernier roi des Goths de Gaule. Mus\u00e9e de Vienne (Autriche)\n\t\t\t\t<\/figcaption><\/figure><figure class='gallery-item'>\n\t\t\t<div class='gallery-icon landscape'>\n\t\t\t\t<a href='https:\/\/blogs.univ-jfc.fr\/vphn\/patrimoine-et-sites-remarquables\/toulouse-capitale-du-royaume-wisigoth-2017\/fibule\/'><img width=\"150\" height=\"150\" src=\"https:\/\/blogs.univ-jfc.fr\/vphn\/wp-content\/uploads\/sites\/65\/2018\/01\/fibule-150x150.png\" class=\"attachment-thumbnail size-thumbnail\" alt=\"\" loading=\"lazy\" aria-describedby=\"gallery-1-1004\" srcset=\"https:\/\/blogs.univ-jfc.fr\/vphn\/wp-content\/uploads\/sites\/65\/2018\/01\/fibule-150x150.png 150w, https:\/\/blogs.univ-jfc.fr\/vphn\/wp-content\/uploads\/sites\/65\/2018\/01\/fibule-100x100.png 100w\" sizes=\"100vw\" \/><\/a>\n\t\t\t<\/div>\n\t\t\t\t<figcaption class='wp-caption-text gallery-caption' id='gallery-1-1004'>\n\t\t\t\tPlaque-boucle wisigothique de la fin du Ve si\u00e8cle d\u00e9couverte dans un \u00e9gout romain place Esquirol. Un des rares t\u00e9moins de la culture mat\u00e9rielle des Goths de Gaule Mus\u00e9e Saint \u2013Raymond.\n\t\t\t\t<\/figcaption><\/figure>\n\t\t<\/div>\n\n<p align=\"justify\">Les techniques sont tr\u00e8s raffin\u00e9es et les Wisigoths excellent dans le <a href=\"https:\/\/techniquesorfevrerie.wordpress.com\/tag\/damasquinage\/\">Damasquinage <\/a>et l&rsquo;<a href=\"https:\/\/techniquesorfevrerie.wordpress.com\/2015\/03\/25\/les-techniques-antiques-le-cloisonne\/\">Orf\u00e8vrerie cloisonn\u00e9e.<\/a> Les Couronnes votives\u00a0 t\u00e9moignent de se savoir faire. Le Tr\u00e9sor de Guarrazar contenait vingt-six couronnes votives et croix en or Wisigoth datant du VIIe si\u00e8cle.<\/p>\n<figure id=\"attachment_1006\" aria-describedby=\"caption-attachment-1006\" style=\"width: 252px\" class=\"wp-caption aligncenter\"><img loading=\"lazy\" class=\" wp-image-1006\" src=\"http:\/\/blogs.univ-jfc.fr\/vphn\/wp-content\/uploads\/sites\/65\/2018\/01\/CoronaRecesvinto01-300x296.jpg\" alt=\"\" width=\"252\" height=\"248\" srcset=\"https:\/\/blogs.univ-jfc.fr\/vphn\/wp-content\/uploads\/sites\/65\/2018\/01\/CoronaRecesvinto01-300x296.jpg 300w, https:\/\/blogs.univ-jfc.fr\/vphn\/wp-content\/uploads\/sites\/65\/2018\/01\/CoronaRecesvinto01-768x757.jpg 768w, https:\/\/blogs.univ-jfc.fr\/vphn\/wp-content\/uploads\/sites\/65\/2018\/01\/CoronaRecesvinto01-1024x1010.jpg 1024w, https:\/\/blogs.univ-jfc.fr\/vphn\/wp-content\/uploads\/sites\/65\/2018\/01\/CoronaRecesvinto01.jpg 1168w\" sizes=\"(max-width: 252px) 100vw, 252px\" \/><figcaption id=\"caption-attachment-1006\" class=\"wp-caption-text\"><a href=\"https:\/\/sanchoamigo.wordpress.com\/2013\/10\/\">Couronne votive du tr\u00e9sor de Guarrazar, VII\u00b0 si\u00e8cles<\/a><\/figcaption><\/figure>\n<h1>Toulouse<\/h1>\n<h2>Architecture \u00e0 Toulouse<\/h2>\n<figure id=\"attachment_1012\" aria-describedby=\"caption-attachment-1012\" style=\"width: 300px\" class=\"wp-caption alignleft\"><img loading=\"lazy\" class=\"size-medium wp-image-1012\" src=\"http:\/\/blogs.univ-jfc.fr\/vphn\/wp-content\/uploads\/sites\/65\/2018\/01\/palais-de-theodoric-300x203.jpg\" alt=\"\" width=\"300\" height=\"203\" srcset=\"https:\/\/blogs.univ-jfc.fr\/vphn\/wp-content\/uploads\/sites\/65\/2018\/01\/palais-de-theodoric-300x203.jpg 300w, https:\/\/blogs.univ-jfc.fr\/vphn\/wp-content\/uploads\/sites\/65\/2018\/01\/palais-de-theodoric-768x518.jpg 768w, https:\/\/blogs.univ-jfc.fr\/vphn\/wp-content\/uploads\/sites\/65\/2018\/01\/palais-de-theodoric-1024x691.jpg 1024w, https:\/\/blogs.univ-jfc.fr\/vphn\/wp-content\/uploads\/sites\/65\/2018\/01\/palais-de-theodoric.jpg 1600w\" sizes=\"(max-width: 300px) 100vw, 300px\" \/><figcaption id=\"caption-attachment-1012\" class=\"wp-caption-text\"><a href=\"https:\/\/museewisigothiquevirtuel.wordpress.com\/2013\/07\/21\/1600-ans-apres-les-wisigoths-re-envahissent-toulouse-colloque-de-lafam-novembre-2013\/\">Palais de Th\u00e9odoric<\/a><\/figcaption><\/figure>\n<p align=\"justify\">Toulouse est un t\u00e9moin de l\u2019art architectural wisigoth. L\u2019architecture wisigothique est extr\u00eamement influenc\u00e9e par le style romano-byzantin. On en retrouve donc toutes les caract\u00e9ristiques dans les constructions, notamment, dans les infrastructures religieuses. La basilique fun\u00e9raire Saint-Pierre-des-Cuisines a \u00e9t\u00e9 une n\u00e9cropole wisigothique. Elle se caract\u00e9rise par son style wisigothique, regroupant des \u00e9l\u00e9ments romano-byzantins et germaniques. Ce m\u00e9lange s\u2019explique par le recours \u00e0 la main-d\u2019\u0153uvre locale.<\/p>\n<p>&nbsp;<\/p>\n<p align=\"justify\">Les constructions et r\u00e9novations sont nombreuses\u00a0: les remparts toulousains sont \u00e9tendus, des \u00e9glises sont construites ou r\u00e9nov\u00e9es et un palais est construit.<\/p>\n<figure id=\"attachment_1011\" aria-describedby=\"caption-attachment-1011\" style=\"width: 361px\" class=\"wp-caption aligncenter\"><img loading=\"lazy\" class=\"wp-image-1011\" src=\"http:\/\/blogs.univ-jfc.fr\/vphn\/wp-content\/uploads\/sites\/65\/2018\/01\/plan-toulouse-300x271.jpg\" alt=\"\" width=\"361\" height=\"326\" srcset=\"https:\/\/blogs.univ-jfc.fr\/vphn\/wp-content\/uploads\/sites\/65\/2018\/01\/plan-toulouse-300x271.jpg 300w, https:\/\/blogs.univ-jfc.fr\/vphn\/wp-content\/uploads\/sites\/65\/2018\/01\/plan-toulouse.jpg 640w\" sizes=\"(max-width: 361px) 100vw, 361px\" \/><figcaption id=\"caption-attachment-1011\" class=\"wp-caption-text\"><a href=\"https:\/\/lurioaddl.sharepoint.com\/Pages\/ToulouseCapitale.aspx\">Toulouse au V\u00b0 si\u00e8cle<\/a><\/figcaption><\/figure>\n<h2>Le Commerce<\/h2>\n<p align=\"justify\">La ville de Toulouse vit sa p\u00e9riode faste avec l\u2019arriv\u00e9e des Wisigoths. Selon l\u2019historien <a href=\"http:\/\/inrap.academia.edu\/JeanLucBoudartchouk\">Jean-Luc Boudartchouk<\/a>\u00a0: \u00ab\u00a0Les Wisigoths ont apport\u00e9 la stabilit\u00e9 et la s\u00e9curit\u00e9 militaire, ce qui manquait dans la p\u00e9riode pr\u00e9c\u00e9dente.\u00a0\u00bb. Cette stabilit\u00e9 a permis le d\u00e9veloppement du commerce. Situ\u00e9e au c\u0153ur du royaume, Toulouse profite de la concentration des activit\u00e9s \u00e9conomiques de son territoire (terrains agricoles, r\u00e9seaux de villa et ateliers d\u2019artisan). Le commerce avec les Romains am\u00e8ne dans la ville des biens provenant de tout le monde connu (amphores, huiles, bl\u00e9,\u2026). Les Wisigoths commercent aussi avec d\u2019autres peuples barbares comme les Vandales, les Su\u00e8ves ou encore les Francs.<\/p>\n<h2>La Cour Royale<\/h2>\n<p align=\"justify\">La grandeur de Toulouse passe in\u00e9vitablement par sa cour royale. Sidoine Apollinaire d\u00e9crit les attributs et qualit\u00e9s de ce lieu dans son \u00ab\u00a0<a href=\"http:\/\/www.persee.fr\/doc\/bude_0004-5527_2010_num_1_2_2381\">Portrait des Wisigoths<\/a>\u00a0\u00bb. Il \u00e9crit que le roi Wisigoth Th\u00e9odoric II (454 &#8211; 466) dirige sa cour avec organisation, rigueur, sagesse et valeurs morales. Une v\u00e9ritable \u00e9thique morale et un respect du droit \u00ab\u00a0civitas\u00a0\u00bb sont appliqu\u00e9s \u00e0 la cour de Toulouse. Les vertus morales et civiques du souverain barbare faisait de la cour de Toulouse, un lieu accueillant, simple et bienveillant autant pour ses administr\u00e9s que pour ses h\u00f4tes \u00e9trangers.<\/p>\n<div id='gallery-2' class='gallery galleryid-168 gallery-columns-3 gallery-size-thumbnail'><figure class='gallery-item'>\n\t\t\t<div class='gallery-icon landscape'>\n\t\t\t\t<a href='https:\/\/blogs.univ-jfc.fr\/vphn\/patrimoine-et-sites-remarquables\/toulouse-capitale-du-royaume-wisigoth-2017\/theodoricii\/'><img width=\"150\" height=\"150\" src=\"https:\/\/blogs.univ-jfc.fr\/vphn\/wp-content\/uploads\/sites\/65\/2018\/01\/theodoricII-e1517438320654-150x150.jpg\" class=\"attachment-thumbnail size-thumbnail\" alt=\"\" loading=\"lazy\" aria-describedby=\"gallery-2-1015\" srcset=\"https:\/\/blogs.univ-jfc.fr\/vphn\/wp-content\/uploads\/sites\/65\/2018\/01\/theodoricII-e1517438320654-150x150.jpg 150w, https:\/\/blogs.univ-jfc.fr\/vphn\/wp-content\/uploads\/sites\/65\/2018\/01\/theodoricII-e1517438320654-100x100.jpg 100w\" sizes=\"100vw\" \/><\/a>\n\t\t\t<\/div>\n\t\t\t\t<figcaption class='wp-caption-text gallery-caption' id='gallery-2-1015'>\n\t\t\t\tTh\u00e9odoric II\nhttps:\/\/en.wikipedia.org\/wiki\/Theodoric_II\n\t\t\t\t<\/figcaption><\/figure><figure class='gallery-item'>\n\t\t\t<div class='gallery-icon landscape'>\n\t\t\t\t<a href='https:\/\/blogs.univ-jfc.fr\/vphn\/patrimoine-et-sites-remarquables\/toulouse-capitale-du-royaume-wisigoth-2017\/sidonclermont\/'><img width=\"150\" height=\"150\" src=\"https:\/\/blogs.univ-jfc.fr\/vphn\/wp-content\/uploads\/sites\/65\/2018\/01\/SidonClermont-150x150.jpg\" class=\"attachment-thumbnail size-thumbnail\" alt=\"\" loading=\"lazy\" aria-describedby=\"gallery-2-1243\" srcset=\"https:\/\/blogs.univ-jfc.fr\/vphn\/wp-content\/uploads\/sites\/65\/2018\/01\/SidonClermont-150x150.jpg 150w, https:\/\/blogs.univ-jfc.fr\/vphn\/wp-content\/uploads\/sites\/65\/2018\/01\/SidonClermont-100x100.jpg 100w\" sizes=\"100vw\" \/><\/a>\n\t\t\t<\/div>\n\t\t\t\t<figcaption class='wp-caption-text gallery-caption' id='gallery-2-1243'>\n\t\t\t\tSur ce vitrail, Sidoine Apollinaire se tient debout \u00e0 la droite\nhttps:\/\/fr.wikipedia.org\/wiki\/Sidoine_Apollinaire\n\t\t\t\t<\/figcaption><\/figure>\n\t\t<\/div>\n\n<h2>Les peuples dans la capitale<\/h2>\n<p align=\"justify\">Si Toulouse est la capitale du royaume wisigoth, plusieurs peuples vivent et cohabitent dans la cit\u00e9. La plus grande diff\u00e9rence se trouve entre les Wisigoths et les Gallo-romains, majoritaires dans la cit\u00e9. Les Gallo-romains portent les cheveux courts et sont ras\u00e9s de pr\u00e8s alors que les Wisigoths sont barbus et portent les cheveux longs. Les Gallo-romains sont chr\u00e9tiens et parlent latin alors que les Wisigoths sont ariens et parlent le germain. Comme vu plus haut, les lois sont diff\u00e9rentes selon que l\u2019on soit Gallo-romain, Wisigoth, ou appartenant \u00e0 un autre peuple \u00ab\u00a0barbare\u00bb. Un Franc, un Burgonde ou m\u00eame un Ostrogoth a moins de droit qu\u2019un Wisigoth mais plus qu\u2019un Gallo-romain. Cependant, ces diff\u00e9rents peuples vivent pacifiquement dans Toulouse. La langue officielle est le latin et on peut atteindre de hautes fonctions quelle que soit son origine.<\/p>\n<h3 align=\"justify\">Pour aller plus loin:<\/h3>\n<p align=\"justify\"><a href=\"http:\/\/blogs.univ-jfc.fr\/vphn\/patrimoine-et-sites-remarquables\/toulouse-capitale-du-royaume-wisigoth-2017\/bibliographie-toulouse-capitale-du-royaume-wisigoth\/\">Notre bibliographie<\/a><\/p>\n<p align=\"justify\"><a href=\"https:\/\/saintraymond.toulouse.fr\/\">Le Mus\u00e9e Saint-Raymond de Toulouse<\/a><\/p>\n","protected":false},"excerpt":{"rendered":"<p>En 418 apr\u00e8s JC, Toulouse devient la capitale des rois wisigoths. Venus de Scandinavie les Goths s&rsquo;\u00e9taient d\u2019abord install\u00e9s pour un temps au sud de la Russie d\u2019o\u00f9 ils furent chass\u00e9s par les Huns. Ils s\u2019\u00e9tablirent alors dans les Balkans en 238. La pression des Huns ne faiblissant pas, les Goths tent\u00e8rent plusieurs fois de &hellip; <\/p>\n<p class=\"link-more\"><a href=\"https:\/\/blogs.univ-jfc.fr\/vphn\/patrimoine-et-sites-remarquables\/toulouse-capitale-du-royaume-wisigoth-2017\/\" class=\"more-link\">Continuer la lecture<span class=\"screen-reader-text\"> de &laquo;&nbsp;Toulouse, Capitale du royaume Wisigoth [2017]&nbsp;&raquo;<\/span><\/a><\/p>\n","protected":false},"author":290,"featured_media":0,"parent":30,"menu_order":0,"comment_status":"closed","ping_status":"closed","template":"","meta":[],"_links":{"self":[{"href":"https:\/\/blogs.univ-jfc.fr\/vphn\/wp-json\/wp\/v2\/pages\/168"}],"collection":[{"href":"https:\/\/blogs.univ-jfc.fr\/vphn\/wp-json\/wp\/v2\/pages"}],"about":[{"href":"https:\/\/blogs.univ-jfc.fr\/vphn\/wp-json\/wp\/v2\/types\/page"}],"author":[{"embeddable":true,"href":"https:\/\/blogs.univ-jfc.fr\/vphn\/wp-json\/wp\/v2\/users\/290"}],"replies":[{"embeddable":true,"href":"https:\/\/blogs.univ-jfc.fr\/vphn\/wp-json\/wp\/v2\/comments?post=168"}],"version-history":[{"count":38,"href":"https:\/\/blogs.univ-jfc.fr\/vphn\/wp-json\/wp\/v2\/pages\/168\/revisions"}],"predecessor-version":[{"id":5818,"href":"https:\/\/blogs.univ-jfc.fr\/vphn\/wp-json\/wp\/v2\/pages\/168\/revisions\/5818"}],"up":[{"embeddable":true,"href":"https:\/\/blogs.univ-jfc.fr\/vphn\/wp-json\/wp\/v2\/pages\/30"}],"wp:attachment":[{"href":"https:\/\/blogs.univ-jfc.fr\/vphn\/wp-json\/wp\/v2\/media?parent=168"}],"curies":[{"name":"wp","href":"https:\/\/api.w.org\/{rel}","templated":true}]}}