{"id":172,"date":"2018-01-18T11:27:29","date_gmt":"2018-01-18T10:27:29","guid":{"rendered":"http:\/\/blogs.univ-jfc.fr\/vphn\/?page_id=172"},"modified":"2018-05-16T18:25:52","modified_gmt":"2018-05-16T16:25:52","slug":"cathedrale-dalbi-2017","status":"publish","type":"page","link":"https:\/\/blogs.univ-jfc.fr\/vphn\/patrimoine-et-sites-remarquables\/cathedrale-dalbi-2017\/","title":{"rendered":"Cath\u00e9drale d&rsquo;Albi [2017]"},"content":{"rendered":"<p>La cath\u00e9drale sainte C\u00e9cile d&rsquo;Albi a vu ses travaux d\u00e9buter en l&rsquo;an 1282 et s&rsquo;achever en 1480. En un peu plus de\u00a0200 ans de travaux, la cath\u00e9drale est \u00e9rig\u00e9e \u00e0 pr\u00e8s de 78m de haut et 113m de long, tout en brique, ce qui lui donne un aspect de forteresse imprenable voulu par l&rsquo;homme ayant ordonn\u00e9 sa construction : Bernard de Castanet.<\/p>\n<figure id=\"attachment_1858\" aria-describedby=\"caption-attachment-1858\" style=\"width: 299px\" class=\"wp-caption alignleft\"><img loading=\"lazy\" class=\"wp-image-1858\" src=\"http:\/\/blogs.univ-jfc.fr\/vphn\/wp-content\/uploads\/sites\/65\/2018\/01\/Photo-albi-300x200.jpg\" alt=\"\" width=\"299\" height=\"199\" srcset=\"https:\/\/blogs.univ-jfc.fr\/vphn\/wp-content\/uploads\/sites\/65\/2018\/01\/Photo-albi-300x200.jpg 300w, https:\/\/blogs.univ-jfc.fr\/vphn\/wp-content\/uploads\/sites\/65\/2018\/01\/Photo-albi.jpg 630w\" sizes=\"(max-width: 299px) 100vw, 299px\" \/><figcaption id=\"caption-attachment-1858\" class=\"wp-caption-text\">Office tourisme Albi<\/figcaption><\/figure>\n<p>La construction de la cath\u00e9drale survient peu de temps apr\u00e8s le b\u00fbcher de Monts\u00e9gur en 1244 qui voit la fin de la croisade des albigeois et de l&rsquo;h\u00e9r\u00e9sie cathare. Le travail de Sicard Alaman, gestionnaire des biens du comte de Toulouse, permet de d\u00e9gager un exc\u00e9dent financier suffisant pour lancer de grands travaux dans tout le midi avec la construction de bastilles \u00e0 partir de 1222. Le commerce dans la r\u00e9gion d&rsquo;Albi se porte bien avec notamment le pastel qui fait d&rsquo;Albi une cit\u00e9 \u00e9piscopale et commer\u00e7ante.<br \/>\nLe contexte est donc favorable au projet d&rsquo;une cath\u00e9drale-forteresse, la construction de Sainte C\u00e9cile commencera quelques ann\u00e9es plus tard avec la pose de la premi\u00e8re brique par Bernard de Castanet, \u00e9v\u00eaque de la ville et un des chefs de l&rsquo;inquisition en France, le 15 ao\u00fbt 1282. La cath\u00e9drale est consacr\u00e9e en 1480. La cath\u00e9drale sera ensuite restaur\u00e9e entre 1843 et 1876 par C\u00e9sar Daly, un architecte ayant saisi la particularit\u00e9 du lieux et du jeu de couleur avec le coucher de soleil. Toutes ces particularit\u00e9s ont fait qu&rsquo;en 2010, Sainte C\u00e9cile et toute la cit\u00e9 \u00e9piscopale d&rsquo;Albi sera class\u00e9e au patrimoine mondial de l&rsquo;UNESCO.<\/p>\n<h2>Symbole religieux propre \u00e0 la cath\u00e9drale Sainte-C\u00e9cile :<\/h2>\n<p>Le choix de la brique est certes dans un premier temps un choix \u00e9conomique, mais c&rsquo;est aussi un symbole religieux fort. La brique est un mat\u00e9riau pauvre qui est normalement utilis\u00e9 par le peuple on peut donc interpr\u00e9ter ce choix comme une volont\u00e9 de l\u2019\u00c9glise de se rapprocher du peuple. L&rsquo;h\u00e9r\u00e9sie cathare qui s\u00e9vit dans la r\u00e9gion n\u00e9cessite une r\u00e9ponse de la part de l\u2019\u00c9glise la construction de la cath\u00e9drale en brique en est peut-\u00eatre une, contrairement aux cath\u00e9drales du nord tout construit en pierre mat\u00e9riaux riche et noble, ici \u00e0 Albi l\u2019\u00c9glise se met \u00e0 la port\u00e9e de tout le monde .<\/p>\n<figure id=\"attachment_1873\" aria-describedby=\"caption-attachment-1873\" style=\"width: 349px\" class=\"wp-caption alignright\"><img loading=\"lazy\" class=\"wp-image-1873\" src=\"http:\/\/blogs.univ-jfc.fr\/vphn\/wp-content\/uploads\/sites\/65\/2018\/01\/Albi-Cathedrale-Ste-Cecile-Fresque-du-Jugement-Dernier-1470-1480-300x208.jpg\" alt=\"\" width=\"349\" height=\"242\" srcset=\"https:\/\/blogs.univ-jfc.fr\/vphn\/wp-content\/uploads\/sites\/65\/2018\/01\/Albi-Cathedrale-Ste-Cecile-Fresque-du-Jugement-Dernier-1470-1480-300x208.jpg 300w, https:\/\/blogs.univ-jfc.fr\/vphn\/wp-content\/uploads\/sites\/65\/2018\/01\/Albi-Cathedrale-Ste-Cecile-Fresque-du-Jugement-Dernier-1470-1480-768x533.jpg 768w, https:\/\/blogs.univ-jfc.fr\/vphn\/wp-content\/uploads\/sites\/65\/2018\/01\/Albi-Cathedrale-Ste-Cecile-Fresque-du-Jugement-Dernier-1470-1480-1024x711.jpg 1024w, https:\/\/blogs.univ-jfc.fr\/vphn\/wp-content\/uploads\/sites\/65\/2018\/01\/Albi-Cathedrale-Ste-Cecile-Fresque-du-Jugement-Dernier-1470-1480.jpg 1200w\" sizes=\"(max-width: 349px) 100vw, 349px\" \/><figcaption id=\"caption-attachment-1873\" class=\"wp-caption-text\">Office tourisme Albi<\/figcaption><\/figure>\n<p>Cette volont\u00e9 de se rapprocher du peuple s&rsquo;exprime aussi dans le plan de la cath\u00e9dral. En effet tous ces \u00e9difices ont habituellement un plan en forme de croix, \u00e0 Albi ce n&rsquo;est pas le cas tout est uniforme, de plain-pied, on dit que la nef est sans transepts. Ici encore le peuple est \u00e0 \u00e9galit\u00e9 tout le monde est aux m\u00eames niveaux face \u00e0 l&rsquo;autel .<\/p>\n<p>La statuaire de la cath\u00e9drale Sainte-C\u00e9cile est aussi unique. En effet il y a dans celle-ci un lien particulier entre l&rsquo;ancien et le nouveau testament. Ce sont les deux parties de la Bible, l&rsquo;Ancien Testament qui se d\u00e9roule avant la naissance du Christ et le Nouveau Testament qui raconte la vie de celui-ci. Donc dans la cath\u00e9drale dans le grand c\u0153ur il y a tout le tour ext\u00e9rieur (du c\u0153ur) des statues de l&rsquo;Ancien Testament et a leurs dos dans le tour int\u00e9rieur du c\u0153ur il y a des statues du Nouveau Testament. Les statues de l&rsquo;Ancien Testament portent des inscriptions qui sont en corr\u00e9lation avec les inscriptions pr\u00e9sentes sur celle du nouveau testament. Par exemple sur la statue d\u2019Isa\u00efe proph\u00e8te de l&rsquo;Ancien Testament il y a marqu\u00e9 \u00ab\u00a0voici que la jeune femme et enceinte\u00a0\u00bb (Isa\u00efe 7,14) \u00e0 son dos il y a la statue de Saint Jacques o\u00f9 il est inscrit \u00ab\u00a0qui a \u00e9t\u00e9 con\u00e7u de la vierge Marie est n\u00e9e du Saint Esprit\u00a0\u00bb<\/p>\n<figure id=\"attachment_1871\" aria-describedby=\"caption-attachment-1871\" style=\"width: 300px\" class=\"wp-caption alignleft\"><img loading=\"lazy\" class=\"wp-image-1871 size-medium\" src=\"http:\/\/blogs.univ-jfc.fr\/vphn\/wp-content\/uploads\/sites\/65\/2018\/01\/Albi-Cathedrale-Ste-Cecile-Jube-Grand-choeur-de-la-nef-2-300x167.jpg\" alt=\"\" width=\"300\" height=\"167\" srcset=\"https:\/\/blogs.univ-jfc.fr\/vphn\/wp-content\/uploads\/sites\/65\/2018\/01\/Albi-Cathedrale-Ste-Cecile-Jube-Grand-choeur-de-la-nef-2-300x167.jpg 300w, https:\/\/blogs.univ-jfc.fr\/vphn\/wp-content\/uploads\/sites\/65\/2018\/01\/Albi-Cathedrale-Ste-Cecile-Jube-Grand-choeur-de-la-nef-2.jpg 537w\" sizes=\"(max-width: 300px) 100vw, 300px\" \/><figcaption id=\"caption-attachment-1871\" class=\"wp-caption-text\">Office tourisme Albi<\/figcaption><\/figure>\n<p>J&rsquo;attire maintenant votre attention sur une autre statue du c\u0153ur (c\u00f4t\u00e9 ext\u00e9rieur), la statue de Sim\u00e9on personnage important de la Bible car c&rsquo;est lui qui circoncise J\u00e9sus et c&rsquo;est aussi le dernier des proph\u00e8tes. Cette statue est sur\u00e9lev\u00e9e par rapport aux autres car dans la Bible Sim\u00e9on dit \u00ab\u00a0d\u00e8s que mes yeux auront vu la lumi\u00e8re je pourrais m&rsquo;en aller\u00a0\u00bb or cette statue est orient\u00e9e \u00e0 l&rsquo;ouest c\u00f4t\u00e9 soleil levant c&rsquo;est donc la premi\u00e8re \u00e0 voir la lumi\u00e8re du jour , qui symbolise le Christ.<\/p>\n<p>L\u2019\u00e9l\u00e9ment phare de la Cath\u00e9drale sainte C\u00e9cile et qui est unique en France est son jub\u00e9 qui a \u00e9t\u00e9 conserv\u00e9. Dans toutes les autres cath\u00e9drales les jub\u00e9s ont \u00e9t\u00e9 d\u00e9truits suite \u00e0 la contre-r\u00e9forme. La pr\u00e9servation du jub\u00e9 est due \u00e0 l\u2019\u00c9v\u00eaque de l\u2019\u00e9poque qui souhaitait garder un \u00ab\u00a0espace intime de pri\u00e8re\u00a0\u00bb au sein de la cath\u00e9drale .<\/p>\n<figure id=\"attachment_1872\" aria-describedby=\"caption-attachment-1872\" style=\"width: 300px\" class=\"wp-caption alignright\"><img loading=\"lazy\" class=\"wp-image-1872 size-medium\" src=\"http:\/\/blogs.univ-jfc.fr\/vphn\/wp-content\/uploads\/sites\/65\/2018\/01\/IVR73_00810150NUC_P-300x201.jpg\" alt=\"\" width=\"300\" height=\"201\" srcset=\"https:\/\/blogs.univ-jfc.fr\/vphn\/wp-content\/uploads\/sites\/65\/2018\/01\/IVR73_00810150NUC_P-300x201.jpg 300w, https:\/\/blogs.univ-jfc.fr\/vphn\/wp-content\/uploads\/sites\/65\/2018\/01\/IVR73_00810150NUC_P.jpg 763w\" sizes=\"(max-width: 300px) 100vw, 300px\" \/><figcaption id=\"caption-attachment-1872\" class=\"wp-caption-text\">Office tourisme Albi<\/figcaption><\/figure>\n<p>La vo\u00fbte de la cath\u00e9drale est un long chemin de peinture qui part de la naissance l&rsquo;homme et qui se termine avec le jugement dernier. Au centre il y a l&rsquo;alliance entre l&rsquo;homme et Dieu, si l&rsquo;on part du fond de la cath\u00e9drale c&rsquo;est une v\u00e9ridique histoire de l&rsquo;humanit\u00e9 selon la foi catholique qui se termine par le jugement dernier, autrement dit le jour de notre mort ou nos actes d\u00e9terminent o\u00f9 nous allons au paradis ou en enfer.<\/p>\n","protected":false},"excerpt":{"rendered":"<p>La cath\u00e9drale sainte C\u00e9cile d&rsquo;Albi a vu ses travaux d\u00e9buter en l&rsquo;an 1282 et s&rsquo;achever en 1480. En un peu plus de\u00a0200 ans de travaux, la cath\u00e9drale est \u00e9rig\u00e9e \u00e0 pr\u00e8s de 78m de haut et 113m de long, tout en brique, ce qui lui donne un aspect de forteresse imprenable voulu par l&rsquo;homme ayant &hellip; <\/p>\n<p class=\"link-more\"><a href=\"https:\/\/blogs.univ-jfc.fr\/vphn\/patrimoine-et-sites-remarquables\/cathedrale-dalbi-2017\/\" class=\"more-link\">Continuer la lecture<span class=\"screen-reader-text\"> de &laquo;&nbsp;Cath\u00e9drale d&rsquo;Albi [2017]&nbsp;&raquo;<\/span><\/a><\/p>\n","protected":false},"author":423,"featured_media":0,"parent":30,"menu_order":0,"comment_status":"closed","ping_status":"closed","template":"","meta":[],"_links":{"self":[{"href":"https:\/\/blogs.univ-jfc.fr\/vphn\/wp-json\/wp\/v2\/pages\/172"}],"collection":[{"href":"https:\/\/blogs.univ-jfc.fr\/vphn\/wp-json\/wp\/v2\/pages"}],"about":[{"href":"https:\/\/blogs.univ-jfc.fr\/vphn\/wp-json\/wp\/v2\/types\/page"}],"author":[{"embeddable":true,"href":"https:\/\/blogs.univ-jfc.fr\/vphn\/wp-json\/wp\/v2\/users\/423"}],"replies":[{"embeddable":true,"href":"https:\/\/blogs.univ-jfc.fr\/vphn\/wp-json\/wp\/v2\/comments?post=172"}],"version-history":[{"count":6,"href":"https:\/\/blogs.univ-jfc.fr\/vphn\/wp-json\/wp\/v2\/pages\/172\/revisions"}],"predecessor-version":[{"id":2132,"href":"https:\/\/blogs.univ-jfc.fr\/vphn\/wp-json\/wp\/v2\/pages\/172\/revisions\/2132"}],"up":[{"embeddable":true,"href":"https:\/\/blogs.univ-jfc.fr\/vphn\/wp-json\/wp\/v2\/pages\/30"}],"wp:attachment":[{"href":"https:\/\/blogs.univ-jfc.fr\/vphn\/wp-json\/wp\/v2\/media?parent=172"}],"curies":[{"name":"wp","href":"https:\/\/api.w.org\/{rel}","templated":true}]}}