{"id":1724,"date":"2018-02-05T12:33:39","date_gmt":"2018-02-05T11:33:39","guid":{"rendered":"http:\/\/blogs.univ-jfc.fr\/vphn\/?page_id=1724"},"modified":"2018-02-05T13:19:33","modified_gmt":"2018-02-05T12:19:33","slug":"interview-joseph-planes-ancien-joueur-du-sporting-club-graulhetois","status":"publish","type":"page","link":"https:\/\/blogs.univ-jfc.fr\/vphn\/patrimoine-immateriel\/le-rugby-dans-le-midi-au-xxe-siecle\/interview-joseph-planes-ancien-joueur-du-sporting-club-graulhetois\/","title":{"rendered":"Interview Joseph Plan\u00e9s, ancien joueur du Sporting Club Graulh\u00e9tois"},"content":{"rendered":"<h1 style=\"text-align: center\"><strong>Synth\u00e8se de l\u2019interview de Joseph Plan\u00e9s, ancien joueur du Sporting Club Graulh\u00e9tois et demi-finaliste du championnat de France en 1957, r\u00e9alis\u00e9e \u00e0 Graulhet le 28 octobre 2017.<\/strong><\/h1>\n<p style=\"text-align: left\">A la question \u00ab pourriez-vous vous pr\u00e9senter \u00bb, Joseph Plan\u00e9s nous a r\u00e9pondu qu\u2019il est n\u00e9 le 6 septembre 1932 \u00e0 Graulhet dans une famille qui n\u2019\u00e9tait pas impliqu\u00e9e dans le rugby. Il a r\u00e9alis\u00e9 plusieurs m\u00e9tiers comme menuisier, chiffonnier, g\u00e9rant d\u2019une station service, libraire, fonctionnaire \u00e0 la mairie de Graulhet et employ\u00e9 chez un grossiste en \u00e9lectrom\u00e9nager. Joseph a commenc\u00e9 le rugby en 1948 \u00e0 l\u2019\u00e2ge de 16 ans et il est toujours pr\u00e9sent dans son club de c\u0153ur de Graulhet et celui de Briatexte qu\u2019il a refond\u00e9 en 1982. Il compte s\u2019arr\u00eater l\u2019an prochain \u00e0 86 ans, \u00e2ge o\u00f9 il pourra admettre que 70 ans de sa vie ont \u00e9t\u00e9 d\u00e9di\u00e9s \u00e0 ce sport. Au rugby, il a jou\u00e9 plusieurs postes : talonneur, centre, ailier et troisi\u00e8me ligne aile.<br \/>\nApr\u00e8s s\u2019\u00eatre pr\u00e9sent\u00e9, nous avons pos\u00e9 plusieurs questions \u00e0 Joseph Plan\u00e9s\u2026<\/p>\n<h4 style=\"text-align: left\"><strong>Pourquoi et comment avez-vous eu envie de faire du rugby ? <\/strong><\/h4>\n<p style=\"text-align: left\">Tout d\u2019abord, je suis all\u00e9 au rugby pour rejoindre mes copains qui \u00e9taient issus du m\u00eame quartier que moi. Ensuite, c\u2019\u00e9tait le sport majeur de Graulhet ; les autres \u00e9taient moindres et ne comptait que quelques licenci\u00e9s. A mon \u00e9poque, on ne peut pas diff\u00e9rencier Graulhet avec un autre sport que le rugby. J\u2019ai commenc\u00e9 le rugby \u00e0 16 ans (\u00e2ge assez tardif) car il fallait que je travaille pour aider mes parents vu que nous \u00e9tions une famille nombreuse. De plus, il n\u2019y avait pas d\u2019\u00e9cole de rugby et le Sporting disposait de seulement trois \u00e9quipes (Juniors, R\u00e9serve, l\u2019\u00e9quipe premi\u00e8re) ; c\u2019\u00e9tait le \u00ab rugby des villages \u00bb.<\/p>\n<h4 style=\"text-align: left\"><strong>Quelle place le rugby occupait-il dans la ville de Graulhet ?<\/strong><\/h4>\n<p style=\"text-align: left\">Sans contestation, il occupait la plus grande place ! Il n\u2019y avait que le rugby, les gens au caf\u00e9 \u00ab parlaient rugby \u00bb et le week-end, la ville \u00ab vivait rugby \u00bb. C\u2019\u00e9tait la discussion phare apr\u00e8s le travail car bien s\u00fbr, il ne fallait pas m\u00e9langer travail et loisir. Les joueurs aussi avaient une bonne place dans la ville, nous \u00e9tions reconnus. Pour se rendre compte de cet \u00e9lan, lors de la demi-finale que nous avons jou\u00e9e \u00e0 Toulouse, la ville \u00e9tait d\u00e9serte : 6 000 Graulh\u00e9tois sur les 8 000 de la ville avaient fait le d\u00e9placement. De m\u00eame lors de l\u2019inauguration du stade No\u00ebl P\u00e9lissou en 1955, il y avait plus de 10 000 spectateurs dans le public ; plus que la population graulh\u00e9toise. D\u2019ailleurs, pour moi, c\u2019est le plus joli stade du Sud-ouest car il est en plein centre-ville. Auparavant, nos matchs se disputaient \u00e0 la Bouscayrolle, une plaine. Avec un peu de recul, je pense que cet engouement \u00e9tait si fort car les distractions \u00e9taient rares et les gens travaillaient beaucoup. De plus, le fait que l\u2019on soit au haut-niveau a \u00e9norm\u00e9ment aid\u00e9 le d\u00e9veloppement du rugby au sein de la ville. Je me rappelle que le lundi qui a suivi la demi-finale du championnat de France, tous les Graulh\u00e9tois avaient b\u00e9n\u00e9fici\u00e9 d\u2019un jour de cong\u00e9 et les enfants n\u2019allaient pas \u00e0 l\u2019\u00e9cole car elles \u00e9taient ferm\u00e9es. La ville s\u2019\u00e9tait arr\u00eat\u00e9e ; c\u2019\u00e9tait un jour de f\u00eate o\u00f9 nous avons \u00e9t\u00e9 re\u00e7us \u00e0 la mairie et o\u00f9 les journaux se sont d\u00e9chain\u00e9s sur l\u2019\u00e9v\u00e8nement.<\/p>\n<h4 style=\"text-align: left\"><strong>Qui \u00e9taient les dirigeants et comment s\u2019occupaient-ils du fonctionnement du club de rugby ?<\/strong><\/h4>\n<p style=\"text-align: left\">Il faut savoir qu\u2019\u00e0 Graulhet les m\u00e9gisseries \u00e9taient tr\u00e8s nombreuses (120 m\u00e9gisseries lors de l\u2019apog\u00e9e du cuir \u00e0 Graulhet). Sur les 120 patrons m\u00e9gissiers, 60 faisaient partie de la chambre syndicale qui dirigeait le club. Mais il faut aussi rajouter des bouchers, des m\u00e9decins et d\u2019autres fonctions qui peuvent entrer dans la chambre syndicale. Cette chambre syndicale, c\u2019\u00e9tait en quelques sortes les actionnaires du club. Tous les d\u00e9placements \u00e9taient \u00e0 leurs frais ; le bus qui \u00e9t\u00e9 lou\u00e9 le dimanche ou bien l\u2019utilisation des voitures particuli\u00e8res des dirigeants. Il y avait aussi des sponsors qui donnaient de l\u2019argent au club : le plus souvent, c\u2019\u00e9tait des commer\u00e7ants de la ville. Le club nous assurait pour les blessures, il n\u2019y avait ni kin\u00e9sith\u00e9rapeutes ni soigneurs. Nous avions seulement un m\u00e9decin, le docteur Ponti\u00e9. Par contre, on pouvait passer des examens plus rapidement et on pouvait avoir des jours de repos si on \u00e9tait bless\u00e9 assez gravement sans probl\u00e8me vu que les patrons s\u2019arrangeaient entre eux au rugby. Il ne faut pas oublier le plus illustre dirigeant Graulh\u00e9tois \u00e0 mon sens : Marcel Batigne qui aura \u00e9t\u00e9 le pr\u00e9sident de la F\u00e9d\u00e9ration Fran\u00e7aise de Rugby.<\/p>\n<h4 style=\"text-align: left\"><strong>Voyez-vous une \u00e9volution du rugby et de sa place dans la soci\u00e9t\u00e9 ?<\/strong><\/h4>\n<p style=\"text-align: left\">Effectivement, il y a \u00e9norm\u00e9ment de diff\u00e9rence. La plus importante, \u00e0 mon sens, est le niveau rugbystique qui ne cesse d\u2019augmenter. Aujourd\u2019hui les joueurs sont des professionnels alors que nous non. Le lundi matin, il fallait se lever pour aller travailler et certains faisaient des t\u00e2ches tr\u00e8s p\u00e9rilleuses. De plus les joueurs, m\u00eame au haut-niveau,<br \/>\n23<br \/>\njouaient pour leurs clubs de c\u0153ur et d\u00e9fendaient ces valeurs ; hormis deux ou trois joueurs de notre \u00e9quipe, il n\u2019y avait que des Graulh\u00e9tois pure souche ! Ensuite, je pense que ce n\u2019est pas comparable car il y a l\u2019essor des autres sports qui enl\u00e8vent des licenci\u00e9s au rugby. Pour moi, le rugby a chang\u00e9 et il changera encore.<\/p>\n<h4 style=\"text-align: left\"><strong>Que pensez-vous du rapport entre l\u2019alcool et le rugby ?<\/strong><\/h4>\n<p style=\"text-align: left\">C\u2019est une question taboue pour le rugby. En effet, les troisi\u00e8me mi-temps sont indissociables et ne peuvent \u00eatre enlev\u00e9es \u00e0 ce sport. Moi-m\u00eame, lorsque j\u2019\u00e9tais g\u00e9rant de la station essence \u00e0 Graulhet, je faisais venir mes copains du rugby dans mon \u00e9tablissement et je \u00ab levait le pont \u00bb pour pouvoir boire un coup avec mes amis et partager de bons moments. De mon \u00e9poque, c\u2019\u00e9tait important d\u2019avoir des moments comme celui-ci car apr\u00e8s, on ne pouvait pas se d\u00e9tendre et je pense que le rugby nous a amen\u00e9 beaucoup de libert\u00e9 de ce c\u00f4t\u00e9-l\u00e0. C\u2019est comme une tradition rugbystique ; pour nous, il \u00e9tait normal de boire un verre m\u00eame avec son adversaire \u00e0 la fin du match. Apr\u00e8s la demi-finale, je me souviens que nous sommes all\u00e9s tous manger au restaurant malgr\u00e9 la d\u00e9faite. N\u00e9anmoins, je pense qu\u2019avec l\u2019arriv\u00e9e du professionnalisme, la relation avec l\u2019alcool s\u2019est diminu\u00e9e. Sans rapport \u00e0 l\u2019alcool, le club nous payait un repas par mois pour que l\u2019on mange ensemble.<\/p>\n<h4 style=\"text-align: left\"><strong>Selon vous, le Midi b\u00e9n\u00e9ficie-t-il une identit\u00e9 rugbystique ?<\/strong><\/h4>\n<p style=\"text-align: left\">Je pense que le club de Graulhet est un bon exemple pour r\u00e9pondre \u00e0 cette question car c\u2019est un club qui a rayonn\u00e9 pour le cuir notamment mais aussi pour le rugby. Le Midi, c\u2019est une terre de rugby : dans les ann\u00e9es 1950, il y avait 7 clubs majeurs dans le Tarn qui jouaient au plus haut-niveau et cela provoquait les fameux derbys. Beaucoup d\u2019\u00e9quipes, m\u00eame dans l\u2019\u00e9lite du rugby, sont issues du Sud-ouest. Malheureusement, \u00e9norm\u00e9ment de grands clubs d\u2019avant se sont effondr\u00e9s avec le d\u00e9barquement du professionnalisme comme Carmaux qui a \u00e9t\u00e9 champion de France en 1951 et qui est d\u00e9sormais dans les plus bas niveaux de ce sport.<\/p>\n<h4 style=\"text-align: left\"><strong>Quelle \u00e9tait la vie de joueur de rugby ?<\/strong><\/h4>\n<p style=\"text-align: left\">Tout d\u2019abord, les matchs avaient lieu le dimanche. Il n\u2019y avait qu\u2019un seul entrainement par semaine qui durait deux heures et demi car le travail \u00e9tait prioritaire. De plus, le rugby n\u2019exigeait pas une omnipr\u00e9sence apr\u00e8s le travail ; hormis le jour de l\u2019entrainement, on se retrouvait entre joueurs au caf\u00e9. Toutefois, certains individus du club avaient une d\u00e9votion totale pour le club. Je cite la d\u00e9claration de Louis Montels qui \u00e9tait un supporter engag\u00e9 : \u00ab Je d\u00e9die ce livre \u00e0 mon \u00e9pouse, dont la compr\u00e9hension, la patience et l\u2019amour qu\u2019elle m\u2019a port\u00e9 n\u2019ont pas \u00e9t\u00e9 toujours r\u00e9compens\u00e9s, mais m\u2019ont permis ainsi d\u2019offrir 30 ans de ma vie \u00e0 un club que j\u2019ai port\u00e9 et que je porte dans mon c\u0153ur \u00bb.<\/p>\n<h4 style=\"text-align: left\"><strong>Est-ce qu\u2019il y avait de l\u2019argent dans le rugby ? Et est-ce que ce sport permettait une \u00ab ascension sociale \u00bb ?<\/strong><\/h4>\n<p style=\"text-align: left\">En ce qui concerne l\u2019argent, il n\u2019y en avait pas ; ni primes ni salaires. Seuls les frais d\u2019essence des rares joueurs qui venaient de l\u2019ext\u00e9rieur \u00e9taient rembours\u00e9s. Apr\u00e8s les matchs, on allait m\u00eame se doucher dans les vignes ou les bains publics ! On peut effectivement parler d\u2019ascension car le rugby \u00e9tait un tremplin si l\u2019on \u00e9tait en difficult\u00e9. La chambre syndicale pouvait trouver du travail dans les usines ou l\u2019administration aux joueurs qui n\u2019en avaient pas vu que c\u2019\u00e9tait eux les patrons. De plus, si l\u2019on avait un fonds de commerce, la visibilit\u00e9 que nous amenait le rugby nous permettait d\u2019augmenter les ventes. Cela a \u00e9t\u00e9 mon cas lorsque je disposais de ma station essence.<\/p>\n<h4 style=\"text-align: left\"><strong>En ayant 7 ans au d\u00e9but de la Seconde Guerre mondiale et ayant particip\u00e9 \u00e0 la guerre d\u2019Alg\u00e9rie, avez-vous vu des changements du rugby sous les guerres ?<\/strong><\/h4>\n<p style=\"text-align: left\">Dans le courant de l\u2019ann\u00e9e 1956, j\u2019ai \u00e9t\u00e9 appel\u00e9 pour aller combattre en Alg\u00e9rie avec six autres Graulh\u00e9tois. Nous jouions tous les sept dans l\u2019\u00e9quipe premi\u00e8re de Graulhet. La guerre a donc un impact car elle fait baisser les effectifs de joueurs. Lors de la Seconde Guerre mondiale, pour \u00eatre honn\u00eate, je ne me souviens pas comment le rugby a \u00e9t\u00e9 touch\u00e9 surtout qu\u2019\u00e0 la base, je ne fr\u00e9quentais pas ce milieu. N\u00e9anmoins, je sais que l\u2019\u00e9quipe de Graulhet a persist\u00e9 sans \u00eatre au plus haut-niveau. Mais elle a tout de m\u00eame \u00e9tait championne de France au niveau Excellence au courant de la saison 1947\/1948.<\/p>\n<p style=\"text-align: left\">Nous remercions chaleureusement Joseph Plan\u00e9s de nous avoir re\u00e7us chez lui pour nous raconter son rapport au rugby et sa vision vis-\u00e0-vis de l\u2019\u00e9volution du rugby.<\/p>\n<figure id=\"attachment_1727\" aria-describedby=\"caption-attachment-1727\" style=\"width: 445px\" class=\"wp-caption alignnone\"><img loading=\"lazy\" class=\" wp-image-1727\" src=\"http:\/\/blogs.univ-jfc.fr\/vphn\/wp-content\/uploads\/sites\/65\/2018\/02\/equipe-300x231.jpg\" alt=\"\" width=\"445\" height=\"343\" srcset=\"https:\/\/blogs.univ-jfc.fr\/vphn\/wp-content\/uploads\/sites\/65\/2018\/02\/equipe-300x231.jpg 300w, https:\/\/blogs.univ-jfc.fr\/vphn\/wp-content\/uploads\/sites\/65\/2018\/02\/equipe-768x592.jpg 768w, https:\/\/blogs.univ-jfc.fr\/vphn\/wp-content\/uploads\/sites\/65\/2018\/02\/equipe.jpg 779w\" sizes=\"(max-width: 445px) 100vw, 445px\" \/><figcaption id=\"caption-attachment-1727\" class=\"wp-caption-text\">Photographie officielle de l&rsquo;\u00e9quipe du Sporting Club Graulh\u00e9tois ayant disput\u00e9e la demi-finale du championnat de France en 1957, <a href=\"https:\/\/www.ladepeche.fr\/article\/2010\/09\/29\/916379-graulhet-une-demie-face-au-racing-club-de-france.html\">https:\/\/www.ladepeche.fr\/article\/2010\/09\/29\/916379-graulhet-une-demie-face-au-racing-club-de-france.html<\/a><\/figcaption><\/figure>\n","protected":false},"excerpt":{"rendered":"<p>Synth\u00e8se de l\u2019interview de Joseph Plan\u00e9s, ancien joueur du Sporting Club Graulh\u00e9tois et demi-finaliste du championnat de France en 1957, r\u00e9alis\u00e9e \u00e0 Graulhet le 28 octobre 2017. A la question \u00ab pourriez-vous vous pr\u00e9senter \u00bb, Joseph Plan\u00e9s nous a r\u00e9pondu qu\u2019il est n\u00e9 le 6 septembre 1932 \u00e0 Graulhet dans une famille qui n\u2019\u00e9tait pas &hellip; <\/p>\n<p class=\"link-more\"><a href=\"https:\/\/blogs.univ-jfc.fr\/vphn\/patrimoine-immateriel\/le-rugby-dans-le-midi-au-xxe-siecle\/interview-joseph-planes-ancien-joueur-du-sporting-club-graulhetois\/\" class=\"more-link\">Continuer la lecture<span class=\"screen-reader-text\"> de &laquo;&nbsp;Interview Joseph Plan\u00e9s, ancien joueur du Sporting Club Graulh\u00e9tois&nbsp;&raquo;<\/span><\/a><\/p>\n","protected":false},"author":299,"featured_media":0,"parent":74,"menu_order":2,"comment_status":"closed","ping_status":"closed","template":"","meta":[],"_links":{"self":[{"href":"https:\/\/blogs.univ-jfc.fr\/vphn\/wp-json\/wp\/v2\/pages\/1724"}],"collection":[{"href":"https:\/\/blogs.univ-jfc.fr\/vphn\/wp-json\/wp\/v2\/pages"}],"about":[{"href":"https:\/\/blogs.univ-jfc.fr\/vphn\/wp-json\/wp\/v2\/types\/page"}],"author":[{"embeddable":true,"href":"https:\/\/blogs.univ-jfc.fr\/vphn\/wp-json\/wp\/v2\/users\/299"}],"replies":[{"embeddable":true,"href":"https:\/\/blogs.univ-jfc.fr\/vphn\/wp-json\/wp\/v2\/comments?post=1724"}],"version-history":[{"count":2,"href":"https:\/\/blogs.univ-jfc.fr\/vphn\/wp-json\/wp\/v2\/pages\/1724\/revisions"}],"predecessor-version":[{"id":1728,"href":"https:\/\/blogs.univ-jfc.fr\/vphn\/wp-json\/wp\/v2\/pages\/1724\/revisions\/1728"}],"up":[{"embeddable":true,"href":"https:\/\/blogs.univ-jfc.fr\/vphn\/wp-json\/wp\/v2\/pages\/74"}],"wp:attachment":[{"href":"https:\/\/blogs.univ-jfc.fr\/vphn\/wp-json\/wp\/v2\/media?parent=1724"}],"curies":[{"name":"wp","href":"https:\/\/api.w.org\/{rel}","templated":true}]}}