{"id":1729,"date":"2018-02-05T13:37:09","date_gmt":"2018-02-05T12:37:09","guid":{"rendered":"http:\/\/blogs.univ-jfc.fr\/vphn\/?page_id=1729"},"modified":"2018-02-05T13:45:54","modified_gmt":"2018-02-05T12:45:54","slug":"bibliographies-et-sitographies-complementaires","status":"publish","type":"page","link":"https:\/\/blogs.univ-jfc.fr\/vphn\/patrimoine-immateriel\/le-rugby-dans-le-midi-au-xxe-siecle\/bibliographies-et-sitographies-complementaires\/","title":{"rendered":"Bibliographies et sitographies compl\u00e9mentaires"},"content":{"rendered":"<h1 style=\"text-align: center\"><strong>Bibliographie<\/strong><\/h1>\n<h2><strong>1. Outils et ouvrages g\u00e9n\u00e9raux :<\/strong><\/h2>\n<ul>\n<li>Fayet A., Fayet M., <em>Le grand livre de l\u2019Histoire de France<\/em>, Paris, Editions d\u2019Organisation, 2014, 532 p.<\/li>\n<li>Sirinelli J-F., <em>Comprendre le XXe si\u00e8cle fran\u00e7ais<\/em>, Paris, Fayard, 2005, 527 p.<\/li>\n<li>M\u00e9rienne P., <em>Atlas de la France et de ses r\u00e9gions<\/em>, Paris, OUEST-FRANCE, 2013, 48 p.<\/li>\n<li>Lafond P., Bodis J-P., <em>Encyclop\u00e9die du rugby fran\u00e7ais<\/em>, Paris, Dehedin, 1989, 779 p.<\/li>\n<li>Lavignasse S., <em>Dictionnaire du rugby<\/em>, Paris, Honor\u00e9 Champion, 2010, 611 p.<\/li>\n<\/ul>\n<h2><strong>2. Etudes globales sur l\u2019univers du rugby :<\/strong><\/h2>\n<ul>\n<li>Bouthier D., <em>Le rugby<\/em>, Paris, Presses Universitaires de France, \u00abQue sais-je ?\u00bb, 2007, 128 p.<\/li>\n<li>Bibal C., <em>Rugby du Sud-ouest, le dico<\/em>, Paris, Editions Alan Sutton, 2009, 224 p.<\/li>\n<li>Allaire R., Gonguet J-P., Villepreux O., <em>L\u2019Histoire passionn\u00e9e du rugby fran\u00e7ais et international<\/em>, Hugosport, 2015, 213 p.<\/li>\n<li>Pastre G.,<em> Les boucliers du printemps<\/em>, Paris, Midi Olympique, 1968, 281 p.<\/li>\n<li>Pastre G., <em>Les volcans du dimanche<\/em>, Paris, Midi Olympique, 1969, 273 p.<\/li>\n<li>Gauthey G., Seidler E., <em>Le rugby fran\u00e7ais, la grande collection encyclop\u00e9dique du rugby<\/em>, Toulouse, Midi Olympique, 1962, 608 p.<\/li>\n<li>Couderc R., <em>Au soleil du rugby<\/em>, Paris, Marabout, 1971, 123 p.<\/li>\n<li>Garcia H., <em>La fabuleuse histoire du rugby<\/em>, Paris, Editions La Martini\u00e8re, 1973, 906 p.<\/li>\n<li>Herman G., <em>Le rugby Tome I, Le rugby Tome II<\/em>, Gen\u00e8ve, Editions Ren\u00e9 Kister, 1958, 255 p.<\/li>\n<li>Merckel M., <em>14-18, le sport sort des tranch\u00e9es. Un h\u00e9ritage inattendu de la Grande Guerre<\/em>, Toulouse, Editions Le Pas d\u2019oiseau, 2012, 243 p.<\/li>\n<li>Clastres P., \u00ab G\u00e9n\u00e9rations athl\u00e9tiques et \u00e9ducations corporelles. L&rsquo;autre acculturation politique des pr\u00e9sidents de la Ve R\u00e9publique \u00bb, Histoire@Politique, 2014\/2 (n\u00b0 23), Paris, p.73-96<\/li>\n<li>L\u2019\u00c9quipe, <em>La grande histoire de la coupe du monde de rugby<\/em>, Paris, L\u2019Equipe \u00e9ditions, 2010, 160 p.<\/li>\n<li>Rayez J., Castagnon R., <em>Tout le rugby en 113 photos comment\u00e9s<\/em>, Paris, Bornemann, 1976, 122 p.<\/li>\n<li>Le Chevallier M., <em>Le rugby en 1001 photos<\/em>, Paris, Solar, 2011, 463 p.<\/li>\n<li>Couderc R., <em>Dans les coulisses du rugby<\/em>, Paris, Soci\u00e9t\u00e9 nouvelles des \u00e9ditions, 1967, 188 p.<\/li>\n<li>Soulacroix J., Couderc R., <em>Le rugby<\/em>, Saint-Mards-en-Othe, Capron, 1982, 95 p.<\/li>\n<\/ul>\n<h2><strong>3. Le rugby dans le Midi et ses impacts :<\/strong><\/h2>\n<ul>\n<li>Augustin J-P., \u00ab Le rugby : une culture terre mondialis\u00e9e \u00bb, Outre Terre, n\u00b08, 2004, p.261-273<\/li>\n<li>Augustin J-P., \u00ab D\u2019un stade \u00e0 l\u2019autre. Le rugby fran\u00e7ais entre culture locale et spectacle mondial \u00bb, Les Annales de la recherche urbaine, volume 70 (n\u00b01), 1996, p.131-139<\/li>\n<li>Terret. T., <em>Revue STAPS<\/em>, Paris, De Boeck sup\u00e9rieur, 2007, 134 p.<\/li>\n<li>Font\u00e8s M., <em>Le rugby dans le Tarn XV-XIII : des associations sportives de 1895 aux \u00e9quipes comp\u00e9titives de l&rsquo;an 2000<\/em>, Albi, M. Font\u00e8s Editions, 1999, 140 p.<\/li>\n<li>Hardier T., Jagielsi J-F., <em>Oublier l&rsquo;Apocalypse ? Loisirs et distractions des combattants pendant la Grande Guerre<\/em>, Paris, Imago, 2014, 400 p.<\/li>\n<li>Escot R., Rivi\u00e8re J., <em>Un si\u00e8cle de rugby<\/em>, Paris, Calmann-L\u00e9vy, 2007, 113 p.<\/li>\n<\/ul>\n<h2><strong> 4. La vie autour du rugby dans les villes et villages :<\/strong><\/h2>\n<ul>\n<li>Destruel A., <em>Le rugby dans les petites villes industrielles de Midi-Pyr\u00e9n\u00e9es des ann\u00e9es 1950<\/em>, Toulouse, m\u00e9moire de ma\u00eetrise, 2002, 138 p.<\/li>\n<li>Font\u00e8s M., <em>Un si\u00e8cle et + de rugby en Albi XV-XIII<\/em>, Albi, Connaissance et traditions de France, 1997, 263 p.<\/li>\n<li>Barran R., <em>Le rugby des villages<\/em>, Paris, Les Editeurs fran\u00e7ais r\u00e9unis, 1974, 188 p.<\/li>\n<li>Bru H., \u00ab Un Brennus en sol mineur \u00bb, L\u2019\u00c9quipe, Mardi 13 ao\u00fbt 2013, Paris, p. 21-23<\/li>\n<li>Clastres P., Dietschy P., <em>Le rugby, une histoire entre village et monde<\/em>, Paris, Nouveau Monde \u00e9ditions, 2011, 280 p.<\/li>\n<li>Montels L., <em>Graulhet, 80 ans de rugby<\/em>, Albi, Escourbiac S.A, 1988, 73 p.<\/li>\n<\/ul>\n<p>&nbsp;<\/p>\n<h1 style=\"text-align: center\"><strong>Sitographie<\/strong><\/h1>\n<ul>\n<li>CAIRN, Joris Vincent, <em>Les ambig\u00fcit\u00e9s identitaires du rugby fran\u00e7ais de 1958 \u00e0 1968: secrets et traditions de la famille rugbystique<\/em>, En ligne, <a href=\"http:\/\/urlz.fr\/60DX\">http:\/\/urlz.fr\/60DX<\/a>, consult\u00e9 le 22\/10\/2017.<\/li>\n<li>CAIRN, Jean-Pierre Favero, <em>Le rugby fasciste dans le bassin de Briey au d\u00e9but des ann\u00e9es 1930<\/em>, En ligne, <a href=\"http:\/\/urlz.fr\/60E3\">http:\/\/urlz.fr\/60E3<\/a>, consult\u00e9 le 22\/10\/2017.<\/li>\n<li>CAIRN, Laurence Munoz et Joris Vincent, <em>Les hypoth\u00e8ses de la rel\u00e9gation du rugby chez les catholiques (1905-1913)<\/em>, En ligne, <a href=\"http:\/\/urlz.fr\/60E7\">http:\/\/urlz.fr\/60E7<\/a>, consult\u00e9 le 22\/10\/2017.<\/li>\n<li>CAIRN, Jacques Mikulovic et Gilles Bui-Xuan, <em>Rugby, conation et rapport aux temps<\/em>, En ligne, <a href=\"http:\/\/urlz.fr\/60Ed\">http:\/\/urlz.fr\/60Ed<\/a>, consult\u00e9 le 22\/10\/2017.<\/li>\n<li>CAIRN, Christophe Bonnet, Yan Dalla Pria et Jean-Marc Chamot, <em>Alcool et rugby : Anatomie d\u2019une \u00ab d\u00e9viance institutionnalis\u00e9e \u00bb<\/em>, En ligne, <a href=\"http:\/\/urlz.fr\/60Eg\">http:\/\/urlz.fr\/60Eg<\/a>, consult\u00e9 le 22\/10\/2017.<\/li>\n<li>CAIRN, Olivier Nier, Pascal Chantelat et Jean Camy, <em>Les strat\u00e9gies identitaires des clubs du rugby de l\u2019\u00e9lite europ\u00e9enne face \u00e0 la professionnalisation (1987-1997)<\/em>, En ligne, <a href=\"http:\/\/urlz.fr\/60Ek\">http:\/\/urlz.fr\/60Ek<\/a>, consult\u00e9 le 22\/10\/2017.<\/li>\n<li>Le Monde, Alexandre Lafon, <em>Le rugby et la Grande guerre<\/em>, En ligne, <a href=\"http:\/\/urlz.fr\/4CSF\">http:\/\/urlz.fr\/4CSF<\/a>, consult\u00e9 le 22\/10\/2017.<\/li>\n<li>OUEST FRANCE, Fr\u00e9d\u00e9ric Herv\u00e9, <em>Vichy et le dossier noir du rugby fran\u00e7ais<\/em>, En ligne, <a href=\"http:\/\/urlz.fr\/60Er\">http:\/\/urlz.fr\/60Er<\/a>, consult\u00e9 le 22\/10\/2017.<\/li>\n<li>EKLA BLOG, Fran\u00e7ois Mazens,<em> M\u00e9moires de Graulhet<\/em>, En ligne, <a href=\"http:\/\/urlz.fr\/60Ex\">http:\/\/urlz.fr\/60Ex<\/a>, consult\u00e9 le 22\/10\/2017.<\/li>\n<li>YOUTUBE, J\u00e9r\u00f4me Viguier, <em>Le rugby dans le cuir<\/em>, En ligne, <a href=\"http:\/\/urlz.fr\/60EE\">http:\/\/urlz.fr\/60EE<\/a>, consult\u00e9 le 22\/10\/2017.<\/li>\n<li>BEIN SPORTS, Cullen, <em>39-45, la guerre des rugbys<\/em>, En ligne, <a href=\"http:\/\/urlz.fr\/63TQ\">http:\/\/urlz.fr\/63TQ<\/a>, consult\u00e9 le 22\/10\/2017.<\/li>\n<\/ul>\n","protected":false},"excerpt":{"rendered":"<p>Bibliographie 1. Outils et ouvrages g\u00e9n\u00e9raux : Fayet A., Fayet M., Le grand livre de l\u2019Histoire de France, Paris, Editions d\u2019Organisation, 2014, 532 p. Sirinelli J-F., Comprendre le XXe si\u00e8cle fran\u00e7ais, Paris, Fayard, 2005, 527 p. M\u00e9rienne P., Atlas de la France et de ses r\u00e9gions, Paris, OUEST-FRANCE, 2013, 48 p. Lafond P., Bodis J-P., &hellip; <\/p>\n<p class=\"link-more\"><a href=\"https:\/\/blogs.univ-jfc.fr\/vphn\/patrimoine-immateriel\/le-rugby-dans-le-midi-au-xxe-siecle\/bibliographies-et-sitographies-complementaires\/\" class=\"more-link\">Continuer la lecture<span class=\"screen-reader-text\"> de &laquo;&nbsp;Bibliographies et sitographies compl\u00e9mentaires&nbsp;&raquo;<\/span><\/a><\/p>\n","protected":false},"author":299,"featured_media":0,"parent":74,"menu_order":2,"comment_status":"closed","ping_status":"closed","template":"","meta":[],"_links":{"self":[{"href":"https:\/\/blogs.univ-jfc.fr\/vphn\/wp-json\/wp\/v2\/pages\/1729"}],"collection":[{"href":"https:\/\/blogs.univ-jfc.fr\/vphn\/wp-json\/wp\/v2\/pages"}],"about":[{"href":"https:\/\/blogs.univ-jfc.fr\/vphn\/wp-json\/wp\/v2\/types\/page"}],"author":[{"embeddable":true,"href":"https:\/\/blogs.univ-jfc.fr\/vphn\/wp-json\/wp\/v2\/users\/299"}],"replies":[{"embeddable":true,"href":"https:\/\/blogs.univ-jfc.fr\/vphn\/wp-json\/wp\/v2\/comments?post=1729"}],"version-history":[{"count":3,"href":"https:\/\/blogs.univ-jfc.fr\/vphn\/wp-json\/wp\/v2\/pages\/1729\/revisions"}],"predecessor-version":[{"id":1734,"href":"https:\/\/blogs.univ-jfc.fr\/vphn\/wp-json\/wp\/v2\/pages\/1729\/revisions\/1734"}],"up":[{"embeddable":true,"href":"https:\/\/blogs.univ-jfc.fr\/vphn\/wp-json\/wp\/v2\/pages\/74"}],"wp:attachment":[{"href":"https:\/\/blogs.univ-jfc.fr\/vphn\/wp-json\/wp\/v2\/media?parent=1729"}],"curies":[{"name":"wp","href":"https:\/\/api.w.org\/{rel}","templated":true}]}}