{"id":1767,"date":"2018-02-07T18:51:42","date_gmt":"2018-02-07T17:51:42","guid":{"rendered":"http:\/\/blogs.univ-jfc.fr\/vphn\/?page_id=1767"},"modified":"2018-02-07T19:06:36","modified_gmt":"2018-02-07T18:06:36","slug":"architecture-de-leglise-notre-dame-du-bourg-a-rabastens","status":"publish","type":"page","link":"https:\/\/blogs.univ-jfc.fr\/vphn\/patrimoine-et-sites-remarquables\/notre-dame-du-bourg-a-rabastens\/architecture-de-leglise-notre-dame-du-bourg-a-rabastens\/","title":{"rendered":"Architecture de l&rsquo;\u00e9glise Notre Dame du Bourg \u00e0 Rabastens"},"content":{"rendered":"<figure id=\"attachment_1774\" aria-describedby=\"caption-attachment-1774\" style=\"width: 300px\" class=\"wp-caption aligncenter\"><img loading=\"lazy\" class=\"size-medium wp-image-1774\" src=\"http:\/\/blogs.univ-jfc.fr\/vphn\/wp-content\/uploads\/sites\/65\/2018\/02\/Ogives_Larousse-300x225.jpg\" alt=\"\" width=\"300\" height=\"225\" srcset=\"https:\/\/blogs.univ-jfc.fr\/vphn\/wp-content\/uploads\/sites\/65\/2018\/02\/Ogives_Larousse-300x225.jpg 300w, https:\/\/blogs.univ-jfc.fr\/vphn\/wp-content\/uploads\/sites\/65\/2018\/02\/Ogives_Larousse.jpg 330w\" sizes=\"(max-width: 300px) 100vw, 300px\" \/><figcaption id=\"caption-attachment-1774\" class=\"wp-caption-text\">Ogives<\/figcaption><\/figure>\n<figure id=\"attachment_1773\" aria-describedby=\"caption-attachment-1773\" style=\"width: 300px\" class=\"wp-caption aligncenter\"><img loading=\"lazy\" class=\"size-medium wp-image-1773\" src=\"http:\/\/blogs.univ-jfc.fr\/vphn\/wp-content\/uploads\/sites\/65\/2018\/02\/Contrefort-1363942812-300x225.jpg\" alt=\"\" width=\"300\" height=\"225\" srcset=\"https:\/\/blogs.univ-jfc.fr\/vphn\/wp-content\/uploads\/sites\/65\/2018\/02\/Contrefort-1363942812-300x225.jpg 300w, https:\/\/blogs.univ-jfc.fr\/vphn\/wp-content\/uploads\/sites\/65\/2018\/02\/Contrefort-1363942812.jpg 600w\" sizes=\"(max-width: 300px) 100vw, 300px\" \/><figcaption id=\"caption-attachment-1773\" class=\"wp-caption-text\">Contrefort<\/figcaption><\/figure>\n<p>Le gothique m\u00e9ridional, est un style propre \u00e0 la r\u00e9gion, il est caract\u00e9ris\u00e9 par diff\u00e9rents \u00e9l\u00e9ments. En effet, c&rsquo;est le r\u00e9sultat du m\u00e9lange des styles gothique et roman. On retrouve le style gothique dans l&rsquo;\u00e9glise par les ogives qui forment les vo\u00fbtes. Le style roman quant \u00e0 lui se reconna\u00eet par l\u2019\u00e9paisseur des murs et l&rsquo;utilisation de contreforts. L&rsquo;\u00e9glise est construite en brique.<\/p>\n","protected":false},"excerpt":{"rendered":"<p>Le gothique m\u00e9ridional, est un style propre \u00e0 la r\u00e9gion, il est caract\u00e9ris\u00e9 par diff\u00e9rents \u00e9l\u00e9ments. En effet, c&rsquo;est le r\u00e9sultat du m\u00e9lange des styles gothique et roman. On retrouve le style gothique dans l&rsquo;\u00e9glise par les ogives qui forment les vo\u00fbtes. Le style roman quant \u00e0 lui se reconna\u00eet par l\u2019\u00e9paisseur des murs et &hellip; <\/p>\n<p class=\"link-more\"><a href=\"https:\/\/blogs.univ-jfc.fr\/vphn\/patrimoine-et-sites-remarquables\/notre-dame-du-bourg-a-rabastens\/architecture-de-leglise-notre-dame-du-bourg-a-rabastens\/\" class=\"more-link\">Continuer la lecture<span class=\"screen-reader-text\"> de &laquo;&nbsp;Architecture de l&rsquo;\u00e9glise Notre Dame du Bourg \u00e0 Rabastens&nbsp;&raquo;<\/span><\/a><\/p>\n","protected":false},"author":415,"featured_media":0,"parent":87,"menu_order":1,"comment_status":"closed","ping_status":"closed","template":"","meta":[],"_links":{"self":[{"href":"https:\/\/blogs.univ-jfc.fr\/vphn\/wp-json\/wp\/v2\/pages\/1767"}],"collection":[{"href":"https:\/\/blogs.univ-jfc.fr\/vphn\/wp-json\/wp\/v2\/pages"}],"about":[{"href":"https:\/\/blogs.univ-jfc.fr\/vphn\/wp-json\/wp\/v2\/types\/page"}],"author":[{"embeddable":true,"href":"https:\/\/blogs.univ-jfc.fr\/vphn\/wp-json\/wp\/v2\/users\/415"}],"replies":[{"embeddable":true,"href":"https:\/\/blogs.univ-jfc.fr\/vphn\/wp-json\/wp\/v2\/comments?post=1767"}],"version-history":[{"count":8,"href":"https:\/\/blogs.univ-jfc.fr\/vphn\/wp-json\/wp\/v2\/pages\/1767\/revisions"}],"predecessor-version":[{"id":1782,"href":"https:\/\/blogs.univ-jfc.fr\/vphn\/wp-json\/wp\/v2\/pages\/1767\/revisions\/1782"}],"up":[{"embeddable":true,"href":"https:\/\/blogs.univ-jfc.fr\/vphn\/wp-json\/wp\/v2\/pages\/87"}],"wp:attachment":[{"href":"https:\/\/blogs.univ-jfc.fr\/vphn\/wp-json\/wp\/v2\/media?parent=1767"}],"curies":[{"name":"wp","href":"https:\/\/api.w.org\/{rel}","templated":true}]}}