{"id":1836,"date":"2018-02-22T00:04:40","date_gmt":"2018-02-21T23:04:40","guid":{"rendered":"http:\/\/blogs.univ-jfc.fr\/vphn\/?page_id=1836"},"modified":"2018-03-14T17:40:52","modified_gmt":"2018-03-14T16:40:52","slug":"bibliographie-sur-la-collaboration-franco-allemande-dans-le-sud-ouest-de-la-france-1940-1944","status":"publish","type":"page","link":"https:\/\/blogs.univ-jfc.fr\/vphn\/bibliographie-sur-la-collaboration-franco-allemande-dans-le-sud-ouest-de-la-france-1940-1944\/","title":{"rendered":"Bibliographie sur la collaboration franco-allemande dans le Sud-Ouest de la France (1940-1944)"},"content":{"rendered":"<p>. Berli\u00e8re Jean Marc,<em> Les policiers fran\u00e7ais sous l\u2019occupation, d\u2019apr\u00e8s les archives in\u00e9dites de l\u2019\u00e9puration<\/em>, Perrin, 2001.<\/p>\n<p>. Besse Jean Pierre, Pouty Thomas, <em>Les fusill\u00e9s, R\u00e9pression et ex\u00e9cutions pendant l\u2019occupation 1940-1944<\/em>, Atelier Paris, 2006.<\/p>\n<p>. Boyer Patrice, \u00ab\u00a0L\u2019\u00e9puration et ses repr\u00e9sentations en Languedoc et Roussillon (1944-1945)\u00a0\u00bb, <em>Vingti\u00e8me Si\u00e8cle, revue d\u2019histoire<\/em>, n\u00b068, octobre-d\u00e9cembre 2000, pp. 17-28.<\/p>\n<p>. Burnin Philippe, <em>La France \u00e0 l\u2019heure allemande 1940-1944<\/em>, Seuil, Paris, 1995.<\/p>\n<p>. Cointet Mich\u00e8le, <em>La Milice fran\u00e7aise<\/em>, Fayard, Paris, 2013.<\/p>\n<p>. Est\u00e9be Jean, <em>Toulouse 1940-1944<\/em>, Perrin, Paris, 1996.<\/p>\n<p>. Fabre Robert et Diana, \u00ab\u00a0La main d\u2019\u0153uvre au service de l\u2019Allemagne dans ma r\u00e9gion de Toulouse\u00a0\u00bb, <em>La revue d\u2019histoire de la seconde guerre mondiale<\/em>, n\u00b0131, 1983.<\/p>\n<p>. Labedan Guy, \u00ab\u00a0La r\u00e9pression \u00e0 la lib\u00e9ration dans la r\u00e9gion de Toulouse\u00a0\u00bb, <em>Revue d\u2019histoire de la seconde guerre mondiale<\/em>, n\u00b099, Juillet 1975.<\/p>\n<p>. Lamon Bertrand, <em>L\u2019\u00e9puration dans les hautes Pyr\u00e9n\u00e9es 1943-1947<\/em>, \u00e9dition Cairn, Paris, 2016.<\/p>\n<p>. Larrieu Jean, \u00ab\u00a0Les adh\u00e9rents aux mouvements de collaboration dans les Pyr\u00e9n\u00e9es orientales 1940-1944\u00a0\u00bb, <em>Annales du Midi\u00a0: Revue arch\u00e9ologique, historique et philologique de la France<\/em>, Tome 104, n\u00b0199-200, Les ann\u00e9es quarante dans le Midi, pp. 355-376.<\/p>\n<p>. Liberos Marianne, <em>Le sort des juifs \u00e0 Toulouse pendant l\u2019occupation<\/em>, Ma\u00eetrise dact. Universit\u00e9 de Toulouse- le Mirail, 1990.<\/p>\n<p>. Novick Peter, <em>L\u2019\u00e9puration fran\u00e7aise<\/em>, Balland, 1983.<\/p>\n<p>. Ory Pascal, <em>Les collaborateurs 1940-1945<\/em>, Seuil, Paris, 1980.<\/p>\n<p>. Paxton Robert O, <em>La France de Vichy, 1940-1944<\/em>, Collection Histoire, 1972.<\/p>\n<p>. Rousso Henry, \u00ab\u00a0L\u2019\u00e9puration en France\u00a0: une histoire inachev\u00e9e\u00a0\u00bb, <em>Vingti\u00e8me Si\u00e8cle, revue d\u2019histoire<\/em>, n\u00b033, janvier-mars 1992, Dossier\u00a0: L\u2019\u00e9puration en France en France \u00e0 la Lib\u00e9ration, pp. 78-105.<\/p>\n<p>. Wingeate Pike David, \u00ab\u00a0Les forces allemandes dans le sud ouest de la France, mai-juillet 1944\u00a0\u00bb, <em>Guerres mondiales et conflits contemporains<\/em>, n\u00b0152, 1988.<\/p>\n","protected":false},"excerpt":{"rendered":"<p>. Berli\u00e8re Jean Marc, Les policiers fran\u00e7ais sous l\u2019occupation, d\u2019apr\u00e8s les archives in\u00e9dites de l\u2019\u00e9puration, Perrin, 2001. . Besse Jean Pierre, Pouty Thomas, Les fusill\u00e9s, R\u00e9pression et ex\u00e9cutions pendant l\u2019occupation 1940-1944, Atelier Paris, 2006. . Boyer Patrice, \u00ab\u00a0L\u2019\u00e9puration et ses repr\u00e9sentations en Languedoc et Roussillon (1944-1945)\u00a0\u00bb, Vingti\u00e8me Si\u00e8cle, revue d\u2019histoire, n\u00b068, octobre-d\u00e9cembre 2000, pp. 17-28. &hellip; <\/p>\n<p class=\"link-more\"><a href=\"https:\/\/blogs.univ-jfc.fr\/vphn\/bibliographie-sur-la-collaboration-franco-allemande-dans-le-sud-ouest-de-la-france-1940-1944\/\" class=\"more-link\">Continuer la lecture<span class=\"screen-reader-text\"> de &laquo;&nbsp;Bibliographie sur la collaboration franco-allemande dans le Sud-Ouest de la France (1940-1944)&nbsp;&raquo;<\/span><\/a><\/p>\n","protected":false},"author":434,"featured_media":0,"parent":0,"menu_order":0,"comment_status":"closed","ping_status":"closed","template":"","meta":[],"_links":{"self":[{"href":"https:\/\/blogs.univ-jfc.fr\/vphn\/wp-json\/wp\/v2\/pages\/1836"}],"collection":[{"href":"https:\/\/blogs.univ-jfc.fr\/vphn\/wp-json\/wp\/v2\/pages"}],"about":[{"href":"https:\/\/blogs.univ-jfc.fr\/vphn\/wp-json\/wp\/v2\/types\/page"}],"author":[{"embeddable":true,"href":"https:\/\/blogs.univ-jfc.fr\/vphn\/wp-json\/wp\/v2\/users\/434"}],"replies":[{"embeddable":true,"href":"https:\/\/blogs.univ-jfc.fr\/vphn\/wp-json\/wp\/v2\/comments?post=1836"}],"version-history":[{"count":5,"href":"https:\/\/blogs.univ-jfc.fr\/vphn\/wp-json\/wp\/v2\/pages\/1836\/revisions"}],"predecessor-version":[{"id":2055,"href":"https:\/\/blogs.univ-jfc.fr\/vphn\/wp-json\/wp\/v2\/pages\/1836\/revisions\/2055"}],"wp:attachment":[{"href":"https:\/\/blogs.univ-jfc.fr\/vphn\/wp-json\/wp\/v2\/media?parent=1836"}],"curies":[{"name":"wp","href":"https:\/\/api.w.org\/{rel}","templated":true}]}}