{"id":2190,"date":"2019-01-16T08:21:40","date_gmt":"2019-01-16T07:21:40","guid":{"rendered":"http:\/\/blogs.univ-jfc.fr\/vphn\/?page_id=2190"},"modified":"2019-03-11T14:33:59","modified_gmt":"2019-03-11T13:33:59","slug":"le-camp","status":"publish","type":"page","link":"https:\/\/blogs.univ-jfc.fr\/vphn\/projets-specifiques\/projet-septfonds-2018-2019\/le-camp\/","title":{"rendered":"LE CAMP"},"content":{"rendered":"<h4 align=\"justify\"><span style=\"color: #000000\"><strong>\u00a0<\/strong><\/span><\/h4>\n<p align=\"justify\">Lieu de m\u00e9moire incontournable du Tarn-et-Garonne, le camp de Septfonds, non loin de Montauban, est, de 1939 \u00e0 1945, le th\u00e9\u00e2tre de nombreux rassemblements d&rsquo;intern\u00e9s venant d&rsquo;horizons diff\u00e9rents.<\/p>\n<h2><strong>Pr\u00e9sentation du camp<\/strong><\/h2>\n<p align=\"justify\">Durant cette p\u00e9riode, ce camp rassemble, en effet, une multitude de nationalit\u00e9s pour des raisons multiples. Elles sont essentiellement politiques \u00e0 cause du contexte historique des guerres (Guerre d&rsquo;Espagne, Seconde Guerre mondiale), mais \u00e9galement raciales (politiques antis\u00e9mites) ou encore li\u00e9es au contexte x\u00e9nophobe de l&rsquo;\u00e9poque. C&rsquo;est pour cette raison que le camp change sans cesse de statut durant ses ann\u00e9es d&rsquo;activit\u00e9.<\/p>\n<p align=\"justify\">C&rsquo;est ainsi qu&rsquo;Espagnols, Juifs, Autrichiens, Polonais ou encore Allemands se trouvent intern\u00e9s dans le camp de Septfonds, au lieu-dit de Judes.<\/p>\n<p align=\"justify\">C\u2019est sur un immense terrain de 50 hectares, plat et facile d&rsquo;acc\u00e8s, cach\u00e9 des regards mais proche du village, que la triste histoire du camp d\u2019internement se d\u00e9roule. Ce champ vide \u00e0 l&rsquo;\u00e9poque, poss\u00e8de de nombreuses ressources aux alentours entra\u00eenant la d\u00e9cision d&rsquo;installer un camp temporaire sur ce terrain-l\u00e0. C&rsquo;est le gouvernement Daladier qui prend la d\u00e9cision d\u2019implanter un camp \u00e0 Septfonds en raison de l&rsquo;arriv\u00e9e massive des Espagnols.<\/p>\n<p align=\"justify\">Le camp est construit tr\u00e8s rapidement et m\u00e9thodiquement. En une semaine et demie les travaux d&rsquo;am\u00e9nagement sont quasiment termin\u00e9s (de fin f\u00e9vrier \u00e0 d\u00e9but mars 1939). Architectes, entrepreneurs locaux, tirailleurs s\u00e9n\u00e9galais et quelques r\u00e9fugi\u00e9s espagnols collaborent ensemble \u00e0 l&rsquo;ach\u00e8vement des travaux.<\/p>\n<figure id=\"attachment_2484\" aria-describedby=\"caption-attachment-2484\" style=\"width: 300px\" class=\"wp-caption aligncenter\"><img loading=\"lazy\" class=\"size-medium wp-image-2484\" src=\"http:\/\/blogs.univ-jfc.fr\/vphn\/wp-content\/uploads\/sites\/65\/2019\/01\/construction-dune-baraque-300x202.jpg\" alt=\"\" width=\"300\" height=\"202\" srcset=\"https:\/\/blogs.univ-jfc.fr\/vphn\/wp-content\/uploads\/sites\/65\/2019\/01\/construction-dune-baraque-300x202.jpg 300w, https:\/\/blogs.univ-jfc.fr\/vphn\/wp-content\/uploads\/sites\/65\/2019\/01\/construction-dune-baraque-768x517.jpg 768w, https:\/\/blogs.univ-jfc.fr\/vphn\/wp-content\/uploads\/sites\/65\/2019\/01\/construction-dune-baraque.jpg 1016w\" sizes=\"(max-width: 300px) 100vw, 300px\" \/><figcaption id=\"caption-attachment-2484\" class=\"wp-caption-text\">Image tir\u00e9e du Fonds Gu\u00e9rin ; Construction d&rsquo;une baraque en F\u00e9vrier 1939.<\/figcaption><\/figure>\n<p align=\"justify\">Sur 50 hectares de terrain, on trouve 44 baraquements les uns en face des autres sur plusieurs kilom\u00e8tres. Des miradors sont \u00e9lev\u00e9s aux quatre coins du camp afin d&rsquo;assurer la surveillance des d\u00e9tenus. Plus de 50 km de barbel\u00e9s entourent le camp d&rsquo;une double rang\u00e9e.<\/p>\n<p align=\"justify\"><a href=\"http:\/\/www.septfonds.com\/septfonds_camp_judes05.htm\">Lien vers le site de Septfonds<\/a><\/p>\n<figure id=\"attachment_2486\" aria-describedby=\"caption-attachment-2486\" style=\"width: 300px\" class=\"wp-caption aligncenter\"><img loading=\"lazy\" class=\"size-medium wp-image-2486\" src=\"http:\/\/blogs.univ-jfc.fr\/vphn\/wp-content\/uploads\/sites\/65\/2019\/01\/plan-du-camp-300x235.jpg\" alt=\"\" width=\"300\" height=\"235\" srcset=\"https:\/\/blogs.univ-jfc.fr\/vphn\/wp-content\/uploads\/sites\/65\/2019\/01\/plan-du-camp-300x235.jpg 300w, https:\/\/blogs.univ-jfc.fr\/vphn\/wp-content\/uploads\/sites\/65\/2019\/01\/plan-du-camp-768x602.jpg 768w, https:\/\/blogs.univ-jfc.fr\/vphn\/wp-content\/uploads\/sites\/65\/2019\/01\/plan-du-camp.jpg 974w\" sizes=\"(max-width: 300px) 100vw, 300px\" \/><figcaption id=\"caption-attachment-2486\" class=\"wp-caption-text\">Photographie prise sur les lieux du camp en novembre 2018 ; \u00c9laboration du camp de Septfonds<\/figcaption><\/figure>\n<h2><strong>Le camp sur mesure pour les r\u00e9fugi\u00e9s espagnols (1939-1940)<br \/>\n<\/strong><\/h2>\n<p align=\"justify\">On ne compte pas moins de 16 626 Espagnols. au total. Leur arriv\u00e9e se fait en gare de Borredon, puis \u00e0 pied jusqu&rsquo;au village, par petits groupes, malgr\u00e9 leur mauvais \u00e9tat de sant\u00e9. Ils ont tout perdu, la guerre, la libert\u00e9, leurs biens, leurs familles pour arriver dans un camp d\u00e9nu\u00e9 de tout \u00e9quipement minimal et de toute humanit\u00e9. Pour les encadrer, les autorit\u00e9s affectent un millier de gardes\u00a0: 6 pelletons de gardes mobiles, un escadron de cavalerie du 20<sup>e<\/sup> Dragons, un bataillon d&rsquo;infanterie du 107<sup>e<\/sup> d&rsquo;Angoul\u00eame, un bataillon du 16<sup>e<\/sup> r\u00e9giment de tirailleurs s\u00e9n\u00e9galais. Le camp est \u00e9troitement surveill\u00e9. En effet, une autorisation est n\u00e9cessaire afin de p\u00e9n\u00e9trer dans les lieux.<\/p>\n<p align=\"justify\">Les conditions de vie sont particuli\u00e8rement rudes, d\u2019abord en raison du climat, mais \u00e9galement \u00e0 cause des couchages et des conditions sanitaires sommaires. C\u2019est ce qui aurait caus\u00e9 22 d\u00e9c\u00e8s d\u2019Espagnols au printemps 1939. Les maladies les plus courantes sont la fi\u00e8vre, la tuberculose et autres probl\u00e8mes pulmonaires.<\/p>\n<p align=\"justify\">L&rsquo;environnement sonore est du camp est tr\u00e8s important. Durant la journ\u00e9e, on pouvait entendre le bruit du micro qui \u00e9tait anim\u00e9 par 4 speakers espagnols qui traduisaient, annon\u00e7aient les visiteurs, donnaient des consignes, etc.<\/p>\n<p align=\"justify\">En ce qui concerne l&rsquo;approvisionnement du camp, des tonnes de nourriture sont d\u00e9vers\u00e9es chaque jour dans le camp pour \u00eatre distribu\u00e9es.\u00a0Quant \u00e0 l&rsquo;eau, elle est puis\u00e9e dans le ruisseau en bas du terrain, par un camion-citerne.<\/p>\n<p align=\"justify\">Repr\u00e9sentant un groupe nombreux, les Espagnols ont rapidement \u00e9t\u00e9 mis au travail, ils ont servi de main d\u2019\u0153uvre dans le cadre des compagnies de travailleurs \u00e9trangers (CTE). Ils pouvaient \u00eatre employ\u00e9s \u00e0 la journ\u00e9e par des particuliers ou int\u00e9gr\u00e9s pour des missions plus longues dans des entreprises. De ce fait, leur autonomie \u00e9tait conditionn\u00e9e par l\u2019obtention d\u2019un travail\u00a0; ils ne pouvaient quitter le camp \u00e0 la journ\u00e9e seulement s\u2019ils \u00e9taient employ\u00e9s.<\/p>\n<p align=\"justify\"><a href=\"http:\/\/www.cheminsdememoire.gouv.fr\/fr\/camp-dinternement-de-septfonds\">Chemin de m\u00e9moire<\/a><\/p>\n<h2 align=\"justify\"><strong>Un camp mis au service de la France en guerre<br \/>\n<\/strong><\/h2>\n<p align=\"justify\">D\u00e8s 1940, les Espagnols quittent le camp au compte go\u00fbte, pour laisser place aux Polonais dans le cadre de la Seconde Guerre mondiale (mars 1940). Le camp devient alors un D\u00e9p\u00f4t de formation des R\u00e9giments de Marche Volontaires \u00c9trangers\u00a0; 800 aviateurs de l&rsquo;arm\u00e9e arrivent au camp pour s&rsquo;entra\u00eener.<\/p>\n<p align=\"justify\">Dans ce camp, les diff\u00e9rentes nationalit\u00e9s qui y sont repr\u00e9sent\u00e9es se c\u00f4toient et ne sont pas cloisonn\u00e9es dans des parties du camp sp\u00e9cifiques. En effet des rencontres sportives ont lieu par exemple entre les Espagnols et les autres intern\u00e9s.<\/p>\n<h2 align=\"justify\"><strong>Un camp vichyste<br \/>\n<\/strong><\/h2>\n<p align=\"justify\">L&rsquo;ann\u00e9e 1940 est une date embl\u00e9matique dans l&rsquo;histoire de la France, puisqu&rsquo;elle correspond \u00e0 l&rsquo;av\u00e8nement du r\u00e9gime dictatorial de Vichy avec \u00e0 sa t\u00eate, le mar\u00e9chal P\u00e9tain et \u00e0 l\u2019occupation d\u2019une partie du pays par les troupes allemandes.<\/p>\n<p align=\"justify\">Apr\u00e8s l&rsquo;armistice-franco-allemande, les autorit\u00e9s militaires utilisent le camp comme centre de d\u00e9mobilisation pour\u00a0:<\/p>\n<p align=\"justify\">-Les engag\u00e9s volontaire \u00e9trangers (Juifs, r\u00e9fugi\u00e9s, Allemands, Belges, Autrichiens, Espagnols)<\/p>\n<p align=\"justify\">-Le reliquat de bataillons d&rsquo;infanterie l\u00e9g\u00e8re d&rsquo;Afrique et de la l\u00e9gion \u00e9trang\u00e8re<\/p>\n<p align=\"justify\">-Les militaires fran\u00e7ais communistes ou syndicalistes.<\/p>\n<p align=\"justify\">Conscients de la main d\u2019\u0153uvre que repr\u00e9sentent les intern\u00e9s, les autorit\u00e9s font \u00e9voluer les CTE vers des GTE (groupement de travailleurs \u00e9trangers) qui fonctionnent comme des organisations militaires\u00a0: rassemblement le matin, extinction des feux, quartiers libres etc.<\/p>\n<p align=\"justify\">En janvier 1941, le camp change de tutelle et est d\u00e9sormais plac\u00e9 sous l&rsquo;autorit\u00e9 du minist\u00e8re de l&rsquo;Int\u00e9rieur et du minist\u00e8re du Travail et de la Production industrielle. Il devient, d\u00e8s lors, un camp double. Il comprend d&rsquo;une part un centre d&rsquo;internement pour \u00e9trangers et d&rsquo;autre part, une partie pour les groupements \u00e9trangers.<\/p>\n<p align=\"justify\">Deux ans apr\u00e8s l\u2019ouverture du camp, les conditions de vie restent toujours pr\u00e9caires pour la quasi-totalit\u00e9 des d\u00e9tenus hormis quelques privil\u00e9gi\u00e9s. Ils sont toujours entass\u00e9s dans des petites baraques, en proie quotidiennement \u00e0 la maladie. La toilette s&rsquo;effectue dans un seul b\u00e2timent, \u00e0 la vue de tout le monde.<\/p>\n<p align=\"justify\">Au fil de l&rsquo;ann\u00e9e 1941, le camp n&rsquo;arr\u00eate pas de brasser diff\u00e9rentes populations, venant d&rsquo;horizons diff\u00e9rents. Il va, d\u00e8s avril 1941, accueillir des \u00e9trangers en surnombre dans l&rsquo;\u00e9conomie nationale de l&rsquo;ordre de 2 500 personnes\u00a0; les officiers des arm\u00e9es ex-alli\u00e9es (Polonais\/Belges) et les communistes arr\u00eat\u00e9s en Tarn-et-Garonne.<\/p>\n<p align=\"justify\">D\u00e8s mai 1941, le camp va subir ses premiers \u00e9pisodes de dissolution, les intern\u00e9s devront aller dans d&rsquo;autre camps. La deuxi\u00e8me sera effective en juin 1942, le camp sera alors ferm\u00e9 d\u00e9finitivement et remplac\u00e9 par un \u00eelot de s\u00fbret\u00e9, rassemblant une centaine d&rsquo;hommes dangereux.<\/p>\n<h2 align=\"justify\"><strong>Un camp de transit dans le cadre de la solution finale<\/strong><\/h2>\n<p align=\"justify\">En 1942, le camp de Judes devient une \u00e9tape incontournable dans le processus de la Solution finale puisqu&rsquo;en juillet, Laval propose l&rsquo;\u00e9vacuation des familles juives \u00e9trang\u00e8res de la zone occup\u00e9e. On compte deux d\u00e9portations, l&rsquo;une de 84 hommes du Groupe 302, l&rsquo;autre de 211 Juifs rafl\u00e9s dans le Lot, ces convois vont vers Drancy puis vers les camps de la mort.<\/p>\n<p align=\"justify\">En mars 1943, le camp sert de lieu de rassemblement des \u00e9trangers astreint au travail obligatoire dans les chantiers de l\u2019organisation TODT.<\/p>\n<p align=\"justify\">En f\u00e9vrier 1944, il subit une attaque par des maquisards, mais le camp n&rsquo;est cependant pas lib\u00e9r\u00e9. Entre ao\u00fbt 1944 et mai 1945, le camp devient un camp provisoire du gouvernement, puisqu&rsquo;en effet, \u00e0 partir du 19 ao\u00fbt 1944, la R\u00e9sistance prend le contr\u00f4le du camp qui va devenir le lieu de d\u00e9tention de 500 personnes accus\u00e9es de collaboration.<\/p>\n<p align=\"justify\">Par la suite on va assister \u00e0 l&rsquo;instauration du gouvernement provisoire de la R\u00e9publique fran\u00e7aise pr\u00e9sid\u00e9 par De Gaulle.<\/p>\n<p align=\"justify\"><a href=\"http:\/\/resistance82.fr\/camp-de-judes-septfonds\/\">R\u00e9sistance en Tarn-et-Garonne<\/a><\/p>\n<h2 align=\"justify\"><strong>Fermeture du camp et cr\u00e9ation de lieux de m\u00e9moire\u00a0<\/strong><\/h2>\n<p align=\"justify\">Quelques mois plus tard, en mai 1945, le camp est ferm\u00e9 et d\u00e9mont\u00e9, les baraques sont vendues et les archives br\u00fbl\u00e9es. La m\u00eame ann\u00e9e, la famille Gu\u00e9rin ach\u00e8te le champ. les membres de la famille vivent ensemble dans l&rsquo;un des b\u00e2timents \u00e0 l\u2019entr\u00e9e. Quelques ann\u00e9es plus tard, le champ est recouvert de ronces et il n&rsquo;est dor\u00e9navant plus un sujet concret de discussion dans le village.<\/p>\n<p align=\"justify\">Entre 1970 et 2017, le camp devient un lieu de m\u00e9moire avec la d\u00e9cision d&rsquo;un lieu de souvenir. On va d\u00e9cider de quatre secteurs pr\u00e9sents \u00e0 Septfonds aujourd&rsquo;hui, qui sont\u00a0: le cimeti\u00e8re espagnol, la st\u00e8le \u00e9rig\u00e9e en m\u00e9moire des juifs, l&rsquo;oratoire polonais et le m\u00e9morial du camp.<\/p>\n<figure id=\"attachment_2485\" aria-describedby=\"caption-attachment-2485\" style=\"width: 204px\" class=\"wp-caption aligncenter\"><img loading=\"lazy\" class=\" wp-image-2485\" src=\"http:\/\/blogs.univ-jfc.fr\/vphn\/wp-content\/uploads\/sites\/65\/2019\/01\/m\u00e9morial-espagnol-225x300.jpg\" alt=\"\" width=\"204\" height=\"272\" srcset=\"https:\/\/blogs.univ-jfc.fr\/vphn\/wp-content\/uploads\/sites\/65\/2019\/01\/m\u00e9morial-espagnol-225x300.jpg 225w, https:\/\/blogs.univ-jfc.fr\/vphn\/wp-content\/uploads\/sites\/65\/2019\/01\/m\u00e9morial-espagnol-768x1024.jpg 768w\" sizes=\"(max-width: 204px) 100vw, 204px\" \/><figcaption id=\"caption-attachment-2485\" class=\"wp-caption-text\">Photographie prise sur les lieux du camp en Novembre 2018 ; M\u00e9morial espagnol dans le cimeti\u00e8re<\/figcaption><\/figure>\n<p>&nbsp;<\/p>\n<p>&nbsp;<\/p>\n<figure id=\"attachment_2509\" aria-describedby=\"caption-attachment-2509\" style=\"width: 260px\" class=\"wp-caption aligncenter\"><img loading=\"lazy\" class=\" wp-image-2509\" src=\"http:\/\/blogs.univ-jfc.fr\/vphn\/wp-content\/uploads\/sites\/65\/2019\/01\/6666.jpg\" alt=\"\" width=\"260\" height=\"168\" \/><figcaption id=\"caption-attachment-2509\" class=\"wp-caption-text\">Photographie prise sur les lieux du camp en novembre 2018 ; M\u00e9morial du camp<\/figcaption><\/figure>\n<p>&nbsp;<\/p>\n<p align=\"justify\">Cependant, les lieux de m\u00e9moires sont compromis par un projet r\u00e9cent qui consiste en l\u2019extension de la porcherie du propri\u00e9taire des terres, sur lesquelles \u00e9taient le camp.<\/p>\n<p align=\"justify\">En 2017 s&rsquo;ouvre la Maison des M\u00e9moires dans le village de Septfonds\u00a0; \u00e0 la Mouni\u00e8re plus pr\u00e9cis\u00e9ment, afin que l&rsquo;histoire de ce camp ne soit pas oubli\u00e9e et qu&rsquo;elle soit sans cesse racont\u00e9e aux futures g\u00e9n\u00e9rations afin que l&rsquo;histoire ne se r\u00e9p\u00e8te pas une seconde fois.<\/p>\n<p>M\u00e9moire de Sylvain Zorzin<\/p>\n<figure id=\"attachment_2483\" aria-describedby=\"caption-attachment-2483\" style=\"width: 300px\" class=\"wp-caption aligncenter\"><img loading=\"lazy\" class=\"size-medium wp-image-2483\" src=\"http:\/\/blogs.univ-jfc.fr\/vphn\/wp-content\/uploads\/sites\/65\/2019\/01\/champ-aujd-300x225.jpg\" alt=\"\" width=\"300\" height=\"225\" srcset=\"https:\/\/blogs.univ-jfc.fr\/vphn\/wp-content\/uploads\/sites\/65\/2019\/01\/champ-aujd-300x225.jpg 300w, https:\/\/blogs.univ-jfc.fr\/vphn\/wp-content\/uploads\/sites\/65\/2019\/01\/champ-aujd-768x576.jpg 768w, https:\/\/blogs.univ-jfc.fr\/vphn\/wp-content\/uploads\/sites\/65\/2019\/01\/champ-aujd-1024x768.jpg 1024w\" sizes=\"(max-width: 300px) 100vw, 300px\" \/><figcaption id=\"caption-attachment-2483\" class=\"wp-caption-text\">Photographie prise sur les lieux du camp en Novembre 2018 ; Le champs de Septfonds<\/figcaption><\/figure>\n<p>&nbsp;<\/p>\n<p><a href=\"http:\/\/blogs.univ-jfc.fr\/vphn\/bibliographie-sur-le-camp-de-septfonds\/\">Bibliographie\u00a0<\/a><\/p>\n<p>\u00c9tudiants : L\u00e9a SALLES, Nicolas AYMARD, Ma\u00eflys BERNAT<\/p>\n<p>&nbsp;<\/p>\n<p>&nbsp;<\/p>\n","protected":false},"excerpt":{"rendered":"<p>\u00a0 Lieu de m\u00e9moire incontournable du Tarn-et-Garonne, le camp de Septfonds, non loin de Montauban, est, de 1939 \u00e0 1945, le th\u00e9\u00e2tre de nombreux rassemblements d&rsquo;intern\u00e9s venant d&rsquo;horizons diff\u00e9rents. Pr\u00e9sentation du camp Durant cette p\u00e9riode, ce camp rassemble, en effet, une multitude de nationalit\u00e9s pour des raisons multiples. Elles sont essentiellement politiques \u00e0 cause du &hellip; <\/p>\n<p class=\"link-more\"><a href=\"https:\/\/blogs.univ-jfc.fr\/vphn\/projets-specifiques\/projet-septfonds-2018-2019\/le-camp\/\" class=\"more-link\">Continuer la lecture<span class=\"screen-reader-text\"> de &laquo;&nbsp;LE CAMP&nbsp;&raquo;<\/span><\/a><\/p>\n","protected":false},"author":19,"featured_media":0,"parent":2172,"menu_order":1,"comment_status":"closed","ping_status":"closed","template":"","meta":[],"_links":{"self":[{"href":"https:\/\/blogs.univ-jfc.fr\/vphn\/wp-json\/wp\/v2\/pages\/2190"}],"collection":[{"href":"https:\/\/blogs.univ-jfc.fr\/vphn\/wp-json\/wp\/v2\/pages"}],"about":[{"href":"https:\/\/blogs.univ-jfc.fr\/vphn\/wp-json\/wp\/v2\/types\/page"}],"author":[{"embeddable":true,"href":"https:\/\/blogs.univ-jfc.fr\/vphn\/wp-json\/wp\/v2\/users\/19"}],"replies":[{"embeddable":true,"href":"https:\/\/blogs.univ-jfc.fr\/vphn\/wp-json\/wp\/v2\/comments?post=2190"}],"version-history":[{"count":20,"href":"https:\/\/blogs.univ-jfc.fr\/vphn\/wp-json\/wp\/v2\/pages\/2190\/revisions"}],"predecessor-version":[{"id":5074,"href":"https:\/\/blogs.univ-jfc.fr\/vphn\/wp-json\/wp\/v2\/pages\/2190\/revisions\/5074"}],"up":[{"embeddable":true,"href":"https:\/\/blogs.univ-jfc.fr\/vphn\/wp-json\/wp\/v2\/pages\/2172"}],"wp:attachment":[{"href":"https:\/\/blogs.univ-jfc.fr\/vphn\/wp-json\/wp\/v2\/media?parent=2190"}],"curies":[{"name":"wp","href":"https:\/\/api.w.org\/{rel}","templated":true}]}}