{"id":2192,"date":"2019-01-16T08:22:30","date_gmt":"2019-01-16T07:22:30","guid":{"rendered":"http:\/\/blogs.univ-jfc.fr\/vphn\/?page_id=2192"},"modified":"2019-03-11T14:37:55","modified_gmt":"2019-03-11T13:37:55","slug":"un-garde-du-camp-charles-duval","status":"publish","type":"page","link":"https:\/\/blogs.univ-jfc.fr\/vphn\/projets-specifiques\/projet-septfonds-2018-2019\/un-garde-du-camp-charles-duval\/","title":{"rendered":"UN GARDE DU CAMP \u00ab CHARLES DUVAL \u00bb"},"content":{"rendered":"<p>Etudiantes : Caputo Christelle, Gaillardin Julie, Lehy Madeline<\/p>\n<h2 align=\"justify\"><strong><em><span style=\"font-family: Times New Roman, serif\">Sa<\/span><span style=\"font-family: Times New Roman, serif\"> vie avant le camp<\/span><\/em><\/strong><\/h2>\n<p align=\"justify\"><strong><span style=\"font-family: Times New Roman, serif\">Emile Duval est un jeu<\/span><span style=\"font-family: Times New Roman, serif\">ne fran\u00e7ais, tout juste <\/span><span style=\"font-family: Times New Roman, serif\">\u00e2g\u00e9 de 20 ans <\/span><span style=\"font-family: Times New Roman, serif\">lorsque <\/span><span style=\"font-family: Times New Roman, serif\">l<\/span><span style=\"font-family: Times New Roman, serif\">a <\/span><span style=\"font-family: Times New Roman, serif\">S<\/span><span style=\"font-family: Times New Roman, serif\">econde <\/span><span style=\"font-family: Times New Roman, serif\">G<\/span><span style=\"font-family: Times New Roman, serif\">uerre mondiale \u00e9clate. <\/span><span style=\"font-family: Times New Roman, serif\">Son p\u00e8re a \u00e9t\u00e9 mobilis\u00e9 en septembre 1939 lors du d\u00e9clenchement de la Deuxi\u00e8me Guerre mondiale. Emile \u00e9tant trop jeune pour \u00eatre mobilis\u00e9, <\/span><span style=\"font-family: Times New Roman, serif\">il <\/span><span style=\"font-family: Times New Roman, serif\">est appel\u00e9 un an plus tard dans les Chantiers de la Jeunesse Fran\u00e7aise, mis en place par le r\u00e9gime de Vichy quelques mois auparavant. Il passe six mois dans un chantier en Auvergne, et en sort \u00e0 la fin <\/span><span style=\"font-family: Times New Roman, serif\">de<\/span><span style=\"font-family: Times New Roman, serif\"> mars 1941.<\/span><\/strong><\/p>\n<figure id=\"attachment_2867\" aria-describedby=\"caption-attachment-2867\" style=\"width: 214px\" class=\"wp-caption aligncenter\"><img loading=\"lazy\" class=\"wp-image-2867 size-medium\" src=\"http:\/\/blogs.univ-jfc.fr\/vphn\/wp-content\/uploads\/sites\/65\/2019\/01\/Chantiers_de_la_jeunesse_BNF-214x300.jpg\" alt=\"\" width=\"214\" height=\"300\" srcset=\"https:\/\/blogs.univ-jfc.fr\/vphn\/wp-content\/uploads\/sites\/65\/2019\/01\/Chantiers_de_la_jeunesse_BNF-214x300.jpg 214w, https:\/\/blogs.univ-jfc.fr\/vphn\/wp-content\/uploads\/sites\/65\/2019\/01\/Chantiers_de_la_jeunesse_BNF.jpg 480w\" sizes=\"(max-width: 214px) 100vw, 214px\" \/><figcaption id=\"caption-attachment-2867\" class=\"wp-caption-text\">Affiche pr\u00e9sentant les chantiers de la jeunesse fran\u00e7aise &#8211; Lieu de conservation inconnu<\/figcaption><\/figure>\n<p align=\"justify\"><strong><span style=\"font-family: Times New Roman, serif\">Avant de partir en Auvergne, il vivait avec sa famille dans un petit village de l\u2019Aveyron (Combret). Issu de la classe moyenne, notre personnage est un artisan \u00e9b\u00e9niste. C\u2019est donc lui qui devait subvenir aux besoins de sa famille (sa m\u00e8re et ses 3 fr\u00e8res\/s\u0153urs) lorsque son p\u00e8re est parti \u00e0 la guerre.<\/span><br \/>\n<\/strong><\/p>\n<figure id=\"attachment_2874\" aria-describedby=\"caption-attachment-2874\" style=\"width: 300px\" class=\"wp-caption aligncenter\"><img loading=\"lazy\" class=\"wp-image-2874 size-medium\" src=\"http:\/\/blogs.univ-jfc.fr\/vphn\/wp-content\/uploads\/sites\/65\/2019\/01\/combret-1-300x225.jpg\" alt=\"\" width=\"300\" height=\"225\" srcset=\"https:\/\/blogs.univ-jfc.fr\/vphn\/wp-content\/uploads\/sites\/65\/2019\/01\/combret-1-300x225.jpg 300w, https:\/\/blogs.univ-jfc.fr\/vphn\/wp-content\/uploads\/sites\/65\/2019\/01\/combret-1-768x575.jpg 768w, https:\/\/blogs.univ-jfc.fr\/vphn\/wp-content\/uploads\/sites\/65\/2019\/01\/combret-1.jpg 881w\" sizes=\"(max-width: 300px) 100vw, 300px\" \/><figcaption id=\"caption-attachment-2874\" class=\"wp-caption-text\">Carte postale du village de Combret en Aveyron (coll.priv\u00e9e)<\/figcaption><\/figure>\n<p align=\"justify\"><strong><span style=\"font-family: Times New Roman, serif\">Comme sa famille, il est plut\u00f4t de sensibilit\u00e9 politique de droite et, comme beaucoup de Fran\u00e7ais \u00e0 l\u2019\u00e9poque, il accueille plut\u00f4t favorablement l\u2019arriv\u00e9e du mar\u00e9chal P\u00e9tain. Par la suite, quand le r\u00e9gime de Vichy s\u2019installe, il est toujours en accord avec la politique mise en \u0153uvre, l\u2019id\u00e9ol<\/span><\/strong><span style=\"font-family: Times New Roman, serif\"><strong>ogie traditionnelle, la R\u00e9volution nationale, voire m\u00eame quelqu<\/strong><\/span><span style=\"font-family: Times New Roman, serif\"><strong>es id\u00e9es de l\u2019id\u00e9ologie nazie.<\/strong><\/span><\/p>\n<h2 align=\"justify\"><em><span style=\"font-family: Times New Roman, serif\"><b>Une nouvelle vie professionnelle<\/b><\/span><b> <\/b><\/em><\/h2>\n<p align=\"justify\"><strong><span style=\"font-family: Times New Roman, serif\"> En novembre 1940, de nombreux appels \u00e0 candidature sont pass\u00e9s dans la presse locale, car un manque crucial d\u2019employ\u00e9s dans les camps d\u2019internements se fait sentir. Toutefois, pour acc\u00e9der \u00e0 ce poste, plusieurs conditions sont n\u00e9cessaires (<\/span><span style=\"font-family: Times New Roman, serif\">par exemple <\/span><span style=\"font-family: Times New Roman, serif\">d\u00e9clarer sur l\u2019honneur de ne pas \u00eatre juif, comme c\u2019est le cas pour l\u2019ensemble de la fonction publique\u2026).<\/span><\/strong><\/p>\n<p align=\"justify\"><strong><span style=\"font-family: Times New Roman, serif\">Emile Duval sort du chantier de Jeunesse fin mars 1941 et c\u2019est ce m\u00eame mois qu\u2019il d\u00e9cide de faire une demande d\u2019emploi. Pour cela, il doit remplir une notice individuelle qui contient de nombreuses informations telles qu\u2019un engagement sous serment, <\/span><span style=\"font-family: Times New Roman, serif\">son<\/span><span style=\"font-family: Times New Roman, serif\"> niveau d\u2019instruction, <\/span><span style=\"font-family: Times New Roman, serif\">son<\/span><span style=\"font-family: Times New Roman, serif\"> \u00e9tat de sant\u00e9, <\/span><span style=\"font-family: Times New Roman, serif\">ses<\/span><span style=\"font-family: Times New Roman, serif\"> opinions\u2026 il doit \u00e9galement remplir les renseignements d\u2019ordre civil (<\/span><span style=\"font-family: Times New Roman, serif\">situation de famille, sa profession)<\/span><span style=\"font-family: Times New Roman, serif\">.<\/span><\/strong><\/p>\n<p align=\"justify\"><span style=\"font-family: Times New Roman, serif\"><strong>Un mois plus tard, sa candidature est accept\u00e9e. On l\u2019informe qu\u2019il est affect\u00e9 dans le<\/strong> <strong>groupe 369, en qualit\u00e9 de surveillant dans <a class=\"western\" href=\"http:\/\/www.cheminsdememoire.gouv.fr\/fr\/camp-dinternement-de-septfonds\" target=\"_blank\" rel=\"noopener noreferrer\">le camp <\/a><\/strong><\/span><strong><a class=\"western\" href=\"http:\/\/www.cheminsdememoire.gouv.fr\/fr\/camp-dinternement-de-septfonds\"><span style=\"font-family: Times New Roman, serif\">d\u2019internement<\/span> <span style=\"font-family: Times New Roman, serif\">de Septfonds<\/span><\/a><span style=\"font-family: Times New Roman, serif\"> o\u00f9 il arrive quelques jours plus tard, <em>via<\/em> la gare de Caussade.<\/span><\/strong><\/p>\n<figure id=\"attachment_2546\" aria-describedby=\"caption-attachment-2546\" style=\"width: 300px\" class=\"wp-caption aligncenter\"><img loading=\"lazy\" class=\"wp-image-2546 size-medium\" src=\"http:\/\/blogs.univ-jfc.fr\/vphn\/wp-content\/uploads\/sites\/65\/2019\/01\/Gare-300x196.jpg\" alt=\"\" width=\"300\" height=\"196\" srcset=\"https:\/\/blogs.univ-jfc.fr\/vphn\/wp-content\/uploads\/sites\/65\/2019\/01\/Gare-300x196.jpg 300w, https:\/\/blogs.univ-jfc.fr\/vphn\/wp-content\/uploads\/sites\/65\/2019\/01\/Gare-768x502.jpg 768w, https:\/\/blogs.univ-jfc.fr\/vphn\/wp-content\/uploads\/sites\/65\/2019\/01\/Gare-1024x670.jpg 1024w, https:\/\/blogs.univ-jfc.fr\/vphn\/wp-content\/uploads\/sites\/65\/2019\/01\/Gare.jpg 1625w\" sizes=\"(max-width: 300px) 100vw, 300px\" \/><figcaption id=\"caption-attachment-2546\" class=\"wp-caption-text\">Carte postale de la gare de Caussade (coll. priv\u00e9e)<\/figcaption><\/figure>\n<h2><strong><span style=\"font-family: Times New Roman, serif\"><i>D\u00e9couverte du camp et quotidien de Charles<\/i><\/span><\/strong><\/h2>\n<p><strong><span style=\"font-family: Times New Roman, serif\">Lorsque Emile arrive au camp, c\u2019est un endroit encore tout nouveau pour lui. Il est surpris par sa superficie (50 hectares). Au d\u00e9but, il est choqu\u00e9 par les conditions de vie des prisonniers, puis il s\u2019y habitue et commence \u00e0 trouver cela normal, \u00ab\u00a0c\u2019est la guerre\u00a0\u00bb, se dit-il.<\/span><\/strong><\/p>\n<figure id=\"attachment_2545\" aria-describedby=\"caption-attachment-2545\" style=\"width: 300px\" class=\"wp-caption aligncenter\"><img loading=\"lazy\" class=\"wp-image-2545 size-medium\" src=\"http:\/\/blogs.univ-jfc.fr\/vphn\/wp-content\/uploads\/sites\/65\/2019\/01\/Entr\u00e9e-300x197.jpg\" alt=\"\" width=\"300\" height=\"197\" srcset=\"https:\/\/blogs.univ-jfc.fr\/vphn\/wp-content\/uploads\/sites\/65\/2019\/01\/Entr\u00e9e-300x197.jpg 300w, https:\/\/blogs.univ-jfc.fr\/vphn\/wp-content\/uploads\/sites\/65\/2019\/01\/Entr\u00e9e-768x504.jpg 768w, https:\/\/blogs.univ-jfc.fr\/vphn\/wp-content\/uploads\/sites\/65\/2019\/01\/Entr\u00e9e.jpg 960w\" sizes=\"(max-width: 300px) 100vw, 300px\" \/><figcaption id=\"caption-attachment-2545\" class=\"wp-caption-text\">Entr\u00e9e du camp de Septfonds (coll. priv\u00e9e)<\/figcaption><\/figure>\n<p align=\"justify\"><strong><span style=\"font-family: Times New Roman, serif\">Quand on lui fait visiter le camp, on lui explique <\/span><span style=\"font-family: Times New Roman, serif\">sa principale mission\u00a0:<\/span> <span style=\"font-family: Times New Roman, serif\">enca<\/span><span style=\"font-family: Times New Roman, serif\">drer les travailleurs \u00e9trangers, r\u00e9fugi\u00e9s en France et \u00e0 qui on demande, en \u00e9change de leur accueil, des prestations professionnelles.<\/span><\/strong><\/p>\n<p align=\"justify\"><strong><span style=\"font-family: Times New Roman, serif\">On lui apprend que certains gardes sont log\u00e9s \u00e0 l\u2019ext\u00e9rieur du camp, principalement ceux qui ont de la famille (dans les fermes avoisinantes, villages ou communes voisines). Lui est log\u00e9 \u00e0 l\u2019int\u00e9rieur du camp. <\/span><span style=\"font-family: Times New Roman, serif\">C\u2019est l\u2019occasion pour lui de rencontrer <\/span><span style=\"font-family: Times New Roman, serif\">de nombreux gardes, <\/span><span style=\"font-family: Times New Roman, serif\">notamment <\/span><span style=\"font-family: Times New Roman, serif\">un \u00ab\u00a0ancien\u00a0\u00bb du camp <\/span><span style=\"font-family: Times New Roman, serif\">qui<\/span><span style=\"font-family: Times New Roman, serif\"> lui raconte pourquoi <\/span><span style=\"font-family: Times New Roman, serif\">et comment<\/span><\/strong><span style=\"font-family: Times New Roman, serif\"><strong> il a \u00e9t\u00e9 cr\u00e9\u00e9.<\/strong> <\/span><\/p>\n<p align=\"justify\"><strong><span style=\"font-family: Times New Roman, serif\"> Les journ\u00e9es sont assez monotones. Une journ\u00e9e \u2018\u2018type\u2019\u2019 pour Emile d\u00e9bute au son du clairon le matin. Puis, vers 8 heures les officiers se r\u00e9unissent, et passent dans les baraquements pour assurer la surveillance interne du camp. Durant la journ\u00e9e, les chefs de groupes ont la charge de surveiller les TE (Travailleurs \u00c9trangers) et de les encadrer dans leurs travaux ext\u00e9rieurs par exemple les travaux dans les champs.<\/span><\/strong><\/p>\n<h2 align=\"justify\"><strong><span style=\"font-family: Times New Roman, serif\"><i>\u00c9volution de carri\u00e8re<\/i><\/span><\/strong><\/h2>\n<p align=\"justify\"><strong><span style=\"font-family: Times New Roman, serif\"> C\u2019est en septembre 1942 que Emile est promu et devient chef de groupe. Les motifs<\/span> <span style=\"font-family: Times New Roman, serif\">qui expliquent cette promotion sont une conduite exemplaire, ainsi que le non-renouvellement du contrat de son pr\u00e9d\u00e9cesseur pour des raisons de sant\u00e9. D\u00e8s lors, il s\u2019occupe exclusivement d\u2019un groupe d\u2019hommes, de natio<\/span><span style=\"font-family: Times New Roman, serif\">nalit\u00e9s<\/span><span style=\"font-family: Times New Roman, serif\"> vari\u00e9es (Espagnols, Allemands, Autrichiens\u2026) et reprend les m\u00eames m\u00e9thodes de travail que son pr\u00e9d\u00e9cesseur, \u00e0 savoir peu de tol\u00e9rance et quasiment pas d\u2019\u00e9tats d\u2019\u00e2me.<\/span><\/strong><\/p>\n<p align=\"justify\"><strong><span style=\"font-family: Times New Roman, serif\">Au fil du temps, la R\u00e9sistance autour de l\u2019occupation allemande s\u2019accentue et les mouvements se multiplient (\u00e0 partir des rafles d\u2019ao\u00fbt 1942, de nombreuses \u00e9vasions ont lieu). Charles voit tout cela d\u2019un mauvais \u0153il et ne comprend pas pourquoi des Fran\u00e7ais veulent aider des \u00ab\u00a0ind\u00e9sirables\u00a0\u00bb.<\/span><\/strong><\/p>\n<figure id=\"attachment_2547\" aria-describedby=\"caption-attachment-2547\" style=\"width: 300px\" class=\"wp-caption alignleft\"><img loading=\"lazy\" class=\"wp-image-2547 size-medium\" src=\"http:\/\/blogs.univ-jfc.fr\/vphn\/wp-content\/uploads\/sites\/65\/2019\/01\/TE-300x300.jpg\" alt=\"\" width=\"300\" height=\"300\" srcset=\"https:\/\/blogs.univ-jfc.fr\/vphn\/wp-content\/uploads\/sites\/65\/2019\/01\/TE-300x300.jpg 300w, https:\/\/blogs.univ-jfc.fr\/vphn\/wp-content\/uploads\/sites\/65\/2019\/01\/TE-150x150.jpg 150w, https:\/\/blogs.univ-jfc.fr\/vphn\/wp-content\/uploads\/sites\/65\/2019\/01\/TE-100x100.jpg 100w, https:\/\/blogs.univ-jfc.fr\/vphn\/wp-content\/uploads\/sites\/65\/2019\/01\/TE.jpg 381w\" sizes=\"(max-width: 300px) 100vw, 300px\" \/><figcaption id=\"caption-attachment-2547\" class=\"wp-caption-text\">Camp de Septfonds avec les Travailleurs \u00c9trangers et leurs surveillants. (coll. priv\u00e9e).<\/figcaption><\/figure>\n<p align=\"justify\"><span style=\"font-family: Times New Roman, serif\">\u00a0<\/span><strong><span style=\"font-family: Times New Roman, serif\">Un incident se produit en janvier 1943. En effet, un groupe de travailleurs juifs, sous sa responsabilit\u00e9 part travailler dans les champs et deux d\u00e9tenus parviennent \u00e0 s\u2019\u00e9vader et un seul est finalement retrouv\u00e9.<\/span><\/strong><\/p>\n<p align=\"justify\"><strong><span style=\"font-family: Times New Roman, serif\">En tant que chef de groupe, il est s\u00e9v\u00e8rement r\u00e9prim\u00e9\u00a0: de nombreux reproches lui sont adress\u00e9s et et le commandement de son groupe est donn\u00e9 \u00e0 un autre pendant un mois\u2026<\/span><\/strong><\/p>\n<p align=\"justify\"><strong><span style=\"font-family: Times New Roman, serif\">Cet \u00e9v\u00e8nement va, par cons\u00e9quent, bouleverser sa vision d\u2019encadrer les prisonniers et devient encore plus intransigeant.<\/span><\/strong><\/p>\n<h2 align=\"justify\"><strong><span style=\"font-family: Times New Roman, serif\"><i>Avis divergents et fin de sa carri\u00e8re<\/i> <\/span><\/strong><\/h2>\n<p align=\"justify\"><strong><span style=\"font-family: Times New Roman, serif\"> Quelques mois plus tard, en juin-juillet 1943, Emile Duval est confront\u00e9 \u00e0 des personnes qui ont des avis diff\u00e9rents du sien. <\/span><span style=\"font-family: Times New Roman, serif\">N<\/span><span style=\"font-family: Times New Roman, serif\">otamment une infirmi\u00e8re pr\u00e9sente dans le camp, qui trouve que les conditions de vie, de travail des intern\u00e9s sont d\u00e9plorables. Emile Duval r\u00e9pond que les prisonniers peuvent \u2018\u2018survivre\u2019\u2019 et s\u2019adapter.<\/span><\/strong><\/p>\n<p align=\"justify\"><strong><span style=\"font-family: Times New Roman, serif\">Les chefs de groupe sont autoris\u00e9s \u00e0 sortir du camp, Duval en profite alors pour prendre du recul, car il y a bel et bien une vie \u00e0 l\u2019ext\u00e9rieur. Il va donc au <a class=\"western\" href=\"http:\/\/www.septfonds.fr\/\">village<\/a>, avec d\u2019autres chefs et se retrouvent dans un caf\u00e9 pour parler de la guerre, entre autres.<\/span><\/strong><\/p>\n<p align=\"justify\"><strong><span style=\"font-family: Times New Roman, serif\">La vie des intern\u00e9s devient de plus en plus difficile, lorsqu\u2019en f\u00e9vrier 1944 le camp est attaqu\u00e9 par la R\u00e9sistance, mais n\u2019est pas lib\u00e9r\u00e9.<\/span><\/strong><\/p>\n<p align=\"justify\"><strong><span style=\"font-family: Times New Roman, serif\">Durant le mois d\u2019avril 1944, Duval a eu une altercation avec un personnage qui a r\u00e9ellement exist\u00e9 dans le camp de Septfonds\u00a0: le capitaine Th\u00e9baut, commandant du GTE 533, sur la question des Travailleurs \u00c9trangers. En effet, Th\u00e9baut \u00e9tait favorable \u00e0 la lib\u00e9ration des TE intern\u00e9s depuis plus d\u2019un an, alors que Charles ne l\u2019\u00e9tait pas. Apr\u00e8s de multiples p\u00e9rip\u00e9ties, Th\u00e9baut a fini par donner sa d\u00e9mission.<\/span><\/strong><\/p>\n<p align=\"justify\"><strong><span style=\"font-family: Times New Roman, serif\">La question de la lib\u00e9ration des travailleurs des camps est r\u00e9currente au plus haut niveau. En 1944, les lib\u00e9rations peuvent \u00eatre d\u00e9crites par certains comme abusives, puisque beaucoup consid\u00e8rent que les prisonniers ont m\u00e9rit\u00e9 leur place, et ne doivent donc pas \u00eatre lib\u00e9r\u00e9s.<\/span><\/strong><\/p>\n<p align=\"justify\"><strong><span style=\"font-family: Times New Roman, serif\">C\u2019est en ao\u00fbt 1944, que les choses changent. Le 19 ao\u00fbt, les r\u00e9sistants attaquent le camp et <\/span><span style=\"font-family: Times New Roman, serif\">permettent<\/span><\/strong><span style=\"font-family: Times New Roman, serif\"><strong> sa <a class=\"western\" href=\"https:\/\/www.septfonds-la-mouniere.com\/\">lib\u00e9ration<\/a>. Charles est fait prisonnier, ainsi que 500 autres personnes soup\u00e7onn\u00e9es de collaboration dans le d\u00e9partement. C\u2019est en mai 1945 qu\u2019il est finalement lib\u00e9r\u00e9.<\/strong><\/span><\/p>\n<figure id=\"attachment_2621\" aria-describedby=\"caption-attachment-2621\" style=\"width: 300px\" class=\"wp-caption aligncenter\"><img loading=\"lazy\" class=\"wp-image-2621 size-medium\" src=\"http:\/\/blogs.univ-jfc.fr\/vphn\/wp-content\/uploads\/sites\/65\/2019\/01\/r\u00e9sistants-300x203.jpg\" alt=\"\" width=\"300\" height=\"203\" srcset=\"https:\/\/blogs.univ-jfc.fr\/vphn\/wp-content\/uploads\/sites\/65\/2019\/01\/r\u00e9sistants-300x203.jpg 300w, https:\/\/blogs.univ-jfc.fr\/vphn\/wp-content\/uploads\/sites\/65\/2019\/01\/r\u00e9sistants-768x521.jpg 768w, https:\/\/blogs.univ-jfc.fr\/vphn\/wp-content\/uploads\/sites\/65\/2019\/01\/r\u00e9sistants-1024x694.jpg 1024w, https:\/\/blogs.univ-jfc.fr\/vphn\/wp-content\/uploads\/sites\/65\/2019\/01\/r\u00e9sistants.jpg 1625w\" sizes=\"(max-width: 300px) 100vw, 300px\" \/><figcaption id=\"caption-attachment-2621\" class=\"wp-caption-text\">Groupe de r\u00e9sistants fran\u00e7ais &#8211; coll. priv\u00e9e.<\/figcaption><\/figure>\n<p align=\"justify\"><span style=\"text-decoration: underline\"><a href=\"http:\/\/blogs.univ-jfc.fr\/vphn\/projets-specifiques\/projet-septfonds-2018-2019\/un-garde-du-camp-charles-duval\/bibliographie-indicative\/\" target=\"_blank\" rel=\"noopener noreferrer\">Bibliographie indicative<\/a><br \/>\n<\/span><\/p>\n<p>&nbsp;<\/p>\n","protected":false},"excerpt":{"rendered":"<p>Etudiantes : Caputo Christelle, Gaillardin Julie, Lehy Madeline Sa vie avant le camp Emile Duval est un jeune fran\u00e7ais, tout juste \u00e2g\u00e9 de 20 ans lorsque la Seconde Guerre mondiale \u00e9clate. Son p\u00e8re a \u00e9t\u00e9 mobilis\u00e9 en septembre 1939 lors du d\u00e9clenchement de la Deuxi\u00e8me Guerre mondiale. Emile \u00e9tant trop jeune pour \u00eatre mobilis\u00e9, il &hellip; <\/p>\n<p class=\"link-more\"><a href=\"https:\/\/blogs.univ-jfc.fr\/vphn\/projets-specifiques\/projet-septfonds-2018-2019\/un-garde-du-camp-charles-duval\/\" class=\"more-link\">Continuer la lecture<span class=\"screen-reader-text\"> de &laquo;&nbsp;UN GARDE DU CAMP \u00ab CHARLES DUVAL \u00bb&nbsp;&raquo;<\/span><\/a><\/p>\n","protected":false},"author":19,"featured_media":0,"parent":2172,"menu_order":2,"comment_status":"closed","ping_status":"closed","template":"","meta":[],"_links":{"self":[{"href":"https:\/\/blogs.univ-jfc.fr\/vphn\/wp-json\/wp\/v2\/pages\/2192"}],"collection":[{"href":"https:\/\/blogs.univ-jfc.fr\/vphn\/wp-json\/wp\/v2\/pages"}],"about":[{"href":"https:\/\/blogs.univ-jfc.fr\/vphn\/wp-json\/wp\/v2\/types\/page"}],"author":[{"embeddable":true,"href":"https:\/\/blogs.univ-jfc.fr\/vphn\/wp-json\/wp\/v2\/users\/19"}],"replies":[{"embeddable":true,"href":"https:\/\/blogs.univ-jfc.fr\/vphn\/wp-json\/wp\/v2\/comments?post=2192"}],"version-history":[{"count":41,"href":"https:\/\/blogs.univ-jfc.fr\/vphn\/wp-json\/wp\/v2\/pages\/2192\/revisions"}],"predecessor-version":[{"id":5075,"href":"https:\/\/blogs.univ-jfc.fr\/vphn\/wp-json\/wp\/v2\/pages\/2192\/revisions\/5075"}],"up":[{"embeddable":true,"href":"https:\/\/blogs.univ-jfc.fr\/vphn\/wp-json\/wp\/v2\/pages\/2172"}],"wp:attachment":[{"href":"https:\/\/blogs.univ-jfc.fr\/vphn\/wp-json\/wp\/v2\/media?parent=2192"}],"curies":[{"name":"wp","href":"https:\/\/api.w.org\/{rel}","templated":true}]}}