{"id":2194,"date":"2019-01-16T08:23:11","date_gmt":"2019-01-16T07:23:11","guid":{"rendered":"http:\/\/blogs.univ-jfc.fr\/vphn\/?page_id=2194"},"modified":"2019-01-31T11:53:41","modified_gmt":"2019-01-31T10:53:41","slug":"une-habitante-du-village-suzanne","status":"publish","type":"page","link":"https:\/\/blogs.univ-jfc.fr\/vphn\/projets-specifiques\/projet-septfonds-2018-2019\/une-habitante-du-village-suzanne\/","title":{"rendered":"UNE HABITANTE DU VILLAGE \u00ab SUZANNE \u00bb"},"content":{"rendered":"<p align=\"justify\"><span style=\"font-family: Times New Roman, serif\">Suzanne a 22 ans. <\/span><span style=\"font-family: Times New Roman, serif\">Elle<\/span><span style=\"font-family: Times New Roman, serif\"> travaille au caf\u00e9 du village de Septfonds. En 1939, <\/span><span style=\"font-family: Times New Roman, serif\">dans la salle du caf\u00e9, <\/span><span style=\"font-family: Times New Roman, serif\">elle se retrouve au c\u0153ur <\/span><span style=\"font-family: Times New Roman, serif\">de l\u2019histoire europ\u00e9enne et notamment des d\u00e9placements de population.<\/span> <span style=\"font-family: Times New Roman, serif\">Lieu de rencontre et de discussion, le caf\u00e9 <\/span><span style=\"font-family: Times New Roman, serif\">est<\/span><span style=\"font-family: Times New Roman, serif\"> un centre d\u2019\u00e9changes autour du camp <\/span><span style=\"font-family: Times New Roman, serif\">de Judes, install\u00e9 dans le village. C\u2019est l\u00e0 qu\u2019on prend connaissance des nouvelles, en lisant les journ<\/span><span style=\"font-family: Times New Roman, serif\">aux, comme<\/span> <em><span style=\"font-family: Times New Roman, serif\">L<\/span><span style=\"font-family: Times New Roman, serif\">a <\/span><\/em><span style=\"font-family: Times New Roman, serif\"><em>D\u00e9p\u00eache<\/em>.\u00a0<\/span><\/p>\n<figure id=\"attachment_2524\" aria-describedby=\"caption-attachment-2524\" style=\"width: 300px\" class=\"wp-caption aligncenter\"><img loading=\"lazy\" class=\"wp-image-2524 size-medium\" src=\"http:\/\/blogs.univ-jfc.fr\/vphn\/wp-content\/uploads\/sites\/65\/2019\/01\/cafe-bar-300x197.jpg\" alt=\"\" width=\"300\" height=\"197\" srcset=\"https:\/\/blogs.univ-jfc.fr\/vphn\/wp-content\/uploads\/sites\/65\/2019\/01\/cafe-bar-300x197.jpg 300w, https:\/\/blogs.univ-jfc.fr\/vphn\/wp-content\/uploads\/sites\/65\/2019\/01\/cafe-bar-768x504.jpg 768w, https:\/\/blogs.univ-jfc.fr\/vphn\/wp-content\/uploads\/sites\/65\/2019\/01\/cafe-bar-1024x672.jpg 1024w, https:\/\/blogs.univ-jfc.fr\/vphn\/wp-content\/uploads\/sites\/65\/2019\/01\/cafe-bar.jpg 1645w\" sizes=\"(max-width: 300px) 100vw, 300px\" \/><figcaption id=\"caption-attachment-2524\" class=\"wp-caption-text\">Le village de Septfonds<\/figcaption><\/figure>\n<p align=\"justify\"><span style=\"font-family: Times New Roman, serif\"><b>D\u00e9but 1939\u00a0: L\u2019arriv\u00e9e des r\u00e9fugi\u00e9s espagnols<\/b><\/span><\/p>\n<p align=\"justify\"><span style=\"font-family: Times New Roman, serif\">A Septfonds, Suzanne conna\u00eet tout le monde. Elle est tr\u00e8s impliqu\u00e9e dans la vie du village et de sa paroisse. Elle se rend, le 26 f\u00e9vrier 1939, avec les autres villageois \u00e0 une r\u00e9union organis\u00e9e par la pr\u00e9fecture. Les autorit\u00e9s tentent de rassurer la population au sujet de la construction du camp de Judes <a href=\"http:\/\/www.septfonds.com\/septfonds_camp_judes01.htm\">(pr\u00e8s de Septfonds).<\/a><\/span> <span style=\"font-family: Times New Roman, serif\">Elles insistent sur les retomb\u00e9es \u00e9conomiques que peut esp\u00e9rer le village.<\/span><\/p>\n<p align=\"justify\"><span style=\"font-family: Times New Roman, serif\">Au caf\u00e9<\/span><span style=\"font-family: Times New Roman, serif\">, Suzanne <\/span><span style=\"font-family: Times New Roman, serif\">est <\/span><span style=\"font-family: Times New Roman, serif\">t\u00e9moin, au jour le jour, des r\u00e9actions des habitants. Elle entend parler des moindres \u00e9v\u00e8nements qui filtrent du camp. Cela commence d\u00e8s l\u2019arriv\u00e9e au village des nombreux gardes affect\u00e9s \u00e0 la surveillance du camp (Gardes Mobiles R\u00e9publicains, escadron de cavalerie ou encore tirailleurs s\u00e9n\u00e9galais). Certains clients sont inquiets, voire hostiles, <\/span><span style=\"font-family: Times New Roman, serif\">et d<\/span><span style=\"font-family: Times New Roman, serif\">\u2019autres sont plut\u00f4t soulag\u00e9s et rassur\u00e9s. Les commer\u00e7ants, comme le patron de Suzanne, sont contents car tous, <\/span><span style=\"font-family: Times New Roman, serif\">l<\/span><span style=\"font-family: Times New Roman, serif\">es ouvriers et les nombreux gardes qui logent au camp ou au village, consomment. <\/span><\/p>\n<p align=\"justify\"><span style=\"font-family: Times New Roman, serif\">L\u2019apr\u00e8s-midi du 5 mars 1939, Suzanne voit le premier convoi de r\u00e9fugi\u00e9s traverser le village de Septfonds pour se rendre au camp. Ils arrivent escort\u00e9s par des soldats fran\u00e7ais. Tr\u00e8s vite, un regroupement de villageois se fait autour d\u2019eux et des questions fusent\u00a0: \u00ab\u00a0pourquoi sont-ils autant surveill\u00e9s\u00a0?\u00a0\u00bb, \u00ab\u00a0est-ce qu\u2019ils ont fait quelque chose de mal\u00a0?\u00a0\u00bb. <\/span><span style=\"font-family: Times New Roman, serif\">N\u00e9anmoins<\/span><span style=\"font-family: Times New Roman, serif\">, c\u2019est le seul convoi qui est pass\u00e9 dans le village.<\/span><\/p>\n<figure id=\"attachment_2537\" aria-describedby=\"caption-attachment-2537\" style=\"width: 300px\" class=\"wp-caption aligncenter\"><img loading=\"lazy\" class=\"wp-image-2537 \" src=\"http:\/\/blogs.univ-jfc.fr\/vphn\/wp-content\/uploads\/sites\/65\/2019\/01\/ponti-300x163.jpg\" alt=\"\" width=\"300\" height=\"163\" srcset=\"https:\/\/blogs.univ-jfc.fr\/vphn\/wp-content\/uploads\/sites\/65\/2019\/01\/ponti-300x163.jpg 300w, https:\/\/blogs.univ-jfc.fr\/vphn\/wp-content\/uploads\/sites\/65\/2019\/01\/ponti.jpg 600w\" sizes=\"(max-width: 300px) 100vw, 300px\" \/><figcaption id=\"caption-attachment-2537\" class=\"wp-caption-text\">L&rsquo;arriv\u00e9e des r\u00e9fugi\u00e9s espagnols, tableau du peintre Ponti, expos\u00e9 \u00e0 la mairie de Septfonds.<del><br \/><\/del><\/figcaption><\/figure>\n<p align=\"justify\"><span style=\"font-family: Times New Roman, serif\">Des <a href=\"http:\/\/blogs.univ-jfc.fr\/vphn\/projets-specifiques\/projet-septfonds-2018-2019\/une-habitante-du-village-suzanne\/compagnies-de-travailleurs-etrangers-cte\/\">compagnies de travailleurs \u00e9trangers<\/a> sont cr\u00e9\u00e9es au camps (CTE). Au caf\u00e9, Suzanne entend toutes sortes d\u2019histoires\u00a0: une chapeli\u00e8re ayant engag\u00e9 un r\u00e9fugi\u00e9 pour l\u2019aider, un enfant accueillant un r\u00e9fugi\u00e9 dans sa famille afin d\u2019aider sa m\u00e8re dans les travaux de la ferme.<\/span><\/p>\n<p align=\"justify\"><span style=\"font-family: Times New Roman, serif\">L<\/span><span style=\"font-family: Times New Roman, serif\">es discussions vont bon train au sujet des communistes espagnols. De nombreux habitants en ont peur tandis que d\u2019autres les soutiennent pour avoir combattu le fascisme. <\/span><\/p>\n<figure id=\"attachment_2552\" aria-describedby=\"caption-attachment-2552\" style=\"width: 300px\" class=\"wp-caption aligncenter\"><img loading=\"lazy\" class=\"size-medium wp-image-2552\" src=\"http:\/\/blogs.univ-jfc.fr\/vphn\/wp-content\/uploads\/sites\/65\/2019\/01\/camp-300x162.jpg\" alt=\"\" width=\"300\" height=\"162\" srcset=\"https:\/\/blogs.univ-jfc.fr\/vphn\/wp-content\/uploads\/sites\/65\/2019\/01\/camp-300x162.jpg 300w, https:\/\/blogs.univ-jfc.fr\/vphn\/wp-content\/uploads\/sites\/65\/2019\/01\/camp-768x415.jpg 768w, https:\/\/blogs.univ-jfc.fr\/vphn\/wp-content\/uploads\/sites\/65\/2019\/01\/camp.jpg 1000w\" sizes=\"(max-width: 300px) 100vw, 300px\" \/><figcaption id=\"caption-attachment-2552\" class=\"wp-caption-text\">Carte postale du camp de Judes. Coll. priv\u00e9e.<\/figcaption><\/figure>\n<p align=\"justify\"><span style=\"font-family: Times New Roman, serif\">Suzanne <\/span><span style=\"font-family: Times New Roman, serif\">entend <\/span><span style=\"font-family: Times New Roman, serif\">l\u2019abb\u00e9 du village <\/span><span style=\"font-family: Times New Roman, serif\">parler<\/span> <span style=\"font-family: Times New Roman, serif\">d<\/span><span style=\"font-family: Times New Roman, serif\">es conditions de vie des r\u00e9fugi\u00e9s : les baraques, <\/span><span style=\"font-family: Times New Roman, serif\">du<\/span><span style=\"font-family: Times New Roman, serif\"> froid, <\/span><span style=\"font-family: Times New Roman, serif\">de<\/span><span style=\"font-family: Times New Roman, serif\"> la maladie (une \u00e9pid\u00e9mie de typhus se d\u00e9clare au printemps 1939), <\/span><span style=\"font-family: Times New Roman, serif\">de <\/span><span style=\"font-family: Times New Roman, serif\">la mort\u2026 Elle sait que le camp n\u2019\u00e9tait pas pr<\/span><span style=\"font-family: Times New Roman, serif\">\u00eat<\/span><span style=\"font-family: Times New Roman, serif\"> lorsque les r\u00e9fugi\u00e9s espagnols sont arriv\u00e9s le 5 mars 1939. <\/span><\/p>\n<p align=\"justify\"><span style=\"font-family: Times New Roman, serif\">Dans le village, il y a de nombreux lieux construits ou r\u00e9quisitionn\u00e9s afin de loger les r\u00e9fugi\u00e9s ou encore afin de les soigner (L&rsquo;h\u00f4pital et plus tard, en 1940, Le Refuge qui\u00a0 accueillera quelques familles d\u2019intern\u00e9s espagnols du camp). Les habitants apprennent doucement \u00e0 vivre avec les Espagnols.<\/span><\/p>\n<p align=\"justify\"><span style=\"font-family: Times New Roman, serif\">P<\/span><span style=\"font-family: Times New Roman, serif\">our le 150<\/span><sup><span style=\"font-family: Times New Roman, serif\">e<\/span><\/sup><span style=\"font-family: Times New Roman, serif\"> anniversaire de la R\u00e9volution fran\u00e7aise, <\/span><span style=\"font-family: Times New Roman, serif\">l<\/span><span style=\"font-family: Times New Roman, serif\">es Espagnols du camp ont transform\u00e9 le camp. Le jour venu, Suzanne qui ne travaille pas au caf\u00e9 ce jour-l\u00e0, son mari et beaucoup des habitants du village se rendent au camp avec curiosit\u00e9. Le Pr\u00e9fet vient aussi. Cet \u00e9v\u00e9nement change un peu le point de vue des habitants hostiles.<\/span><\/p>\n<p align=\"justify\"><span style=\"font-family: Times New Roman, serif\"><b>Le d\u00e9but de la Seconde Guerre mondiale<\/b><\/span><\/p>\n<p align=\"justify\"><span style=\"font-family: Times New Roman, serif\">En septembre 1939, les hommes du village sont mobilis\u00e9s. Au caf\u00e9, on parle de l\u2019invasion de la Pologne. Suzanne raconte aux clients que son mari et son fr\u00e8re sont partis au front.<\/span><\/p>\n<p align=\"justify\"><span style=\"font-family: Times New Roman, serif\">Depuis le printemps 1939, Suzanne entend que de nombreux Espagnols sortent du camp. Ils s\u2019enr\u00f4lent dans l\u2019arm\u00e9e, retournent dans leur pays ou partent travailler en tant qu\u2019ouvriers.<\/span><\/p>\n<p align=\"justify\"><span style=\"font-family: Times New Roman, serif\">De nouveaux \u00e9trangers arrivent au camp. Cette fois, il s\u2019agit de Polonais. Le 15 mars 1940, le camp est devenu un camp militaire de l\u2019arm\u00e9e polonaise en exil, alli\u00e9e \u00e0 la France. Une petite fille raconte \u00e0 Suzanne avec \u00e9merveillement le jour o\u00f9 elle a vu les soldats polonais marcher au pas dans le village. Ces <a href=\"http:\/\/blogs.univ-jfc.fr\/vphn\/projets-specifiques\/projet-septfonds-2018-2019\/un-officier-de-larmee-polonaise-maksymillian\/\">Polonais<\/a> viennent aussi \u00e0 la messe et Suzanne ne tarde pas \u00e0 les voir au caf\u00e9. Ils sont aussi effondr\u00e9s qu\u2019elle quand on apprend, le 14 juin, la prise de Paris et la D\u00e9b\u00e2cle.<\/span><\/p>\n<p align=\"justify\"><span style=\"font-family: Times New Roman, serif\"><b>Juillet 1940 \u2013 ao\u00fbt 1942\u00a0: Le r\u00e9gime de Vichy et ses changements<\/b><\/span><\/p>\n<p align=\"justify\"><span style=\"font-family: Times New Roman, serif\">Au caf\u00e9, on parle des nouvelles arriv\u00e9es au camp\u00a0: des militaires fran\u00e7ais pr\u00e9sum\u00e9s communistes ou syndicalistes.<\/span><\/p>\n<p align=\"justify\"><span style=\"font-family: Times New Roman, serif\">Le 11 juillet 1940, le mar\u00e9chal P\u00e9tain prend la t\u00eate de l\u2019\u00c9tat et le gouvernement s\u2019installe \u00e0 Vichy. Certains hommes rentrent vite. Au caf\u00e9, elle entend des chuchotements et devine que certains ne s\u2019accommodent pas du nouveau r\u00e9gime, n\u2019acceptent pas la d\u00e9faite. Elle entend des clients qui parlent \u00e0 mi-voix des nouvelles qu\u2019ils entendent \u00e0 radio-Londres.<\/span><\/p>\n<figure id=\"attachment_2560\" aria-describedby=\"caption-attachment-2560\" style=\"width: 300px\" class=\"wp-caption aligncenter\"><img loading=\"lazy\" class=\"size-medium wp-image-2560\" src=\"http:\/\/blogs.univ-jfc.fr\/vphn\/wp-content\/uploads\/sites\/65\/2019\/01\/petain-300x260.jpg\" alt=\"\" width=\"300\" height=\"260\" srcset=\"https:\/\/blogs.univ-jfc.fr\/vphn\/wp-content\/uploads\/sites\/65\/2019\/01\/petain-300x260.jpg 300w, https:\/\/blogs.univ-jfc.fr\/vphn\/wp-content\/uploads\/sites\/65\/2019\/01\/petain.jpg 439w\" sizes=\"(max-width: 300px) 100vw, 300px\" \/><figcaption id=\"caption-attachment-2560\" class=\"wp-caption-text\">La devise du r\u00e9gime de Vichy, lieu de conservation inconnu.<del><\/del><span style=\"color: #ff0000\"><br \/><\/span><\/figcaption><\/figure>\n<p align=\"justify\"><span style=\"font-family: Times New Roman, serif\">En octobre 1940, la radio est allum\u00e9e au caf\u00e9 et les villageois entendent le mar\u00e9chal P\u00e9tain annoncer la collaboration avec l\u2019Allemagne. Une fois de plus, ce sujet alimente les discussions. M\u00eame si Suzanne entend des protestations contre la victoire de l\u2019Allemagne, les gens sont plut\u00f4t favorables au Mar\u00e9chal. Elle ne comprend pas bien ce que \u00e7a veut dire que \u00ab\u00a0c\u2019en est fini de la IIIe R\u00e9publique\u00a0\u00bb. Suzanne entend parler des lois contre les Juifs. <\/span><\/p>\n<p align=\"justify\"><span style=\"font-family: Times New Roman, serif\">Les changements d\u2019affectations du camp rythment les discussions du caf\u00e9. Le 26 ao\u00fbt 1942, un jeune homme apprend \u00e0 Suzanne qu\u2019il y a eu une grande rafle de Juifs dans le d\u00e9partement et qu\u2019ils sont parqu\u00e9s au camp de Judes en attendant leur d\u00e9part pour Drancy. Elle est choqu\u00e9e par ces rafles, surtout lorsqu\u2019elle apprend qu\u2019elles concernent \u00e9galement les enfants. Le 30 ao\u00fbt, \u00e0 l\u2019\u00e9glise, l\u2019abb\u00e9 lit une lettre de l\u2019\u00e9v\u00eaque de Montauban qui proteste contre le traitement fait aux Juifs.\u00a0<\/span><\/p>\n<p align=\"justify\"><span style=\"font-family: Times New Roman, serif\"><b>1942 \u2013 1944\u00a0: Les Allemands \u00e0 Septfonds<\/b><\/span><\/p>\n<p align=\"justify\"><span style=\"font-family: Times New Roman, serif\">Le 11 novembre 1942, la zone \u00ab\u00a0libre\u00a0\u00bb est occup\u00e9e par les Allemands. Suzanne croise un enfant dans le village qui les a vu arriver avec leurs chars et leurs camions . Il dit aussi que, certains soirs, il entend les bombardiers passer dans le ciel et il s\u2019imagine avec terreur les bombes qui tombent. <\/span><span style=\"font-family: Times New Roman, serif\">E<\/span><span style=\"font-family: Times New Roman, serif\">n lisant les journaux, <\/span><span style=\"font-family: Times New Roman, serif\">elle apprend que <\/span><span style=\"font-family: Times New Roman, serif\">c\u2019en est fini de cette zone \u00ab\u00a0libre\u00a0\u00bb et qu\u2019il va falloir apprendre \u00e0 vivre avec les Allemands. Un couvre-feu est rapidement mis en place au village mais les habitants <\/span><span style=\"font-family: Times New Roman, serif\">ne collaborent pas <\/span><span style=\"font-family: Times New Roman, serif\">tout de suite,<\/span> <span style=\"font-family: Times New Roman, serif\">l<\/span><span style=\"font-family: Times New Roman, serif\">e maire passe en voi<\/span><span style=\"font-family: Times New Roman, serif\">ture<\/span><span style=\"font-family: Times New Roman, serif\"> dans le village afin de demander la coop\u00e9ration de tous. Certains Allemands sont h\u00e9berg\u00e9s au village m\u00eame.<\/span><\/p>\n<p align=\"justify\"><span style=\"font-family: Times New Roman, serif\">En f\u00e9vrier 1943, Suzanne entend beaucoup parler du Service du Travail obligatoire . Les travailleurs fran\u00e7ais sont envoy\u00e9s vers l\u2019Allemagne et beaucoup pr\u00e9f\u00e8rent se cacher pour y \u00e9chapper.<\/span><\/p>\n<p align=\"justify\"><span style=\"font-family: Times New Roman, serif\">Elle entend parler des gens de la R\u00e9sistance sur le plateau de Caussade. Notamment un Espagnol qui est sorti du camp et qui s\u2019est engag\u00e9 dans la R\u00e9sistance.<\/span><\/p>\n<figure id=\"attachment_2569\" aria-describedby=\"caption-attachment-2569\" style=\"width: 300px\" class=\"wp-caption aligncenter\"><img loading=\"lazy\" class=\"size-medium wp-image-2569\" src=\"http:\/\/blogs.univ-jfc.fr\/vphn\/wp-content\/uploads\/sites\/65\/2019\/01\/resistance-300x169.png\" alt=\"\" width=\"300\" height=\"169\" srcset=\"https:\/\/blogs.univ-jfc.fr\/vphn\/wp-content\/uploads\/sites\/65\/2019\/01\/resistance-300x169.png 300w, https:\/\/blogs.univ-jfc.fr\/vphn\/wp-content\/uploads\/sites\/65\/2019\/01\/resistance-768x432.png 768w, https:\/\/blogs.univ-jfc.fr\/vphn\/wp-content\/uploads\/sites\/65\/2019\/01\/resistance-1024x576.png 1024w, https:\/\/blogs.univ-jfc.fr\/vphn\/wp-content\/uploads\/sites\/65\/2019\/01\/resistance.png 1920w\" sizes=\"(max-width: 300px) 100vw, 300px\" \/><figcaption id=\"caption-attachment-2569\" class=\"wp-caption-text\">Appel \u00e0 la R\u00e9sistance.<\/figcaption><\/figure>\n<p align=\"justify\"><span style=\"font-family: Times New Roman, serif\">En Septembre 1943, le camp de Judes devient un Centre d\u2019internement des femmes juives \u00e9trang\u00e8res et sans ressources avec leurs enfants. Une jeune femme raconte qu\u2019elle a vu plusieurs femmes juives venant de Paris. Peu \u00e0 peu la crainte et le doute s\u2019installent au village.<\/span><\/p>\n<p align=\"justify\"><span style=\"font-family: Times New Roman, serif\">Durant l\u2019hiver 1943, <\/span><span style=\"font-family: Times New Roman, serif\">Suzanne est de plus en plus tendue quand les hommes de la Milice entrent dans le caf\u00e9, <\/span><span style=\"font-family: Times New Roman, serif\">pour la plupart, ce sont des anciens camarades d\u2019\u00e9coles<\/span><span style=\"font-family: Times New Roman, serif\">. Comme ils savent qu\u2019elle entend beaucoup de choses, ils n\u2019arr\u00eatent pas de lui poser des questions, avec insistance. Ils lui font peur.<\/span><\/p>\n<p align=\"justify\"><span style=\"font-family: Times New Roman, serif\"><b>1944 \u2013 1945\u00a0: La Lib\u00e9ration<\/b><\/span><\/p>\n<p align=\"justify\"><span style=\"font-family: Times New Roman, serif\">Durant la nuit du 21 au 22 F\u00e9vrier 1944, Suzanne apprend que la R\u00e9sistance a attaqu\u00e9 le camp de Judes et a pris beaucoup de choses, mais n\u2019a pas lib\u00e9r\u00e9 les intern\u00e9s.<\/span><\/p>\n<p align=\"justify\"><span style=\"font-family: Times New Roman, serif\">Le 6 juin 1944, les troupes alli\u00e9es d\u00e9barquent en Normandie et le 15 ao\u00fbt en Provence en vue de la lib\u00e9ration de la France. Un sentiment de joie et d\u2019espoir r\u00e8gne au village.<\/span><\/p>\n<p align=\"justify\"><span style=\"font-family: Times New Roman, serif\">Le 19 ao\u00fbt, les Allemands se retirent de Caussade et la R\u00e9sistance prend le contr\u00f4le du camp. Des villageois des environs ont \u00e9t\u00e9 arr\u00eat\u00e9s par l\u2019\u00c9tat-major de la R\u00e9sistance et enferm\u00e9s \u00e0 Septfonds.<\/span><\/p>\n<p align=\"justify\"><span style=\"font-family: Times New Roman, serif\">Le 8 mai 1945, Suzanne f\u00eate la Lib\u00e9ration et l\u2019armistice avec les clients du caf\u00e9. L\u2019heure est \u00e0 la f\u00eate. Le camp de Judes est ferm\u00e9 et d\u00e9mont\u00e9 courant Mai 1945, Suzanne et les villageois ne s\u2019en pr\u00e9occupent gu\u00e8re.<\/span><\/p>\n<p align=\"justify\"><span style=\"font-family: Times New Roman, serif\"><b>L\u2019apr\u00e8s guerre\u00a0:<\/b><\/span><\/p>\n<p><span style=\"font-family: Times New Roman, serif\">Suzanne et son mari attendent un enfant, la vie a repris son cours normal. <\/span><span style=\"font-family: Times New Roman, serif\">Certains <\/span><span style=\"font-family: Times New Roman, serif\">r\u00e9fugi\u00e9s espagnols sont devenus des habitants du village et de ses environs. Ils se sont install\u00e9s l\u00e0 et ont fond\u00e9 une famille.<\/span><\/p>\n<p>&nbsp;<\/p>\n<p><span style=\"font-family: Times New Roman, serif\"><b><a href=\"http:\/\/blogs.univ-jfc.fr\/vphn\/projets-specifiques\/projet-septfonds-2018-2019\/une-habitante-du-village-suzanne\/bibliographie-indicative\/\" target=\"_blank\" rel=\"noopener noreferrer\">Bibliographie indicative<\/a><br \/>\n<\/b><\/span><\/p>\n<p>\u00c9tudiantes et \u00e9tudiant : VERDEIL Aur\u00e9lie, BILLECOCQ Luna, DJERMINE Ryan<\/p>\n","protected":false},"excerpt":{"rendered":"<p>Suzanne a 22 ans. Elle travaille au caf\u00e9 du village de Septfonds. En 1939, dans la salle du caf\u00e9, elle se retrouve au c\u0153ur de l\u2019histoire europ\u00e9enne et notamment des d\u00e9placements de population. Lieu de rencontre et de discussion, le caf\u00e9 est un centre d\u2019\u00e9changes autour du camp de Judes, install\u00e9 dans le village. C\u2019est &hellip; <\/p>\n<p class=\"link-more\"><a href=\"https:\/\/blogs.univ-jfc.fr\/vphn\/projets-specifiques\/projet-septfonds-2018-2019\/une-habitante-du-village-suzanne\/\" class=\"more-link\">Continuer la lecture<span class=\"screen-reader-text\"> de &laquo;&nbsp;UNE HABITANTE DU VILLAGE \u00ab SUZANNE \u00bb&nbsp;&raquo;<\/span><\/a><\/p>\n","protected":false},"author":19,"featured_media":0,"parent":2172,"menu_order":3,"comment_status":"closed","ping_status":"closed","template":"","meta":[],"_links":{"self":[{"href":"https:\/\/blogs.univ-jfc.fr\/vphn\/wp-json\/wp\/v2\/pages\/2194"}],"collection":[{"href":"https:\/\/blogs.univ-jfc.fr\/vphn\/wp-json\/wp\/v2\/pages"}],"about":[{"href":"https:\/\/blogs.univ-jfc.fr\/vphn\/wp-json\/wp\/v2\/types\/page"}],"author":[{"embeddable":true,"href":"https:\/\/blogs.univ-jfc.fr\/vphn\/wp-json\/wp\/v2\/users\/19"}],"replies":[{"embeddable":true,"href":"https:\/\/blogs.univ-jfc.fr\/vphn\/wp-json\/wp\/v2\/comments?post=2194"}],"version-history":[{"count":28,"href":"https:\/\/blogs.univ-jfc.fr\/vphn\/wp-json\/wp\/v2\/pages\/2194\/revisions"}],"predecessor-version":[{"id":2813,"href":"https:\/\/blogs.univ-jfc.fr\/vphn\/wp-json\/wp\/v2\/pages\/2194\/revisions\/2813"}],"up":[{"embeddable":true,"href":"https:\/\/blogs.univ-jfc.fr\/vphn\/wp-json\/wp\/v2\/pages\/2172"}],"wp:attachment":[{"href":"https:\/\/blogs.univ-jfc.fr\/vphn\/wp-json\/wp\/v2\/media?parent=2194"}],"curies":[{"name":"wp","href":"https:\/\/api.w.org\/{rel}","templated":true}]}}