{"id":2198,"date":"2019-01-16T08:24:45","date_gmt":"2019-01-16T07:24:45","guid":{"rendered":"http:\/\/blogs.univ-jfc.fr\/vphn\/?page_id=2198"},"modified":"2019-02-28T21:13:57","modified_gmt":"2019-02-28T20:13:57","slug":"un-officier-de-larmee-polonaise-maksymillian","status":"publish","type":"page","link":"https:\/\/blogs.univ-jfc.fr\/vphn\/projets-specifiques\/projet-septfonds-2018-2019\/un-officier-de-larmee-polonaise-maksymillian\/","title":{"rendered":"UN OFFICIER DE L\u2019ARM\u00c9E POLONAISE \u00ab MAKSYMILLIAN \u00bb"},"content":{"rendered":"<p align=\"justify\"><b>Qui suis-je\u00a0?<\/b><\/p>\n<p align=\"justify\">Bonjour \u00e0 vous cher visiteur.<\/p>\n<p align=\"justify\">Je m&rsquo;appelle Maksymilian Slowikowski. Je suis n\u00e9 le 23 septembre 1892 \u00e0 Varsovie, et je suis d\u00e9c\u00e9d\u00e9 le 16 mai 1985 \u00e0 Septfonds. Je suis mari\u00e9 \u00e0 Eliska Kaminski, depuis 1940. Nous avons eu 2 filles, Alina en 1942 et Martyna en 1943. Je suis un officier de l&rsquo;Arm\u00e9e de l&rsquo;Empire austro-hongrois,\u00a0 puis de la Pologne ind\u00e9pendante \u00e0 partir de 1918 (Suite \u00e0 la Premi\u00e8re Guerre mondiale, elle obtient son ind\u00e9pendance \u00e0 partir du trait\u00e9 de Versailles, sign\u00e9 le 28 juin 1919). De confession catholique, je suis profond\u00e9ment attach\u00e9 \u00e0 mes racines de la noblesse polonaise.<\/p>\n<p align=\"justify\">Mes parents sont Henryk Slowikowski et Wislawa Penderecki. J\u2019avais un fr\u00e8re, Stanislaw Slowikowski, n\u00e9 en 1895 et d\u00e9c\u00e9d\u00e9 le 25 septembre 1939 \u00e0 Varsovie lors de la <a href=\"https:\/\/www.larousse.fr\/encyclopedie\/divers\/campagnes_de_Pologne\/138632\">campagne de Pologne<\/a>.<\/p>\n<p align=\"justify\"><b>Ma vie dans le pays d\u2019origine (1898-1939)<\/b><\/p>\n<p align=\"justify\">En 1911, je suis entr\u00e9 \u00e0 l&rsquo;\u00e9cole Wojskowa Akademia Techniczna im. Jaros\u0142awa D\u0105browskiego, qui dans votre langue pourrait se traduire par l&rsquo;Universit\u00e9 militaire des Technologie de Warsaw, afin de devenir officier de carri\u00e8re. Apr\u00e8s trois ann\u00e9es de travail acharn\u00e9, je finissais ma formation en 1914, avec le grade de Lieutenant. J&rsquo;avais 22 ans \u00e0 l&rsquo;\u00e9poque.<\/p>\n<p align=\"justify\">Pendant, la premi\u00e8re Guerre mondiale, je me suis battu pour le compte de l&rsquo;Empire austro-hongrois sur le front de l&rsquo;Est, contre les Russes. Suite au retrait de la Russie de la guerre en 1917 \u00e0 cause des deux R\u00e9volutions communistes de f\u00e9vrier 1917 et d&rsquo;octobre 1917. En outre, j&rsquo;ai \u00e9t\u00e9 transf\u00e9r\u00e9 pendant la derni\u00e8re ann\u00e9e de guerre sur le front italien. Suite \u00e0 ce <a href=\"https:\/\/www.larousse.fr\/encyclopedie\/divers\/Premi%c3%a8re_Guerre_mondiale\/122569\">Premier conflit mondial<\/a>, j&rsquo;ai \u00e9t\u00e9 promu capitaine en 1919, et \u00e0 la fin de <a href=\"https:\/\/www.larousse.fr\/encyclopedie\/divers\/guerre_polono-sovi%C3%A9tique\/138638\">la guerre russo-polonaise<\/a> de 1919 \u00e0 1921, j&rsquo;ai re\u00e7u le grade de commandant.<\/p>\n<p align=\"justify\">Avec les progr\u00e8s croissant<span style=\"color: #005500\">s<\/span> de la technologie, l&rsquo;aviation s&rsquo;est d\u00e9velopp\u00e9e et l&rsquo;on me proposa d&rsquo;entrer dans l&rsquo;Arm\u00e9e de l&rsquo;Air en 1926. Je re\u00e7us diverses promotions, jusqu&rsquo;\u00e0 obtenir le grade de g\u00e9n\u00e9ral de brigade a\u00e9rienne \u00e0 la veille du second conflit mondial.<\/p>\n<p align=\"justify\"><b>La Deuxi\u00e8me Guerre mondiale en Pologne<\/b><\/p>\n<p align=\"justify\">Pendant la Deuxi\u00e8me Guerre mondiale, l&rsquo;Allemagne nous envahit sans d\u00e9claration de guerre le 1er septembre 1939. Cette guerre a \u00e9t\u00e9 rapide. Nous nous sommes battus comme on le pouvait, nous avons \u00e9t\u00e9 courageux et avons combattu f\u00e9rocement. Mais nous \u00e9tions en sous nombre, mal \u00e9quip\u00e9s. <a href=\"https:\/\/www.larousse.fr\/encyclopedie\/divers\/pacte_germano-sovi%c3%a9tique\/121239\">L&rsquo;attaque surprise de l&rsquo;arm\u00e9e sovi\u00e9tique<\/a> nous prit au d\u00e9pourvu. En moins de 27 jours, les troupes de la Wehrmacht, arm\u00e9e de terre allemande, occupaient notre capitale, et en seulement un mois notre pays \u00e9tait occup\u00e9 par les Allemands \u00e0 l&rsquo;Ouest et les Russes \u00e0 l&rsquo;Est. Notre pays \u00e9tait partag\u00e9 sans avoir re\u00e7u d&rsquo;aide ext\u00e9rieure des autres pays. Ce fut un \u00e9pisode de ma vie tr\u00e8s douloureux. Le 6 octobre 1939, notre pays capitulait. C&rsquo;\u00e9tait \u00e0 ce moment que j\u2019ai pris la d\u00e9cision de m&rsquo;exiler.<\/p>\n<p align=\"justify\">\n<figure id=\"attachment_2591\" aria-describedby=\"caption-attachment-2591\" style=\"width: 300px\" class=\"wp-caption aligncenter\"><img loading=\"lazy\" class=\"size-medium wp-image-2591\" src=\"http:\/\/blogs.univ-jfc.fr\/vphn\/wp-content\/uploads\/sites\/65\/2019\/01\/06_DAA-130-l17-300x204.jpg\" alt=\"\" width=\"300\" height=\"204\" srcset=\"https:\/\/blogs.univ-jfc.fr\/vphn\/wp-content\/uploads\/sites\/65\/2019\/01\/06_DAA-130-l17-300x204.jpg 300w, https:\/\/blogs.univ-jfc.fr\/vphn\/wp-content\/uploads\/sites\/65\/2019\/01\/06_DAA-130-l17-768x522.jpg 768w, https:\/\/blogs.univ-jfc.fr\/vphn\/wp-content\/uploads\/sites\/65\/2019\/01\/06_DAA-130-l17-1024x696.jpg 1024w, https:\/\/blogs.univ-jfc.fr\/vphn\/wp-content\/uploads\/sites\/65\/2019\/01\/06_DAA-130-l17.jpg 1030w\" sizes=\"(max-width: 300px) 100vw, 300px\" \/><figcaption id=\"caption-attachment-2591\" class=\"wp-caption-text\">Archives de l&rsquo;ECPAD (en ligne) septembre 1939, en p\u00e9riph\u00e9rie de Varsovie, des fantassins allemands fouillent des soldats polonais avant de les faire prisonniers<\/figcaption><\/figure>\n<p align=\"justify\"><b>Exil et installation en France (10\/10\/1939 \u2013 1940)<\/b><\/p>\n<p align=\"justify\">La d\u00e9cision de l&rsquo;exil se prit en accord avec ma femme le 10 octobre 1939. Elle devait finir de r\u00e9gler nos affaires en Pologne avant de me rejoindre. Gr\u00e2ce aux navires anglais, nous avions pr\u00e9vu de nous retrouver en France rapidement.<\/p>\n<p align=\"justify\">J&rsquo;ai fait, en r\u00e9alit\u00e9, un p\u00e9riple d&rsquo;un peu plus d&rsquo;un mois et demi pour arriver en France. Ainsi, j&rsquo;ai travers\u00e9 seul la Roumanie, la Bulgarie et enfin la Gr\u00e8ce jusqu&rsquo;\u00e0 Ath\u00e8nes. De l\u00e0, j&rsquo;ai pu prendre un navire marchand \u00e0 destination de Marseille en France o\u00f9 je suis arriv\u00e9 le 18 novembre 1939.<\/p>\n<p align=\"justify\">Par la lecture de la presse, j&rsquo;\u00e9tais au courant que notre <a href=\"http:\/\/www.museedelaresistanceenligne.org\/expo.php?expo=102&amp;theme=205\">gouvernement avait trouv\u00e9 refuge en France<\/a>, et qu&rsquo;une <a href=\"https:\/\/broceliande.brecilien.org\/L-armee-polonaise-a-Coetquidan\">Arm\u00e9e Polonaise<\/a>\u00a0 sur le sol de cette derni\u00e8re se reformait. Ce <a href=\"http:\/\/www.museedelaresistanceenligne.org\/expo.php?expo=102&amp;theme=205\">gouvernement provisoire<\/a> d\u00e9clara le maintien de la R\u00e9publique et s&rsquo;installa \u00e0 Paris, puis \u00e0 Angers d\u00e8s le 22 novembre 1939. D\u00e8s mon arriv\u00e9e, je me suis dirig\u00e9 vers le lieu de stationnement de mes camarades militaires\u00a0: le <a href=\"https:\/\/broceliande.brecilien.org\/L-armee-polonaise-a-Coetquidan\">camp de Coetquidan<\/a>. J&rsquo;atteins le dit-lieu trois jours apr\u00e8s<\/p>\n<figure id=\"attachment_2587\" aria-describedby=\"caption-attachment-2587\" style=\"width: 253px\" class=\"wp-caption alignleft\"><img loading=\"lazy\" class=\" wp-image-2587\" src=\"http:\/\/blogs.univ-jfc.fr\/vphn\/wp-content\/uploads\/sites\/65\/2019\/01\/09_DG-109-1418-300x216.jpg\" alt=\"\" width=\"253\" height=\"182\" srcset=\"https:\/\/blogs.univ-jfc.fr\/vphn\/wp-content\/uploads\/sites\/65\/2019\/01\/09_DG-109-1418-300x216.jpg 300w, https:\/\/blogs.univ-jfc.fr\/vphn\/wp-content\/uploads\/sites\/65\/2019\/01\/09_DG-109-1418-768x554.jpg 768w, https:\/\/blogs.univ-jfc.fr\/vphn\/wp-content\/uploads\/sites\/65\/2019\/01\/09_DG-109-1418.jpg 970w\" sizes=\"(max-width: 253px) 100vw, 253px\" \/><figcaption id=\"caption-attachment-2587\" class=\"wp-caption-text\">Archives de l&rsquo;ECPAD (<span style=\"color: #ff0000\"><a href=\"http:\/\/www.ecpad.fr\/la-bataille-de-france-10-mai-22-juin-1940\/\" target=\"_blank\" rel=\"noopener noreferrer\">en ligne)<\/a><\/span> Mai 1940. Char B1 bis Chambertin n\u00b0 378 de la 3e division cuirass\u00e9e progresse dans une rue de Cauroy (Ardennes) pour s\u2019opposer \u00e0 l\u2019avanc\u00e9e allemande.<\/figcaption><\/figure>\n<p>&nbsp;<\/p>\n<p>&nbsp;<\/p>\n<p align=\"justify\">mon arriv\u00e9e dans ce pays. J&rsquo;ai pu reprendre mon grade dans notre nouvelle arm\u00e9e, et je fus tr\u00e8s heureux de retrouver quelques t\u00eates famili\u00e8res, dont certains de mes officiers qui avaient pu s&rsquo;enfuir et s&rsquo;exiler en France. Nos troupes ont particip\u00e9 \u00e0 la <a href=\"http:\/\/www.ecpad.fr\/la-bataille-de-france-10-mai-22-juin-1940\/\">bataille de France<\/a> de mai \u00e0 juin 1940. C\u2019est dans le cadre de cette alliance militaire avec la France en guerre que j&rsquo;ai \u00e9t\u00e9 envoy\u00e9 au <a href=\"http:\/\/www.cheminsdememoire.gouv.fr\/fr\/camp-dinternement-de-septfonds\">camp de Septfonds<\/a> dans le Tarn-et<span style=\"color: #ff0000\">&#8211;<\/span>Garonne, en mars 1940, afin de suivre une formation compl\u00e9mentaire d&rsquo;\u00ab\u00a0aviateur\u00a0\u00bb. Je me rappelle que nous sommes arriv\u00e9s \u00e0 la gare de Caussade. Les gens y \u00e9taient tr\u00e8s accueillants et nous ont bien re\u00e7us.<\/p>\n<figure id=\"attachment_2583\" aria-describedby=\"caption-attachment-2583\" style=\"width: 290px\" class=\"wp-caption aligncenter\"><img loading=\"lazy\" class=\" wp-image-2583\" src=\"http:\/\/blogs.univ-jfc.fr\/vphn\/wp-content\/uploads\/sites\/65\/2019\/01\/camp-septfonds-5-300x214.jpg\" alt=\"\" width=\"290\" height=\"207\" srcset=\"https:\/\/blogs.univ-jfc.fr\/vphn\/wp-content\/uploads\/sites\/65\/2019\/01\/camp-septfonds-5-300x214.jpg 300w, https:\/\/blogs.univ-jfc.fr\/vphn\/wp-content\/uploads\/sites\/65\/2019\/01\/camp-septfonds-5.jpg 500w\" sizes=\"(max-width: 290px) 100vw, 290px\" \/><figcaption id=\"caption-attachment-2583\" class=\"wp-caption-text\">Plan du camp de Septfonds. M\u00e9morial du Camps de Judes<\/figcaption><\/figure>\n<p align=\"justify\">Pendant trois mois, nous avons \u00e9t\u00e9 800 Polonais \u00e0 occuper une partie du camps<span style=\"color: #ff0000\">.<\/span> Nous avons \u00e9t\u00e9 form\u00e9s \u00e0 tout ce qui touchait \u00e0 l&rsquo;aviation selon nos sp\u00e9cialit\u00e9s respectives (ing\u00e9nieur, m\u00e9canicien, radios, officiers, aviateurs). A ce moment-l\u00e0, j&rsquo;ai pris conscience de notre retard technologique dans l\u2019aviation elle-m\u00eame et dans les techniques de combat dites \u00ab\u00a0modernes\u00a0\u00bb.<\/p>\n<p align=\"justify\">Ce premier passage a Septfonds a \u00e9t\u00e9 une vraie bouff\u00e9e d&rsquo;air frais dans cette p\u00e9riode de temp\u00eate. Ma femme et nos deux filles ont pu nous rejoindre, logeant dans une petite maison du village. Nos filles ont pu apprendre le fran\u00e7ais dans les cours qui \u00e9taient dispens\u00e9s au Refuge. C&rsquo;\u00e9tait un lieu d\u2019accueil des familles des intern\u00e9s espagnols du camp. Cet \u00e9difice, ancienne chapellerie de Fortun\u00e9 Cantecor, petit-fils de P\u00e9tronille Cantecor, est commun\u00e9ment appel\u00e9 \u00ab Le Refuge \u00bb. Un bureau de bienfaisance assistait les femmes et des cours \u00e9taient donn\u00e9es aux enfants. C&rsquo;est ce dernier qui avait pu entrer en contact avec ma femme, et pour qu\u2019elle puisse arriver jusqu\u2019au village.<\/p>\n<p align=\"justify\">Nous avions une vie en communaut\u00e9 relativement agr\u00e9able. On pouvait jouer au football avec les quelques Espagnols encore pr\u00e9sents dans le camp. C\u2019est que le camp avait d\u2019abord \u00e9t\u00e9 mis en place pour eux et leur pr\u00e9sence massive (ils ont \u00e9t\u00e9 16\u00a0000 en tout), a forc\u00e9ment marqu\u00e9 le camp et le village. Catholiques, nous avons tous eu des relations fortes avec l\u2019\u00e9glise et la paroisse Le pr\u00eatre du village nous a accueillis. avec bienveillance. Notre orchestre militaire jouait m\u00eame r\u00e9guli\u00e8rement lors des messes que la communaut\u00e9 polonaise fr\u00e9quentait avec beaucoup de ferveur. Avec mes camarades, on pouvait aussi se retrouver au bistrot, puisque nous \u00e9tions libres de nous promener dans le village et dans la campagnes avoisinantes. Ceci, nous rendait souvent nostalgiques de notre terre&#8230;<\/p>\n<p align=\"justify\">J&rsquo;ai \u00e9t\u00e9 ensuite envoy\u00e9 en mai 1940 \u00e0 Lyon-Bron, o\u00f9 un CIC (Centre d&rsquo;Instruction de la Chasse) fut cr\u00e9\u00e9. Avec 138 autres pilotes, nous avons pu nous perfectionner, et participer \u00e0 quelques op\u00e9rations lors de la bataille de France. Nous avons \u00e9t\u00e9 tenus au courant que notre gouvernement s&rsquo;\u00e9tait exil\u00e9 \u00e0 Londres le 12 juin 1940, avec 20 000 des n\u00f4tres. Deux jours plus tard, nous avions compris pourquoi\u00a0: la France \u00e9tait battue. Ainsi, le 17 juin 1940, P\u00e9tain formait un gouvernement et demandait \u00e0 signer l&rsquo;armistice avec l\u2019Allemagne nazie qui avait \u00e9cras\u00e9 la Pologne. Ce fut un terrible choc.<\/p>\n<p align=\"justify\">Accompagn\u00e9s cette fois-ci, nous avons tent\u00e9 de rejoindre un port de la fa\u00e7ade atlantique pour partir au Royaume-Uni. Mais nous avons \u00e9chou\u00e9, les Allemands ont occup\u00e9 tr\u00e8s rapidement le territoire.<\/p>\n<p align=\"justify\"><b>La Seconde Guerre mondiale\u00a0: d\u00e9faite de la France (22\/06\/1940 \u2013 mars 1941)<\/b><\/p>\n<p align=\"justify\">Du 10 au 12 juillet 1940, le <a href=\"https:\/\/www.larousse.fr\/encyclopedie\/divers\/gouvernement_de_Vichy\/148768\">r\u00e9gime de Vichy<\/a> a fait voter les pleins pouvoirs \u00e0 P\u00e9tain, mettant fin \u00e0 la III<sup>e<\/sup> R\u00e9publique en la rempla\u00e7ant par une dictature. De Juin 1940 \u00e0 mars 1941, j&rsquo;ai donc \u00e9t\u00e9 emprisonn\u00e9 avec d&rsquo;autres Polonais qui n&rsquo;avaient pas pu, eux non plus, s&rsquo;enfuir au Royaume-Uni. Ironiquement, nous avons \u00e9t\u00e9 cantonn\u00e9s \u00e0 notre ancien camp de Co\u00ebtquidan.<\/p>\n<p align=\"justify\"><b>Deuxi\u00e8me passage \u00e0 Septfonds (avril 1941 \u2013 ao\u00fbt 1941)<\/b><\/p>\n<p align=\"justify\">D\u00e8s avril 1941, un Centre sp\u00e9cial pour les officiers des arm\u00e9es ex-alli\u00e9es est bas\u00e9 \u00e0 Setpfonds. J&rsquo;y \u00e9tais transf\u00e9r\u00e9 \u00e0 partir de juin 1941. Notre bateau, la Bouline, qui nous emmenait vers Gibraltar avait en effet \u00e9t\u00e9 arr\u00eat\u00e9. Apr\u00e8s un mois \u00e0 la Maison d&rsquo;arr\u00eat d\u2019Aix-en-Provence, mes compatriotes et moi-m\u00eame avons \u00e9t\u00e9 condamn\u00e9s et transf\u00e9r\u00e9s dans des<\/p>\n<figure id=\"attachment_2585\" aria-describedby=\"caption-attachment-2585\" style=\"width: 300px\" class=\"wp-caption alignright\"><img loading=\"lazy\" class=\"size-medium wp-image-2585\" src=\"http:\/\/blogs.univ-jfc.fr\/vphn\/wp-content\/uploads\/sites\/65\/2019\/01\/camp-septfonds-2-300x174.jpg\" alt=\"\" width=\"300\" height=\"174\" srcset=\"https:\/\/blogs.univ-jfc.fr\/vphn\/wp-content\/uploads\/sites\/65\/2019\/01\/camp-septfonds-2-300x174.jpg 300w, https:\/\/blogs.univ-jfc.fr\/vphn\/wp-content\/uploads\/sites\/65\/2019\/01\/camp-septfonds-2.jpg 500w\" sizes=\"(max-width: 300px) 100vw, 300px\" \/><figcaption id=\"caption-attachment-2585\" class=\"wp-caption-text\">Carte postale du camp de Septfonds.<\/figcaption><\/figure>\n<p align=\"justify\">camps. Ironiquement encore, c\u2019est au <a href=\"http:\/\/www.cheminsdememoire.gouv.fr\/fr\/camp-dinternement-de-septfonds\">camp de Judes<\/a>, \u00e0 Septfonds qu\u2019on nous a envoy\u00e9s, pour la deuxi\u00e8me fois mais avec un statut bien diff\u00e9rent. Nous avons \u00e9t\u00e9 six \u00e0 aller \u00e0 Judes, et huit autres nous ont rejoint<span style=\"color: #005500\">s<\/span>. Ils avaient \u00e9t\u00e9 arr\u00eat\u00e9s en Tunisie. Au total, nous avons \u00e9t\u00e9 20 hommes et 1 femme \u00e0 \u00eatre d\u00e9tenus.<\/p>\n<p align=\"justify\">Pour d\u00e9crire notre vie durant le printemps et l&rsquo;\u00e9t\u00e9 1941, nous pouvons la qualifier d&rsquo;une longue attente angoissante, \u00e0 l&rsquo;inverse du premier passage \u00e0 Septfonds. Il y a avait d\u2019autres Polonais \u00e0 Septfonds, des Juifs, mais nous ne les fr\u00e9quentions pas. On restait entre militaires polonais et belges. J&rsquo;\u00e9tais tr\u00e8s inquiet du sort de mon pays, et du sort de ma famille. C&rsquo;est \u00e0 partir de ce moment-l\u00e0, que je pensais \u00e0 m&rsquo;engager dans la R\u00e9sistance. Le soutien du cur\u00e9 du village et ma foi n&rsquo;ont fait qu&rsquo;appuyer mes r\u00e9flexions lors de ces longs mois. J\u2019\u00e9tais pourtant chanceux car ma femme et mes filles \u00e9taient rest\u00e9es \u00e0 Septfonds et je pouvais donc les voir.<\/p>\n<p align=\"justify\">Durant toute cette p\u00e9riode nous avons \u00e9t\u00e9 soutenus par la <a href=\"https:\/\/www.revues-plurielles.org\/_uploads\/pdf\/72_237_20.pdf\">Croix-Rouge polonaise<\/a> et par des offices polonais proches. Le 29 juillet 1941, c\u2019\u00e9tait la pr\u00e9sidente de <a href=\"https:\/\/www.ville-st-martin29.fr\/associations\/les-amis-de-la-pologne\">l\u2019Association des Amis de la Pologne<\/a>, Rosa Bailly, qui nous sugg\u00e9ra de construire, avant notre d\u00e9part imminent, un petit oratoire, dans lequel, nous avons d\u00e9pos\u00e9 des documents. La chapelle votive est d\u00e9di\u00e9e \u00e0 Notre Dame-de Czestochowa. Le sanctuaire polonais de Jasna Gora, situ\u00e9 \u00e0 Czestochowa, doit sa renomm\u00e9e \u00e0 la pr\u00e9sence de l\u2019ic\u00f4ne de la Sainte Vierge, qui selon la tradition aurait \u00e9t\u00e9 peinte par l\u2019\u00e9vang\u00e9liste Luc sur la planche de la table sur laquelle priait et mangeait la nourriture de la Sainte Famille.<\/p>\n<p align=\"justify\">Enfin, sur intervention de la Croix-Rouge polonaise et de l&rsquo;office polonais de Toulouse, nous avons pu \u00eatre lib\u00e9r\u00e9s le 1<sup>er<\/sup> ao\u00fbt 1941 sur d\u00e9livrance des certificats d&rsquo;identit\u00e9.<\/p>\n<p align=\"justify\"><b>La R\u00e9sistance (1941 \u2013 1944)<\/b><\/p>\n<p align=\"justify\">De fin 1941 \u00e0 octobre 1944, j&rsquo;avais pris la d\u00e9cision ferme de rejoindre la <a href=\"https:\/\/www.larousse.fr\/encyclopedie\/divers\/la_R%c3%a9sistance\/138691\">R\u00e9sistance fran\u00e7aise<\/a>. En quittant Septfonds, j&rsquo;ai pu r\u00e9ussir \u00e0 passer dans la clandestinit\u00e9 et \u00e0 rejoindre les rangs de la R\u00e9sistance. J&rsquo;ai d\u00fb me s\u00e9parer de ma famille pendant trois longues ann\u00e9es.<\/p>\n<p align=\"justify\"><b>Reprise des combats et Fin de la Guerre<\/b><\/p>\n<p align=\"justify\">J&rsquo;ai pu rejoindre les forces combattantes avec l&rsquo;Arm\u00e9e Polonaise <a href=\"http:\/\/www.cheminsdememoire.gouv.fr\/fr\/aout-1944-le-debarquement-de-provence\">d\u00e9barqu\u00e9e en Provence<\/a>, command\u00e9e par mon compatriote <a href=\"http:\/\/www.universalis-edu.com\/encyclopedie\/wladyslaw-anders\/\">le G\u00e9n\u00e9ral Anders<\/a>. J&rsquo;ai continu\u00e9 les combats jusqu&rsquo;\u00e0 la reddition de l&rsquo;Allemagne.<\/p>\n<p align=\"justify\">Apr\u00e8s-guerre, je ne suis pas rentr\u00e9 <a href=\"https:\/\/www.persee.fr\/doc\/receo_0338-0599_1985_num_16_1_2537\">en Pologne<\/a>, d\u00e9sormais aux mains des <a href=\"https:\/\/www.persee.fr\/doc\/receo_0338-0599_1985_num_16_1_2537\">communistes<\/a>. C\u2019\u00e9tait trop risqu\u00e9 pour nos vies et je ne pouvais pas vivre dans un r\u00e9gime tel qu\u2019il s\u2019est mis en place. \u00c7a a \u00e9t\u00e9 une d\u00e9cision tr\u00e8s dure. J\u2019ai d\u00fb accepter que la Pologne que j\u2019avais connue avait disparu. Entre mai 1945 et 1979, je me suis donc install\u00e9 en France avec Eliska et nos deux filles.<\/p>\n<p align=\"justify\">Le 8 mai 1995, j&rsquo;ai assist\u00e9 en compagnie de mes proches \u00e0 la C\u00e9r\u00e9monie en l&rsquo;honneur de la Pologne \u00e0 Setpfonds. Nous avons pu c\u00e9l\u00e9brer une messe, lire deux documents que nous avions laiss\u00e9 dans l&rsquo;oratoire, retrouv\u00e9s lors de sa restauration. L\u2019\u00e9motion a \u00e9t\u00e9 tr\u00e8s forte. Enfin, le maire nous avait rendu hommage, nous, tous les intern\u00e9s du camp, mais particuli\u00e8rement un hommage \u00e0 la Pologne combattante, aux Polonais intern\u00e9s, soldats de l&rsquo;Arm\u00e9e de l&rsquo;Air de 1940 et les officiers intern\u00e9s l&rsquo;ann\u00e9e d&rsquo;apr\u00e8s, en 1941. J&rsquo;ai pu constater la pr\u00e9sence de l&rsquo;ancien pr\u00e9sident de l&rsquo;Association des anciens combattants polonais en France, un vieux camarade que je n&rsquo;avais pas vu depuis la Deuxi\u00e8me Guerre mondiale.<\/p>\n<p align=\"justify\">Etudiant : TAPPREST JORDAN<\/p>\n","protected":false},"excerpt":{"rendered":"<p>Qui suis-je\u00a0? Bonjour \u00e0 vous cher visiteur. Je m&rsquo;appelle Maksymilian Slowikowski. Je suis n\u00e9 le 23 septembre 1892 \u00e0 Varsovie, et je suis d\u00e9c\u00e9d\u00e9 le 16 mai 1985 \u00e0 Septfonds. Je suis mari\u00e9 \u00e0 Eliska Kaminski, depuis 1940. Nous avons eu 2 filles, Alina en 1942 et Martyna en 1943. Je suis un officier de &hellip; <\/p>\n<p class=\"link-more\"><a href=\"https:\/\/blogs.univ-jfc.fr\/vphn\/projets-specifiques\/projet-septfonds-2018-2019\/un-officier-de-larmee-polonaise-maksymillian\/\" class=\"more-link\">Continuer la lecture<span class=\"screen-reader-text\"> de &laquo;&nbsp;UN OFFICIER DE L\u2019ARM\u00c9E POLONAISE \u00ab MAKSYMILLIAN \u00bb&nbsp;&raquo;<\/span><\/a><\/p>\n","protected":false},"author":19,"featured_media":0,"parent":2172,"menu_order":5,"comment_status":"closed","ping_status":"closed","template":"","meta":[],"_links":{"self":[{"href":"https:\/\/blogs.univ-jfc.fr\/vphn\/wp-json\/wp\/v2\/pages\/2198"}],"collection":[{"href":"https:\/\/blogs.univ-jfc.fr\/vphn\/wp-json\/wp\/v2\/pages"}],"about":[{"href":"https:\/\/blogs.univ-jfc.fr\/vphn\/wp-json\/wp\/v2\/types\/page"}],"author":[{"embeddable":true,"href":"https:\/\/blogs.univ-jfc.fr\/vphn\/wp-json\/wp\/v2\/users\/19"}],"replies":[{"embeddable":true,"href":"https:\/\/blogs.univ-jfc.fr\/vphn\/wp-json\/wp\/v2\/comments?post=2198"}],"version-history":[{"count":17,"href":"https:\/\/blogs.univ-jfc.fr\/vphn\/wp-json\/wp\/v2\/pages\/2198\/revisions"}],"predecessor-version":[{"id":4775,"href":"https:\/\/blogs.univ-jfc.fr\/vphn\/wp-json\/wp\/v2\/pages\/2198\/revisions\/4775"}],"up":[{"embeddable":true,"href":"https:\/\/blogs.univ-jfc.fr\/vphn\/wp-json\/wp\/v2\/pages\/2172"}],"wp:attachment":[{"href":"https:\/\/blogs.univ-jfc.fr\/vphn\/wp-json\/wp\/v2\/media?parent=2198"}],"curies":[{"name":"wp","href":"https:\/\/api.w.org\/{rel}","templated":true}]}}