{"id":2281,"date":"2019-01-17T11:47:26","date_gmt":"2019-01-17T10:47:26","guid":{"rendered":"http:\/\/blogs.univ-jfc.fr\/vphn\/?page_id=2281"},"modified":"2019-02-04T20:12:59","modified_gmt":"2019-02-04T19:12:59","slug":"nouvelle-page","status":"publish","type":"page","link":"https:\/\/blogs.univ-jfc.fr\/vphn\/histoire-locale\/lacademie-des-jeux-floraux-a-toulouse-2018-2019\/nouvelle-page\/","title":{"rendered":"Nouvelle page"},"content":{"rendered":"<p align=\"justify\">\n<p align=\"justify\">Site des jeux Floraux:<\/p>\n<p align=\"justify\"><a href=\"http:\/\/jeuxfloraux.fr\">http:\/\/jeuxfloraux.fr<\/a><\/p>\n<p>&nbsp;<\/p>\n<p><u><\/u>Piste Bibliographique :<\/p>\n<p><span style=\"font-family: HelveticaNeue\"><span style=\"font-size: small\">Barrera C., <\/span><\/span><span style=\"font-family: HelveticaNeue\"><span style=\"font-size: small\"><i>Les soci\u00e9t\u00e9s savantes de Toulouse au XIX\u00e8 si\u00e8cle : 1797-1865,<\/i><\/span><\/span><span style=\"font-family: HelveticaNeue\"><span style=\"font-size: small\">Pris, CTHS, 2003.<\/span><\/span><\/p>\n<p>Chaline J.-P., <i>Sociabilit\u00e9 et \u00e9rudition. Les soci\u00e9t\u00e9s savantes en France,<\/i>Paris, CTHS, 1998.<\/p>\n<p><span style=\"font-family: HelveticaNeue\"><span style=\"font-size: small\">Duboul A.,<\/span><\/span><span style=\"font-family: HelveticaNeue\"><span style=\"font-size: small\"><i>Les deux si\u00e8cles de l\u2019acad\u00e9mie des Jeux Floraux<\/i><\/span><\/span><span style=\"font-family: HelveticaNeue\"><span style=\"font-size: small\">, Tome I et II, Toulouse, Privat, 1901.<\/span><\/span><\/p>\n<p><span style=\"font-family: HelveticaNeue\"><span style=\"font-size: small\">De Ponson G., <\/span><\/span><span style=\"font-family: HelveticaNeue\"><span style=\"font-size: small\"><i>Histoire de l\u2019Acad\u00e9mie des Jeux Floraux<\/i><\/span><\/span><span style=\"font-family: HelveticaNeue\"><span style=\"font-size: small\">, premi\u00e8re partie, Toulouse, 1764.<\/span><\/span><\/p>\n<p><span style=\"font-family: HelveticaNeue\"><span style=\"font-size: small\">F. de G\u00e9lis. <\/span><\/span><span style=\"font-family: HelveticaNeue\"><span style=\"font-size: small\"><i>Histoire critique des Jeux Floraux, depuis leur origine jusqu&rsquo;\u00e0 leur transformation en Acad\u00e9mie (1323-1694)<\/i><\/span><\/span><span style=\"font-family: HelveticaNeue\"><span style=\"font-size: small\">. Toulouse, Privat, 1912, pp. 414-420.<\/span><\/span><\/p>\n","protected":false},"excerpt":{"rendered":"<p>Site des jeux Floraux: http:\/\/jeuxfloraux.fr &nbsp; Piste Bibliographique : Barrera C., Les soci\u00e9t\u00e9s savantes de Toulouse au XIX\u00e8 si\u00e8cle : 1797-1865,Pris, CTHS, 2003. Chaline J.-P., Sociabilit\u00e9 et \u00e9rudition. Les soci\u00e9t\u00e9s savantes en France,Paris, CTHS, 1998. Duboul A.,Les deux si\u00e8cles de l\u2019acad\u00e9mie des Jeux Floraux, Tome I et II, Toulouse, Privat, 1901. De Ponson G., Histoire &hellip; <\/p>\n<p class=\"link-more\"><a href=\"https:\/\/blogs.univ-jfc.fr\/vphn\/histoire-locale\/lacademie-des-jeux-floraux-a-toulouse-2018-2019\/nouvelle-page\/\" class=\"more-link\">Continuer la lecture<span class=\"screen-reader-text\"> de &laquo;&nbsp;Nouvelle page&nbsp;&raquo;<\/span><\/a><\/p>\n","protected":false},"author":418,"featured_media":0,"parent":2230,"menu_order":1,"comment_status":"closed","ping_status":"closed","template":"","meta":[],"_links":{"self":[{"href":"https:\/\/blogs.univ-jfc.fr\/vphn\/wp-json\/wp\/v2\/pages\/2281"}],"collection":[{"href":"https:\/\/blogs.univ-jfc.fr\/vphn\/wp-json\/wp\/v2\/pages"}],"about":[{"href":"https:\/\/blogs.univ-jfc.fr\/vphn\/wp-json\/wp\/v2\/types\/page"}],"author":[{"embeddable":true,"href":"https:\/\/blogs.univ-jfc.fr\/vphn\/wp-json\/wp\/v2\/users\/418"}],"replies":[{"embeddable":true,"href":"https:\/\/blogs.univ-jfc.fr\/vphn\/wp-json\/wp\/v2\/comments?post=2281"}],"version-history":[{"count":4,"href":"https:\/\/blogs.univ-jfc.fr\/vphn\/wp-json\/wp\/v2\/pages\/2281\/revisions"}],"predecessor-version":[{"id":3075,"href":"https:\/\/blogs.univ-jfc.fr\/vphn\/wp-json\/wp\/v2\/pages\/2281\/revisions\/3075"}],"up":[{"embeddable":true,"href":"https:\/\/blogs.univ-jfc.fr\/vphn\/wp-json\/wp\/v2\/pages\/2230"}],"wp:attachment":[{"href":"https:\/\/blogs.univ-jfc.fr\/vphn\/wp-json\/wp\/v2\/media?parent=2281"}],"curies":[{"name":"wp","href":"https:\/\/api.w.org\/{rel}","templated":true}]}}