{"id":2325,"date":"2019-01-17T11:57:54","date_gmt":"2019-01-17T10:57:54","guid":{"rendered":"http:\/\/blogs.univ-jfc.fr\/vphn\/?page_id=2325"},"modified":"2019-03-11T14:10:37","modified_gmt":"2019-03-11T13:10:37","slug":"les-cabinets-de-curiosites-dans-les-environs-de-toulouse-2018-2019-2","status":"publish","type":"page","link":"https:\/\/blogs.univ-jfc.fr\/vphn\/histoire-locale\/les-cabinets-de-curiosites-dans-les-environs-de-toulouse-2018-2019\/les-cabinets-de-curiosites-dans-les-environs-de-toulouse-2018-2019-2\/","title":{"rendered":"Les cabinets de curiosit\u00e9s dans les environs de Toulouse [2018-2019]"},"content":{"rendered":"<figure id=\"attachment_2397\" aria-describedby=\"caption-attachment-2397\" style=\"width: 300px\" class=\"wp-caption alignleft\"><img loading=\"lazy\" class=\"size-medium wp-image-2397\" src=\"http:\/\/blogs.univ-jfc.fr\/vphn\/wp-content\/uploads\/sites\/65\/2019\/01\/Cabinetestampe-300x186.png\" alt=\"\" width=\"300\" height=\"186\" srcset=\"https:\/\/blogs.univ-jfc.fr\/vphn\/wp-content\/uploads\/sites\/65\/2019\/01\/Cabinetestampe-300x186.png 300w, https:\/\/blogs.univ-jfc.fr\/vphn\/wp-content\/uploads\/sites\/65\/2019\/01\/Cabinetestampe.png 629w\" sizes=\"(max-width: 300px) 100vw, 300px\" \/><figcaption id=\"caption-attachment-2397\" class=\"wp-caption-text\">Estampe d&rsquo;un cabinet de curiosit\u00e9 scientifique, XVIIe-XVIIIe si\u00e8cle.<\/figcaption><\/figure>\n<p align=\"justify\">Consid\u00e9r\u00e9s comme les anc\u00eatres des mus\u00e9es en g\u00e9n\u00e9ral et des mus\u00e9ums d&rsquo;Histoire Naturelle en particulier, les cabinets de curiosit\u00e9s sont apparus au XVI\u00b0 si\u00e8cle avec le d\u00e9veloppement des explorations et la d\u00e9couverte de nouvelles terres. Plusieurs princes, savants et amateurs de \u00ab\u00a0bizarreries\u00a0\u00bb de cette \u00e9poque se mettent \u00e0 collectionner les curiosit\u00e9s en provenance des nouveaux mondes.<\/p>\n<figure id=\"attachment_2400\" aria-describedby=\"caption-attachment-2400\" style=\"width: 150px\" class=\"wp-caption alignright\"><img loading=\"lazy\" class=\"size-thumbnail wp-image-2400\" src=\"http:\/\/blogs.univ-jfc.fr\/vphn\/wp-content\/uploads\/sites\/65\/2019\/01\/cabinet-anonyme-150x150.png\" alt=\"\" width=\"150\" height=\"150\" srcset=\"https:\/\/blogs.univ-jfc.fr\/vphn\/wp-content\/uploads\/sites\/65\/2019\/01\/cabinet-anonyme-150x150.png 150w, https:\/\/blogs.univ-jfc.fr\/vphn\/wp-content\/uploads\/sites\/65\/2019\/01\/cabinet-anonyme-100x100.png 100w\" sizes=\"(max-width: 150px) 100vw, 150px\" \/><figcaption id=\"caption-attachment-2400\" class=\"wp-caption-text\">Cabinet de curiosit\u00e9, anonyme, Huile sur toile, fin XVII\u00b0 si\u00e8cle.<\/figcaption><\/figure>\n<p align=\"justify\">L&rsquo;objectif du curieux\/collectionneur n&rsquo;est pas d&rsquo;accumuler ou de r\u00e9pertorier la totalit\u00e9 des objets de la nature et des productions humaines comme le tenteront les encyclop\u00e9distes au XVIIIe si\u00e8cle, mais plut\u00f4t de p\u00e9n\u00e9trer les secrets intimes de la nature par ce qu&rsquo;elle propose de plus fantastique. En collectionnant les objets les plus bizarres qui l&rsquo;entourent, le curieux peut ainsi appr\u00e9hender le d\u00e9veloppement de la nature et en d\u00e9couvrir ses aspects.<\/p>\n<p align=\"justify\">Qualifi\u00e9s comme des lieux dans lesquels on collectionne et pr\u00e9sente une multitude d&rsquo;objets rares ou \u00e9tranges, issus du monde animal, v\u00e9g\u00e9tal et min\u00e9ral, en plus des r\u00e9alisations humaines, ils ont jou\u00e9 un r\u00f4le fondamental dans l&rsquo;essor de la science moderne.<\/p>\n<figure id=\"attachment_2398\" aria-describedby=\"caption-attachment-2398\" style=\"width: 525px\" class=\"wp-caption aligncenter\"><img loading=\"lazy\" class=\"size-large wp-image-2398\" src=\"http:\/\/blogs.univ-jfc.fr\/vphn\/wp-content\/uploads\/sites\/65\/2019\/01\/carte-cabinets-sud-1024x521.png\" alt=\"\" width=\"525\" height=\"267\" srcset=\"https:\/\/blogs.univ-jfc.fr\/vphn\/wp-content\/uploads\/sites\/65\/2019\/01\/carte-cabinets-sud-1024x521.png 1024w, https:\/\/blogs.univ-jfc.fr\/vphn\/wp-content\/uploads\/sites\/65\/2019\/01\/carte-cabinets-sud-300x153.png 300w, https:\/\/blogs.univ-jfc.fr\/vphn\/wp-content\/uploads\/sites\/65\/2019\/01\/carte-cabinets-sud-768x391.png 768w, https:\/\/blogs.univ-jfc.fr\/vphn\/wp-content\/uploads\/sites\/65\/2019\/01\/carte-cabinets-sud.png 1300w\" sizes=\"(max-width: 525px) 100vw, 525px\" \/><figcaption id=\"caption-attachment-2398\" class=\"wp-caption-text\">Carte de recensement des cabinets de curiosit\u00e9s dans le sud de la France, XVI\u00b0-XVIII\u00b0 si\u00e8cle.<\/figcaption><\/figure>\n<p align=\"justify\"><strong>Les cabinets de curiosit\u00e9s dans le Toulousain<\/strong><\/p>\n<p align=\"justify\">On retrouve dans le sud de la France des dizaines de cabinets de curiosit\u00e9s, plus ou moins bien document\u00e9s :<\/p>\n<p align=\"justify\">A Toulouse, on retrouve pr\u00e8s de 17 cabinets de curiosit\u00e9s, datant tous du XVII\u00b0 si\u00e8cle, d\u00e9tenus par des m\u00e9decins, princes ou encore antiquaires.<\/p>\n<p align=\"justify\">Cependant, nous retrouvons parmi ces personnes que tr\u00e8s peu de scientifiques mais dont les plus importants sont Francisco Sanchez, un m\u00e9decin et propagateur du <a href=\"https:\/\/www.universalis.fr\/encyclopedie\/scepticisme\/\">scepticisme philosophique<\/a>, Emmanuel Maignan, math\u00e9maticien et philosophe, qui poss\u00e9dait un laboratoire ayant suscit\u00e9 l&rsquo;admiration de Louis XIV et Fran\u00e7ois Bayle, un m\u00e9decin et philosophe, un\u00a0 des premiers exp\u00e9rimentateurs de la <a href=\"https:\/\/www.universalis.fr\/encyclopedie\/experience-et-experimentation-sciences\/2-naissance-de-la-methode-experimentale\/\">m\u00e9thode exp\u00e9rimentale<\/a>.<\/p>\n<p align=\"justify\">Le plus important cabinet de curiosit\u00e9 recens\u00e9 sur Toulouse appartenait \u00e0 <a href=\"https:\/\/curiositas.org\/cabinet\/curios918\">Fran\u00e7ois Fihol<\/a>, dont Juan de Lasanosa d\u00e9crit :<\/p>\n<blockquote>\n<p align=\"justify\">A c\u00f4t\u00e9 de cabinet, qui r\u00e9unit une profusion d&rsquo;objets extr\u00eamement vari\u00e9s, consacre toute une pi\u00e8ce \u00e0 une collection de squelettes et d&rsquo;\u00e9corch\u00e9s, figures de pl\u00e2tre moul\u00e9, et dessins anatomiques, parmi lesquels il faut compter sa propre production<\/p>\n<\/blockquote>\n<p align=\"justify\">A <a href=\"https:\/\/curiositas.org\/cabinet?l=Albi,%20France\">Albi<\/a>, on \u00e9t\u00e9 recens\u00e9s pr\u00e8s de 5 cabinets de curiosit\u00e9s, mais ne contenant aucune description.<\/p>\n<p align=\"justify\">Cependant, m\u00eame si le foyer de la recherche culturelle et scientifique au XVIe-XVIIe si\u00e8cle se trouve \u00e0 Paris et dont Toulouse apporte des d\u00e9couvertes, il existe une ville qui lui fait concurrence : Castres<\/p>\n<p align=\"justify\"><strong>Castres, foyer de la vie scientifique et culturelle dans le Sud de la France<\/strong><\/p>\n<p align=\"justify\">Castres f\u00fbt pendant pr\u00e8s de 22 ans le si\u00e8ge de l&rsquo;Acad\u00e9mie de Castres, une acad\u00e9mie des belles-lettres, de po\u00e9sie, de science et de philosophie, fond\u00e9e par Paul P\u00e9lisson peu apr\u00e8s la r\u00e9vocation de l&rsquo;Edit de Nantes et l&rsquo;implantation de la chambre de l&rsquo;Edit de Nantes en 1629 dans la ville.<\/p>\n<figure id=\"attachment_2399\" aria-describedby=\"caption-attachment-2399\" style=\"width: 150px\" class=\"wp-caption alignleft\"><img loading=\"lazy\" class=\"size-thumbnail wp-image-2399\" src=\"http:\/\/blogs.univ-jfc.fr\/vphn\/wp-content\/uploads\/sites\/65\/2019\/01\/borel-150x150.png\" alt=\"\" width=\"150\" height=\"150\" srcset=\"https:\/\/blogs.univ-jfc.fr\/vphn\/wp-content\/uploads\/sites\/65\/2019\/01\/borel-150x150.png 150w, https:\/\/blogs.univ-jfc.fr\/vphn\/wp-content\/uploads\/sites\/65\/2019\/01\/borel-100x100.png 100w, https:\/\/blogs.univ-jfc.fr\/vphn\/wp-content\/uploads\/sites\/65\/2019\/01\/borel.png 190w\" sizes=\"(max-width: 150px) 100vw, 150px\" \/><figcaption id=\"caption-attachment-2399\" class=\"wp-caption-text\">Pierre Borel (1620-1671)<\/figcaption><\/figure>\n<p>Parmi les 47 membres qui composaient l&rsquo;acad\u00e9mie se d\u00e9tache Pierre Borel, figure incontournable de la science dans le Sud de la France au XVIIe si\u00e8cle. C&rsquo;est un \u00e9rudit et savant castrais qui a recens\u00e9 et document\u00e9 une majeure partie de nos connaissances sur les cabinets de curiosit\u00e9s dans la r\u00e9gion toulousaine dans son livre intitul\u00e9 \u00ab\u00a0Les antiquit\u00e9s, raret\u00e9s, plantes, min\u00e9raux et autres choses consid\u00e9rables de la ville et comt\u00e9 de Castres d&rsquo;Albigeois et des lieux qui sont a ses environs, avec l&rsquo;Histoire de ses comtes, \u00e9v\u00eaques etc.\u00a0\u00bb, publi\u00e9 en 1649<\/p>\n<p>Issu d&rsquo;une famille bourgeoise protestante, c&rsquo;est un m\u00e9decin et botaniste \u00e9rudit dipl\u00f4m\u00e9 de la facult\u00e9 de Cahors, c&rsquo;est un passionn\u00e9 de sciences physiques et naturelles et un collectionneur avide qui rassemblera des centaines d&rsquo;objets et confections de tous les horizons dans son cabinet sur lequel il s&rsquo;appuiera pour ses diverses exp\u00e9rimentations : il apporte environ 400 notices sur des cas pathologiques, des exp\u00e9riences th\u00e9rapeutiques, des observations biologiques et des m\u00e9dications.<\/p>\n<figure id=\"attachment_2395\" aria-describedby=\"caption-attachment-2395\" style=\"width: 300px\" class=\"wp-caption alignright\"><img loading=\"lazy\" class=\"size-medium wp-image-2395\" src=\"http:\/\/blogs.univ-jfc.fr\/vphn\/wp-content\/uploads\/sites\/65\/2019\/01\/PBorel-exp\u00e9rimentation-insecte-300x178.png\" alt=\"\" width=\"300\" height=\"178\" srcset=\"https:\/\/blogs.univ-jfc.fr\/vphn\/wp-content\/uploads\/sites\/65\/2019\/01\/PBorel-exp\u00e9rimentation-insecte-300x178.png 300w, https:\/\/blogs.univ-jfc.fr\/vphn\/wp-content\/uploads\/sites\/65\/2019\/01\/PBorel-exp\u00e9rimentation-insecte-768x455.png 768w, https:\/\/blogs.univ-jfc.fr\/vphn\/wp-content\/uploads\/sites\/65\/2019\/01\/PBorel-exp\u00e9rimentation-insecte.png 925w\" sizes=\"(max-width: 300px) 100vw, 300px\" \/><figcaption id=\"caption-attachment-2395\" class=\"wp-caption-text\">Planche d&rsquo;observation de Pierre Borel, Centuries d&rsquo;observations microscopiques<\/figcaption><\/figure>\n<p>Il publiera aussi des travaux de sciences naturelles, m\u00e9dicales, chimiques, des \u00e9tudes sur les monstres ou encore sur les fossiles sous la forme de \u00ab\u00a0centuries\u00a0\u00bb, des recueils de courtes remarques.<\/p>\n<p>&nbsp;<\/p>\n<p>&nbsp;<\/p>\n<p><strong>Pour aller plus loin:<\/strong><\/p>\n<p><em><strong>Qu&rsquo;est-ce qu&rsquo;un cabinet de curiosit\u00e9s?<\/strong><\/em><\/p>\n<p><a href=\"http:\/\/pages.infinit.net\/cabinet\/definition.html\">http:\/\/pages.infinit.net\/cabinet\/definition.html<\/a><\/p>\n<p><em><strong>Curiositas, site de recensement des cabinets de curiosit\u00e9s en Europe<\/strong><\/em><\/p>\n<p><a href=\"https:\/\/curiositas.org\/\">https:\/\/curiositas.org\/\u00a0<\/a><\/p>\n<p><em><strong>L&rsquo;acad\u00e9mie de Castres<\/strong><\/em><\/p>\n<p><a href=\"https:\/\/www.persee.fr\/doc\/rhs_0048-7996_1967_num_20_4_2541\">https:\/\/www.persee.fr\/doc\/rhs_0048-7996_1967_num_20_4_2541<\/a><\/p>\n<p><em><strong>Pierre Borel, m\u00e9decin et savant castrais du XVII\u00b0 si\u00e8cle<\/strong><\/em><\/p>\n<p><a href=\"https:\/\/halshs.archives-ouvertes.fr\/halshs-01717004\/document\">https:\/\/halshs.archives-ouvertes.fr\/halshs-01717004\/document\u00a0<\/a><\/p>\n<p>Etudiante : Sandra Castres.<\/p>\n","protected":false},"excerpt":{"rendered":"<p>Consid\u00e9r\u00e9s comme les anc\u00eatres des mus\u00e9es en g\u00e9n\u00e9ral et des mus\u00e9ums d&rsquo;Histoire Naturelle en particulier, les cabinets de curiosit\u00e9s sont apparus au XVI\u00b0 si\u00e8cle avec le d\u00e9veloppement des explorations et la d\u00e9couverte de nouvelles terres. Plusieurs princes, savants et amateurs de \u00ab\u00a0bizarreries\u00a0\u00bb de cette \u00e9poque se mettent \u00e0 collectionner les curiosit\u00e9s en provenance des nouveaux &hellip; <\/p>\n<p class=\"link-more\"><a href=\"https:\/\/blogs.univ-jfc.fr\/vphn\/histoire-locale\/les-cabinets-de-curiosites-dans-les-environs-de-toulouse-2018-2019\/les-cabinets-de-curiosites-dans-les-environs-de-toulouse-2018-2019-2\/\" class=\"more-link\">Continuer la lecture<span class=\"screen-reader-text\"> de &laquo;&nbsp;Les cabinets de curiosit\u00e9s dans les environs de Toulouse [2018-2019]&nbsp;&raquo;<\/span><\/a><\/p>\n","protected":false},"author":19,"featured_media":0,"parent":2240,"menu_order":1,"comment_status":"closed","ping_status":"closed","template":"","meta":[],"_links":{"self":[{"href":"https:\/\/blogs.univ-jfc.fr\/vphn\/wp-json\/wp\/v2\/pages\/2325"}],"collection":[{"href":"https:\/\/blogs.univ-jfc.fr\/vphn\/wp-json\/wp\/v2\/pages"}],"about":[{"href":"https:\/\/blogs.univ-jfc.fr\/vphn\/wp-json\/wp\/v2\/types\/page"}],"author":[{"embeddable":true,"href":"https:\/\/blogs.univ-jfc.fr\/vphn\/wp-json\/wp\/v2\/users\/19"}],"replies":[{"embeddable":true,"href":"https:\/\/blogs.univ-jfc.fr\/vphn\/wp-json\/wp\/v2\/comments?post=2325"}],"version-history":[{"count":28,"href":"https:\/\/blogs.univ-jfc.fr\/vphn\/wp-json\/wp\/v2\/pages\/2325\/revisions"}],"predecessor-version":[{"id":5067,"href":"https:\/\/blogs.univ-jfc.fr\/vphn\/wp-json\/wp\/v2\/pages\/2325\/revisions\/5067"}],"up":[{"embeddable":true,"href":"https:\/\/blogs.univ-jfc.fr\/vphn\/wp-json\/wp\/v2\/pages\/2240"}],"wp:attachment":[{"href":"https:\/\/blogs.univ-jfc.fr\/vphn\/wp-json\/wp\/v2\/media?parent=2325"}],"curies":[{"name":"wp","href":"https:\/\/api.w.org\/{rel}","templated":true}]}}