{"id":2410,"date":"2019-01-27T11:16:55","date_gmt":"2019-01-27T10:16:55","guid":{"rendered":"http:\/\/blogs.univ-jfc.fr\/vphn\/?page_id=2410"},"modified":"2019-05-07T11:53:49","modified_gmt":"2019-05-07T09:53:49","slug":"bibliographie-les-petites-filles-modeles-a-verfeil-2018-2019","status":"publish","type":"page","link":"https:\/\/blogs.univ-jfc.fr\/vphn\/bibliographie-les-petites-filles-modeles-a-verfeil-2018-2019\/","title":{"rendered":"Bibliographie-Les Petites Filles mod\u00e8les \u00e0 Verfeil [2018]"},"content":{"rendered":"<p><span style=\"font-size: xx-large\"><u><b>BIBLIOGRAPHIE \u2013 LES PETITES FILLLES MODELES<\/b><\/u><\/span><\/p>\n<p><span style=\"font-size: x-large\"><b>o <\/b><\/span><span style=\"font-size: x-large\"><u><b>Outils<\/b><\/u><\/span><\/p>\n<p><b>o <\/b><u><b>Encyclop\u00e9dies\u00a0:<\/b><\/u><\/p>\n<p>&#8211; ZELDIN Th\u00e9odore, <i>Histoire du monde de 1789 \u00e0 1918<\/i>, Paris, Editions Larousse, 2010, 592 p.<\/p>\n<p>&gt; Cette encyclop\u00e9die nous permet de comprendre les principaux \u00e9v\u00e9nements du XIX<sup>e<\/sup> si\u00e8cle et permet de se replonger dans le contexte international.<\/p>\n<p><b>o <\/b><u><b>Dictionnaires\u00a0:<\/b><\/u><\/p>\n<p>&#8211; AMBRIERE Madeleine, <i>Dictionnaire du XIX<\/i><sup><i>e<\/i><\/sup> <i>si\u00e8cle europ\u00e9en<\/i>, Paris, Editions Puf, 1997, 1375 p.<\/p>\n<p>&gt; Ce dictionnaire est plus centr\u00e9 sur les diff\u00e9rentes figures importantes du XIX<sup>e<\/sup> si\u00e8cle. On peut ainsi trouver des biographies les concernant ainsi que les faits qui ont fait d&rsquo;eux des personnes d&rsquo;exception.<\/p>\n<p>&#8211; GAUVARD Claude, SIRINELLI Jean-Fran\u00e7ois, <i>Dictionnaire de l\u2019historien<\/i>, Paris, Editions Puf, 2015, 758 p.<\/p>\n<p>&gt; Ce dictionnaire-ci pr\u00e9sente la d\u00e9finition des termes historiques importants et nous expose les diff\u00e9rentes visions des historiens sur ceux ayant fait d\u00e9bat et opposant la communaut\u00e9 historique.<\/p>\n<p><b>o <\/b><u><b>Chronologie\u00a0:<\/b><\/u><\/p>\n<p>&#8211; BOUDET Jacques, <i>Chronologie universelle<\/i>, Paris, Editions Bordas, 1983, 679 p.<\/p>\n<p>&gt; Cet ouvrage indique les dates des \u00e9v\u00e9nements majeurs de la pr\u00e9histoire au XXI<sup>e<\/sup> si\u00e8cle. Il permet donc de se rep\u00e9rer dans le temps et d&rsquo;avoir l\u00e0-aussi une id\u00e9e pr\u00e9cise du contexte historique.<\/p>\n<p><b>o <\/b><u><b>Atlas\u00a0:<\/b><\/u><\/p>\n<p>&#8211; NOUSCHI Marc, <i>Petit Atlas historique du XIX<\/i><sup><i>e<\/i><\/sup> <i>si\u00e8cle<\/i>, Paris, Editions Armand Colin, 2016, 224 p.<\/p>\n<p>&gt; Cet atlas nous montre par les cartes les enjeux principaux et les id\u00e9es nouvelles qui se d\u00e9veloppent au cours du XIX<sup>e<\/sup> si\u00e8cle (colonisation, industrialisation, science, etc.)<\/p>\n<p><span style=\"font-size: x-large\"><b>o <\/b><\/span><span style=\"font-size: x-large\"><u><b>Ouvrages g\u00e9n\u00e9raux<\/b><\/u><\/span><\/p>\n<p><b>o <\/b><u><b>Histoire de l&rsquo;Europe du XIX<\/b><\/u><sup><u><b>e<\/b><\/u><\/sup><u> <\/u><u><b>si\u00e8cle\u00a0:<\/b><\/u><\/p>\n<p>&#8211; BOURGINAT Nicolas, PELLISTRANDI Beno\u00eet, <i>Le XIX<\/i><sup><i>e<\/i><\/sup> <i>si\u00e8cle en Europe<\/i>, Paris, Editions Colin, 2004, 316 p.<\/p>\n<p>&gt; Ce livre permet de comprendre l&rsquo;\u00e9volution des puissances que sont la France et la Russie et les courants intellectuels qui s&rsquo;y d\u00e9veloppent.<\/p>\n<p>&#8211; GALLIANO Richard, <i>Histoire des puissances europ\u00e9ennes de 1815 \u00e0 1914<\/i>, Editions Hachette Sup\u00e9rieur, 192 p.<\/p>\n<p>&gt; Cet ouvrage pr\u00e9sente de fa\u00e7on synth\u00e9tique les principaux faits historiques qui marquent l&rsquo;Europe ainsi l&rsquo;\u00e9volution des grandes puissances europ\u00e9ennes au cours du si\u00e8cle.<\/p>\n<p><b>o <\/b><u><b>Histoire de la Russie au XIX<\/b><\/u><sup><u><b>e<\/b><\/u><\/sup><u> <\/u><u><b>si\u00e8cle\u00a0:<\/b><\/u><\/p>\n<p>&#8211; RIASANOVSKY Nicolas V., <i>Histoire de la Russie\u00a0: Des origines \u00e0 1992<\/i>, Paris, Editions Robert Laffont, 1987, 864 p.<\/p>\n<p>&gt; Ce livre d\u00e9veloppe les faits importants que la Russie traverse sur la p\u00e9riode qui nous int\u00e9resse.<\/p>\n<p>&#8211; SOKOLOFF Georges, <i>La puissance pauvre<\/i>, France, Editions Fayard, 1996, 902 p.<\/p>\n<p>&gt; Ce livre d\u00e9veloppe pr\u00e9cis\u00e9ment l&rsquo;\u00e9volution politique, sociale et culturelle de la Russie et du peuple russe.<\/p>\n<p><b>o <\/b><u><b>Histoire de la France au XIX<\/b><\/u><sup><u><b>e<\/b><\/u><\/sup><u> <\/u><u><b>si\u00e8cle\u00a0:<\/b><\/u><\/p>\n<p>&#8211; DEMIER Francis, <i>La France du XIX<\/i><sup><i>e <\/i><\/sup><i>si\u00e8cle\u00a0:<\/i> <i>1814-1914, <\/i>France, Paris, Editions Du Seuil, 2014, 567 p.<\/p>\n<p>&gt; Cet ouvrage nous renseigne sur les \u00e9v\u00e9nements majeurs qui se d\u00e9roulent en France ainsi que son \u00e9volution au cours du si\u00e8cle.<\/p>\n<p>&#8211; GARRIGUES Jean, LACOMBRADE Philippe, <i>La France au XIX<\/i><sup><i>e<\/i><\/sup> <i>si\u00e8cle\u00a0: 1814-1914<\/i>, Paris, Editions Colin, 2015, 264 p.<\/p>\n<p>&gt; Comme le pr\u00e9c\u00e9dent, ce manuel nous renseigne sur l&rsquo;\u00e9volution de la France au cours du XIX<sup>e<\/sup> si\u00e8cle.<\/p>\n<p><span style=\"font-size: large\"><b>o <\/b><\/span><span style=\"font-size: large\"><u><b>Education des filles en France au XIX<\/b><\/u><\/span><sup><span style=\"font-size: large\"><u><b>e<\/b><\/u><\/span><\/sup><u> <\/u><span style=\"font-size: large\"><u><b>si\u00e8cle\u00a0:<\/b><\/u><\/span><\/p>\n<p>&#8211; BECCHI Egle, JULIA Dominique, <i>Histoire de l\u2019enfance en Occident, 2. Du 18\u00e8me si\u00e8cle \u00e0 nos jours<\/i>, Editions du Seuil, 1998, 532 p.<\/p>\n<p>&gt; Cet ouvrage explique comment, contrairement aux jeunes filles de la bourgeoisie et des classes populaires, les filles de l&rsquo;aristocratie sont \u00e9duqu\u00e9es par des eccl\u00e9siastiques dans une morale religieuse afin que la religion garde une partie de son pouvoir qui tend \u00e0 s&rsquo;amenuiser.<\/p>\n<p>&#8211; DINET Dominique, \u00ab L\u2019\u00e9ducation des filles de la fin du 18e si\u00e8cle jusqu\u2019en 1918 \u00bb, <i>Revue des sciences religieuses<\/i>, 85\/4, 2011, 457-490.<\/p>\n<p>&gt; Dans cet article, Dominique Dinet montre en quoi, tandis que le programme \u00e9ducatif pour les gar\u00e7ons est \u00e9tabli depuis longtemps, l&rsquo;\u00e9ducation des filles fait toujours d\u00e9bat, notamment entre l\u2019\u00c9tat et l\u2019\u00c9glise.<\/p>\n<p>&#8211; LEVY Marie-Fran\u00e7oise, <i>De m\u00e8res en filles:l\u2019\u00e9ducation des fran\u00e7aises 1850-1880<\/i>, Editions Calmann-Levy, Paris, 1994, 192 p.<\/p>\n<p>&gt; Ce livre nous apprend les valeurs et les normes f\u00e9minines que transmettent la famille (couture, sensibilisation \u00e0 la religion, et dans une minorit\u00e9 ais\u00e9e la philosophie, la litt\u00e9rature, etc.)<\/p>\n<p>&#8211; MAYEUR Fran\u00e7oise, <i>L&rsquo;\u00e9ducation des filles en France au XIX<\/i><sup><span style=\"font-size: x-large\"><i><b>e<\/b><\/i><\/span><\/sup> <i>si\u00e8cle<\/i>, Editions Hachette, 1979, 373 p.<\/p>\n<p>&gt; Cet ouvrage montre comment se d\u00e9veloppe l&rsquo;id\u00e9e au XIXe si\u00e8cle que l&rsquo;\u00e9ducation f\u00e9minine doit \u00eatre plus \u00e9labor\u00e9e et comment ce renouveau de l&rsquo;\u00e9ducation pousse les femmes \u00e0 vouloir s&rsquo;\u00e9manciper de la tutelle masculine.<\/p>\n<p>&#8211; ROUSSEAU Jean-Jacques, <i>Emile ou De l\u2019\u00e9ducation<\/i>, Tome V, 1762.<\/p>\n<p>&gt; Bien que ce trait\u00e9 d&rsquo;\u00e9ducation porte surtout sur l&rsquo;\u00e9ducation masculine. Rousseau nous pr\u00e9sente dans le tome V, le personnage de Sophie, future \u00e9pouse d&rsquo;Emile, et par la m\u00eame occasion sa vision id\u00e9ale de la femme. Sophie est donc \u00e9duqu\u00e9e mais doit \u00eatre soumise \u00e0 l&rsquo;homme et son r\u00f4le principal consiste \u00e0 s&rsquo;occuper du foyer. Ce trait\u00e9 montre donc comment, malgr\u00e9 certains progr\u00e8s, la femme est toujours vue comme inf\u00e9rieure.<\/p>\n<p><span style=\"font-size: large\"><b>o <\/b><\/span><span style=\"font-size: large\"><u><b>Vie des femmes de l&rsquo;aristocratie au XIX<\/b><\/u><\/span><sup><span style=\"font-size: large\"><u><b>e<\/b><\/u><\/span><\/sup><u> <\/u><span style=\"font-size: large\"><u><b>si\u00e8cle\u00a0:<\/b><\/u><\/span><\/p>\n<p>&#8211; CARO Elme, <i>Georges Sand<\/i>, France, Editions Numeriklivres, 2014, 109 p.<\/p>\n<p>&gt; Cette biographie de Georges Sand nous pr\u00e9sente autant l&rsquo;enfance de l&rsquo;autrice et son \u00e9ducation assez compl\u00e8te avec de l&rsquo;\u00e9tude des lettres et de la philosophie que son quotidien d&rsquo;adulte et de femmes de lettre.<\/p>\n<p>&#8211; DUBY Georges, PERROT Michelle, FRAISSE Genevi\u00e8ve, <i>Histoire des femmes en Occident \u2013 IV, Le XIX<\/i><sup><i>e<\/i><\/sup> <i>si\u00e8cle<\/i>, Paris, Editions Perrin, 2002, 768 p.<\/p>\n<p>&gt; Cet ouvrage montre les changements de la condition des femmes au XIX<sup>e<\/sup> si\u00e8cle sur les plans politiques, civiques et sociaux.<\/p>\n<p>&#8211; GIACHETTI Claudine, <i>Po\u00e9tique des lieux\u00a0: enqu\u00eate sur les m\u00e9moires f\u00e9minins de l\u2019aristocratie fran\u00e7aise<\/i>, 1789-1848, Paris, Editions Champions, 2009, 327 p.<\/p>\n<p>&gt; Ce livre comporte une dizaine de m\u00e9moire de femmes de la noblesse. Leurs impressions sur les \u00e9v\u00e9nements importants tout comme leur propre vie (\u00e9ducation, mariage, etc.)<\/p>\n<p>&#8211; SAND Georges, BODIN Thierry, <i>Lettres d\u2019une vie<\/i>, Paris, Editions Gallimard, 2004, 1312 p.<\/p>\n<p>&gt; C&rsquo;est un recueil de lettres de Georges Sand \u00e0 des membres de sa famille et des amis, org anis\u00e9es par Thierry Bodin qui nous montre avec encore plus de pr\u00e9cision la vie de cette auteur.<\/p>\n<p>&#8211; ZANCARINI-FOURNEL Michelle, <i>Histoire des femmes en France\u00a0: XIX<\/i><sup><i>e<\/i><\/sup><i>-XX<\/i><sup><i>e<\/i><\/sup> <i>si\u00e8cle<\/i>, France, Editions Pur, 2005, 243 p.<\/p>\n<p>&gt; Ce livre retrace les th\u00e8mes incontournables de l&rsquo;histoire des femmes du XIX<sup>e<\/sup> si\u00e8cle (le vote, l&rsquo;\u00e9ducation des filles, la place de la religion, etc.)<\/p>\n<p><span style=\"font-size: large\"><b>o <\/b><\/span><span style=\"font-size: large\"><u><b>Litt\u00e9rature jeunesse\u00a0:<\/b><\/u><\/span><\/p>\n<p>&#8211; NIERES-CHEVREL Isabelle, <i>Introduction \u00e0 la litt\u00e9rature de jeunesse<\/i>, Paris, Editions Didier Jeunesse, 2009, 240 p.<\/p>\n<p>&gt; Dans cet essai, Isabelle Ni\u00e8res-Chevrel r\u00e9fl\u00e9chit sur l&rsquo;histoire de la litt\u00e9rature pour enfant et la pr\u00e9sence d&rsquo;\u00e9l\u00e9ments r\u00e9currents dans ces histoires.<\/p>\n<p>&#8211; PRINCE Nathalie, <i>La litt\u00e9rature de jeunesse<\/i>, Paris, Editions Colin, 2015, 256 p.<\/p>\n<p>&gt; Cet ouvrage contient une analyse de la litt\u00e9rature enfantine afin de tenter d&rsquo;\u00e9tablir une th\u00e9orie du genre en r\u00e9unissant des \u00e9l\u00e9ments communs.<\/p>\n<p>&#8211; ROLLAND Annie, DELESSERT Etienne, <i>Le livre en analyse : chroniques de litt\u00e9rature jeunesse<\/i>, Paris, Editions Magnier, 2011, 202 p.<\/p>\n<p>&gt; Ce livre est un recueil des diff\u00e9rentes chroniques \u00e9crites par Annie Roland et illustr\u00e9es par Etienne Delessert. Ces chroniques consistent en une analyse des diff\u00e9rents th\u00e8mes r\u00e9currents dans les histoires pour enfant (l&rsquo;enfant, les monstres, la morale, etc.)<\/p>\n<p>&#8211; SAINT-DIZIER Marie, <i>Le Pouvoir fascinant des histoires<\/i>, Paris, Editions Autrement, 2009, 240 p.<\/p>\n<p>&gt; Ce livre traite de l&rsquo;int\u00e9r\u00eat d&rsquo;\u00e9crire des histoires du point de vue de l&rsquo;auteur et nous pr\u00e9sente une analyse des motivations des auteurs \u00e0 \u00e9crire des histoires pour enfant.<\/p>\n<p><span style=\"font-size: large\"><b>o <\/b><\/span><span style=\"font-size: large\"><u><b>Usage du patrimoine dans les campagnes\u00a0:<\/b><\/u><\/span><\/p>\n<p>&#8211; COHEN Patrick, HEINTZ Ma\u00efa, JOUBERT Olivier, VINCENT Herv\u00e9, <i>Habitat et patrimoine rural. Conna\u00eetre et restaurer<\/i>, France, Edisud, 2002, 164 p.<\/p>\n<p>&gt; Cet ouvrage se veut comme une aide \u00e0 la mise en valeur du petit patrimoine rural, en montrant l&rsquo;exemple de la valorisation du patrimoine dans le Lub\u00e9ron.<\/p>\n<p>&#8211; COLLECTIF, <i>Guide de valorisation du patrimoine rural<\/i>, Paris, Minist\u00e8re de l&rsquo;Agriculture et de la P\u00eache, 2001, 180 p.<\/p>\n<p>&gt; Ce guide qui fait suite au guide d&rsquo;observation du patrimoine rural nous apprend comment mettre en valeur ce patrimoine et comment le d\u00e9velopper dans le but de cr\u00e9er du tourisme et donc plus de richesse.<\/p>\n<p>&#8211; COLLECTIF, <i>Guide d&rsquo;observation du patrimoine rural<\/i>, Paris, Minist\u00e8re de l&rsquo;Agriculture et de la P\u00eache, 2000, 110 p.<\/p>\n<p>&gt; Ce guide du Minist\u00e8re de l&rsquo;Agriculture nous montre comment rep\u00e9rer le petit patrimoine rural et, si il est en mauvaise \u00e9tat, comment le pr\u00e9server.<\/p>\n<p>&#8211; MARCEAU Guillaume, METZGER Thomas, AZOURY Nehme, Gestion territoriale et valorisation du patrimoine\u00a0: Vers un d\u00e9veloppement r\u00e9gional durable, <i>La Revue Gestion et Organisation<\/i>, 1\/7, 2015, 44-56.<\/p>\n<p>&gt; Cet article traite de tous les aspects du patrimoine rural (Sa mise en valeur, les co\u00fbts et retomb\u00e9es \u00e9conomiques, les impacts sur les populations, les associations s&rsquo;attachant \u00e0 mettre en valeur ce patrimoine, etc.)<\/p>\n<p>&#8211; VINCENT Jean-Marie, Conservation du patrimoine rural et politique qualitative de l&rsquo;habitat, <i>Pour<\/i>, France, GREP, 2007, 111-117.<\/p>\n<p>&gt; Cet article-ci s&rsquo;attache \u00e0 d\u00e9finir ce qu&rsquo;est le petit patrimoine rural et pr\u00e9senter les dangers qui le menace.<\/p>\n<p><span style=\"font-size: x-large\"><b>o <\/b><\/span><span style=\"font-size: x-large\"><u><b>Les Petites Filles<\/b><\/u><\/span><u> <\/u><span style=\"font-size: x-large\"><u><b>mod\u00e8les<\/b><\/u><\/span><\/p>\n<p><span style=\"font-size: large\">&#8211; GUILMIN Marie-Chantal, <\/span><span style=\"font-size: large\"><i>L&rsquo;Indomptable Camille de Malaret<\/i><\/span><span style=\"font-size: large\">, Editions Queyssac, 2015, 238 p.<\/span><\/p>\n<p>&gt; Cet ouvrage se veut \u00eatre une biographie d&rsquo;une des Petites Filles mod\u00e8les, Camille de Malaret. On retrouve divers \u00e9l\u00e9ments sur son enfance mais surtout sur sa vie d&rsquo;adulte.<\/p>\n<p><span style=\"font-size: x-large\"><b>o <\/b><\/span><span style=\"font-size: x-large\"><u><b>Sources\u00a0:<\/b><\/u><\/span><\/p>\n<p><b>o <\/b><u><b>Trilogie de la Comtesse de S\u00e9gur<\/b><\/u><\/p>\n<p>&#8211; Comtesse de SEGUR, L<i>es Malheurs de Sophie<\/i>, Editions Hachette, 1858.<\/p>\n<p>&gt; Ce livre constitue le premier des romans de la trilogie c\u00e9l\u00e8bre de la Comtesse de S\u00e9gur. Il est inspir\u00e9 de l&rsquo;enfance de la Comtesse, maltrait\u00e9 par sa m\u00e8re et raconte les aventures de Sophie qui revient dans les ouvrages suivants.<\/p>\n<p>&#8211; Comtesse de SEGUR, <i>Les Petites Filles mod\u00e8les<\/i>, Editions Hachette, 1858.<\/p>\n<p>&gt; Ce roman est la source principale du sujet. A travers les aventures de Camille et Madeleine, la Comtesse de S\u00e9gur nous pr\u00e9sente sa version id\u00e9ale de l&rsquo;\u00e9ducation.<\/p>\n<p>&#8211; Comtesse de SEGUR, <i>Les Vacances<\/i>, Editions Hachette, 1859.<\/p>\n<p>&gt; Ce roman est le dernier de la trilogie de la Comtesse de S\u00e9gur. Il est utile pour avoir une vision plus globale de son \u0153uvre et du message qu&rsquo;elle a voulu transmettre \u00e0 travers cette trilogie.<\/p>\n<p><b>o <\/b><u><b>Romans pour enfants du XIX\u00e8me si\u00e8cle<\/b><\/u><\/p>\n<p>&#8211; BRUNETT Frances Hogson, <i>La petite princesse<\/i>, Editions Colin, 1891, 181 p.<\/p>\n<p>&gt; Ce roman narre l&rsquo;histoire d&rsquo;une jeune fille issue de la noblesse, maltrait\u00e9e par les membres de son pensionnat, apr\u00e8s que son p\u00e8re soit d\u00e9c\u00e9d\u00e9e et ne puisse plus financer ses \u00e9tudes. Tout comme dans la plupart des romans pour enfants on retrouve une morale. Ici que le destin sourit toujours aux personnes vertueuses.<\/p>\n<p>&#8211; COLLODI Carlo, <i>Les Aventures de Pinocchio<\/i>, 1881.<\/p>\n<p>&gt; Pinocchio raconte les aventures d&rsquo;un pantin de bois qui prend vie et doit apprendre \u00e0 devenir un enfant convenable. La but de cette histoire est de montrer combien il est important de se comporter correctement pour les enfants.<\/p>\n<p>&#8211; LEWIS CAROLL, <i>Les Aventures d\u2019Alice au pays des merveilles,<\/i> Editions Macmillian and Co, 1865, 196 p.<\/p>\n<p>&gt; Ce roman raconte l&rsquo;histoire d&rsquo;Alice qui r\u00eave de ses aventures dans un pays loufoque. Ce monde illogique repr\u00e9sente en v\u00e9rit\u00e9 le monde des adultes dont Alice parvient \u00e0 s&rsquo;extirper en utilisant sa logique simple d&rsquo;enfant. Le livre est donc une invitation \u00e0 garder son esprit d&rsquo;enfant et une critique du monde trop complexe des adultes.<\/p>\n<p>&#8211; MALOT Hector, <i>Sans famille<\/i>, Editions Dentu, 1878.<\/p>\n<p>&gt; <i>Sans famille<\/i> est un roman racontant le p\u00e9riple de R\u00e9mi, enfant vendu par son p\u00e8re \u00e0 un saltimbanque. C&rsquo;est un roman d&rsquo;initiation qui montrent donc le chemin de R\u00e9mi jusqu&rsquo;\u00e0 l&rsquo;\u00e2ge adulte.<\/p>\n<p>Comme un grand nombre d&rsquo;ouvrages pour enfants du XIX<sup>e<\/sup> si\u00e8cle, on peut voir la r\u00e9currence de la pr\u00e9sence de morale \u00e9ducative.<\/p>\n","protected":false},"excerpt":{"rendered":"<p>BIBLIOGRAPHIE \u2013 LES PETITES FILLLES MODELES o Outils o Encyclop\u00e9dies\u00a0: &#8211; ZELDIN Th\u00e9odore, Histoire du monde de 1789 \u00e0 1918, Paris, Editions Larousse, 2010, 592 p. &gt; Cette encyclop\u00e9die nous permet de comprendre les principaux \u00e9v\u00e9nements du XIXe si\u00e8cle et permet de se replonger dans le contexte international. o Dictionnaires\u00a0: &#8211; AMBRIERE Madeleine, Dictionnaire du &hellip; <\/p>\n<p class=\"link-more\"><a href=\"https:\/\/blogs.univ-jfc.fr\/vphn\/bibliographie-les-petites-filles-modeles-a-verfeil-2018-2019\/\" class=\"more-link\">Continuer la lecture<span class=\"screen-reader-text\"> de &laquo;&nbsp;Bibliographie-Les Petites Filles mod\u00e8les \u00e0 Verfeil [2018]&nbsp;&raquo;<\/span><\/a><\/p>\n","protected":false},"author":495,"featured_media":0,"parent":0,"menu_order":0,"comment_status":"closed","ping_status":"closed","template":"","meta":[],"_links":{"self":[{"href":"https:\/\/blogs.univ-jfc.fr\/vphn\/wp-json\/wp\/v2\/pages\/2410"}],"collection":[{"href":"https:\/\/blogs.univ-jfc.fr\/vphn\/wp-json\/wp\/v2\/pages"}],"about":[{"href":"https:\/\/blogs.univ-jfc.fr\/vphn\/wp-json\/wp\/v2\/types\/page"}],"author":[{"embeddable":true,"href":"https:\/\/blogs.univ-jfc.fr\/vphn\/wp-json\/wp\/v2\/users\/495"}],"replies":[{"embeddable":true,"href":"https:\/\/blogs.univ-jfc.fr\/vphn\/wp-json\/wp\/v2\/comments?post=2410"}],"version-history":[{"count":5,"href":"https:\/\/blogs.univ-jfc.fr\/vphn\/wp-json\/wp\/v2\/pages\/2410\/revisions"}],"predecessor-version":[{"id":5130,"href":"https:\/\/blogs.univ-jfc.fr\/vphn\/wp-json\/wp\/v2\/pages\/2410\/revisions\/5130"}],"wp:attachment":[{"href":"https:\/\/blogs.univ-jfc.fr\/vphn\/wp-json\/wp\/v2\/media?parent=2410"}],"curies":[{"name":"wp","href":"https:\/\/api.w.org\/{rel}","templated":true}]}}