{"id":252,"date":"2018-01-18T11:40:54","date_gmt":"2018-01-18T10:40:54","guid":{"rendered":"http:\/\/blogs.univ-jfc.fr\/vphn\/?page_id=252"},"modified":"2019-01-24T11:49:53","modified_gmt":"2019-01-24T10:49:53","slug":"le-parkour-2017","status":"publish","type":"page","link":"https:\/\/blogs.univ-jfc.fr\/vphn\/art-de-vivre-et-societe\/le-parkour-2017\/","title":{"rendered":"Le Parkour [2017]"},"content":{"rendered":"<figure id=\"attachment_1338\" aria-describedby=\"caption-attachment-1338\" style=\"width: 1000px\" class=\"wp-caption aligncenter\"><img loading=\"lazy\" class=\"wp-image-1338 size-full\" src=\"http:\/\/blogs.univ-jfc.fr\/vphn\/wp-content\/uploads\/sites\/65\/2018\/01\/1781722_833761079974620_782795266_o.jpg\" alt=\"\" width=\"1000\" height=\"370\" srcset=\"https:\/\/blogs.univ-jfc.fr\/vphn\/wp-content\/uploads\/sites\/65\/2018\/01\/1781722_833761079974620_782795266_o.jpg 1000w, https:\/\/blogs.univ-jfc.fr\/vphn\/wp-content\/uploads\/sites\/65\/2018\/01\/1781722_833761079974620_782795266_o-300x111.jpg 300w, https:\/\/blogs.univ-jfc.fr\/vphn\/wp-content\/uploads\/sites\/65\/2018\/01\/1781722_833761079974620_782795266_o-768x284.jpg 768w\" sizes=\"(max-width: 706px) 89vw, (max-width: 767px) 82vw, 740px\" \/><figcaption id=\"caption-attachment-1338\" class=\"wp-caption-text\"><a href=\"http:\/\/www.simonnogueira.com\/fs\/Root\/co6vo-1781722_833761079974620_782795266_o.jpg\">Photographie<\/a> du traceur Simon Nogueira, dans Paris, tir\u00e9e de son site<a href=\"http:\/\/www.simonnogueira.com\/#WEBSITE.C\"> web<\/a>.<\/figcaption><\/figure>\n<p style=\"text-align: left\" align=\"justify\">\u00ab \u00catre pour durer\u00a0\u00bb tel est l\u2019une des principales devises du Parkour. L\u2019objectif premier de la pratique est donc une recherche de soi pour \u00ab\u00a0\u00eatre\u00a0\u00bb et un perfectionnement physique pour \u00ab\u00a0durer\u00a0\u00bb. La finalit\u00e9 de la discipline est de se d\u00e9placer d\u2019un point A \u00e0 un point B de la mani\u00e8re la plus simple, rapide et efficace possible. Ce faisant, son rapport avec le patrimoine et le milieu urbain est majeur\u00a0: sans ce dernier, il ne pourrait remplir son but. Cependant, le patrimoine n\u2019est pas am\u00e9nag\u00e9 pour la discipline et des r\u00e8gles strictes prot\u00e8gent ce dernier. En effet, il s\u2019agit d\u2019un bien commun pr\u00e9cieux de par son histoire, sa beaut\u00e9, son architecture\u2026 Il est donc int\u00e9ressant de voir comment cette pratique marque le patrimoine et le r\u00e9invente.<\/p>\n<p style=\"text-align: left\" align=\"justify\">Des associations, souvent signataires de la <a href=\"http:\/\/www.fedeparkour.fr\/\">f\u00e9d\u00e9ration du ParKour (FPK)<\/a>,\u00a0existent France et au-del\u00e0 pour promouvoir la pratique, d\u00e9mystifier les a priori tenaces la concernant, mais aussi encadrer les nouveaux pratiquants, permettre des rassemblements dans des villes ainsi que des entra\u00eenements dans des lieux prot\u00e9g\u00e9s\u2026 Les m\u00e9dias, quant \u00e0 eux, diff\u00e8rent\u00a0: l\u00e0 o\u00f9 les m\u00e9dias importants pr\u00e9f\u00e8rent les images chocs pour pr\u00e9senter la pratique au public, les m\u00e9dias locaux, eux, essayent de pr\u00e9senter les fondements de la pratique. Cependant, ni les uns ni les autres ne parviennent \u00e0 repr\u00e9senter correctement le Parkour, leur regard sur la pratique \u00e9tant au final assez superficiel.<\/p>\n<p style=\"text-align: left\" align=\"justify\">L\u2019interview d\u2019un petit groupe de traceurs (1) \u00e0 permis d\u2019obtenir un point de vue plus pr\u00e9cis sur ce que repr\u00e9sente la discipline, sur ses enjeux et son interaction avec le monde qui nous entoure. En effet, ces \u00e9changes montrent des personnes pratiquant les bases de la discipline depuis leur plus jeune \u00e2ge, \u00e0 la recherche d&rsquo;une meilleure interaction entre leur corps, leur esprit et leur environnement. Ce sont des sportifs qui s\u2019entra\u00eenent quotidiennement et collectivement dans des lieux s\u00e9curis\u00e9s. Les pratiquants apprennent ainsi \u00e0 comprendre leur environnement : ils sont curieux et veulent conna\u00eetre le patrimoine qu\u2019ils utilisent, franchissent.<\/p>\n<p style=\"text-align: left\" align=\"justify\">Enfin, le Parkour, dans une ville telle qu\u2019Albi, prot\u00e9g\u00e9e par<a href=\"https:\/\/www.albi-tourisme.fr\/fr\/decouvrir\/patrimoine-mondial.html\"> l\u2019Unesco<\/a> depuis juillet 2010, demande une int\u00e9gration particuli\u00e8re de la pratique, puisque \u00e9voluant dans un patrimoine urbain particulier.<br \/>\nApparaissent alors depuis peu, des espaces et des monuments d\u00e9di\u00e9s aux pratiques urbaines, tel que le Parkour.<br \/>\nEn effet, le <a href=\"http:\/\/www.mairie-albi.fr\/le-carr%C3%A9-public\">Carr\u00e9 Public<\/a>, finalis\u00e9 au d\u00e9but de l\u2019ann\u00e9e 2017, est un lieu s\u00e9curisant les pratiques extr\u00eames et urbaines au c\u0153ur de la ville. Albi prend donc ce sport nouveau \u00e0 c\u0153ur, au point de lui d\u00e9dier un espace au sein de son patrimoine urbain, mondialement connu.<br \/>\nPar ailleurs, la ville d\u2019Albi organise \u00e9galement un <a href=\"http:\/\/entretarnetdadou.fr\/albi-urban-festival-du-25-au-2708\/\"> Urban festival<\/a>, qui r\u00e9unit un grand nombre de pratiquants de diverses activit\u00e9s, comme le BMX, le skateboard ou encore le Parkour, permettant ainsi de faire d\u00e9couvrir l\u2019art des traceurs au public albigeois.<\/p>\n<p style=\"text-align: left\" align=\"justify\">Le Parkour s&rsquo;impose comme une nouvelle vision du patrimoine : les \u00e9difices ne sont plus simplement d\u00e9coratifs, mais deviennent pleinement utilisables. C&rsquo;est aussi une pratique qui permet un travail sur soi-m\u00eame pour franchir les diff\u00e9rents obstacles (de la vie).<\/p>\n<p style=\"text-align: left\" align=\"justify\">(1) Un traceur, d&rsquo;apr\u00e8s la traduction du site<a href=\"https:\/\/www.urbandictionary.com\/define.php?term=traceur\"> Urban dictionnary<\/a>, est un pratiquant de la discipline sportive et artistique qu&rsquo;est le parkour. Il a de bonnes aptitudes en course et en saut. Souvent, il est capable de r\u00e9aliser des performances acrobatiques techniques, bien que le propre de sa pratique ne r\u00e9side pas en ce point.<\/p>\n","protected":false},"excerpt":{"rendered":"<p>\u00ab \u00catre pour durer\u00a0\u00bb tel est l\u2019une des principales devises du Parkour. L\u2019objectif premier de la pratique est donc une recherche de soi pour \u00ab\u00a0\u00eatre\u00a0\u00bb et un perfectionnement physique pour \u00ab\u00a0durer\u00a0\u00bb. La finalit\u00e9 de la discipline est de se d\u00e9placer d\u2019un point A \u00e0 un point B de la mani\u00e8re la plus simple, rapide et &hellip; <\/p>\n<p class=\"link-more\"><a href=\"https:\/\/blogs.univ-jfc.fr\/vphn\/art-de-vivre-et-societe\/le-parkour-2017\/\" class=\"more-link\">Continuer la lecture<span class=\"screen-reader-text\"> de &laquo;&nbsp;Le Parkour [2017]&nbsp;&raquo;<\/span><\/a><\/p>\n","protected":false},"author":271,"featured_media":0,"parent":39,"menu_order":0,"comment_status":"closed","ping_status":"closed","template":"","meta":[],"_links":{"self":[{"href":"https:\/\/blogs.univ-jfc.fr\/vphn\/wp-json\/wp\/v2\/pages\/252"}],"collection":[{"href":"https:\/\/blogs.univ-jfc.fr\/vphn\/wp-json\/wp\/v2\/pages"}],"about":[{"href":"https:\/\/blogs.univ-jfc.fr\/vphn\/wp-json\/wp\/v2\/types\/page"}],"author":[{"embeddable":true,"href":"https:\/\/blogs.univ-jfc.fr\/vphn\/wp-json\/wp\/v2\/users\/271"}],"replies":[{"embeddable":true,"href":"https:\/\/blogs.univ-jfc.fr\/vphn\/wp-json\/wp\/v2\/comments?post=252"}],"version-history":[{"count":17,"href":"https:\/\/blogs.univ-jfc.fr\/vphn\/wp-json\/wp\/v2\/pages\/252\/revisions"}],"predecessor-version":[{"id":2487,"href":"https:\/\/blogs.univ-jfc.fr\/vphn\/wp-json\/wp\/v2\/pages\/252\/revisions\/2487"}],"up":[{"embeddable":true,"href":"https:\/\/blogs.univ-jfc.fr\/vphn\/wp-json\/wp\/v2\/pages\/39"}],"wp:attachment":[{"href":"https:\/\/blogs.univ-jfc.fr\/vphn\/wp-json\/wp\/v2\/media?parent=252"}],"curies":[{"name":"wp","href":"https:\/\/api.w.org\/{rel}","templated":true}]}}