{"id":2543,"date":"2019-01-24T12:20:52","date_gmt":"2019-01-24T11:20:52","guid":{"rendered":"http:\/\/blogs.univ-jfc.fr\/vphn\/?page_id=2543"},"modified":"2019-01-31T11:52:27","modified_gmt":"2019-01-31T10:52:27","slug":"compagnies-de-travailleurs-etrangers-cte","status":"publish","type":"page","link":"https:\/\/blogs.univ-jfc.fr\/vphn\/projets-specifiques\/projet-septfonds-2018-2019\/une-habitante-du-village-suzanne\/compagnies-de-travailleurs-etrangers-cte\/","title":{"rendered":"Compagnies de travailleurs \u00e9trangers (CTE)"},"content":{"rendered":"<p align=\"justify\"><span style=\"font-size: medium\">Les Compagnies de travailleurs \u00e9trangers sont cr\u00e9\u00e9es le 12 avril 1939 sous le gouvernement Daladier. Elles sont plac\u00e9es sous le commandement du minist\u00e8re de la guerre. Elles sont cr\u00e9\u00e9es dans le climat de pr\u00e9paration pour une guerre imminente. Les \u00e9trangers ayant le droit d\u2019asile peuvent choisir de participer \u00e0 la d\u00e9fense nationale et s\u2019enr\u00f4ler dans ces compagnies. <\/span><\/p>\n<p align=\"justify\"><span style=\"font-size: medium\">Suite \u00e0 la p\u00e9nurie de main d\u2019\u0153uvre r\u00e9sultant de la mobilisation des Fran\u00e7ais, des structures d\u2019encadrement militaris\u00e9es sont mises en place qui rassemblent des r\u00e9publicains espagnols affect\u00e9s \u00e0 des t\u00e2ches relevant de la D\u00e9fense nationale. Ce sont les compagnies de travailleurs \u00e9trangers. <\/span><span style=\"font-size: medium\">L\u2019objectif est de fournir de la main d\u2019\u0153uvre pour les travaux agricoles, forestiers et industriels.<\/span><\/p>\n<p align=\"justify\">A partir de septembre 1940, le R\u00e9gime de Vichy cr\u00e9er des groupements de travailleurs \u00e9trangers. Les \u00e9trangers sont alors oblig\u00e9s de travailler comme main d\u2019\u0153uvre pour la France.<\/p>\n","protected":false},"excerpt":{"rendered":"<p>Les Compagnies de travailleurs \u00e9trangers sont cr\u00e9\u00e9es le 12 avril 1939 sous le gouvernement Daladier. Elles sont plac\u00e9es sous le commandement du minist\u00e8re de la guerre. Elles sont cr\u00e9\u00e9es dans le climat de pr\u00e9paration pour une guerre imminente. Les \u00e9trangers ayant le droit d\u2019asile peuvent choisir de participer \u00e0 la d\u00e9fense nationale et s\u2019enr\u00f4ler dans &hellip; <\/p>\n<p class=\"link-more\"><a href=\"https:\/\/blogs.univ-jfc.fr\/vphn\/projets-specifiques\/projet-septfonds-2018-2019\/une-habitante-du-village-suzanne\/compagnies-de-travailleurs-etrangers-cte\/\" class=\"more-link\">Continuer la lecture<span class=\"screen-reader-text\"> de &laquo;&nbsp;Compagnies de travailleurs \u00e9trangers (CTE)&nbsp;&raquo;<\/span><\/a><\/p>\n","protected":false},"author":496,"featured_media":0,"parent":2194,"menu_order":1,"comment_status":"closed","ping_status":"closed","template":"","meta":[],"_links":{"self":[{"href":"https:\/\/blogs.univ-jfc.fr\/vphn\/wp-json\/wp\/v2\/pages\/2543"}],"collection":[{"href":"https:\/\/blogs.univ-jfc.fr\/vphn\/wp-json\/wp\/v2\/pages"}],"about":[{"href":"https:\/\/blogs.univ-jfc.fr\/vphn\/wp-json\/wp\/v2\/types\/page"}],"author":[{"embeddable":true,"href":"https:\/\/blogs.univ-jfc.fr\/vphn\/wp-json\/wp\/v2\/users\/496"}],"replies":[{"embeddable":true,"href":"https:\/\/blogs.univ-jfc.fr\/vphn\/wp-json\/wp\/v2\/comments?post=2543"}],"version-history":[{"count":8,"href":"https:\/\/blogs.univ-jfc.fr\/vphn\/wp-json\/wp\/v2\/pages\/2543\/revisions"}],"predecessor-version":[{"id":5188,"href":"https:\/\/blogs.univ-jfc.fr\/vphn\/wp-json\/wp\/v2\/pages\/2543\/revisions\/5188"}],"up":[{"embeddable":true,"href":"https:\/\/blogs.univ-jfc.fr\/vphn\/wp-json\/wp\/v2\/pages\/2194"}],"wp:attachment":[{"href":"https:\/\/blogs.univ-jfc.fr\/vphn\/wp-json\/wp\/v2\/media?parent=2543"}],"curies":[{"name":"wp","href":"https:\/\/api.w.org\/{rel}","templated":true}]}}