{"id":2559,"date":"2019-01-24T12:26:35","date_gmt":"2019-01-24T11:26:35","guid":{"rendered":"http:\/\/blogs.univ-jfc.fr\/vphn\/?page_id=2559"},"modified":"2019-01-24T12:27:04","modified_gmt":"2019-01-24T11:27:04","slug":"lanchluss","status":"publish","type":"page","link":"https:\/\/blogs.univ-jfc.fr\/vphn\/projets-specifiques\/projet-septfonds-2018-2019\/une-jeune-fille-autrichienne-dorigine-juive-sophia\/lanchluss\/","title":{"rendered":"L&rsquo;Anchluss"},"content":{"rendered":"<p>Hitler cherche \u00e0 annexer l\u2019Autriche \u00e0 l\u2019Allemagne pour concr\u00e9tiser son projet de Grande Allemagne qu&rsquo;il avait d\u00e9j\u00e0 cherch\u00e9 \u00e0 mettre en place en 1934. Il commence tout d&rsquo;abord par convoquer le chancelier autrichien pour lui ordonner d&rsquo;accepter comme ministre de l&rsquo;Int\u00e9rieur le chef du parti nazi autrichien. Celui-ci devient ensuite le ma\u00eetre de la police. Il en profite pour organiser des manifestations favorables au rattachement de l&rsquo;Autriche \u00e0 l&rsquo;Allemagne. Quant au chancelier autrichien, il organise le 9 mars un pl\u00e9biscite pour que le peuple d\u00e9cide si l&rsquo;Autriche doit rester ind\u00e9pendante. Mais le 11 mars, le chancelier doit renoncer \u00e0 son pl\u00e9biscite alors que les forces allemandes sont \u00e0 la fronti\u00e8re du pays. Le lendemain, l&rsquo;Autriche est occup\u00e9e par la Wehrmacht et l&rsquo;union austro-allemande est proclam\u00e9e le 13 mars 1938.<\/p>\n","protected":false},"excerpt":{"rendered":"<p>Hitler cherche \u00e0 annexer l\u2019Autriche \u00e0 l\u2019Allemagne pour concr\u00e9tiser son projet de Grande Allemagne qu&rsquo;il avait d\u00e9j\u00e0 cherch\u00e9 \u00e0 mettre en place en 1934. Il commence tout d&rsquo;abord par convoquer le chancelier autrichien pour lui ordonner d&rsquo;accepter comme ministre de l&rsquo;Int\u00e9rieur le chef du parti nazi autrichien. Celui-ci devient ensuite le ma\u00eetre de la police. &hellip; <\/p>\n<p class=\"link-more\"><a href=\"https:\/\/blogs.univ-jfc.fr\/vphn\/projets-specifiques\/projet-septfonds-2018-2019\/une-jeune-fille-autrichienne-dorigine-juive-sophia\/lanchluss\/\" class=\"more-link\">Continuer la lecture<span class=\"screen-reader-text\"> de &laquo;&nbsp;L&rsquo;Anchluss&nbsp;&raquo;<\/span><\/a><\/p>\n","protected":false},"author":576,"featured_media":0,"parent":2196,"menu_order":0,"comment_status":"closed","ping_status":"closed","template":"","meta":[],"_links":{"self":[{"href":"https:\/\/blogs.univ-jfc.fr\/vphn\/wp-json\/wp\/v2\/pages\/2559"}],"collection":[{"href":"https:\/\/blogs.univ-jfc.fr\/vphn\/wp-json\/wp\/v2\/pages"}],"about":[{"href":"https:\/\/blogs.univ-jfc.fr\/vphn\/wp-json\/wp\/v2\/types\/page"}],"author":[{"embeddable":true,"href":"https:\/\/blogs.univ-jfc.fr\/vphn\/wp-json\/wp\/v2\/users\/576"}],"replies":[{"embeddable":true,"href":"https:\/\/blogs.univ-jfc.fr\/vphn\/wp-json\/wp\/v2\/comments?post=2559"}],"version-history":[{"count":1,"href":"https:\/\/blogs.univ-jfc.fr\/vphn\/wp-json\/wp\/v2\/pages\/2559\/revisions"}],"predecessor-version":[{"id":2567,"href":"https:\/\/blogs.univ-jfc.fr\/vphn\/wp-json\/wp\/v2\/pages\/2559\/revisions\/2567"}],"up":[{"embeddable":true,"href":"https:\/\/blogs.univ-jfc.fr\/vphn\/wp-json\/wp\/v2\/pages\/2196"}],"wp:attachment":[{"href":"https:\/\/blogs.univ-jfc.fr\/vphn\/wp-json\/wp\/v2\/media?parent=2559"}],"curies":[{"name":"wp","href":"https:\/\/api.w.org\/{rel}","templated":true}]}}