{"id":2579,"date":"2019-01-24T12:30:26","date_gmt":"2019-01-24T11:30:26","guid":{"rendered":"http:\/\/blogs.univ-jfc.fr\/vphn\/?page_id=2579"},"modified":"2019-01-24T12:30:26","modified_gmt":"2019-01-24T11:30:26","slug":"la-villa-helvetia","status":"publish","type":"page","link":"https:\/\/blogs.univ-jfc.fr\/vphn\/projets-specifiques\/projet-septfonds-2018-2019\/une-jeune-fille-autrichienne-dorigine-juive-sophia\/la-villa-helvetia\/","title":{"rendered":"La Villa Helvetia"},"content":{"rendered":"<p>La villa Helvetia fait partie des quatre maisons cr\u00e9\u00e9es par l&rsquo;OSE (L\u2019\u0152uvre de Secours aux Enfants, n\u00e9e en 1912 \u00e0 Saint-P\u00e9tersbourg pour prot\u00e9ger, nourrir et soutenir les enfants juifs victimes de pers\u00e9cution et de pauvret\u00e9) en 1935 pour les enfants de juifs immigr\u00e9s. L&rsquo;OSE souhaite continuer leur \u00e9ducation et aussi r\u00e9parer les troubles que le traumatisme de l&rsquo;exil et les pers\u00e9cutions envers les juifs en France ont pu causer sur ces enfants.<\/p>\n<p>La maison de Montmorency est sous la direction de Ernst Papanek, membre de la Jeunesse ouvri\u00e8re socialistes de l&rsquo;Allemagne-Autriche. Il exp\u00e9rimente ses m\u00e9thodes d&rsquo;\u00e9ducation nouvelle. Papanek poss\u00e9dait trois maisons qui accueillaient 283 enfants en tout. Les objectifs de Ernst Papanek \u00e9taient de cr\u00e9er une communaut\u00e9 pour les enfants. Il les faisait participer \u00e0 l&rsquo;administration en triant des papiers et \u00eatre autonomes dans les recherches.<\/p>\n","protected":false},"excerpt":{"rendered":"<p>La villa Helvetia fait partie des quatre maisons cr\u00e9\u00e9es par l&rsquo;OSE (L\u2019\u0152uvre de Secours aux Enfants, n\u00e9e en 1912 \u00e0 Saint-P\u00e9tersbourg pour prot\u00e9ger, nourrir et soutenir les enfants juifs victimes de pers\u00e9cution et de pauvret\u00e9) en 1935 pour les enfants de juifs immigr\u00e9s. L&rsquo;OSE souhaite continuer leur \u00e9ducation et aussi r\u00e9parer les troubles que le &hellip; <\/p>\n<p class=\"link-more\"><a href=\"https:\/\/blogs.univ-jfc.fr\/vphn\/projets-specifiques\/projet-septfonds-2018-2019\/une-jeune-fille-autrichienne-dorigine-juive-sophia\/la-villa-helvetia\/\" class=\"more-link\">Continuer la lecture<span class=\"screen-reader-text\"> de &laquo;&nbsp;La Villa Helvetia&nbsp;&raquo;<\/span><\/a><\/p>\n","protected":false},"author":576,"featured_media":0,"parent":2196,"menu_order":0,"comment_status":"closed","ping_status":"closed","template":"","meta":[],"_links":{"self":[{"href":"https:\/\/blogs.univ-jfc.fr\/vphn\/wp-json\/wp\/v2\/pages\/2579"}],"collection":[{"href":"https:\/\/blogs.univ-jfc.fr\/vphn\/wp-json\/wp\/v2\/pages"}],"about":[{"href":"https:\/\/blogs.univ-jfc.fr\/vphn\/wp-json\/wp\/v2\/types\/page"}],"author":[{"embeddable":true,"href":"https:\/\/blogs.univ-jfc.fr\/vphn\/wp-json\/wp\/v2\/users\/576"}],"replies":[{"embeddable":true,"href":"https:\/\/blogs.univ-jfc.fr\/vphn\/wp-json\/wp\/v2\/comments?post=2579"}],"version-history":[{"count":1,"href":"https:\/\/blogs.univ-jfc.fr\/vphn\/wp-json\/wp\/v2\/pages\/2579\/revisions"}],"predecessor-version":[{"id":2588,"href":"https:\/\/blogs.univ-jfc.fr\/vphn\/wp-json\/wp\/v2\/pages\/2579\/revisions\/2588"}],"up":[{"embeddable":true,"href":"https:\/\/blogs.univ-jfc.fr\/vphn\/wp-json\/wp\/v2\/pages\/2196"}],"wp:attachment":[{"href":"https:\/\/blogs.univ-jfc.fr\/vphn\/wp-json\/wp\/v2\/media?parent=2579"}],"curies":[{"name":"wp","href":"https:\/\/api.w.org\/{rel}","templated":true}]}}