{"id":259,"date":"2018-01-18T11:45:00","date_gmt":"2018-01-18T10:45:00","guid":{"rendered":"http:\/\/blogs.univ-jfc.fr\/vphn\/?page_id=259"},"modified":"2019-03-08T17:34:08","modified_gmt":"2019-03-08T16:34:08","slug":"lapogee-de-lindustrialisation-a-graulhet-2017","status":"publish","type":"page","link":"https:\/\/blogs.univ-jfc.fr\/vphn\/patrimoine-immateriel\/lapogee-de-lindustrialisation-a-graulhet-2017\/","title":{"rendered":"L&rsquo;apog\u00e9e de l&rsquo;industrialisation \u00e0 Graulhet [2017]"},"content":{"rendered":"<p align=\"justify\">A l&rsquo;aube de la R\u00e9volution, Graulhet se d\u00e9veloppe gr\u00e2ce \u00e0 l&rsquo;industrie de la chapellerie et de la tannerie. La plupart des citoyens graulh\u00e9tois exercent alors une activit\u00e9 artisanale de travail du cuir. L&rsquo;industrie de la ville prosp\u00e8re jusqu&rsquo;\u00e0 la fin du XIXe si\u00e8cle, puis entre en crise du fait de la m\u00e9canisation de l&rsquo;activit\u00e9. Les activit\u00e9s de m\u00e9gisserie se d\u00e9veloppent alors dans Graulhet gr\u00e2ce \u00e0 la proximit\u00e9 de Mazamet, qui exploite la laine de mouton et vend les peaux en cuir aux ateliers m\u00e9gissier de Graulhet. Avec ses 150 usines, cette petite ville prosp\u00e8re participe \u00e0 la richesse industriel du Tarn et se place comme l&rsquo;une des capitales mondiales du cuir. Comment l&rsquo;industrialisation du cuir a-t-elle fa\u00e7onn\u00e9 l&rsquo;histoire politique, \u00e9conomique et sociale de Graulhet ? Nous verrons que cette industrialisation a fortement marqu\u00e9 la vie graulh\u00e9toise, puis nous nous int\u00e9resserons \u00e0 son expansion durant son \u00e2ge d&rsquo;or.<\/p>\n<p align=\"justify\">La forte industrialisation de Graulhet \u00e0 la fin du XIXe si\u00e8cle a profond\u00e9ment chang\u00e9 la vie de ses habitants. Du fait de la pr\u00e9sence d&rsquo;une main d\u2019\u0153uvre d\u00e9j\u00e0 form\u00e9e aux diff\u00e9rents secteurs du travail du cuir, de nombreux petits patrons ont install\u00e9 leur m\u00e9gisserie \u00e0 Graulhet. Le nombre d&rsquo;ouvriers ne cesse d&rsquo;augmenter dans la ville, ce qui modifie la structure sociale et permet l&rsquo;apparition d&rsquo;une identit\u00e9 ouvri\u00e8re. Les petites entreprises laissent place aux grandes de plusieurs centaines d&rsquo;ouvriers. Les patrons font la course aux profits et \u00e0 la productivit\u00e9, tandis que les ouvriers prennent conscience de leurs droits et s&rsquo;unissent pour les d\u00e9fendre. Graulhet conna\u00eet ainsi une forte syndicalisation : le premier syndicat appara\u00eet en 1880, donc avant la loi autorisant les syndicats en France, datant de 1884. Les syndicats ouvriers sont tr\u00e8s r\u00e9volutionnaires et font de la propagande politique socialiste. En 1900, tous les ouvriers sont syndiqu\u00e9s \u00e0 Graulhet.<\/p>\n<p align=\"justify\">Entre 1880 et 1910 Graulhet conna\u00eet donc un syndicalisme de masse. Ces syndicats sont tr\u00e8s actifs puisqu&rsquo;ils vont organiser plus de 13 gr\u00e8ves, dont la plus grande reste un \u00e9pisode majeur dans l&rsquo;histoire de Graulhet. <a href=\"http:\/\/natifs50-graulhet.wifeo.com\/greve-1909-1910.php\">La Grande Gr\u00e8ve <\/a>dura 147 jours, de 1909 \u00e0 1910, mobilisant la totalit\u00e9 des ouvriers, soit 1800 gr\u00e9vistes. Apr\u00e8s une bonne production sur l&rsquo;ann\u00e9e 1909, les syndicats encouragent les gr\u00e9vistes \u00e0 demander de meilleurs salaires, mais suite au refus des patrons la gr\u00e8ve d\u00e9bute. Les enfants des gr\u00e9vistes sont envoy\u00e9s dans des familles dans des villes voisines pour maintenir en gr\u00e8ve le plus d&rsquo;ouvriers ; cependant le froid et la faim finissent par faire c\u00e9der les gr\u00e9vistes. Face \u00e0 cet \u00e9chec, les syndicats perdent une partie de leur cr\u00e9dibilit\u00e9 et d\u00e8s 1910 Graulhet ne conna\u00eet plus le syndicalisme de masse.<\/p>\n<p align=\"justify\">Ces perturbations politiques portent un grand coup \u00e0 l&rsquo;industrie du cuir. Elle conna\u00eet cependant un renouveau lors de la Grande Guerre de 1914-1918 avec la fabrication de chasubles pour les soldats fran\u00e7ais. Apr\u00e8s avoir \u00e9quip\u00e9 l&rsquo;aviation militaire durant la guerre, les cuirs de Graulhet servent \u00e0 \u00e9quiper les aviateurs civils, avec notamment le c\u00e9l\u00e8bre \u00ab raglan \u00bb pour les pilotes. D&rsquo;autres secteurs s&rsquo;int\u00e9ressent alors au savoir de ces m\u00e9gissiers : en 1930, les sapeurs-pompiers de Paris s&rsquo;\u00e9quipent de vestes en cuir de Graulhet. La production est alors de plus en plus forte pour des clients nombreux et diversifi\u00e9s. En 1930, l&rsquo;industrie du cuir occupe toujours une place centrale \u00e0 Graulhet, avec 95 m\u00e9gisseries et 3500 ouvriers.<\/p>\n<p align=\"justify\">La Seconde Guerre Mondiale marque v\u00e9ritablement l&rsquo;\u00e2ge d&rsquo;or de l&rsquo;industrie graulh\u00e9toise : les usines tournent alors \u00e0 plein r\u00e9gime et les ouvriers peinent \u00e0 satisfaire la demande. Les c\u00e9l\u00e8bres vestes de char mod\u00e8le 39 sont ainsi confectionn\u00e9es en plusieurs milliers d&rsquo;exemplaires. Sur une photo, le colonel Charles De Gaulle appara\u00eet dans une tenue produite \u00e0 Graulhet devant son r\u00e9giment de chars. Les m\u00e9gissiers fabriquent \u00e9galement de grandes quantit\u00e9s de chapes pour les soldats.<\/p>\n<p align=\"justify\">L&rsquo;apr\u00e8s-guerre est \u00e9galement une p\u00e9riode faste pour l&rsquo;industrie du cuir. Graulhet compte d\u00e9sormais plus de cent m\u00e9gisseries, qui regroupent plus de 4000 ouvriers et r\u00e9alisent un chiffre d&rsquo;affaire de plus de 500 millions de francs. Durant les \u00ab Trente Glorieuses \u00bb, les ouvriers se tournent vers d&rsquo;autres secteurs d&rsquo;activit\u00e9s moins fatiguants et se d\u00e9tournent des t\u00e2ches les plus dures. Pour pallier cette situation, les patrons engagent alors des travailleurs immigr\u00e9s : Graulhet accueille alors de nombreuses familles aux origines vari\u00e9es, qui sont log\u00e9es dans des HLM construits en p\u00e9riph\u00e9rie de la ville. Cet \u00e9v\u00e9nement marque \u00e9galement l&rsquo;apparition des multiples formes de x\u00e9nophobie et de racisme dans la vie graulh\u00e9toise.<\/p>\n<p align=\"justify\">L&rsquo;apog\u00e9e \u00e9conomique de Graulhet est atteinte en 1974 : les m\u00e9gisseries tournent alors \u00e0 plein r\u00e9gime et la population de la ville s&rsquo;\u00e9l\u00e8ve \u00e0 14 000 habitants. Mais avec l&rsquo;entr\u00e9e en concurrence de pays tels que le Pakistan, l&rsquo;Inde ou la Chine, <a href=\"https:\/\/www.boreally.org\/industrie-abandon\/tanneries-graulhet\/\">la production graulh\u00e9toise s&rsquo;effondre rapidement <\/a>et les usines ferment les unes apr\u00e8s les autres. Depuis 2010, on ne compte plus que douze m\u00e9gisseries n&#8217;employant plus que 180 personnes. Cette activit\u00e9 a su survivre dans le Tarn et repr\u00e9sente encore aujourd&rsquo;hui un quart de la production fran\u00e7aise de cuir.<\/p>\n<p align=\"justify\">L&rsquo;industrie du cuir a profond\u00e9ment marqu\u00e9 la vie graulh\u00e9toise et son histoire, tant sur le plan politique, \u00e0 travers les syndicats au d\u00e9but du XXe si\u00e8cle, que sur le plan social avec les travailleurs immigr\u00e9s. Si l&rsquo;industrie de Graulhet a connu son apog\u00e9e gr\u00e2ce aux deux guerres mondiales, elle a connu son d\u00e9clin avec l&rsquo;ouverture \u00e0 la concurrence du march\u00e9 international. Aujourd&rsquo;hui les m\u00e9gisseries ne constituent plus le principal secteur \u00e9conomique de la ville ; pour autant, la production de cuir n&rsquo;a pas disparu.<\/p>\n<figure style=\"width: 472px\" class=\"wp-caption alignnone\"><img loading=\"lazy\" class=\"\" src=\"http:\/\/ekladata.com\/I_jlVUOL5i0qR4zt9PKrjWDy6QE.jpg\" alt=\"http:\/\/ekladata.com\/I_jlVUOL5i0qR4zt9PKrjWDy6QE.jpg\" width=\"472\" height=\"303\" \/><figcaption class=\"wp-caption-text\"><a href=\"http:\/\/ekladata.com\/I_jlVUOL5i0qR4zt9PKrjWDy6QE.jpg\">M\u00e9gisserie <\/a>fabricant des tenues en cuir<\/figcaption><\/figure>\n<p>&nbsp;<\/p>\n","protected":false},"excerpt":{"rendered":"<p>A l&rsquo;aube de la R\u00e9volution, Graulhet se d\u00e9veloppe gr\u00e2ce \u00e0 l&rsquo;industrie de la chapellerie et de la tannerie. La plupart des citoyens graulh\u00e9tois exercent alors une activit\u00e9 artisanale de travail du cuir. L&rsquo;industrie de la ville prosp\u00e8re jusqu&rsquo;\u00e0 la fin du XIXe si\u00e8cle, puis entre en crise du fait de la m\u00e9canisation de l&rsquo;activit\u00e9. Les &hellip; <\/p>\n<p class=\"link-more\"><a href=\"https:\/\/blogs.univ-jfc.fr\/vphn\/patrimoine-immateriel\/lapogee-de-lindustrialisation-a-graulhet-2017\/\" class=\"more-link\">Continuer la lecture<span class=\"screen-reader-text\"> de &laquo;&nbsp;L&rsquo;apog\u00e9e de l&rsquo;industrialisation \u00e0 Graulhet [2017]&nbsp;&raquo;<\/span><\/a><\/p>\n","protected":false},"author":442,"featured_media":0,"parent":33,"menu_order":0,"comment_status":"closed","ping_status":"closed","template":"","meta":[],"_links":{"self":[{"href":"https:\/\/blogs.univ-jfc.fr\/vphn\/wp-json\/wp\/v2\/pages\/259"}],"collection":[{"href":"https:\/\/blogs.univ-jfc.fr\/vphn\/wp-json\/wp\/v2\/pages"}],"about":[{"href":"https:\/\/blogs.univ-jfc.fr\/vphn\/wp-json\/wp\/v2\/types\/page"}],"author":[{"embeddable":true,"href":"https:\/\/blogs.univ-jfc.fr\/vphn\/wp-json\/wp\/v2\/users\/442"}],"replies":[{"embeddable":true,"href":"https:\/\/blogs.univ-jfc.fr\/vphn\/wp-json\/wp\/v2\/comments?post=259"}],"version-history":[{"count":13,"href":"https:\/\/blogs.univ-jfc.fr\/vphn\/wp-json\/wp\/v2\/pages\/259\/revisions"}],"predecessor-version":[{"id":5035,"href":"https:\/\/blogs.univ-jfc.fr\/vphn\/wp-json\/wp\/v2\/pages\/259\/revisions\/5035"}],"up":[{"embeddable":true,"href":"https:\/\/blogs.univ-jfc.fr\/vphn\/wp-json\/wp\/v2\/pages\/33"}],"wp:attachment":[{"href":"https:\/\/blogs.univ-jfc.fr\/vphn\/wp-json\/wp\/v2\/media?parent=259"}],"curies":[{"name":"wp","href":"https:\/\/api.w.org\/{rel}","templated":true}]}}