{"id":2631,"date":"2019-01-31T14:15:09","date_gmt":"2019-01-31T13:15:09","guid":{"rendered":"http:\/\/blogs.univ-jfc.fr\/vphn\/?page_id=2631"},"modified":"2019-05-07T11:47:38","modified_gmt":"2019-05-07T09:47:38","slug":"lexploitation-miniere-du-bassin-decazevillois-milieu-xixe-debut-xxe-2018","status":"publish","type":"page","link":"https:\/\/blogs.univ-jfc.fr\/vphn\/histoire-locale\/lexploitation-miniere-du-bassin-decazevillois-milieu-xixe-debut-xxe-2018\/","title":{"rendered":"L&rsquo;exploitation mini\u00e8re du bassin decazevillois (milieu XIXe-d\u00e9but XXe) [2018]"},"content":{"rendered":"<p align=\"justify\">Au d\u00e9but du XIXe si\u00e8cle, le monde rural fran\u00e7ais bascule vers l\u2019industrie, c&rsquo;est la R\u00e9volution Industrielle. C\u2019est en 1827 que le Duc de Decazes, met en place l&rsquo;exploitation mini\u00e8re au sein du bassin de Decazeville, la \u00ab\u00a0Soci\u00e9t\u00e9 des Houill\u00e8res et Fonderies de l\u2019Aveyron\u00a0\u00bb . Au fur et \u00e0 mesure la ville se d\u00e9veloppe autour de l\u2019activit\u00e9 mini\u00e8re en perp\u00e9tuelle \u00e9volution jusqu&rsquo;\u00e0 prendre le nom de Decazeville en 1829.<\/p>\n<h1>L\u2019expansion du bassin<\/h1>\n<p align=\"justify\">Cette expansion est possible gr\u00e2ce \u00e0 de nouvelles m\u00e9thodes d&rsquo;acheminement. En 1842, le vote de la \u00ab\u00a0Grande Charte\u00a0\u00bb sur les chemins de fer signifie que l\u2019\u00c9tat prend en charge toutes les infrastructures li\u00e9es au chemin de fer. Cette r\u00e9forme am\u00e8ne \u00e0 un d\u00e9veloppement massif du chemin de fer. De 1852 \u00e0 1856, c&rsquo;est la construction de la voie ferr\u00e9e qui traverse le vallon de Marcillac jusqu&rsquo;\u00e0 Decazeville. Le duc Decazes et l&rsquo;ing\u00e9nieur Cabrol ram\u00e8ne de l&rsquo;Angleterre, <a href=\"https:\/\/www.connaissancedesenergies.org\/quest-ce-que-le-coke-160118\">la technique du coke<\/a>\u00a0. La mise au point d&rsquo;un <a href=\"http:\/\/baguenaudes.net\/rouquayrols-sauvetage-en-mine\/\">appareil respiratoire <\/a>vers 1860 par un ing\u00e9nieur des mines de Decazeville, Rouquayrol, est d&rsquo;autant plus importante pour des sauvetages dans des mines enfum\u00e9es ou inond\u00e9es, notamment. En 1842, la \u00ab\u00a0Soci\u00e9t\u00e9 des Houill\u00e8res et Fonderies de l&rsquo;Aveyron\u00a0\u00bb est une des plus importantes usines sid\u00e9rurgiques de France. Le bassin peut tr\u00e8s vite diversifier ses activit\u00e9s sans pour autant faire de l&rsquo;importation de mati\u00e8res premi\u00e8res.<\/p>\n<figure id=\"attachment_3302\" aria-describedby=\"caption-attachment-3302\" style=\"width: 300px\" class=\"wp-caption aligncenter\"><img loading=\"lazy\" class=\"wp-image-3302 size-medium\" src=\"http:\/\/blogs.univ-jfc.fr\/vphn\/wp-content\/uploads\/sites\/65\/2019\/01\/800px-Decazeville_12-300x225.jpg\" alt=\"\" width=\"300\" height=\"225\" srcset=\"https:\/\/blogs.univ-jfc.fr\/vphn\/wp-content\/uploads\/sites\/65\/2019\/01\/800px-Decazeville_12-300x225.jpg 300w, https:\/\/blogs.univ-jfc.fr\/vphn\/wp-content\/uploads\/sites\/65\/2019\/01\/800px-Decazeville_12-768x576.jpg 768w, https:\/\/blogs.univ-jfc.fr\/vphn\/wp-content\/uploads\/sites\/65\/2019\/01\/800px-Decazeville_12.jpg 800w\" sizes=\"(max-width: 300px) 100vw, 300px\" \/><figcaption id=\"caption-attachment-3302\" class=\"wp-caption-text\">Decazeville poss\u00e8dait une des mines \u00e0 ciel ouvert les plus importantes de France. Source image : Wikipedia Photo prise par : Dr Brains<\/figcaption><\/figure>\n<h1>L&rsquo;activit\u00e9 mini\u00e8re de Decazeville en r\u00e9cession<\/h1>\n<p align=\"justify\">Pendant les premi\u00e8res ann\u00e9es de fonctionnement les mines de Decazeville ont connu une forte expansion mais des conditions telles que l&rsquo;isolement et le manque de main-d\u2019\u0153uvre \u00e9taient telles qu\u2019une rupture s\u2019av\u00e9rait \u00e9vidente, c\u2019est donc l\u2019arr\u00eat de certaines activit\u00e9s de la mine qui entra\u00eena une chute de la croissance. Pr\u00e8s du naufrage, <a href=\"http:\/\/www.vivreaupays.pro\/Zoomsur\/tabid\/74\/ProdID\/908\/Langauge\/fr-FR\/CatID\/6\/MINES_DE_DECAZEVILLE_AVEYRON.aspx\">la soci\u00e9t\u00e9 fut rachet\u00e9e par la famille Schneider, propri\u00e9taire du Creusot,<\/a> et prit le nom de Soci\u00e9t\u00e9 Nouvelle des Houill\u00e8res et Fonderies de l\u2019Aveyron, cela donna un second souffle \u00e0 Decazeville qui v\u00e9cut une autre p\u00e9riode de prosp\u00e9rit\u00e9.<\/p>\n<figure id=\"attachment_3699\" aria-describedby=\"caption-attachment-3699\" style=\"width: 300px\" class=\"wp-caption aligncenter\"><img loading=\"lazy\" class=\"wp-image-3699 size-medium\" src=\"http:\/\/blogs.univ-jfc.fr\/vphn\/wp-content\/uploads\/sites\/65\/2019\/01\/718px-Mine-charbon-300x250.jpg\" alt=\"\" width=\"300\" height=\"250\" srcset=\"https:\/\/blogs.univ-jfc.fr\/vphn\/wp-content\/uploads\/sites\/65\/2019\/01\/718px-Mine-charbon-300x250.jpg 300w, https:\/\/blogs.univ-jfc.fr\/vphn\/wp-content\/uploads\/sites\/65\/2019\/01\/718px-Mine-charbon.jpg 718w\" sizes=\"(max-width: 300px) 100vw, 300px\" \/><figcaption id=\"caption-attachment-3699\" class=\"wp-caption-text\">Gravure montrant le fonctionnement \u00e0 l&rsquo;int\u00e9rieur d&rsquo;une mine de charbon. Source : Livre de Pierre Foncin \u00ab\u00a0La deuxi\u00e8me ann\u00e9e de g\u00e9ographie\u00a0\u00bb<\/figcaption><\/figure>\n<p align=\"justify\">Bien qu\u2019abondante dans l\u2019Aveyron, la main-d\u2019\u0153uvre \u00e9tait majoritairement agricole et ne souhaitait pas travailler dans l\u2019industrie, obligeant ainsi l\u2019entreprise \u00e0 en faire venir \u00e0 des prix plus \u00e9lev\u00e9s que la main-d\u2019\u0153uvre locale, entra\u00eenant un accroissement du co\u00fbt de la main-d\u2019\u0153uvre dans le co\u00fbt de production.<\/p>\n<p align=\"justify\">D\u2019autres entreprises m\u00e9tallurgiques se d\u00e9veloppent qui ont une production \u00e0 peu pr\u00e8s similaire \u00e0 celle de Decazeville. Malgr\u00e9 sa croissance, Decazeville n\u2019\u00e9tait plus que la 8e entreprise sid\u00e9rurgique de France.<\/p>\n<h1>L&rsquo;industrie mini\u00e8re \u00e0 son apog\u00e9e<\/h1>\n<p align=\"justify\">La mine est en perp\u00e9tuelle \u00e9volution. En effet, celle-ci a \u00e9t\u00e9 l\u2019\u0153uvre de multiples m\u00e9tamorphoses. Premi\u00e8rement, \u00e0 Cransac, \u00ab\u00a0les aci\u00e9ries de France\u00a0\u00bb, n&rsquo;exploitent plus que du charbon. La \u00ab\u00a0Soci\u00e9t\u00e9 Nouvelle des Houill\u00e8res et Fonderie de l&rsquo;Aveyron\u00a0\u00bb quant \u00e0 elle, poss\u00e8de avec ses mines, une industrie en m\u00e9tallurgie en gestation. En 1886, ils se replient exclusivement sur la houille et le zinc. De nouveaux proc\u00e9d\u00e9s de fabrication de l&rsquo;acier voient le jour. En outre, le d\u00e9veloppement du convertisseur basique Thomas que l&rsquo;on adapte au four Martin, cela donne un \u00e9lan nouveau \u00e0 l&rsquo;industrie. Petit \u00e0 petit, l&rsquo;acier va remplacer le fer. <a href=\"https:\/\/fr.wikipedia.org\/wiki\/Soci%C3%A9t%C3%A9_de_Commentry,_Fourchambault_et_Decazeville\">Le rachat du bassin de Decazeville par la soci\u00e9t\u00e9 Commentry-Fourchambault,<\/a> permet l&rsquo;introduction de nouveaux proc\u00e9d\u00e9s de fabrication dans l&rsquo;industrie de l&rsquo;acier. Premi\u00e8rement, cela a rajeuni les hauts fourneaux, install\u00e9s entre 1895 et 1902.<\/p>\n<p align=\"justify\">En France, la crise m\u00e9tallurgique s\u2019att\u00e9nue. C&rsquo;est la reprise g\u00e9n\u00e9rale des industries qui s\u2019amorce. Ce d\u00e9veloppement peut \u00eatre expliqu\u00e9 par un contexte historique favorable \u00e0 cette expansion. Quand la guerre de 14\/18 \u00e9clate, les industries d&rsquo;armements tournent \u00e0 plein r\u00e9gime. Certaines industries m\u00e9tallurgiques se convertissent m\u00eame dans la fabrication d&rsquo;obus. La reprise tr\u00e8s nette de la production de houille atteint un record absolu de 938 951 tonnes en 1917.<\/p>\n<figure id=\"attachment_3305\" aria-describedby=\"caption-attachment-3305\" style=\"width: 800px\" class=\"wp-caption aligncenter\"><img loading=\"lazy\" class=\"wp-image-3305 size-full\" src=\"http:\/\/blogs.univ-jfc.fr\/vphn\/wp-content\/uploads\/sites\/65\/2019\/01\/800px-LAveyron_Decazeville_1918_Les_Usines_CPA.jpg\" alt=\"\" width=\"800\" height=\"513\" srcset=\"https:\/\/blogs.univ-jfc.fr\/vphn\/wp-content\/uploads\/sites\/65\/2019\/01\/800px-LAveyron_Decazeville_1918_Les_Usines_CPA.jpg 800w, https:\/\/blogs.univ-jfc.fr\/vphn\/wp-content\/uploads\/sites\/65\/2019\/01\/800px-LAveyron_Decazeville_1918_Les_Usines_CPA-300x192.jpg 300w, https:\/\/blogs.univ-jfc.fr\/vphn\/wp-content\/uploads\/sites\/65\/2019\/01\/800px-LAveyron_Decazeville_1918_Les_Usines_CPA-768x492.jpg 768w\" sizes=\"(max-width: 706px) 89vw, (max-width: 767px) 82vw, 740px\" \/><figcaption id=\"caption-attachment-3305\" class=\"wp-caption-text\">Carte postale montrant les usines de Decazeville en 1918, qui ont contribu\u00e9 \u00e0 l&rsquo;effort de guerre.<\/figcaption><\/figure>\n<p align=\"justify\">Face \u00e0 cette demande importante, les industries de Decazeville se fournissent directement aupr\u00e8s de la <a href=\"https:\/\/fr.wikipedia.org\/wiki\/Soci%C3%A9t%C3%A9_des_mines_et_fonderies_de_zinc_de_la_Vieille-Montagne\">\u00ab\u00a0Vieille Montagne\u00a0\u00bb<\/a>, qui apporte son zinc pour la fabrication des enveloppes de cartouches et de douilles. \u00c0 partir de 1914, le bassin conna\u00eet <a href=\"https:\/\/www.persee.fr\/doc\/rgpso_0035-3221_1975_num_46_2_3430\">une immigration massive<\/a> pour pallier le manque de main-d\u2019\u0153uvre suite au d\u00e9part de certains ouvriers pour le front. La plupart de ces migrants viennent du Portugal, d&rsquo;Espagne, certains de Pologne.<\/p>\n<p align=\"justify\">Pour conclure, les mines de Decazeville s&rsquo;inscrivent dans les mines fran\u00e7aises gr\u00e2ce \u00e0 sa localisation et sa g\u00e9ologie particuli\u00e8re. Ceci m\u00e8ne \u00e0 une diversification des activit\u00e9s et \u00e0 une croissance, malgr\u00e9 les nombreuses crises. Le bassin a toujours trouv\u00e9 un moyen de revenir dans la course mini\u00e8re que cela soit avec de nouvelles innovations, des rachats par de grands groupes ou bien avec l&rsquo;immigration massive.<\/p>\n<p align=\"justify\"><a href=\"http:\/\/blogs.univ-jfc.fr\/vphn\/bibliographie-lexploitation-miniere-dans-le-bassin-decazevillois-milieu-xixe-debut-xxe\/\">Pour en savoir plus<\/a><\/p>\n<p align=\"justify\">\n","protected":false},"excerpt":{"rendered":"<p>Au d\u00e9but du XIXe si\u00e8cle, le monde rural fran\u00e7ais bascule vers l\u2019industrie, c&rsquo;est la R\u00e9volution Industrielle. C\u2019est en 1827 que le Duc de Decazes, met en place l&rsquo;exploitation mini\u00e8re au sein du bassin de Decazeville, la \u00ab\u00a0Soci\u00e9t\u00e9 des Houill\u00e8res et Fonderies de l\u2019Aveyron\u00a0\u00bb . Au fur et \u00e0 mesure la ville se d\u00e9veloppe autour de &hellip; <\/p>\n<p class=\"link-more\"><a href=\"https:\/\/blogs.univ-jfc.fr\/vphn\/histoire-locale\/lexploitation-miniere-du-bassin-decazevillois-milieu-xixe-debut-xxe-2018\/\" class=\"more-link\">Continuer la lecture<span class=\"screen-reader-text\"> de &laquo;&nbsp;L&rsquo;exploitation mini\u00e8re du bassin decazevillois (milieu XIXe-d\u00e9but XXe) [2018]&nbsp;&raquo;<\/span><\/a><\/p>\n","protected":false},"author":419,"featured_media":0,"parent":1173,"menu_order":1,"comment_status":"closed","ping_status":"closed","template":"","meta":[],"_links":{"self":[{"href":"https:\/\/blogs.univ-jfc.fr\/vphn\/wp-json\/wp\/v2\/pages\/2631"}],"collection":[{"href":"https:\/\/blogs.univ-jfc.fr\/vphn\/wp-json\/wp\/v2\/pages"}],"about":[{"href":"https:\/\/blogs.univ-jfc.fr\/vphn\/wp-json\/wp\/v2\/types\/page"}],"author":[{"embeddable":true,"href":"https:\/\/blogs.univ-jfc.fr\/vphn\/wp-json\/wp\/v2\/users\/419"}],"replies":[{"embeddable":true,"href":"https:\/\/blogs.univ-jfc.fr\/vphn\/wp-json\/wp\/v2\/comments?post=2631"}],"version-history":[{"count":35,"href":"https:\/\/blogs.univ-jfc.fr\/vphn\/wp-json\/wp\/v2\/pages\/2631\/revisions"}],"predecessor-version":[{"id":5118,"href":"https:\/\/blogs.univ-jfc.fr\/vphn\/wp-json\/wp\/v2\/pages\/2631\/revisions\/5118"}],"up":[{"embeddable":true,"href":"https:\/\/blogs.univ-jfc.fr\/vphn\/wp-json\/wp\/v2\/pages\/1173"}],"wp:attachment":[{"href":"https:\/\/blogs.univ-jfc.fr\/vphn\/wp-json\/wp\/v2\/media?parent=2631"}],"curies":[{"name":"wp","href":"https:\/\/api.w.org\/{rel}","templated":true}]}}