{"id":2655,"date":"2019-01-28T19:42:37","date_gmt":"2019-01-28T18:42:37","guid":{"rendered":"http:\/\/blogs.univ-jfc.fr\/vphn\/?page_id=2655"},"modified":"2019-01-28T19:42:37","modified_gmt":"2019-01-28T18:42:37","slug":"bibliographie-lexploitation-miniere-dans-le-bassin-decazevillois-milieu-xixe-debut-xxe","status":"publish","type":"page","link":"https:\/\/blogs.univ-jfc.fr\/vphn\/bibliographie-lexploitation-miniere-dans-le-bassin-decazevillois-milieu-xixe-debut-xxe\/","title":{"rendered":"Bibliographie L&rsquo;exploitation mini\u00e8re dans le bassin decazevillois (milieu XIXe-d\u00e9but XXe)"},"content":{"rendered":"<p>Ouvrages g\u00e9n\u00e9raux :<\/p>\n<p>Dupuy A., Histoire chronologique de la civilisation occitane, Slatkine, Gen\u00e8ve, 1998.<\/p>\n<p>Magne D., Crozes D., Les Aveyronnais, l&rsquo;esprit des conqu\u00e9rants, Rouergue, Paris, 1993.<\/p>\n<p>Ouvrages sp\u00e9cialis\u00e9s :<\/p>\n<p>Benevent D. et Herranz M., Bassin de Decazeville, Aubin, Cransac, Firmi, Viviez, ASPIBD, Decazeville, 2013.<\/p>\n<p>Mazars L., Terre de Mine. Bassin d&rsquo;Aubin-Decazeville, Fil d&rsquo;Ariane, Figeac, 1984 (r\u00e9\u00e9d 1999).<\/p>\n","protected":false},"excerpt":{"rendered":"<p>Ouvrages g\u00e9n\u00e9raux : Dupuy A., Histoire chronologique de la civilisation occitane, Slatkine, Gen\u00e8ve, 1998. Magne D., Crozes D., Les Aveyronnais, l&rsquo;esprit des conqu\u00e9rants, Rouergue, Paris, 1993. Ouvrages sp\u00e9cialis\u00e9s : Benevent D. et Herranz M., Bassin de Decazeville, Aubin, Cransac, Firmi, Viviez, ASPIBD, Decazeville, 2013. Mazars L., Terre de Mine. Bassin d&rsquo;Aubin-Decazeville, Fil d&rsquo;Ariane, Figeac, 1984 &hellip; <\/p>\n<p class=\"link-more\"><a href=\"https:\/\/blogs.univ-jfc.fr\/vphn\/bibliographie-lexploitation-miniere-dans-le-bassin-decazevillois-milieu-xixe-debut-xxe\/\" class=\"more-link\">Continuer la lecture<span class=\"screen-reader-text\"> de &laquo;&nbsp;Bibliographie L&rsquo;exploitation mini\u00e8re dans le bassin decazevillois (milieu XIXe-d\u00e9but XXe)&nbsp;&raquo;<\/span><\/a><\/p>\n","protected":false},"author":419,"featured_media":0,"parent":0,"menu_order":0,"comment_status":"closed","ping_status":"closed","template":"","meta":[],"_links":{"self":[{"href":"https:\/\/blogs.univ-jfc.fr\/vphn\/wp-json\/wp\/v2\/pages\/2655"}],"collection":[{"href":"https:\/\/blogs.univ-jfc.fr\/vphn\/wp-json\/wp\/v2\/pages"}],"about":[{"href":"https:\/\/blogs.univ-jfc.fr\/vphn\/wp-json\/wp\/v2\/types\/page"}],"author":[{"embeddable":true,"href":"https:\/\/blogs.univ-jfc.fr\/vphn\/wp-json\/wp\/v2\/users\/419"}],"replies":[{"embeddable":true,"href":"https:\/\/blogs.univ-jfc.fr\/vphn\/wp-json\/wp\/v2\/comments?post=2655"}],"version-history":[{"count":1,"href":"https:\/\/blogs.univ-jfc.fr\/vphn\/wp-json\/wp\/v2\/pages\/2655\/revisions"}],"predecessor-version":[{"id":2656,"href":"https:\/\/blogs.univ-jfc.fr\/vphn\/wp-json\/wp\/v2\/pages\/2655\/revisions\/2656"}],"wp:attachment":[{"href":"https:\/\/blogs.univ-jfc.fr\/vphn\/wp-json\/wp\/v2\/media?parent=2655"}],"curies":[{"name":"wp","href":"https:\/\/api.w.org\/{rel}","templated":true}]}}