{"id":268,"date":"2018-01-18T11:40:52","date_gmt":"2018-01-18T10:40:52","guid":{"rendered":"http:\/\/blogs.univ-jfc.fr\/vphn\/?page_id=268"},"modified":"2018-02-05T12:24:51","modified_gmt":"2018-02-05T11:24:51","slug":"quest-ce-que-le-rugby","status":"publish","type":"page","link":"https:\/\/blogs.univ-jfc.fr\/vphn\/patrimoine-immateriel\/le-rugby-dans-le-midi-au-xxe-siecle\/quest-ce-que-le-rugby\/","title":{"rendered":"Qu&rsquo;est ce que le rugby ?"},"content":{"rendered":"<figure id=\"attachment_1720\" aria-describedby=\"caption-attachment-1720\" style=\"width: 387px\" class=\"wp-caption alignnone\"><img loading=\"lazy\" class=\" wp-image-1720\" src=\"http:\/\/blogs.univ-jfc.fr\/vphn\/wp-content\/uploads\/sites\/65\/2018\/02\/Rugby-300x228.jpg\" alt=\"\" width=\"387\" height=\"294\" srcset=\"https:\/\/blogs.univ-jfc.fr\/vphn\/wp-content\/uploads\/sites\/65\/2018\/02\/Rugby-300x228.jpg 300w, https:\/\/blogs.univ-jfc.fr\/vphn\/wp-content\/uploads\/sites\/65\/2018\/02\/Rugby-768x584.jpg 768w, https:\/\/blogs.univ-jfc.fr\/vphn\/wp-content\/uploads\/sites\/65\/2018\/02\/Rugby-1024x778.jpg 1024w, https:\/\/blogs.univ-jfc.fr\/vphn\/wp-content\/uploads\/sites\/65\/2018\/02\/Rugby.jpg 1033w\" sizes=\"(max-width: 387px) 100vw, 387px\" \/><figcaption id=\"caption-attachment-1720\" class=\"wp-caption-text\">Match opposant la Banque de France face \u00e0 la London Bank en 1926, <a href=\"http:\/\/museedusport.com\/tag\/rugby-a-13\/\">http:\/\/museedusport.com\/tag\/rugby-a-13\/<\/a><\/figcaption><\/figure>\n<p style=\"text-align: left\">Le rugby, issu du Royaume-Uni, est un sport pratiqu\u00e9 avec un ballon ovale opposant deux \u00e9quipes de quinze joueurs (ou treize) o\u00f9 il faut marquer le plus de points possibles en allant dans l\u2019en-but adverse. C\u2019est aujourd\u2019hui le troisi\u00e8me sport qui d\u00e9nombre le plus de licenci\u00e9s en France (272 800 licenci\u00e9s en 2017).<\/p>\n<p><strong>Chronologie du rugby m\u00e9ridional :<\/strong><\/p>\n<ul>\n<li>Apparait au Royaume-Uni en 1823 par l\u2019interm\u00e9diaire de William Webb Ellis\u00a0;<\/li>\n<li>D\u00e9ploiement du rugby en France par le biais des ports comme Bordeaux ou Le Havre\u00a0: Havre Athletic Club en 1872\u00a0;<\/li>\n<li>1893\u00a0: premier comit\u00e9 r\u00e9gional fran\u00e7ais, celui du Sud-ouest\u00a0;<\/li>\n<li>1910\u00a0: premier match de l\u2019\u00e9quipe de France\u00a0;<\/li>\n<li>Suppression du rugby \u00e0 XIII par le r\u00e9gime de Vichy en 1939\u00a0;<\/li>\n<li>1995\u00a0: professionnalisation du rugby par les instances internationales.<\/li>\n<\/ul>\n","protected":false},"excerpt":{"rendered":"<p>Le rugby, issu du Royaume-Uni, est un sport pratiqu\u00e9 avec un ballon ovale opposant deux \u00e9quipes de quinze joueurs (ou treize) o\u00f9 il faut marquer le plus de points possibles en allant dans l\u2019en-but adverse. C\u2019est aujourd\u2019hui le troisi\u00e8me sport qui d\u00e9nombre le plus de licenci\u00e9s en France (272 800 licenci\u00e9s en 2017). Chronologie du &hellip; <\/p>\n<p class=\"link-more\"><a href=\"https:\/\/blogs.univ-jfc.fr\/vphn\/patrimoine-immateriel\/le-rugby-dans-le-midi-au-xxe-siecle\/quest-ce-que-le-rugby\/\" class=\"more-link\">Continuer la lecture<span class=\"screen-reader-text\"> de &laquo;&nbsp;Qu&rsquo;est ce que le rugby ?&nbsp;&raquo;<\/span><\/a><\/p>\n","protected":false},"author":299,"featured_media":0,"parent":74,"menu_order":2,"comment_status":"closed","ping_status":"closed","template":"","meta":[],"_links":{"self":[{"href":"https:\/\/blogs.univ-jfc.fr\/vphn\/wp-json\/wp\/v2\/pages\/268"}],"collection":[{"href":"https:\/\/blogs.univ-jfc.fr\/vphn\/wp-json\/wp\/v2\/pages"}],"about":[{"href":"https:\/\/blogs.univ-jfc.fr\/vphn\/wp-json\/wp\/v2\/types\/page"}],"author":[{"embeddable":true,"href":"https:\/\/blogs.univ-jfc.fr\/vphn\/wp-json\/wp\/v2\/users\/299"}],"replies":[{"embeddable":true,"href":"https:\/\/blogs.univ-jfc.fr\/vphn\/wp-json\/wp\/v2\/comments?post=268"}],"version-history":[{"count":7,"href":"https:\/\/blogs.univ-jfc.fr\/vphn\/wp-json\/wp\/v2\/pages\/268\/revisions"}],"predecessor-version":[{"id":1722,"href":"https:\/\/blogs.univ-jfc.fr\/vphn\/wp-json\/wp\/v2\/pages\/268\/revisions\/1722"}],"up":[{"embeddable":true,"href":"https:\/\/blogs.univ-jfc.fr\/vphn\/wp-json\/wp\/v2\/pages\/74"}],"wp:attachment":[{"href":"https:\/\/blogs.univ-jfc.fr\/vphn\/wp-json\/wp\/v2\/media?parent=268"}],"curies":[{"name":"wp","href":"https:\/\/api.w.org\/{rel}","templated":true}]}}