{"id":2732,"date":"2019-01-30T06:47:50","date_gmt":"2019-01-30T05:47:50","guid":{"rendered":"http:\/\/blogs.univ-jfc.fr\/vphn\/?page_id=2732"},"modified":"2019-01-31T17:03:02","modified_gmt":"2019-01-31T16:03:02","slug":"bibliographie-indicative","status":"publish","type":"page","link":"https:\/\/blogs.univ-jfc.fr\/vphn\/projets-specifiques\/projet-septfonds-2018-2019\/un-garde-du-camp-charles-duval\/bibliographie-indicative\/","title":{"rendered":"Bibliographie indicative"},"content":{"rendered":"<div>\n<p align=\"justify\">\u2013\u00a0<span style=\"font-family: Calibri, sans-serif\"><b>BERHES C., <\/b><\/span><span style=\"font-family: Calibri, sans-serif\"><i><b>L\u2019exil et les barbel\u00e9s <\/b><\/i><\/span><span style=\"font-family: Calibri, sans-serif\"><b>(essai), Paris, \u00e9ditions Riveneuve, 2011.<\/b><\/span><\/p>\n<\/div>\n<div>\n<p>\u00a0\u2013\u00a0<span style=\"font-family: Calibri, sans-serif\"><b>COHEN L., et MALO\u00a0E., (dir.)\u00a0<\/b><\/span><span style=\"font-family: Calibri, sans-serif\"><i><b>Les camps du sud-ouest de la France\u00a0: 1939-1944\u00a0: exclusion, internement et d\u00e9portation, Toulouse, <\/b><\/i><\/span><span style=\"font-family: Calibri, sans-serif\"><b>2000.<\/b><\/span><\/p>\n<p align=\"justify\">&#8211; \u00a0<span style=\"font-family: Calibri, sans-serif\"><b>D\u00e9l\u00e9gu\u00e9s \u00e0 la m\u00e9moire Combattante des Services D\u00e9partementaux. Office National des Anciens Combattants et Victime de Guerre : \u00ab\u00a0<em>Ao\u00fbt 1944 : la libert\u00e9 retrouv\u00e9\u00a0\u00bb<\/em>. La lib\u00e9ration de Midi-Pyr\u00e9n\u00e9es, 2004.<\/b><\/span><\/p>\n<p align=\"justify\">&#8211; <span style=\"font-family: Calibri, sans-serif\"><b>DREYFUS-ARMAND G., \u00ab\u00a0Les r\u00e9publicains espagnols en 1939, des \u00ab\u00a0ind\u00e9sirables\u00a0tr\u00e8s recherch\u00e9s\u00a0\u00bb, le cas du camp de Septfonds\u00a0\u00bb, <\/b><\/span><span style=\"font-family: Calibri, sans-serif\"><i><b>D\u2019Italie et d\u2019ailleurs<\/b><\/i><\/span><span style=\"font-family: Calibri, sans-serif\"><b>, PUR, Rennes, 2014.<\/b><\/span><\/p>\n<p align=\"justify\"><span style=\"font-family: Calibri, sans-serif\"><b>&#8211; KASPI A., SCHOR R. et PIETRI N., <em>Chronologie comment\u00e9e de la Seconde Guerre Mondiale<\/em>, Paris, Perrin, 2010.<\/b><\/span><\/p>\n<p align=\"justify\"><b>&#8211;<\/b> <span style=\"font-family: Calibri, sans-serif\"><b>PETAUX J., (dir.), <\/b><\/span><span style=\"font-family: Calibri, sans-serif\"><i><b>Le camp de Septfonds (Tarn-et-Garonne)\u00a0: soixante ans d\u2019histoire et de m\u00e9moires (1939-1999)<\/b><\/i><\/span><span style=\"font-family: Calibri, sans-serif\"><b>, Bordeaux, m\u00e9moire de recherche, institut d&rsquo;\u00e9tudes politiques de Bordeaux, 2000.<\/b><\/span><\/p>\n<\/div>\n<div><\/div>\n<div><\/div>\n<p align=\"justify\">\u2013\u00a0<span style=\"font-family: Calibri, sans-serif\"><b>PRUJA J-C.,\u00a0<\/b><\/span><span style=\"font-family: Calibri, sans-serif\"><i><b>De la r\u00e9publique aux camps de l\u2019exil\u00a0: la guerre d\u2019Espag<\/b><\/i><\/span><span style=\"font-family: Calibri, sans-serif\"><i><b>ne r\u00e9fugi\u00e9s<\/b><\/i><\/span><span style=\"font-family: Calibri, sans-serif\"><i><b>\u00a0dans les Pyr\u00e9n\u00e9es et dans la c\u00f4te catalane<\/b><\/i><\/span><span style=\"font-family: Calibri, sans-serif\"><b>, Rennes, Alan Sutton, 2009.\u00a0<\/b><\/span><span style=\"font-family: Calibri, sans-serif\"><b>\u00a0<\/b><\/span><\/p>\n<div>\n<p align=\"justify\"><span style=\"font-family: Calibri, sans-serif\"><b>-VIDAL CASTANO Jos\u00e9 Antonio. <\/b><\/span><span style=\"font-family: Calibri, sans-serif\"><i><b>Exiliados Republicanos en Septfonds (1939), Madrid<\/b><\/i><\/span><span style=\"font-family: Calibri, sans-serif\"><b>, \u00c9dition Catarata, 2013<\/b><\/span><\/p>\n<\/div>\n","protected":false},"excerpt":{"rendered":"<p>\u2013\u00a0BERHES C., L\u2019exil et les barbel\u00e9s (essai), Paris, \u00e9ditions Riveneuve, 2011. \u00a0\u2013\u00a0COHEN L., et MALO\u00a0E., (dir.)\u00a0Les camps du sud-ouest de la France\u00a0: 1939-1944\u00a0: exclusion, internement et d\u00e9portation, Toulouse, 2000. &#8211; \u00a0D\u00e9l\u00e9gu\u00e9s \u00e0 la m\u00e9moire Combattante des Services D\u00e9partementaux. Office National des Anciens Combattants et Victime de Guerre : \u00ab\u00a0Ao\u00fbt 1944 : la libert\u00e9 retrouv\u00e9\u00a0\u00bb. La &hellip; <\/p>\n<p class=\"link-more\"><a href=\"https:\/\/blogs.univ-jfc.fr\/vphn\/projets-specifiques\/projet-septfonds-2018-2019\/un-garde-du-camp-charles-duval\/bibliographie-indicative\/\" class=\"more-link\">Continuer la lecture<span class=\"screen-reader-text\"> de &laquo;&nbsp;Bibliographie indicative&nbsp;&raquo;<\/span><\/a><\/p>\n","protected":false},"author":19,"featured_media":0,"parent":2192,"menu_order":2,"comment_status":"closed","ping_status":"closed","template":"","meta":[],"_links":{"self":[{"href":"https:\/\/blogs.univ-jfc.fr\/vphn\/wp-json\/wp\/v2\/pages\/2732"}],"collection":[{"href":"https:\/\/blogs.univ-jfc.fr\/vphn\/wp-json\/wp\/v2\/pages"}],"about":[{"href":"https:\/\/blogs.univ-jfc.fr\/vphn\/wp-json\/wp\/v2\/types\/page"}],"author":[{"embeddable":true,"href":"https:\/\/blogs.univ-jfc.fr\/vphn\/wp-json\/wp\/v2\/users\/19"}],"replies":[{"embeddable":true,"href":"https:\/\/blogs.univ-jfc.fr\/vphn\/wp-json\/wp\/v2\/comments?post=2732"}],"version-history":[{"count":12,"href":"https:\/\/blogs.univ-jfc.fr\/vphn\/wp-json\/wp\/v2\/pages\/2732\/revisions"}],"predecessor-version":[{"id":2882,"href":"https:\/\/blogs.univ-jfc.fr\/vphn\/wp-json\/wp\/v2\/pages\/2732\/revisions\/2882"}],"up":[{"embeddable":true,"href":"https:\/\/blogs.univ-jfc.fr\/vphn\/wp-json\/wp\/v2\/pages\/2192"}],"wp:attachment":[{"href":"https:\/\/blogs.univ-jfc.fr\/vphn\/wp-json\/wp\/v2\/media?parent=2732"}],"curies":[{"name":"wp","href":"https:\/\/api.w.org\/{rel}","templated":true}]}}