{"id":2783,"date":"2019-01-31T08:21:50","date_gmt":"2019-01-31T07:21:50","guid":{"rendered":"http:\/\/blogs.univ-jfc.fr\/vphn\/?page_id=2783"},"modified":"2019-01-31T08:23:58","modified_gmt":"2019-01-31T07:23:58","slug":"bibliographie-indicative-2","status":"publish","type":"page","link":"https:\/\/blogs.univ-jfc.fr\/vphn\/projets-specifiques\/projet-septfonds-2018-2019\/une-jeune-fille-autrichienne-dorigine-juive-sophia\/bibliographie-indicative-2\/","title":{"rendered":"Bibliographie indicative"},"content":{"rendered":"<p>BERSTEIN S et MILZA P, <em>Histoire de l&rsquo;Europe, du XIXe si\u00e8cle au XXIe si\u00e8cle<\/em>, Paris, Hatier, 2014, p. 138-171.<\/p>\n<p>BUTTEN P et GUILLON J-M,<em> Les pouvoirs en France \u00e0 la lib\u00e9ration, <\/em>Paris, \u00e9dition Berlin, 1994.<\/p>\n<p>DELPARD Raphael, <em>Les convois de la honte\u00a0: enqu\u00eates sur la SNCF et la d\u00e9portation<\/em>, Paris, Ed Neuilly sur Seine, 2005.<\/p>\n<p>GOBITZ G, <em>Les d\u00e9portations de r\u00e9fugi\u00e9s de Zone Libre en 1942<\/em>, Paris, L\u2019Harmattan, 2000.<\/p>\n<p>LELEU J-L, PASSERA F, QUELLIN J, <em>\u00a0la France pendant la seconde guerre mondiale,<\/em> Paris, Fayard, 2010.<\/p>\n<p>WIGEATE PIKE D, <em>L\u2019enfer nazi en Autriche<\/em>, Toulouse, Ed Privat, 2004.<\/p>\n<p>ZORZIN, S., <em>Le camp de Septfonds (Tarn-et-Garonne)\u00a0: soixante ans d&rsquo;histoire et de m\u00e9moires. <\/em>M\u00e9moire de recherche. Bordeaux, 2000.<\/p>\n","protected":false},"excerpt":{"rendered":"<p>BERSTEIN S et MILZA P, Histoire de l&rsquo;Europe, du XIXe si\u00e8cle au XXIe si\u00e8cle, Paris, Hatier, 2014, p. 138-171. BUTTEN P et GUILLON J-M, Les pouvoirs en France \u00e0 la lib\u00e9ration, Paris, \u00e9dition Berlin, 1994. DELPARD Raphael, Les convois de la honte\u00a0: enqu\u00eates sur la SNCF et la d\u00e9portation, Paris, Ed Neuilly sur Seine, 2005. &hellip; <\/p>\n<p class=\"link-more\"><a href=\"https:\/\/blogs.univ-jfc.fr\/vphn\/projets-specifiques\/projet-septfonds-2018-2019\/une-jeune-fille-autrichienne-dorigine-juive-sophia\/bibliographie-indicative-2\/\" class=\"more-link\">Continuer la lecture<span class=\"screen-reader-text\"> de &laquo;&nbsp;Bibliographie indicative&nbsp;&raquo;<\/span><\/a><\/p>\n","protected":false},"author":19,"featured_media":0,"parent":2196,"menu_order":4,"comment_status":"closed","ping_status":"closed","template":"","meta":[],"_links":{"self":[{"href":"https:\/\/blogs.univ-jfc.fr\/vphn\/wp-json\/wp\/v2\/pages\/2783"}],"collection":[{"href":"https:\/\/blogs.univ-jfc.fr\/vphn\/wp-json\/wp\/v2\/pages"}],"about":[{"href":"https:\/\/blogs.univ-jfc.fr\/vphn\/wp-json\/wp\/v2\/types\/page"}],"author":[{"embeddable":true,"href":"https:\/\/blogs.univ-jfc.fr\/vphn\/wp-json\/wp\/v2\/users\/19"}],"replies":[{"embeddable":true,"href":"https:\/\/blogs.univ-jfc.fr\/vphn\/wp-json\/wp\/v2\/comments?post=2783"}],"version-history":[{"count":1,"href":"https:\/\/blogs.univ-jfc.fr\/vphn\/wp-json\/wp\/v2\/pages\/2783\/revisions"}],"predecessor-version":[{"id":2784,"href":"https:\/\/blogs.univ-jfc.fr\/vphn\/wp-json\/wp\/v2\/pages\/2783\/revisions\/2784"}],"up":[{"embeddable":true,"href":"https:\/\/blogs.univ-jfc.fr\/vphn\/wp-json\/wp\/v2\/pages\/2196"}],"wp:attachment":[{"href":"https:\/\/blogs.univ-jfc.fr\/vphn\/wp-json\/wp\/v2\/media?parent=2783"}],"curies":[{"name":"wp","href":"https:\/\/api.w.org\/{rel}","templated":true}]}}