{"id":2795,"date":"2019-02-27T10:29:24","date_gmt":"2019-02-27T09:29:24","guid":{"rendered":"http:\/\/blogs.univ-jfc.fr\/vphn\/?page_id=2795"},"modified":"2019-03-09T10:46:00","modified_gmt":"2019-03-09T09:46:00","slug":"le-jumelage-albi-girona","status":"publish","type":"page","link":"https:\/\/blogs.univ-jfc.fr\/vphn\/patrimoine-immateriel\/le-jumelage-albi-girona\/","title":{"rendered":"Le jumelage Albi-Girona"},"content":{"rendered":"<h2><img loading=\"lazy\" class=\"wp-image-2826 aligncenter\" src=\"http:\/\/blogs.univ-jfc.fr\/vphn\/wp-content\/uploads\/sites\/65\/2019\/01\/albi_girona_tira-300x58.jpg\" alt=\"\" width=\"703\" height=\"136\" \/><\/h2>\n<h2>L&rsquo;id\u00e9e du jumelage&#8230;<\/h2>\n<p align=\"justify\">L\u2019id\u00e9e du jumelage entre villes est n\u00e9e apr\u00e8s la seconde guerre mondiale pour int\u00e9grer les pays \u00e0 l\u2019Union Europ\u00e9enne. Le premier village a avoir sign\u00e9 un pacte de jumelage a \u00e9t\u00e9 Coventry avec Stalingrad. Apr\u00e8s la Guerre Froide, ce sont les villes de l\u2019OTAN qui se sont jumel\u00e9es avec les villes au sein du Pacte de Varsovie.<\/p>\n<p align=\"justify\">Selon le CNRTL, le jumelage r\u00e9side dans le fait d\u2019associer deux villes, de les jumeler au sens figuratif. Cette association est officielle et elle permet aux villes de r\u00e9aliser des \u00e9changes souvent socio-culturels. Elle a \u00e9galement en vue de cr\u00e9er des manifestations de tous types.<\/p>\n<p align=\"justify\">Il existe deux types de jumelage : le classique et le coop\u00e9ratif. Le jumelage classique servait \u00e0 r\u00e9tablir la paix entre les territoires impliqu\u00e9s dans la seconde guerre mondiale. Le choix du jumelage entre les villes passent par la ressemblance entre les territoires (caract\u00e9ristiques culturelles, d\u00e9mographiques, \u00e9conomiques, industrielles et sociales). Le jumelage peut \u00eatre \u00e9galement coop\u00e9ratif. En effet, il a pour but le d\u00e9veloppement d\u2019un pays pauvre. Cette initiative a \u00e9t\u00e9 prise par la FMCU (F\u00e9d\u00e9ration Mondiale des Cit\u00e9s Unies) en 1970 pour lutter contre les in\u00e9galit\u00e9s, le racisme, pour r\u00e9guler le r\u00e9chauffement climatique et les h\u00e9g\u00e9monies de pays plus puissants.<\/p>\n<p align=\"justify\">Le format habituel de la coop\u00e9ration dans le jumelage passe par les apports \u00e9conomiques provenant du budget municipal, mais aussi de la r\u00e9colte de fonds lors des campagnes de sensibilisation faites par les citoyens.<\/p>\n<h2>Le jumelage Albi-Girona<\/h2>\n<p align=\"justify\">La ville d\u2019Albi et la ville de Girona se sont jumel\u00e9es en 1985. Elles le sont car elles ont des caract\u00e9ristiques d\u00e9mographiques, et physiques communes. Les objectifs du jumelage sont \u00e0 la fois culturels, \u00e9conomiques et sociaux.<\/p>\n<p align=\"justify\">Les \u00e9v\u00e9nements sportifs et culturels \u00e9taient fr\u00e9quents dasn un premier temps. On en trouve trace dans des journaux catalans comme El Punt Avui. Aujourd\u2019hui, il semblerait que le jumelage concerne seulement le domaine scolaire.<\/p>\n<p align=\"justify\">Girona a sollicit\u00e9 Albi pour rentrer au Patrimoine mondial de l&rsquo;UNESCO pour son quartier m\u00e9di\u00e9val ainsi que son h\u00e9ritage juif. En effet, la ville fran\u00e7aise est rentr\u00e9 au patrimoine mondial en 2010 avec sa cit\u00e9 \u00e9piscopale.<br \/>\nQuand on parle de r\u00e9ussite, il faut dire que les deux villes se sont soutenues dans des actes importants comme la Nuit Pastel, pour Albi, en 2016, pour f\u00eater le 30 anniversaire du jumelage, o\u00f9 la ville a invit\u00e9 les Diables de l\u2019Onyar, une association culturelle de Girona. Albi a \u00e9galement particip\u00e9 \u00e0 un \u00e9v\u00e9nement important pour Girona :\u00a0 Temps de <a href=\"http:\/\/www.gironatempsdeflors.cat\/cat\/inici.php\">flors<\/a>.<\/p>\n<h2>Les diff\u00e9rents types de jumelage&#8230;<\/h2>\n<p align=\"justify\">La coop\u00e9ration d\u00e9centralis\u00e9e se pr\u00e9sente sous diff\u00e9rentes formes d&rsquo;assistance ou d&rsquo;\u00e9changes d&rsquo;exp\u00e9riences avec des structures publiques locales \u00e9trang\u00e8res. Elle favorise la rencontre et le travail en commun de toutes les cat\u00e9gories d\u2019habitants autour de la r\u00e9alisation d\u2019actions sociales ou culturelle. Les collectivit\u00e9s d\u00e9veloppent un sentiment commun d\u2019appartenance \u00e0 un territoire. Elles sont donc vecteur de coh\u00e9sion sociale et de vitalit\u00e9 locale. En liant probl\u00e9matiques locales et internationales, elles mobilisent aussi bien les communaut\u00e9s migrantes que les \u00e9coles, les secteurs professionnels, les h\u00f4pitaux, les politiques ou le monde associatif. Elles peuvent \u00e9galement contribuer au d\u00e9veloppement \u00e9conomique territorial, en cr\u00e9ant des emplois.<\/p>\n<p align=\"justify\">Le jumelage classique a d&rsquo;autres buts et\u00a0<span style=\"font-weight: 400\">objectif. En effet, c\u2019est un contrat politique entre deux collectivit\u00e9s locales<\/span><\/p>\n<p><span style=\"font-weight: 400\">Le jumelage est :<\/span><\/p>\n<ul>\n<li><span style=\"font-weight: 400\">Un champ d\u2019actions pluridisciplinaires<\/span><\/li>\n<li><span style=\"font-weight: 400\">La participation des citoyens<\/span><\/li>\n<li><span style=\"font-weight: 400\">Un moyen de sensibilisation \u00e0 une cause propre \u00e0 une des deux villes<\/span><\/li>\n<li><span style=\"font-weight: 400\">Un moyen d\u2019initiation \u00e0 la mobilit\u00e9<\/span><\/li>\n<li><span style=\"font-weight: 400\">Un cadre d\u2019action et de projets internationaux ainsi que d\u2019exp\u00e9riences et d\u2019opinions.<\/span><\/li>\n<\/ul>\n<p>Le jumelage permet le brassage de population et ainsi, les villes jumel\u00e9es peuvent \u00eatre un lieu privil\u00e9gi\u00e9 pour les \u00e9changes et pour le dialogue entre Europ\u00e9en.<\/p>\n<p>&nbsp;<\/p>\n","protected":false},"excerpt":{"rendered":"<p>L&rsquo;id\u00e9e du jumelage&#8230; L\u2019id\u00e9e du jumelage entre villes est n\u00e9e apr\u00e8s la seconde guerre mondiale pour int\u00e9grer les pays \u00e0 l\u2019Union Europ\u00e9enne. Le premier village a avoir sign\u00e9 un pacte de jumelage a \u00e9t\u00e9 Coventry avec Stalingrad. Apr\u00e8s la Guerre Froide, ce sont les villes de l\u2019OTAN qui se sont jumel\u00e9es avec les villes au &hellip; <\/p>\n<p class=\"link-more\"><a href=\"https:\/\/blogs.univ-jfc.fr\/vphn\/patrimoine-immateriel\/le-jumelage-albi-girona\/\" class=\"more-link\">Continuer la lecture<span class=\"screen-reader-text\"> de &laquo;&nbsp;Le jumelage Albi-Girona&nbsp;&raquo;<\/span><\/a><\/p>\n","protected":false},"author":586,"featured_media":0,"parent":33,"menu_order":0,"comment_status":"closed","ping_status":"closed","template":"","meta":[],"_links":{"self":[{"href":"https:\/\/blogs.univ-jfc.fr\/vphn\/wp-json\/wp\/v2\/pages\/2795"}],"collection":[{"href":"https:\/\/blogs.univ-jfc.fr\/vphn\/wp-json\/wp\/v2\/pages"}],"about":[{"href":"https:\/\/blogs.univ-jfc.fr\/vphn\/wp-json\/wp\/v2\/types\/page"}],"author":[{"embeddable":true,"href":"https:\/\/blogs.univ-jfc.fr\/vphn\/wp-json\/wp\/v2\/users\/586"}],"replies":[{"embeddable":true,"href":"https:\/\/blogs.univ-jfc.fr\/vphn\/wp-json\/wp\/v2\/comments?post=2795"}],"version-history":[{"count":11,"href":"https:\/\/blogs.univ-jfc.fr\/vphn\/wp-json\/wp\/v2\/pages\/2795\/revisions"}],"predecessor-version":[{"id":5055,"href":"https:\/\/blogs.univ-jfc.fr\/vphn\/wp-json\/wp\/v2\/pages\/2795\/revisions\/5055"}],"up":[{"embeddable":true,"href":"https:\/\/blogs.univ-jfc.fr\/vphn\/wp-json\/wp\/v2\/pages\/33"}],"wp:attachment":[{"href":"https:\/\/blogs.univ-jfc.fr\/vphn\/wp-json\/wp\/v2\/media?parent=2795"}],"curies":[{"name":"wp","href":"https:\/\/api.w.org\/{rel}","templated":true}]}}