{"id":2796,"date":"2019-02-28T11:16:33","date_gmt":"2019-02-28T10:16:33","guid":{"rendered":"http:\/\/blogs.univ-jfc.fr\/vphn\/?page_id=2796"},"modified":"2019-05-07T11:55:46","modified_gmt":"2019-05-07T09:55:46","slug":"bibliographie-arsenal-de-tarbes-1870-1945-2018-2019","status":"publish","type":"page","link":"https:\/\/blogs.univ-jfc.fr\/vphn\/patrimoine-et-sites-remarquables\/bibliographie-arsenal-de-tarbes-1870-1945-2018-2019\/","title":{"rendered":"Bibliographie Arsenal de Tarbes (1870-1945) [2018]"},"content":{"rendered":"<p>&nbsp;<\/p>\n<p><u> <\/u><span style=\"font-family: 'Times New Roman', serif;color: #ff0000;font-size: medium\"><u>Sur l\u2019Histoire<\/u><u> de la ville de Tarbes et<\/u><u>\u00a0pour sa situation lors<\/u><u>\u00a0des deux guerres mondiales\u00a0: <\/u><\/span><\/p>\n<p><span style=\"font-family: 'Times New Roman', serif\"><span style=\"font-size: medium\">&#8211; Berthe Maurice, Bruzaud Andr\u00e9, Castex Jean, Crabot Christian, Laffon Jean-Baptiste, Laspalles Louis, Larrieu Jean, Mangin Joseph, Soulet Jean-Fran\u00e7ois, <i>Histoire de Tarbes<\/i>, Pau, Ed. Marrimpouey jeune, 1975, 401 p.<\/span><\/span><\/p>\n<p><span style=\"font-family: 'Times New Roman', serif\"><span style=\"font-size: medium\">&#8211; Cubero Jos\u00e9,<i> La Grande guerre et l\u2019arri\u00e8re\u00a0: 1914-1919<\/i>, Pau, Ed. Cairn, 2007, 344 p.<\/span><\/span><\/p>\n<p><span style=\"font-family: 'Times New Roman', serif\"><span style=\"font-size: medium\">&#8211; Cubero Jos\u00e9, Fernandez Marie, Ferrer Thomas, <i>Tarbes et les Hautes-Pyr\u00e9n\u00e9es : Collaboration, R\u00e9sistance, Lib\u00e9ration<\/i>, Pau, Ed. Cairn, 2015, 291 p.<\/span><\/span><\/p>\n<p><span style=\"font-family: 'Times New Roman', serif\"><span style=\"font-size: medium\">&#8211; Guinle-Lorinet Sylvaine, <i>Une ville de l\u2019arri\u00e8re pendant la Grande guerre\u00a0: Tarbes<\/i>, Pau, Ed. Cairn, 2017, 142 p. <\/span><\/span><\/p>\n<p><span style=\"font-family: 'Times New Roman', serif;color: #ff0000;font-size: medium\"> <u>Ouvrages <\/u><u>et articles <\/u><u>sp\u00e9cifiques <\/u><u>sur<\/u><u> l\u2019<\/u><u>A<\/u><u>rsenal de Tarbes\u00a0: <\/u><\/span><\/p>\n<p><span style=\"font-family: 'Times New Roman', serif\"><span style=\"font-size: medium\">&#8211; Association Adishat, Groupe Histoire &amp; patrimoine,<i> <\/i><i>L&rsquo;Arsenal de Tarbes : histoire mouvement\u00e9e de la machine-outil \u00e0 l&rsquo;Arsenal de Tarbes<\/i>, Paris, Ed. Arcane 17, 2013, 158 p.<\/span><\/span><\/p>\n<p><span style=\"font-size: medium\"><span style=\"font-family: 'Times New Roman', serif\">&#8211; <a href=\"https:\/\/www.persee.fr\/doc\/rgpso_0035-3221_1960_num_31_1_1580\">Brunet R., 1960, \u00ab\u00a0<\/a><\/span><span style=\"font-family: 'Times New Roman', serif\">Les principaux \u00e9tablissements industriels des Pyr\u00e9n\u00e9es et de leur bordure\u00a0\u00bb, <\/span><span style=\"font-family: 'Times New Roman', serif\"><i>Revue g\u00e9ographique des Pyr\u00e9n\u00e9es et du Sud-Ouest. Sud-Ouest Europ\u00e9en<\/i><\/span><span style=\"font-family: 'Times New Roman', serif\">, n\u00b031-1, p.125-130.<\/span><\/span><\/p>\n<p><span style=\"font-family: 'Times New Roman', serif\"><span style=\"font-size: medium\">&#8211; <a href=\"https:\/\/www.persee.fr\/doc\/ingeo_0020-0093_1965_num_29_1_5692?q=Doumergue+Y.,+1965,+%C2%AB%C2%A0Les+grandes+industries+de+Tarbes%C2%A0%C2%BB,+Revue+L%E2%80%99information+G%C3%A9ographique,+n%C2%B029-1,+p.21-29.+\">Doumergue Y., 1965, \u00ab\u00a0Les grandes industries de Tarbes\u00a0\u00bb, <i>Revue L\u2019information G\u00e9ographique<\/i>, n\u00b029-1, p.21-29.<\/a><\/span><\/span><\/p>\n<p><span style=\"font-size: medium\"><a href=\"https:\/\/www.persee.fr\/doc\/rgpso_0035-3221_1955_num_26_3_1413\"><span style=\"font-family: 'Times New Roman', serif\">&#8211; Duchemin P., 1955, \u00ab\u00a0L&rsquo;industrie moderne \u00e0 Tarbes et dans sa r\u00e9gion. Origines et aper\u00e7u des conditions actuelles d&rsquo;activit\u00e9\u00a0\u00bb, <i>Revue g\u00e9ographique des Pyr\u00e9n\u00e9es et du Sud-Ouest. Sud-Ouest Europ\u00e9en<\/i>, n\u00b026-3, p.176-189.<\/span><\/a><\/span><\/p>\n<p><span style=\"font-family: 'Times New Roman', serif\"><span style=\"font-size: medium\">&#8211; Larronde Claude,<i> L\u2019arsenal de Tarbes : histoire et patrimoine<\/i>, Tarbes, Ed. Soci\u00e9t\u00e9 acad\u00e9mique des Hautes-Pyr\u00e9n\u00e9es, 1991, 264 p.<\/span><\/span><\/p>\n<p><span style=\"font-family: 'Times New Roman', serif\"><span style=\"font-size: medium\">&#8211; Larronde Claude, <i>La naissance de l&rsquo;arsenal de Tarbes : les canons d&rsquo;Auguste Verch\u00e8re de Reffye et la m\u00e9moire des b\u00e2timents<\/i>, Vic-en-Bigorre, Ed. \u00a0Soci\u00e9t\u00e9 acad\u00e9mique des Hautes-Pyr\u00e9n\u00e9es, 2002, 104 p. <\/span><\/span><\/p>\n<p>&nbsp;<\/p>\n","protected":false},"excerpt":{"rendered":"<p>&nbsp; Sur l\u2019Histoire de la ville de Tarbes et\u00a0pour sa situation lors\u00a0des deux guerres mondiales\u00a0: &#8211; Berthe Maurice, Bruzaud Andr\u00e9, Castex Jean, Crabot Christian, Laffon Jean-Baptiste, Laspalles Louis, Larrieu Jean, Mangin Joseph, Soulet Jean-Fran\u00e7ois, Histoire de Tarbes, Pau, Ed. Marrimpouey jeune, 1975, 401 p. &#8211; Cubero Jos\u00e9, La Grande guerre et l\u2019arri\u00e8re\u00a0: 1914-1919, Pau, Ed. &hellip; <\/p>\n<p class=\"link-more\"><a href=\"https:\/\/blogs.univ-jfc.fr\/vphn\/patrimoine-et-sites-remarquables\/bibliographie-arsenal-de-tarbes-1870-1945-2018-2019\/\" class=\"more-link\">Continuer la lecture<span class=\"screen-reader-text\"> de &laquo;&nbsp;Bibliographie Arsenal de Tarbes (1870-1945) [2018]&nbsp;&raquo;<\/span><\/a><\/p>\n","protected":false},"author":434,"featured_media":0,"parent":30,"menu_order":0,"comment_status":"closed","ping_status":"closed","template":"","meta":[],"_links":{"self":[{"href":"https:\/\/blogs.univ-jfc.fr\/vphn\/wp-json\/wp\/v2\/pages\/2796"}],"collection":[{"href":"https:\/\/blogs.univ-jfc.fr\/vphn\/wp-json\/wp\/v2\/pages"}],"about":[{"href":"https:\/\/blogs.univ-jfc.fr\/vphn\/wp-json\/wp\/v2\/types\/page"}],"author":[{"embeddable":true,"href":"https:\/\/blogs.univ-jfc.fr\/vphn\/wp-json\/wp\/v2\/users\/434"}],"replies":[{"embeddable":true,"href":"https:\/\/blogs.univ-jfc.fr\/vphn\/wp-json\/wp\/v2\/comments?post=2796"}],"version-history":[{"count":11,"href":"https:\/\/blogs.univ-jfc.fr\/vphn\/wp-json\/wp\/v2\/pages\/2796\/revisions"}],"predecessor-version":[{"id":5137,"href":"https:\/\/blogs.univ-jfc.fr\/vphn\/wp-json\/wp\/v2\/pages\/2796\/revisions\/5137"}],"up":[{"embeddable":true,"href":"https:\/\/blogs.univ-jfc.fr\/vphn\/wp-json\/wp\/v2\/pages\/30"}],"wp:attachment":[{"href":"https:\/\/blogs.univ-jfc.fr\/vphn\/wp-json\/wp\/v2\/media?parent=2796"}],"curies":[{"name":"wp","href":"https:\/\/api.w.org\/{rel}","templated":true}]}}