{"id":2829,"date":"2019-01-31T12:26:10","date_gmt":"2019-01-31T11:26:10","guid":{"rendered":"http:\/\/blogs.univ-jfc.fr\/vphn\/?page_id=2829"},"modified":"2019-01-31T13:14:54","modified_gmt":"2019-01-31T12:14:54","slug":"bibliographie-sur-le-camp-de-septfonds","status":"publish","type":"page","link":"https:\/\/blogs.univ-jfc.fr\/vphn\/bibliographie-sur-le-camp-de-septfonds\/","title":{"rendered":"Bibliographie sur le camp de Septfonds"},"content":{"rendered":"<h1 align=\"justify\"><\/h1>\n<p align=\"justify\"><strong><span style=\"font-size: x-large\">1.\u00a0<\/span><span style=\"font-size: x-large\">Seconde Guerre mondiale<\/span><\/strong><\/p>\n<p align=\"justify\">-GALLO Max. <i>1940\u00a0: de l&rsquo;ab\u00eeme \u00e0 l&rsquo;esp\u00e9rance<\/i>, Paris, \u00c9dition XO, 2010.<\/p>\n<p align=\"justify\">-MASSON Philippe. <i>La seconde guerre mondiale, les acteurs<\/i>, Paris, \u00c9dition Larousse, 1992.<\/p>\n<p align=\"justify\">\n<p align=\"justify\"><strong><span style=\"font-size: x-large\">2.\u00a0<\/span><span style=\"font-size: x-large\">La France sous le r\u00e9gime de Vichy<\/span><\/strong><\/p>\n<p align=\"justify\">-BADIA, G. (1994). \u00ab\u00a0Quand Vichy livrait \u00e0 Hitler les \u00e9trangers r\u00e9fugi\u00e9s en France\u00a0\u00bb. <i>Dans Hommes &amp; migrations. De la guerre \u00e0 la d\u00e9colonisat<\/i><i>ion, <\/i>n\u00b01175, p 20-23.<\/p>\n<p align=\"justify\">-DURAND Yves. <i>La France dans la seconde guerre mondiale (1939-1945),<\/i><i> <\/i>Paris, \u00c9dition Armand Colin, 1989.<\/p>\n<p align=\"justify\">-PAXTON Robert. <i>Vichy et les Juifs,<\/i> Paris, \u00c9dition Calmann-L\u00e9vy, 1977.<\/p>\n<p align=\"justify\">\n<p align=\"justify\"><strong><span style=\"font-size: x-large\">3.<\/span> <span style=\"font-size: x-large\">Camps d&rsquo;internements\u00a0<\/span><\/strong><\/p>\n<p align=\"justify\">-BERNADAC Christian. <i>D\u00e9portations, <\/i>Paris, \u00c9dition France-Empire, 1993.<\/p>\n<p align=\"justify\">-GRYBERG Anne.\u00a0 <i>Les camps de la honte, <\/i>Paris, \u00c9dition La D\u00e9couverte, 1999.<\/p>\n<p align=\"justify\">-JALABERT Laurent. <i>Exodes, Exils et internements dans les Basses-Pyr\u00e9n\u00e9es, <\/i>Paris, \u00c9dition Cairn, 2014.<\/p>\n<p align=\"justify\">-BARBA Serge. <i>De la fronti\u00e8re aux barbel\u00e9s. Les chemins de la Retirada 1939, Paris, <\/i>\u00c9dition Trabucaire, 2009<\/p>\n<p align=\"justify\">\n<p align=\"justify\"><strong><span style=\"font-size: x-large\">4.\u00a0<\/span><span style=\"font-size: x-large\">Camp de Septfonds<\/span><\/strong><\/p>\n<p align=\"justify\"><span style=\"font-size: large\">A. <u>Organisation du camps<\/u><\/span><\/p>\n<p align=\"justify\">-COHEN Monique-Lise, MALO Eric. <i>Les camps du Sud-Ouest de la France (1939-1944), <\/i>Paris,<i> <\/i>\u00c9dition Privat, Toulouse, 1994.<\/p>\n<p align=\"justify\">\u00a0-BLANC-CHALEARD C, DULPHY A, MATARD-BONUCCI M., 2014, \u00ab\u00a0Les r\u00e9publicains en 1939, des ind\u00e9sirables tr\u00e8s recherch\u00e9s. Le cas du camp de Sepfonds\u00a0\u00bb, <i>D&rsquo;Italie et d&rsquo;ailleurs<\/i><\/p>\n<p align=\"justify\"><span style=\"font-size: large\">B. <u>Logistique<\/u><\/span><\/p>\n<p align=\"justify\">-BARTHES Colette. <i>L\u2019Exil et les barbel\u00e9s<\/i>, 2011.<\/p>\n<p align=\"justify\">-VIDAL CASTANO Jos\u00e9 Antonio. <i>Exiliados Republicanos en Septfonds (1939),<\/i> \u00c9dition Catarata, 2013.<\/p>\n","protected":false},"excerpt":{"rendered":"<p>1.\u00a0Seconde Guerre mondiale -GALLO Max. 1940\u00a0: de l&rsquo;ab\u00eeme \u00e0 l&rsquo;esp\u00e9rance, Paris, \u00c9dition XO, 2010. -MASSON Philippe. La seconde guerre mondiale, les acteurs, Paris, \u00c9dition Larousse, 1992. 2.\u00a0La France sous le r\u00e9gime de Vichy -BADIA, G. (1994). \u00ab\u00a0Quand Vichy livrait \u00e0 Hitler les \u00e9trangers r\u00e9fugi\u00e9s en France\u00a0\u00bb. Dans Hommes &amp; migrations. De la guerre \u00e0 la &hellip; <\/p>\n<p class=\"link-more\"><a href=\"https:\/\/blogs.univ-jfc.fr\/vphn\/bibliographie-sur-le-camp-de-septfonds\/\" class=\"more-link\">Continuer la lecture<span class=\"screen-reader-text\"> de &laquo;&nbsp;Bibliographie sur le camp de Septfonds&nbsp;&raquo;<\/span><\/a><\/p>\n","protected":false},"author":422,"featured_media":0,"parent":0,"menu_order":0,"comment_status":"closed","ping_status":"closed","template":"","meta":[],"_links":{"self":[{"href":"https:\/\/blogs.univ-jfc.fr\/vphn\/wp-json\/wp\/v2\/pages\/2829"}],"collection":[{"href":"https:\/\/blogs.univ-jfc.fr\/vphn\/wp-json\/wp\/v2\/pages"}],"about":[{"href":"https:\/\/blogs.univ-jfc.fr\/vphn\/wp-json\/wp\/v2\/types\/page"}],"author":[{"embeddable":true,"href":"https:\/\/blogs.univ-jfc.fr\/vphn\/wp-json\/wp\/v2\/users\/422"}],"replies":[{"embeddable":true,"href":"https:\/\/blogs.univ-jfc.fr\/vphn\/wp-json\/wp\/v2\/comments?post=2829"}],"version-history":[{"count":7,"href":"https:\/\/blogs.univ-jfc.fr\/vphn\/wp-json\/wp\/v2\/pages\/2829\/revisions"}],"predecessor-version":[{"id":2855,"href":"https:\/\/blogs.univ-jfc.fr\/vphn\/wp-json\/wp\/v2\/pages\/2829\/revisions\/2855"}],"wp:attachment":[{"href":"https:\/\/blogs.univ-jfc.fr\/vphn\/wp-json\/wp\/v2\/media?parent=2829"}],"curies":[{"name":"wp","href":"https:\/\/api.w.org\/{rel}","templated":true}]}}