{"id":2916,"date":"2019-02-01T15:56:32","date_gmt":"2019-02-01T14:56:32","guid":{"rendered":"http:\/\/blogs.univ-jfc.fr\/vphn\/?page_id=2916"},"modified":"2019-02-01T16:14:05","modified_gmt":"2019-02-01T15:14:05","slug":"guerre-civile-espagnole-2","status":"publish","type":"page","link":"https:\/\/blogs.univ-jfc.fr\/vphn\/projets-specifiques\/projet-septfonds-2018-2019\/un-anarchiste-espagnol-alfonso\/guerre-civile-espagnole-2\/","title":{"rendered":"Guerre civile espagnole"},"content":{"rendered":"<p align=\"justify\"><span style=\"font-family: Liberation Serif, serif\">La <a href=\"https:\/\/www.larousse.fr\/encyclopedie\/divers\/guerre_civile_d_Espagne\/118441\">guerre civile espagnole<\/a> ou guerre d&rsquo;Espagne est un conflit qui opposa les forces nationalistes aux forces r\u00e9publicain<\/span><span style=\"font-family: Liberation Serif, serif\">es. La guerre d\u00e9bute le 17 juillet 1936 \u00e0 la suite<\/span><span style=\"font-family: Liberation Serif, serif\"> du soul\u00e8vement militaire et civil du camp nationaliste. <\/span><span style=\"font-family: Liberation Serif, serif\">La<\/span><span style=\"font-family: Liberation Serif, serif\"> mise en \u00e9chec partielle <\/span><span style=\"font-family: Liberation Serif, serif\">du coup d\u2019\u00c9tat<\/span><span style=\"font-family: Liberation Serif, serif\"> d\u00e9boucha sur une guerre civile longue et meurtri\u00e8re.<\/span> <span style=\"font-family: Liberation Serif, serif\">Cette guerre se termin<\/span><span style=\"font-family: Liberation Serif, serif\">e le 1<\/span><sup><span style=\"font-family: Liberation Serif, serif\">er<\/span><\/sup><span style=\"font-family: Liberation Serif, serif\"> avril 1939<\/span><span style=\"font-family: Liberation Serif, serif\"> par la victoire des forces du g\u00e9n\u00e9ral Francisco Franco et la chute du r\u00e9gime d\u00e9mocratique en Espagne. <\/span><span style=\"font-family: Liberation Serif, serif\">\u00c0 la suite de cette victoire s\u2019installe un r\u00e9gime autoritaire, o\u00f9 les opposants au pouvoir sont pers\u00e9cut\u00e9s.<br \/>\n<\/span><span style=\"font-family: Liberation Serif, serif\">Le bilan de cette guerre f\u00fbt <\/span><span style=\"font-family: Liberation Serif, serif\">tr\u00e8s lourde, on compte entre 380 000 et 451 000 morts.<\/span><\/p>\n","protected":false},"excerpt":{"rendered":"<p>La guerre civile espagnole ou guerre d&rsquo;Espagne est un conflit qui opposa les forces nationalistes aux forces r\u00e9publicaines. La guerre d\u00e9bute le 17 juillet 1936 \u00e0 la suite du soul\u00e8vement militaire et civil du camp nationaliste. La mise en \u00e9chec partielle du coup d\u2019\u00c9tat d\u00e9boucha sur une guerre civile longue et meurtri\u00e8re. Cette guerre se &hellip; <\/p>\n<p class=\"link-more\"><a href=\"https:\/\/blogs.univ-jfc.fr\/vphn\/projets-specifiques\/projet-septfonds-2018-2019\/un-anarchiste-espagnol-alfonso\/guerre-civile-espagnole-2\/\" class=\"more-link\">Continuer la lecture<span class=\"screen-reader-text\"> de &laquo;&nbsp;Guerre civile espagnole&nbsp;&raquo;<\/span><\/a><\/p>\n","protected":false},"author":440,"featured_media":0,"parent":2203,"menu_order":1,"comment_status":"closed","ping_status":"closed","template":"","meta":[],"_links":{"self":[{"href":"https:\/\/blogs.univ-jfc.fr\/vphn\/wp-json\/wp\/v2\/pages\/2916"}],"collection":[{"href":"https:\/\/blogs.univ-jfc.fr\/vphn\/wp-json\/wp\/v2\/pages"}],"about":[{"href":"https:\/\/blogs.univ-jfc.fr\/vphn\/wp-json\/wp\/v2\/types\/page"}],"author":[{"embeddable":true,"href":"https:\/\/blogs.univ-jfc.fr\/vphn\/wp-json\/wp\/v2\/users\/440"}],"replies":[{"embeddable":true,"href":"https:\/\/blogs.univ-jfc.fr\/vphn\/wp-json\/wp\/v2\/comments?post=2916"}],"version-history":[{"count":3,"href":"https:\/\/blogs.univ-jfc.fr\/vphn\/wp-json\/wp\/v2\/pages\/2916\/revisions"}],"predecessor-version":[{"id":2923,"href":"https:\/\/blogs.univ-jfc.fr\/vphn\/wp-json\/wp\/v2\/pages\/2916\/revisions\/2923"}],"up":[{"embeddable":true,"href":"https:\/\/blogs.univ-jfc.fr\/vphn\/wp-json\/wp\/v2\/pages\/2203"}],"wp:attachment":[{"href":"https:\/\/blogs.univ-jfc.fr\/vphn\/wp-json\/wp\/v2\/media?parent=2916"}],"curies":[{"name":"wp","href":"https:\/\/api.w.org\/{rel}","templated":true}]}}