{"id":2939,"date":"2019-02-02T10:52:10","date_gmt":"2019-02-02T09:52:10","guid":{"rendered":"http:\/\/blogs.univ-jfc.fr\/vphn\/?page_id=2939"},"modified":"2019-02-02T10:58:04","modified_gmt":"2019-02-02T09:58:04","slug":"lincendie-du-reichstag","status":"publish","type":"page","link":"https:\/\/blogs.univ-jfc.fr\/vphn\/projets-specifiques\/projet-septfonds-2018-2019\/une-jeune-fille-autrichienne-dorigine-juive-sophia\/lincendie-du-reichstag\/","title":{"rendered":"L&rsquo;incendie du Reichstag"},"content":{"rendered":"<p><span style=\"font-family: 'Times New Roman', serif\"><span style=\"font-size: medium\">\u00a0 \u00a0 \u00a0 \u00a0Dans la nuit du 27 ou 28 f\u00e9vrier. Le Reichstag prend feu. La police arr\u00eate un jeune homme qui erre sur les lieux. Il s&rsquo;agit d&rsquo;un ma\u00e7on hollandais qui fait partie du mouvement communiste,<\/span><\/span>\u00a0<span style=\"font-family: 'Times New Roman', serif\"><span style=\"font-size: medium\">Marinus van der Lubbe. Il sera arr\u00eat\u00e9 et ex\u00e9cut\u00e9 en temps que responsable de l&rsquo;incendie. Hitler profite de cette accident pour instaurer sa dictature. Il d\u00e9clare que l&rsquo;incendie est un complot communiste. Il fait arr\u00eat\u00e9 4000 responsable du KPD ( le parti communiste allemand ) et il met fin \u00e0 la d\u00e9mocratie par un trait\u00e9.<\/span><\/span><\/p>\n<p><span style=\"font-size: medium\"><span style=\"font-family: 'Times New Roman', serif\">\u00a0 \u00a0 \u00a0 \u00a0Aujourd&rsquo;hui, les doute demeure sur la responsabilit\u00e9 de Marinus van der Lubbe. Est-il vraiment responsable de l&rsquo;incendie ou est-ce les membre du partie nazi qui ont mis le feu au Reichstag pour acc\u00e9l\u00e9rer la prise de pouvoir d&rsquo;Hitler sur l&rsquo;Allemagne\u00a0?<\/span><\/span><\/p>\n","protected":false},"excerpt":{"rendered":"<p>\u00a0 \u00a0 \u00a0 \u00a0Dans la nuit du 27 ou 28 f\u00e9vrier. Le Reichstag prend feu. La police arr\u00eate un jeune homme qui erre sur les lieux. Il s&rsquo;agit d&rsquo;un ma\u00e7on hollandais qui fait partie du mouvement communiste,\u00a0Marinus van der Lubbe. Il sera arr\u00eat\u00e9 et ex\u00e9cut\u00e9 en temps que responsable de l&rsquo;incendie. Hitler profite de cette &hellip; <\/p>\n<p class=\"link-more\"><a href=\"https:\/\/blogs.univ-jfc.fr\/vphn\/projets-specifiques\/projet-septfonds-2018-2019\/une-jeune-fille-autrichienne-dorigine-juive-sophia\/lincendie-du-reichstag\/\" class=\"more-link\">Continuer la lecture<span class=\"screen-reader-text\"> de &laquo;&nbsp;L&rsquo;incendie du Reichstag&nbsp;&raquo;<\/span><\/a><\/p>\n","protected":false},"author":564,"featured_media":0,"parent":2196,"menu_order":0,"comment_status":"closed","ping_status":"closed","template":"","meta":[],"_links":{"self":[{"href":"https:\/\/blogs.univ-jfc.fr\/vphn\/wp-json\/wp\/v2\/pages\/2939"}],"collection":[{"href":"https:\/\/blogs.univ-jfc.fr\/vphn\/wp-json\/wp\/v2\/pages"}],"about":[{"href":"https:\/\/blogs.univ-jfc.fr\/vphn\/wp-json\/wp\/v2\/types\/page"}],"author":[{"embeddable":true,"href":"https:\/\/blogs.univ-jfc.fr\/vphn\/wp-json\/wp\/v2\/users\/564"}],"replies":[{"embeddable":true,"href":"https:\/\/blogs.univ-jfc.fr\/vphn\/wp-json\/wp\/v2\/comments?post=2939"}],"version-history":[{"count":4,"href":"https:\/\/blogs.univ-jfc.fr\/vphn\/wp-json\/wp\/v2\/pages\/2939\/revisions"}],"predecessor-version":[{"id":2943,"href":"https:\/\/blogs.univ-jfc.fr\/vphn\/wp-json\/wp\/v2\/pages\/2939\/revisions\/2943"}],"up":[{"embeddable":true,"href":"https:\/\/blogs.univ-jfc.fr\/vphn\/wp-json\/wp\/v2\/pages\/2196"}],"wp:attachment":[{"href":"https:\/\/blogs.univ-jfc.fr\/vphn\/wp-json\/wp\/v2\/media?parent=2939"}],"curies":[{"name":"wp","href":"https:\/\/api.w.org\/{rel}","templated":true}]}}