{"id":2945,"date":"2019-02-02T11:09:09","date_gmt":"2019-02-02T10:09:09","guid":{"rendered":"http:\/\/blogs.univ-jfc.fr\/vphn\/?page_id=2945"},"modified":"2019-02-02T11:09:45","modified_gmt":"2019-02-02T10:09:45","slug":"larmistice-du-22-juin-1940","status":"publish","type":"page","link":"https:\/\/blogs.univ-jfc.fr\/vphn\/projets-specifiques\/projet-septfonds-2018-2019\/une-jeune-fille-autrichienne-dorigine-juive-sophia\/larmistice-du-22-juin-1940\/","title":{"rendered":"L\u2019armistice du 22 juin 1940"},"content":{"rendered":"<p>Le 22 juin 1939, le mar\u00e9chal P\u00e9tain et Hitler signent l&rsquo;armistice franco allemande suite \u00e0 la d\u00e9faite de l&rsquo;arm\u00e9e fran\u00e7aise. Hitler souhaite que l&rsquo;armistice soit sign\u00e9e \u00e0 Rethondes, pour se venger de l&rsquo;humiliation subit en 1918 lorsque Adolphe Tiers a n\u00e9goci\u00e9 avec Bismarck pour l&rsquo;armistice du 11 novembre. L&rsquo;armistice du 22 juin pr\u00e9voit notamment la cr\u00e9ation d&rsquo;une \u00ab\u00a0zone libre\u00a0\u00bb au sud de la France.<\/p>\n","protected":false},"excerpt":{"rendered":"<p>Le 22 juin 1939, le mar\u00e9chal P\u00e9tain et Hitler signent l&rsquo;armistice franco allemande suite \u00e0 la d\u00e9faite de l&rsquo;arm\u00e9e fran\u00e7aise. Hitler souhaite que l&rsquo;armistice soit sign\u00e9e \u00e0 Rethondes, pour se venger de l&rsquo;humiliation subit en 1918 lorsque Adolphe Tiers a n\u00e9goci\u00e9 avec Bismarck pour l&rsquo;armistice du 11 novembre. L&rsquo;armistice du 22 juin pr\u00e9voit notamment la &hellip; <\/p>\n<p class=\"link-more\"><a href=\"https:\/\/blogs.univ-jfc.fr\/vphn\/projets-specifiques\/projet-septfonds-2018-2019\/une-jeune-fille-autrichienne-dorigine-juive-sophia\/larmistice-du-22-juin-1940\/\" class=\"more-link\">Continuer la lecture<span class=\"screen-reader-text\"> de &laquo;&nbsp;L\u2019armistice du 22 juin 1940&nbsp;&raquo;<\/span><\/a><\/p>\n","protected":false},"author":564,"featured_media":0,"parent":2196,"menu_order":0,"comment_status":"closed","ping_status":"closed","template":"","meta":[],"_links":{"self":[{"href":"https:\/\/blogs.univ-jfc.fr\/vphn\/wp-json\/wp\/v2\/pages\/2945"}],"collection":[{"href":"https:\/\/blogs.univ-jfc.fr\/vphn\/wp-json\/wp\/v2\/pages"}],"about":[{"href":"https:\/\/blogs.univ-jfc.fr\/vphn\/wp-json\/wp\/v2\/types\/page"}],"author":[{"embeddable":true,"href":"https:\/\/blogs.univ-jfc.fr\/vphn\/wp-json\/wp\/v2\/users\/564"}],"replies":[{"embeddable":true,"href":"https:\/\/blogs.univ-jfc.fr\/vphn\/wp-json\/wp\/v2\/comments?post=2945"}],"version-history":[{"count":1,"href":"https:\/\/blogs.univ-jfc.fr\/vphn\/wp-json\/wp\/v2\/pages\/2945\/revisions"}],"predecessor-version":[{"id":2946,"href":"https:\/\/blogs.univ-jfc.fr\/vphn\/wp-json\/wp\/v2\/pages\/2945\/revisions\/2946"}],"up":[{"embeddable":true,"href":"https:\/\/blogs.univ-jfc.fr\/vphn\/wp-json\/wp\/v2\/pages\/2196"}],"wp:attachment":[{"href":"https:\/\/blogs.univ-jfc.fr\/vphn\/wp-json\/wp\/v2\/media?parent=2945"}],"curies":[{"name":"wp","href":"https:\/\/api.w.org\/{rel}","templated":true}]}}