{"id":2959,"date":"2019-02-02T15:38:46","date_gmt":"2019-02-02T14:38:46","guid":{"rendered":"http:\/\/blogs.univ-jfc.fr\/vphn\/?page_id=2959"},"modified":"2019-02-07T13:41:16","modified_gmt":"2019-02-07T12:41:16","slug":"ledit-de-nantes","status":"publish","type":"page","link":"https:\/\/blogs.univ-jfc.fr\/vphn\/ledit-de-nantes\/","title":{"rendered":"L&rsquo;\u00e9dit de Nantes [2018]"},"content":{"rendered":"<p align=\"justify\">L&rsquo;\u00e9dit de Nantes est l&rsquo;\u00e9dit qui met fin aux Guerres de Religion (1562-1598). L&rsquo;\u00e9dit est propos\u00e9 aux parlements par Henri IV et pr\u00e9voit la tol\u00e9rance des protestants et l&rsquo;autorisation de pratiquer leur culte dans certaines places fortes dont N\u00eemes, ce qui explique la forte pr\u00e9sence du calvinisme dans cette ville. Cela permet une relative pacification du royaume. Bien que de fortes tensions demeurent comme le montre l&rsquo;assassinat d&rsquo;Henri IV en 1610. Mais la tol\u00e9rance prend fin sous le r\u00e8gne de Louis XIV avec l&rsquo;\u00e9dit de Fontainebleau en 1685 qui interdit de nouveau le protestantisme dans le royaume.<\/p>\n","protected":false},"excerpt":{"rendered":"<p>L&rsquo;\u00e9dit de Nantes est l&rsquo;\u00e9dit qui met fin aux Guerres de Religion (1562-1598). L&rsquo;\u00e9dit est propos\u00e9 aux parlements par Henri IV et pr\u00e9voit la tol\u00e9rance des protestants et l&rsquo;autorisation de pratiquer leur culte dans certaines places fortes dont N\u00eemes, ce qui explique la forte pr\u00e9sence du calvinisme dans cette ville. Cela permet une relative pacification &hellip; <\/p>\n<p class=\"link-more\"><a href=\"https:\/\/blogs.univ-jfc.fr\/vphn\/ledit-de-nantes\/\" class=\"more-link\">Continuer la lecture<span class=\"screen-reader-text\"> de &laquo;&nbsp;L&rsquo;\u00e9dit de Nantes [2018]&nbsp;&raquo;<\/span><\/a><\/p>\n","protected":false},"author":408,"featured_media":0,"parent":0,"menu_order":0,"comment_status":"closed","ping_status":"closed","template":"","meta":[],"_links":{"self":[{"href":"https:\/\/blogs.univ-jfc.fr\/vphn\/wp-json\/wp\/v2\/pages\/2959"}],"collection":[{"href":"https:\/\/blogs.univ-jfc.fr\/vphn\/wp-json\/wp\/v2\/pages"}],"about":[{"href":"https:\/\/blogs.univ-jfc.fr\/vphn\/wp-json\/wp\/v2\/types\/page"}],"author":[{"embeddable":true,"href":"https:\/\/blogs.univ-jfc.fr\/vphn\/wp-json\/wp\/v2\/users\/408"}],"replies":[{"embeddable":true,"href":"https:\/\/blogs.univ-jfc.fr\/vphn\/wp-json\/wp\/v2\/comments?post=2959"}],"version-history":[{"count":9,"href":"https:\/\/blogs.univ-jfc.fr\/vphn\/wp-json\/wp\/v2\/pages\/2959\/revisions"}],"predecessor-version":[{"id":3162,"href":"https:\/\/blogs.univ-jfc.fr\/vphn\/wp-json\/wp\/v2\/pages\/2959\/revisions\/3162"}],"wp:attachment":[{"href":"https:\/\/blogs.univ-jfc.fr\/vphn\/wp-json\/wp\/v2\/media?parent=2959"}],"curies":[{"name":"wp","href":"https:\/\/api.w.org\/{rel}","templated":true}]}}