{"id":30,"date":"2017-11-07T16:49:57","date_gmt":"2017-11-07T15:49:57","guid":{"rendered":"http:\/\/blogs.univ-jfc.fr\/vphn\/?page_id=30"},"modified":"2025-03-27T11:57:38","modified_gmt":"2025-03-27T10:57:38","slug":"patrimoine-et-sites-remarquables","status":"publish","type":"page","link":"https:\/\/blogs.univ-jfc.fr\/vphn\/patrimoine-et-sites-remarquables\/","title":{"rendered":"Patrimoine et sites remarquables"},"content":{"rendered":"<p>Vous trouverez dans cette section les pages suivantes (suivez les liens !) :<\/p>\n<ul>\n<li><a href=\"http:\/\/blogs.univ-jfc.fr\/vphn\/patrimoine-et-sites-remarquables\/bastides-et-castels-2018-2019\/\">Bastides et castels [2018]<\/a><\/li>\n<li><a href=\"http:\/\/blogs.univ-jfc.fr\/vphn\/wp-admin\/post.php?post=2687&amp;action=edit\">Conques [2018]<\/a><\/li>\n<li><a href=\"https:\/\/blogs.univ-jfc.fr\/vphn\/2023\/04\/13\/empuries-une-cite-antique-au-croisement-des-peuples-de-la-mediterranee\/\">Emp\u00faries, une cit\u00e9 antique au croisement des peuples de la M\u00e9diterran\u00e9e [2023]<\/a><\/li>\n<li><a href=\"http:\/\/blogs.univ-jfc.fr\/vphn\/patrimoine-et-sites-remarquables\/grottes-et-cavernes-magdaleniennes-des-pyrenees-ariegeoises-2020-2\/\">Grottes et cavernes magdal\u00e9niennes des Pyr\u00e9n\u00e9es-Ari\u00e9geoises [2020]<\/a><\/li>\n<li><a href=\"http:\/\/blogs.univ-jfc.fr\/vphn\/patrimoine-et-sites-remarquables\/la-basilique-saint-sernin-de-toulouse-xi-xiiie-siecle-2021\/\">La basilique Saint-Sernin de Toulouse (XI-XIII si\u00e8cle) [2021]<\/a><\/li>\n<li>La brique toulousaine, entre h\u00e9ritage et identit\u00e9 [2017]<\/li>\n<li>La cath\u00e9drale d&rsquo;Albi [2017]<\/li>\n<li><a href=\"http:\/\/blogs.univ-jfc.fr\/vphn\/patrimoine-et-sites-remarquables\/cathedrale-notre-dame-de-lassomption-de-montauban-2020\/\">La cath\u00e9drale Notre-Dame de l&rsquo;Assomption de Montauban [2020]<\/a><\/li>\n<li><a href=\"http:\/\/blogs.univ-jfc.fr\/vphn\/patrimoine-et-sites-remarquables\/la-cathedrale-notre-dame-de-rodez-au-fil-des-siecles-2020\/\">La Cath\u00e9drale Notre-Dame de Rodez au fil des si\u00e8cles [2020]<\/a><\/li>\n<li><a href=\"http:\/\/blogs.univ-jfc.fr\/vphn\/patrimoine-et-sites-remarquables\/la-cathedrale-saint-alain-de-lavaur-2021\/\">La cath\u00e9drale Saint-Alain de Lavaur [2021]<\/a><\/li>\n<li><a href=\"http:\/\/blogs.univ-jfc.fr\/vphn\/patrimoine-et-sites-remarquables\/la-cite-de-carcassonne-2020\/\">La cit\u00e9 de Carcassonne [2020]<\/a><\/li>\n<li><a href=\"http:\/\/blogs.univ-jfc.fr\/vphn\/patrimoine-et-sites-remarquables\/la-cite-templiere-de-sainte-eulalie-de-cernon-du-xiie-au-xve-siecle-2021\/\">La cit\u00e9 templi\u00e8re de Sainte Eulalie de Cernon du XIIe au XVe si\u00e8cle [2021]<\/a><\/li>\n<li>La coll\u00e9giale Saint Salvi [2018]<\/li>\n<li><a href=\"http:\/\/blogs.univ-jfc.fr\/vphn\/patrimoine-et-sites-remarquables\/la-fondation-de-cordes-sur-ciel-2020\/\">La fondation de Cordes-sur-Ciel [2020]<\/a><\/li>\n<li><a href=\"https:\/\/blogs.univ-jfc.fr\/vphn\/patrimoine-et-sites-remarquables\/la-grotte-de-foissac-2021\/\">La grotte de Foissac [2021]<\/a><\/li>\n<li><a href=\"http:\/\/blogs.univ-jfc.fr\/vphn\/patrimoine-et-sites-remarquables\/la-mappa-mundi-dalbi-2020\/\">La\u00a0<em>Mappa Mundi<\/em> d&rsquo;Albi [2020]<\/a><\/li>\n<li><a href=\"https:\/\/blogs.univ-jfc.fr\/vphn\/patrimoine-et-sites-remarquables\/la-restauration-de-la-cite-de-carcassonne-par-eugene-viollet-le-duc-au-xixe-siecle-2022\/\">La restauration de la Cit\u00e9 de Carcassonne par Eug\u00e8ne Viollet-le-Duc au XIXe si\u00e8cle. [2022]<\/a><\/li>\n<li><a href=\"http:\/\/blogs.univ-jfc.fr\/vphn\/patrimoine-et-sites-remarquables\/labbaye-de-de-loc-dieu-a-martiel-2020\/\">L&rsquo; abbaye de Loc-Dieu \u00e0 Martiel [2020]<\/a><\/li>\n<li><a href=\"http:\/\/blogs.univ-jfc.fr\/vphn\/patrimoine-et-sites-remarquables\/labbaye-notre-dame-de-bonneval-2021\/\">L&rsquo; abbaye Notre-Dame-de-Bonneval [2021]<\/a><\/li>\n<li><a href=\"http:\/\/blogs.univ-jfc.fr\/vphn\/patrimoine-et-sites-remarquables\/labbaye-saint-michel-de-gaillac-2020\/\">L&rsquo; abbaye Saint-Michel de Gaillac [2020]<\/a><\/li>\n<li><a href=\"http:\/\/blogs.univ-jfc.fr\/vphn\/?p=11586\">L&rsquo;abbaye Saint-Pierre de Moissac [2023]<\/a><\/li>\n<li><a href=\"http:\/\/blogs.univ-jfc.fr\/vphn\/patrimoine-et-sites-remarquables\/arsenal-de-tarbes-1870-1945-2018\/\">L&rsquo; arsenal de Tarbes de 1870 \u00e0 1945 [2018]<\/a><\/li>\n<li><a href=\"http:\/\/blogs.univ-jfc.fr\/vphn\/patrimoine-et-sites-remarquables\/le-canal-du-midi-1810-2017-2017\/\">Le canal du midi [2017]<\/a><\/li>\n<li><a href=\"http:\/\/blogs.univ-jfc.fr\/vphn\/patrimoine-et-sites-remarquables\/le-centre-hospitalier-sainte-marie-de-rodez-2017\/\">Le centre hospitalier Sainte-Marie de Rodez [2017]<\/a><\/li>\n<li><a href=\"http:\/\/blogs.univ-jfc.fr\/vphn\/patrimoine-et-sites-remarquables\/le-chateau-de-bournazel-2018-2019\/\">Le ch\u00e2teau de Bournazel\u00a0 [2018]<\/a><\/li>\n<li><a href=\"http:\/\/blogs.univ-jfc.fr\/vphn\/?page_id=4008&amp;preview=true\">Le ch\u00e2teau de Brousse et le Rouergue [2018]<\/a><\/li>\n<li><a href=\"https:\/\/blogs.univ-jfc.fr\/vphn\/patrimoine-et-sites-remarquables\/le-chateau-de-foix-2021\/\">Le ch\u00e2teau de Foix [2021]<\/a><\/li>\n<li><a href=\"http:\/\/blogs.univ-jfc.fr\/vphn\/patrimoine-et-sites-remarquables\/le-chateau-de-la-roque-2020\/\">Le ch\u00e2teau de la Roque [2020]<\/a><\/li>\n<li><a href=\"http:\/\/blogs.univ-jfc.fr\/vphn\/patrimoine-et-sites-remarquables\/le-chateau-de-miglos-2020\/\">Le ch\u00e2teau de Miglos [2020]<\/a><\/li>\n<li><a href=\"http:\/\/blogs.univ-jfc.fr\/vphn\/histoire-locale\/3190-2\/\">Le ch\u00e2teau d&rsquo;Estaing: si\u00e8ge d&rsquo;une puissante famille locale [2018]<\/a><\/li>\n<li><a href=\"http:\/\/blogs.univ-jfc.fr\/vphn\/patrimoine-et-sites-remarquables\/lecole-royale-militaire-de-soreze-1776-1793-2020\/\">L\u2019\u00e9cole royale militaire de Sor\u00e8ze (1776-1793) [2020]<\/a><\/li>\n<li><a href=\"http:\/\/blogs.univ-jfc.fr\/vphn\/patrimoine-et-sites-remarquables\/leglise-de-saint-sauveur-de-grandfuel-et-ses-pelerinages-2021\/\">L&rsquo;\u00e9glise de Saint-Sauveur de Grandfuel et ses p\u00e8lerinages [2021]<\/a><\/li>\n<li><a href=\"http:\/\/blogs.univ-jfc.fr\/vphn\/2018\/06\/25\/le-gouffre-de-padirac\/\">Le gouffre de Padirac [2017]<\/a><\/li>\n<li><a href=\"http:\/\/blogs.univ-jfc.fr\/vphn\/2020\/01\/12\/le-musee-des-augustins-1795-1895\/\">Le mus\u00e9e des Augustins [2020]<\/a><\/li>\n<li><a href=\"http:\/\/blogs.univ-jfc.fr\/vphn\/le-palais-de-la-berbie-symbole-du-pouvoir-episcopal-1260-1598-2021\/\">Le palais de la Berbie, symbole du pouvoir \u00e9piscopal (1260-1598) [2021]<\/a><\/li>\n<li><a href=\"http:\/\/blogs.univ-jfc.fr\/vphn\/patrimoine-et-sites-remarquables\/le-pont-valentre-et-sa-legende-a-cahors-2018-2019\/\">Le pont Valentr\u00e9 \u00e0 Cahors [2018]<\/a><\/li>\n<li>Le Sidobre [2017]<\/li>\n<li><a href=\"http:\/\/blogs.univ-jfc.fr\/vphn\/les-chevaliers-de-lordre-du-temple-en-aveyron-2018-2019\/\">Les chevaliers de l&rsquo;Ordre du temple en Aveyron [2018]<\/a><\/li>\n<li><a href=\"http:\/\/blogs.univ-jfc.fr\/vphn\/patrimoine-et-sites-remarquables\/les-constructions-en-pierres-seches-dans-le-lot-2017\/\">Les constructions en pierres s\u00e8ches dans le Lot [2017]<\/a><\/li>\n<li><a href=\"http:\/\/blogs.univ-jfc.fr\/vphn\/patrimoine-et-sites-remarquables\/les-hypogees-darles-et-fontvieille-2020\/\">Les hypog\u00e9es d&rsquo;Arles et Fontvieille [2020]<\/a><\/li>\n<li><a href=\"http:\/\/blogs.univ-jfc.fr\/vphn\/patrimoine-et-sites-remarquables\/les-hotels-particuliers-albigeois-du-xiie-siecle-a-nos-jours-2020\/\">Les h\u00f4tels particuliers albigeois du XIIe si\u00e8cle \u00e0 nos jours [2020]<\/a><\/li>\n<li><a href=\"http:\/\/blogs.univ-jfc.fr\/vphn\/patrimoine-et-sites-remarquables\/les-petites-filles-modeles-a-verfeil-2018-2019\/\">Les petites filles mod\u00e8les \u00e0 Verfeil [2018]<\/a><\/li>\n<li><a href=\"http:\/\/blogs.univ-jfc.fr\/vphn\/les-pigeonniers-en-midi-pyrenees-2021\/\" target=\"_blank\" rel=\"noopener noreferrer\">Les pigeonniers en Midi-Pyr\u00e9n\u00e9es [2021]<\/a><\/li>\n<li><a href=\"http:\/\/blogs.univ-jfc.fr\/vphn\/patrimoine-et-sites-remarquables\/les-sites-magdaleniens-et-aziliens-etude-de-deux-cultures-prehistorique-a-lechelle-regionale-2017\/\">Les sites magdal\u00e9niens et aziliens : \u00e9tude de deux cultures pr\u00e9historiques \u00e0 l&rsquo;\u00e9chelle r\u00e9gionale [2017]<\/a><\/li>\n<li><a href=\"http:\/\/blogs.univ-jfc.fr\/vphn\/patrimoine-et-sites-remarquables\/le-viaduc-de-millau-un-defi-des-records-une-reussite2021\/\">Le viaduc de Millau : un d\u00e9fi, des records, une r\u00e9ussite[2021]<\/a><\/li>\n<li><a href=\"http:\/\/blogs.univ-jfc.fr\/vphn\/patrimoine-et-sites-remarquables\/levolution-cultuelle-dalbi-et-larcheologie-2017\/\">L&rsquo;\u00e9volution cultuelle d&rsquo;Albi et l&rsquo;arch\u00e9ologie [2017]<\/a><\/li>\n<li><a href=\"http:\/\/blogs.univ-jfc.fr\/vphn\/2019\/02\/21\/montsegur-et-les-cathares-2018-2019\/\">Monts\u00e9gur et les Cathares [2018]<\/a><\/li>\n<li><a href=\"http:\/\/blogs.univ-jfc.fr\/vphn\/patrimoine-et-sites-remarquables\/najac-milieu-du-xiiie-fin-xive\/\">Najac (milieu du XIIIe -fin XIVe) [2020]<\/a><\/li>\n<li><a href=\"http:\/\/blogs.univ-jfc.fr\/vphn\/patrimoine-et-sites-remarquables\/notre-dame-du-bourg-a-rabastens\/\">Notre-Dame-du-Bourg de Rabastens [2017]<\/a><\/li>\n<li><a href=\"http:\/\/blogs.univ-jfc.fr\/vphn\/patrimoine-et-sites-remarquables\/rocamadour-du-xie-au-xvie-entre-culte-pelerinage-et-miracles-2020\/\">Rocamadour du XIe au XVIe si\u00e8cle. Entre culte, p\u00e8lerinage et miracles [2020]<\/a><\/li>\n<li><a href=\"http:\/\/blogs.univ-jfc.fr\/vphn\/patrimoine-et-sites-remarquables\/toulouse-capitale-du-royaume-wisigoth-2017\/\">Toulouse, capitale du royaume Wisigoth [2017]<\/a><\/li>\n<li>Toulouse-Lautrec et la prostitution [2017]<\/li>\n<li><a href=\"http:\/\/blogs.univ-jfc.fr\/vphn\/2023\/05\/07\/la-forteresse-de-penne\/\">La forteresse de Penne\u00a0[2023]<\/a><\/li>\n<li><a href=\"http:\/\/blogs.univ-jfc.fr\/vphn\/?page_id=6575&amp;preview=true\">Villefranche-de-Rouergue, exemple d&rsquo;une ville nouvelle de 1252 \u00e0 1519 [2020]<\/a><\/li>\n<li><a href=\"http:\/\/blogs.univ-jfc.fr\/vphn\/2024\/03\/28\/montsegur-et-les-cathares-2024\/\">Le ch\u00e2teau de Monts\u00e9gur et les cathares [2024]<\/a><\/li>\n<li><a href=\"_wp_link_placeholder\" data-wplink-edit=\"true\">La construction de la cath\u00e9drale d&rsquo;Albi [ 2024]<\/a><\/li>\n<\/ul>\n\n\n<p><\/p>\n","protected":false},"excerpt":{"rendered":"<p>Vous trouverez dans cette section les pages suivantes (suivez les liens !) : Bastides et castels [2018] Conques [2018] Emp\u00faries, une cit\u00e9 antique au croisement des peuples de la M\u00e9diterran\u00e9e [2023] Grottes et cavernes magdal\u00e9niennes des Pyr\u00e9n\u00e9es-Ari\u00e9geoises [2020] La basilique Saint-Sernin de Toulouse (XI-XIII si\u00e8cle) [2021] La brique toulousaine, entre h\u00e9ritage et identit\u00e9 [2017] La &hellip; <\/p>\n<p class=\"link-more\"><a href=\"https:\/\/blogs.univ-jfc.fr\/vphn\/patrimoine-et-sites-remarquables\/\" class=\"more-link\">Continuer la lecture<span class=\"screen-reader-text\"> de &laquo;&nbsp;Patrimoine et sites remarquables&nbsp;&raquo;<\/span><\/a><\/p>\n","protected":false},"author":20,"featured_media":0,"parent":0,"menu_order":0,"comment_status":"closed","ping_status":"closed","template":"","meta":[],"_links":{"self":[{"href":"https:\/\/blogs.univ-jfc.fr\/vphn\/wp-json\/wp\/v2\/pages\/30"}],"collection":[{"href":"https:\/\/blogs.univ-jfc.fr\/vphn\/wp-json\/wp\/v2\/pages"}],"about":[{"href":"https:\/\/blogs.univ-jfc.fr\/vphn\/wp-json\/wp\/v2\/types\/page"}],"author":[{"embeddable":true,"href":"https:\/\/blogs.univ-jfc.fr\/vphn\/wp-json\/wp\/v2\/users\/20"}],"replies":[{"embeddable":true,"href":"https:\/\/blogs.univ-jfc.fr\/vphn\/wp-json\/wp\/v2\/comments?post=30"}],"version-history":[{"count":114,"href":"https:\/\/blogs.univ-jfc.fr\/vphn\/wp-json\/wp\/v2\/pages\/30\/revisions"}],"predecessor-version":[{"id":14536,"href":"https:\/\/blogs.univ-jfc.fr\/vphn\/wp-json\/wp\/v2\/pages\/30\/revisions\/14536"}],"wp:attachment":[{"href":"https:\/\/blogs.univ-jfc.fr\/vphn\/wp-json\/wp\/v2\/media?parent=30"}],"curies":[{"name":"wp","href":"https:\/\/api.w.org\/{rel}","templated":true}]}}