{"id":301,"date":"2018-01-27T15:50:57","date_gmt":"2018-01-27T14:50:57","guid":{"rendered":"http:\/\/blogs.univ-jfc.fr\/vphn\/?page_id=301"},"modified":"2018-05-23T08:04:18","modified_gmt":"2018-05-23T06:04:18","slug":"de-la-decouverte-du-chocolat-a-son-implantation-dans-le-sud-ouest-de-la-france","status":"publish","type":"page","link":"https:\/\/blogs.univ-jfc.fr\/vphn\/art-de-vivre-et-societe\/de-la-decouverte-du-chocolat-a-son-implantation-dans-le-sud-ouest-de-la-france\/","title":{"rendered":"De la d\u00e9couverte du chocolat \u00e0 son implantation dans le sud-ouest de la France [2017]"},"content":{"rendered":"<p align=\"justify\">\u00a0\u00a0\u00a0\u00a0\u00a0\u00a0\u00a0\u00a0\u00a0\u00a0 Le cacao est n\u00e9 sur le continent am\u00e9ricain. La premi\u00e8re civilisation \u00e0 l&rsquo;avoir domestiqu\u00e9 sont les Olm\u00e8ques en 2000 av. J-C. Par la suite, d&rsquo;autres peuples indig\u00e8nes se l&rsquo;ont appropri\u00e9 : les Mayas, les Azt\u00e8ques et les Incas. Les f\u00e8ves de cacao sont des denr\u00e9es autant convoit\u00e9es que pr\u00e9cieuses et ont diverses fonction : \u00e9laboration de boissons mousseuses, monnaie d&rsquo;\u00e9change, fins m\u00e9dicinales (br\u00fblures) et religieuses (offrandes aux dieux).<\/p>\n<p align=\"justify\">Le premier colon europ\u00e9en \u00e0 avoir d\u00e9couvert les f\u00e8ves de cacao est l\u2019explorateur g\u00e9nois, Christophe Colomb, lors de son quatri\u00e8me voyage vers les Indes. Cependant il n\u2019y porta aucun int\u00e9r\u00eat. Il laissa donc l\u2019opportunit\u00e9 au c\u00e9l\u00e8bre conquistador Hern\u00e1n Cort\u00e9s, de le ramener \u00e0 la cour d\u2019Espagne, en 1522. Il se propagea par la suite en direction de Bayonne (France) vers 1605.<\/p>\n<figure id=\"attachment_1202\" aria-describedby=\"caption-attachment-1202\" style=\"width: 246px\" class=\"wp-caption alignleft\"><img loading=\"lazy\" class=\"size-full wp-image-1202\" src=\"http:\/\/blogs.univ-jfc.fr\/vphn\/wp-content\/uploads\/sites\/65\/2018\/01\/maraige.jpg\" alt=\"\" width=\"246\" height=\"205\" \/><figcaption id=\"caption-attachment-1202\" class=\"wp-caption-text\">Mariage de Louis XIII et Anne\u00a0\u00a0\u00a0\u00a0\u00a0\u00a0\u00a0\u00a0\u00a0\u00a0 d\u2019Autriche<\/figcaption><\/figure>\n<p align=\"justify\">Toutefois, c\u2019est gr\u00e2ce au mariage franco-espagnol d\u2019Anne-d&rsquo;Autriche et de Louis XIII qu\u2019il rentra aux habitudes de la cour. Il est une marque de luxe et de prestige \u00e0 cette \u00e9poque car seule l\u2019\u00e9lite peut en consommer. Cependant, c\u2019est au cours des r\u00e9volutions industrielles du XIX\u1d49 si\u00e8cle, que le chocolat est fabriqu\u00e9 en de plus grande quantit\u00e9 gr\u00e2ce aux r\u00e9volutions techniques de ce temps. C\u2019est un produit qui passe alors de \u00ab\u00a0m\u00e9dicament\u00a0\u00bb \u00e0\u00a0 friandise.\u00a0 Il sera \u00e9galement d\u00e9mocratis\u00e9 et accessible \u00e0 tous.<\/p>\n<p align=\"justify\">\u00a0\u00a0\u00a0\u00a0\u00a0\u00a0\u00a0\u00a0\u00a0 Au XVI<sup>e<\/sup> si\u00e8cle, le cacaoyer n&rsquo;\u00e9tait cultiv\u00e9 qu&rsquo;en Am\u00e9rique Centrale et du Sud. Petit \u00e0 petit, il s&rsquo;est implant\u00e9 sur d&rsquo;autres terres de la ceinture \u00e9quatoriale. Aujourd&rsquo;hui, il y a huit pays phares dans la production de cacao, qui repr\u00e9sentent 90% de la production mondiale. Ce sont en Afrique, la C\u00f4te d&rsquo;Ivoire, le Ghana, le Nigeria, le Cameroun;\u00a0 en Asie, l&rsquo;Indon\u00e9sie et la Malaisie et en Am\u00e9rique Centrale, le Br\u00e9sil et l&rsquo;\u00c9quateur). Il y a deux cueillettes dans l&rsquo;ann\u00e9e. L&rsquo;arbre de cacao est productif entre sa 5e et sa 25e ann\u00e9e. Il porte des cabosses qui a l&rsquo;int\u00e9rieur contiennent les pr\u00e9cieuses f\u00e8ves de cacao. Le cacao est produit par des pays en voies de d\u00e9veloppement, mais il est consomm\u00e9 essentiellement par des pays industrialis\u00e9s.<\/p>\n<figure id=\"attachment_1245\" aria-describedby=\"caption-attachment-1245\" style=\"width: 250px\" class=\"wp-caption alignleft\"><img loading=\"lazy\" class=\"wp-image-1245\" src=\"http:\/\/blogs.univ-jfc.fr\/vphn\/wp-content\/uploads\/sites\/65\/2018\/01\/F\u00e8ves-de-cacao.jpg\" alt=\"\" width=\"250\" height=\"166\" \/><figcaption id=\"caption-attachment-1245\" class=\"wp-caption-text\">F\u00e8ves de cacao<\/figcaption><\/figure>\n<figure id=\"attachment_1244\" aria-describedby=\"caption-attachment-1244\" style=\"width: 250px\" class=\"wp-caption alignright\"><img loading=\"lazy\" class=\"wp-image-1244\" src=\"http:\/\/blogs.univ-jfc.fr\/vphn\/wp-content\/uploads\/sites\/65\/2018\/01\/Cacaoyer.jpg\" alt=\"\" width=\"250\" height=\"163\" \/><figcaption id=\"caption-attachment-1244\" class=\"wp-caption-text\">Cacaoyer<\/figcaption><\/figure>\n<p>&nbsp;<\/p>\n<p>&nbsp;<\/p>\n<p>&nbsp;<\/p>\n<p>&nbsp;<\/p>\n<p>&nbsp;<\/p>\n<p align=\"justify\">\u00a0\u00a0\u00a0\u00a0\u00a0\u00a0\u00a0\u00a0\u00a0 En ce d\u00e9but du XX<sup>e<\/sup> si\u00e8cle, les \u00ab\u00a0faiseurs\u00a0\u00bb de chocolat \u00e9taient sollicit\u00e9s. La mont\u00e9e en puissance des premiers industriels du chocolat, Poulain et Meunier, n&#8217;emp\u00eachaient pas le d\u00e9veloppement de chocolateries artisanales. Auparavant, c&rsquo;\u00e9tait les apothicaires qui broyaient le cacao pour fabriquer du chocolat. Pour transcender ses vertus, ils n&rsquo;h\u00e9sitaient pas \u00e0 lui rajouter d&rsquo;autres ingr\u00e9dients plus vari\u00e9s.<\/p>\n<p align=\"justify\">Aujourd&rsquo;hui ce met d&rsquo;exception, qui est pass\u00e9 au cour du temps d&rsquo;aliment \u00e0 ingr\u00e9dient, va connaitre un important succ\u00e8s dans le sud-ouest de la France avec l&rsquo;implantation de grands chocolatiers r\u00e9gionaux. Un chocolatier retiendra particuli\u00e8rement notre attention, il s&rsquo;agit du meilleur ouvrier de France : Yves Thuri\u00e8s.<\/p>\n<figure id=\"attachment_1267\" aria-describedby=\"caption-attachment-1267\" style=\"width: 284px\" class=\"wp-caption aligncenter\"><img loading=\"lazy\" class=\"size-medium wp-image-1267\" src=\"http:\/\/blogs.univ-jfc.fr\/vphn\/wp-content\/uploads\/sites\/65\/2018\/01\/Thuri\u00e8s-284x300.jpg\" alt=\"\" width=\"284\" height=\"300\" srcset=\"https:\/\/blogs.univ-jfc.fr\/vphn\/wp-content\/uploads\/sites\/65\/2018\/01\/Thuri\u00e8s-284x300.jpg 284w, https:\/\/blogs.univ-jfc.fr\/vphn\/wp-content\/uploads\/sites\/65\/2018\/01\/Thuri\u00e8s.jpg 336w\" sizes=\"(max-width: 284px) 100vw, 284px\" \/><figcaption id=\"caption-attachment-1267\" class=\"wp-caption-text\">Yves Thuri\u00e8s : Meilleur Ouvrier de France\u00a0\u00a0\u00a0 (MOF)<\/figcaption><\/figure>\n<p align=\"justify\">\u00a0\u00a0\u00a0\u00a0\u00a0\u00a0\u00a0\u00a0\u00a0\u00a0 Y. Thuries d\u00e9bute tr\u00e8s jeune dans le monde du chocolat. Seulement \u00e2g\u00e9 de 14 ans, il commence son apprentissage avec les Compagnons du Tour de France. Fils de boulanger, il se sp\u00e9cialisera tr\u00e8s vite dans la p\u00e2tisserie. Le chocolatier s&rsquo;implante dans le sud-ouest \u00e0 Marssac-sur-Tarn, et c&rsquo;est en 1972 qu&rsquo;il cr\u00e9a sa premi\u00e8re chocolaterie afin de d\u00e9velopper ses cr\u00e9ations et alimenter ses boutiques. En 1976, il sera sacr\u00e9 deux fois Meilleur Ouvrier de France (MOF) dans les cat\u00e9gories P\u00e2tissier-Traiteur et Confiseur-Glacier. Il est aussi l&rsquo;auteur d&rsquo;une encyclop\u00e9die en 12 volumes \u00ab\u00a0Le livre de recettes d&rsquo;un compagnon du Tour de France\u00a0\u00bb.\u00a0 Son ouvrage est une r\u00e9f\u00e9rence incontournable dans le monde des professionnels du chocolat. Il est \u00e9galement \u00e0 l&rsquo;origine d&rsquo;un ouvrage s&rsquo;intitulant \u00ab\u00a0La p\u00e2tisserie fran\u00e7aise\u00a0\u00bb en 1977, qui est \u00e9galement un ouvrage de r\u00e9f\u00e9rences. Il met \u00e0 disposition des recettes et des savoirs-faire, des techniques p\u00e2tissi\u00e8res qui influenceront les g\u00e9n\u00e9rations \u00e0 venir. En 1988, il fonde le \u00ab\u00a0Thuri\u00e8s Magazine\u00a0\u00bb qui est aussi une grande source d&rsquo;inspiration pour les lecteurs.\u00a0 Beaucoup de ses \u0153uvres en sucre et chocolat furent expos\u00e9es dans son mus\u00e9e des arts du sucre et du chocolat.\u00a0 Y. Thuri\u00e8s est un chocolatier unique car il respecte une grande tradition en partant de la f\u00e8ve brute de cacao pour fabriquer son propre chocolat. Pour lui le meilleur chocolat est 100\u00a0% pur beurre de cacao sans graisse v\u00e9g\u00e9tale. C\u2019est enfin en 1991, qu\u2019il lan\u00e7a sa propre gamme de chocolat.<\/p>\n<p align=\"justify\">Yves Thuri\u00e8s a \u00e9galement d\u00e9velopp\u00e9 ses boutiques dans le monde entier. Il exporte ainsi son savoir-faire \u00e0 travers diff\u00e9rents villes et pays, comme Dakar, Abidjan et aux \u00c9tats-Unis. Il poss\u00e8de 500 hectares de cacaoyer en \u00c9quateur, en Am\u00e9rique Latine et en Asie. Il a aussi une implantation importante en France, o\u00f9 il poss\u00e8de 60 boutiques qu&rsquo;il approvisionne toutes les semaines.<\/p>\n<p align=\"justify\">Ce dernier a re\u00e7u le prix du tourisme Midi-Pyr\u00e9n\u00e9es, qui lui a \u00e9t\u00e9 remis lors de l&rsquo;ouverture de son mus\u00e9e. A travers son titre de MOF et son livre, il impose son style et montre de nouvelles fa\u00e7ons de travailler notamment sur les mousses aux fruits, les coulis, les g\u00e2teaux en cercle et les pr\u00e9sentoirs de p\u00e2tisserie.<\/p>\n<p align=\"justify\">Y. Thuri\u00e8s a une exigence dans le choix de ses ingr\u00e9dients, c\u2019est pourquoi il r\u00e9colte directement les mati\u00e8res premi\u00e8res dans ses propres plantations de deux sortes diff\u00e9rentes\u00a0: les plantations de cacao en \u00c9quateur et celle de noisettes dans le sud-ouest de la France. Pour \u00e9laborer de nouvelles pi\u00e8ces ou des cr\u00e9ations, il fait d&rsquo;abord des croquis sur du papier, puis aid\u00e9 de ses chocolatiers, les premiers essais. Il cr\u00e9a lui-m\u00eame les truffelines, et les succulents pralin\u00e9s d&rsquo;Yves.<\/p>\n<p align=\"justify\">Chaque chocolatier \u00e0 une fa\u00e7on diff\u00e9rente de travailler le chocolat, donc chaque maison s&rsquo;approprie elle-m\u00eame l&rsquo;\u00e9laboration de son chocolat. Yves Thuri\u00e8s explique qu&rsquo;en poussant les cabosses sont immangeables et ne deviennent qu&rsquo;un produit merveilleux qu&rsquo;en les travaillant. Il faut environ 5 ans \u00e0 un chocolatier pour ma\u00eetriser son produit et ses temp\u00e9ratures. La maison Thuri\u00e8s favorise le chocolat 100% pur beurre sans graisse v\u00e9g\u00e9tale, qui est selon lui le meilleur. Toujours par soucis des saveurs, le chocolatier allie \u00e0 son cacao des noisettes du sud-ouest pour le c\u00f4t\u00e9 saveur pralin\u00e9s, le fondant a une texture bien sp\u00e9cifique. Pour \u00eatre s\u00fbr de la qualit\u00e9 des noisettes employ\u00e9es, Yves Thuri\u00e8s s&rsquo;est arrang\u00e9 pour avoir sa propre plantation de 100 hectares dans le Lot-et-Garonne.<\/p>\n<figure id=\"attachment_1265\" aria-describedby=\"caption-attachment-1265\" style=\"width: 300px\" class=\"wp-caption aligncenter\"><img loading=\"lazy\" class=\"size-medium wp-image-1265\" src=\"http:\/\/blogs.univ-jfc.fr\/vphn\/wp-content\/uploads\/sites\/65\/2018\/01\/Le-chocolat-sous-diverses-formes-300x166.jpg\" alt=\"\" width=\"300\" height=\"166\" srcset=\"https:\/\/blogs.univ-jfc.fr\/vphn\/wp-content\/uploads\/sites\/65\/2018\/01\/Le-chocolat-sous-diverses-formes-300x166.jpg 300w, https:\/\/blogs.univ-jfc.fr\/vphn\/wp-content\/uploads\/sites\/65\/2018\/01\/Le-chocolat-sous-diverses-formes.jpg 301w\" sizes=\"(max-width: 300px) 100vw, 300px\" \/><figcaption id=\"caption-attachment-1265\" class=\"wp-caption-text\">Le chocolat sous diverses formes<\/figcaption><\/figure>\n<p align=\"justify\">\u00a0\u00a0\u00a0\u00a0\u00a0\u00a0\u00a0\u00a0\u00a0 Le chocolat est donc un h\u00e9ritage multiculturel, car il a parcouru les si\u00e8cles et les continents. Il a vu le jour sur le continent Am\u00e9ricain (par les Olm\u00e8ques) et est arriv\u00e9 en Espagne gr\u00e2ce au conquistador Hern\u00e1n Cort\u00e8s. Par la suite, il traversa la fronti\u00e8re avec les juifs chass\u00e9s d\u2019Espagne et ira s\u2019implanter dans de nombreux autres pays. Un grand nombre de chocolatiers ce sont implant\u00e9s \u00e9galement dans le sud-ouest de la France. Y. Thuri\u00e8s en est un exemple et est le plus c\u00e9l\u00e8bre d\u2019entre eux. Ma\u00eetre chocolatier hors normes, il b\u00e2tit autour de lui un empire du chocolat, qui lui permit de devenir l\u2019un des meilleurs chocolatiers du monde.<\/p>\n<p align=\"justify\">\u00c9tudiantes\u00a0 L1 : SALLES L\u00e9a &amp; CAPUTO Christelle<\/p>\n<p align=\"justify\">\u00c9tudiante\u00a0 L2 : BRUNET Samantha<\/p>\n","protected":false},"excerpt":{"rendered":"<p>\u00a0\u00a0\u00a0\u00a0\u00a0\u00a0\u00a0\u00a0\u00a0\u00a0 Le cacao est n\u00e9 sur le continent am\u00e9ricain. La premi\u00e8re civilisation \u00e0 l&rsquo;avoir domestiqu\u00e9 sont les Olm\u00e8ques en 2000 av. J-C. Par la suite, d&rsquo;autres peuples indig\u00e8nes se l&rsquo;ont appropri\u00e9 : les Mayas, les Azt\u00e8ques et les Incas. Les f\u00e8ves de cacao sont des denr\u00e9es autant convoit\u00e9es que pr\u00e9cieuses et ont diverses fonction : &hellip; <\/p>\n<p class=\"link-more\"><a href=\"https:\/\/blogs.univ-jfc.fr\/vphn\/art-de-vivre-et-societe\/de-la-decouverte-du-chocolat-a-son-implantation-dans-le-sud-ouest-de-la-france\/\" class=\"more-link\">Continuer la lecture<span class=\"screen-reader-text\"> de &laquo;&nbsp;De la d\u00e9couverte du chocolat \u00e0 son implantation dans le sud-ouest de la France [2017]&nbsp;&raquo;<\/span><\/a><\/p>\n","protected":false},"author":422,"featured_media":0,"parent":39,"menu_order":0,"comment_status":"closed","ping_status":"closed","template":"","meta":[],"_links":{"self":[{"href":"https:\/\/blogs.univ-jfc.fr\/vphn\/wp-json\/wp\/v2\/pages\/301"}],"collection":[{"href":"https:\/\/blogs.univ-jfc.fr\/vphn\/wp-json\/wp\/v2\/pages"}],"about":[{"href":"https:\/\/blogs.univ-jfc.fr\/vphn\/wp-json\/wp\/v2\/types\/page"}],"author":[{"embeddable":true,"href":"https:\/\/blogs.univ-jfc.fr\/vphn\/wp-json\/wp\/v2\/users\/422"}],"replies":[{"embeddable":true,"href":"https:\/\/blogs.univ-jfc.fr\/vphn\/wp-json\/wp\/v2\/comments?post=301"}],"version-history":[{"count":19,"href":"https:\/\/blogs.univ-jfc.fr\/vphn\/wp-json\/wp\/v2\/pages\/301\/revisions"}],"predecessor-version":[{"id":2137,"href":"https:\/\/blogs.univ-jfc.fr\/vphn\/wp-json\/wp\/v2\/pages\/301\/revisions\/2137"}],"up":[{"embeddable":true,"href":"https:\/\/blogs.univ-jfc.fr\/vphn\/wp-json\/wp\/v2\/pages\/39"}],"wp:attachment":[{"href":"https:\/\/blogs.univ-jfc.fr\/vphn\/wp-json\/wp\/v2\/media?parent=301"}],"curies":[{"name":"wp","href":"https:\/\/api.w.org\/{rel}","templated":true}]}}