{"id":3087,"date":"2019-02-27T14:38:52","date_gmt":"2019-02-27T13:38:52","guid":{"rendered":"http:\/\/blogs.univ-jfc.fr\/vphn\/?page_id=3087"},"modified":"2019-03-09T11:09:50","modified_gmt":"2019-03-09T10:09:50","slug":"lamour-courtois-2018","status":"publish","type":"page","link":"https:\/\/blogs.univ-jfc.fr\/vphn\/art-de-vivre-et-societe\/lamour-courtois-2018\/","title":{"rendered":"L&rsquo;amour courtois [2018]"},"content":{"rendered":"<p align=\"justify\">L&rsquo;amour courtois ou <em>fin&rsquo; Amor<\/em> en occitan est une expression m\u00e9di\u00e9vale pour d\u00e9signer la relation de courtoisie entretenue par deux partenaires, tourn\u00e9e vers l&rsquo;\u00e9rotisme.\u00a0Apparu dans la r\u00e9gion Occitane au XIIe si\u00e8cle, le mouvement s&rsquo;essouffle \u00e0 la fin XIIIe si\u00e8cle. Guillaume IX d&rsquo;Aquitaine (1071-1127), dit Guillaume le troubadour est l&rsquo;un des pr\u00e9curseurs de ce nouveau lyrisme. Ce courant s&rsquo;inscrit dans les cours seigneuriales, il vient lib\u00e9rer la parole de la s\u00e9duction et en fait dans une certaine mesure la promotion. Ce furent les troubadours qui invent\u00e8rent la fin&rsquo;amor. Ces derniers \u00e9taient issus de la haute noblesse, plus souvent d&rsquo;une noblesse plus basse voire d&rsquo;un roturier enrichit. Cet amour courtois fut un ph\u00e9nom\u00e8ne culturel plut\u00f4t que social.<\/p>\n<figure id=\"attachment_4181\" aria-describedby=\"caption-attachment-4181\" style=\"width: 223px\" class=\"wp-caption alignleft\"><img loading=\"lazy\" class=\"wp-image-4181 size-medium\" src=\"http:\/\/blogs.univ-jfc.fr\/vphn\/wp-content\/uploads\/sites\/65\/2019\/02\/knightlady62617-223x300.jpg\" alt=\"\" width=\"223\" height=\"300\" srcset=\"https:\/\/blogs.univ-jfc.fr\/vphn\/wp-content\/uploads\/sites\/65\/2019\/02\/knightlady62617-223x300.jpg 223w, https:\/\/blogs.univ-jfc.fr\/vphn\/wp-content\/uploads\/sites\/65\/2019\/02\/knightlady62617.jpg 305w\" sizes=\"(max-width: 223px) 100vw, 223px\" \/><figcaption id=\"caption-attachment-4181\" class=\"wp-caption-text\">CHEVALIER ET LA DAME AUX OISEAUX Pr\u00e9sente dans : Manuscrit de Heidelberger Cr\u00e9dit photographique : Corey Chimko Provincial Museum of Alberta Vers 1305-1340 Enluminure<\/figcaption><\/figure>\n<p align=\"justify\">Dans la pratique, un amant cherche \u00e0 conqu\u00e9rir une femme, la dame, qui \u00e9tait socialement au-dessus de lui. C&rsquo;est une relation sentimentale et surtout \u00e9rotique. Le lyrisme courtois du Midi est adult\u00e8re. En effet, il y avait de nombreuses images dans les textes en rapport avec l&rsquo;\u00e9rotisme, avec des lieux subjectifs ou des endroits intimes qui laisse forc\u00e9ment place \u00e0 des arri\u00e8res pens\u00e9es. Autre fait important : le seigneur est le mari de la dame, l&rsquo;amant doit donc s&rsquo;en m\u00e9fier tout autant que d&rsquo;autres concurrents.<\/p>\n<p align=\"justify\">Ce nouveau genre litt\u00e9raire s&rsquo;est d\u00e9velopp\u00e9 dans les cours des seigneurs occitans, les textes sont alors \u00e9crits en langue d&rsquo;oc. Ainsi, nous pouvons les retrouver de Toulouse \u00e0 Bordeaux, tout en passant par le nord de l&rsquo;Italie. Ces textes sont destin\u00e9s \u00e0 \u00eatre chant\u00e9s et jou\u00e9s gr\u00e2ce \u00e0 la po\u00e9sie. Les troubadours sont des po\u00e8tes, et sont accompagn\u00e9s d&rsquo;une vielle lors de leurs prestations. Il existe des femmes troubadours, mais nous savons que celles-ci \u00e9crivaient sous des pseudos ou anonymement. Un troubadour racontait dans ses chants des histoires d&rsquo;amour v\u00e9cues, id\u00e9alis\u00e9es ou alors leur amour pour la dame devant laquelle il joue (malgr\u00e9 la pr\u00e9sence du seigneur \u00e0 ses c\u00f4t\u00e9s). Les \u00e9crits peuvent \u00eatre beaux dans la mani\u00e8re dont ils sont r\u00e9dig\u00e9s tout comme ils peuvent \u00eatre crus et bouffons.<\/p>\n<p align=\"justify\">Il faut noter que \u00e7a a inspir\u00e9 les cours seigneuriales du Nord aussi. En effet, nous pouvons trouver l&rsquo;\u00e9quivalent des troubadours dans le nord qui sont les trouv\u00e8res. Ces derniers ne sont pas forc\u00e9ment des seigneurs, mais plut\u00f4t des m\u00e9nestrels form\u00e9s par l&rsquo;\u00e9cole de m\u00e9nestrandie. On peut les surnommer les \u00ab\u00a0jongleurs\u00a0\u00bb aussi.<\/p>\n<p align=\"justify\">Il existe une d\u00e9rive \u00e0 ce style : la pastourelle. Il s&rsquo;agit de chants plus os\u00e9s, explicites, o\u00f9 l&rsquo;avis de la femme est laiss\u00e9 de c\u00f4t\u00e9. L&rsquo;issu de ce chant est le viol.<\/p>\n<figure id=\"attachment_4192\" aria-describedby=\"caption-attachment-4192\" style=\"width: 160px\" class=\"wp-caption alignright\"><img loading=\"lazy\" class=\"wp-image-4192 size-full\" src=\"http:\/\/blogs.univ-jfc.fr\/vphn\/wp-content\/uploads\/sites\/65\/2019\/02\/Chr\u00e9tien-de-Troyes.jpg\" alt=\"\" width=\"160\" height=\"202\" \/><figcaption id=\"caption-attachment-4192\" class=\"wp-caption-text\">CHR\u00c9TIEN DE TROYES auteur inconnu source : bnf.fr<\/figcaption><\/figure>\n<p align=\"justify\">La po\u00e9sie des troubadours a ainsi inspir\u00e9 le genre litt\u00e9raire de la chevalerie. En effet, dans les romans de chevalerie, la notion d&rsquo;amour est tr\u00e8s pr\u00e9sente. Le chevalier est un homme noble dans ses valeurs, sa tenue et ses id\u00e9aux, il se doit alors de prouver sa bravoure et son niveau afin d&rsquo;atteindre le c\u0153ur de la dame, qui est bien au-dessus de lui socialement. Il n&rsquo;\u00e9tait pas rare qu&rsquo;un chevalier tente de conqu\u00e9rir le c\u0153ur d&rsquo;une dame d\u00e9j\u00e0 en couple avec un seigneur puissant. Souvenez-vous de Lancelot follement amoureux de Gueni\u00e8vre, femme du roi Arthur, qui partira \u00e0 la recherche du Graal, pensant pouvoir conqu\u00e9rir le c\u0153ur de\u00a0sa belle en revenant avec. Les ouvrages les plus fameux viennent de Chr\u00e9tien de Troyes, comme <em>Lancelot du lac<\/em>, ou bien <em>Le chevalier de la charrette<\/em>.<\/p>\n<p align=\"justify\">Pour terminer, nous proposons une citation de <a href=\"https:\/\/fr.wikipedia.org\/wiki\/Jean_Markale\">Jean Markale<\/a> :\u00a0\u00ab\u00a0Le rituel de l\u2019amour courtois est n\u00e9cessairement douloureux. La joie de l\u2019amant na\u00eet dans sa souffrance\u00a0\u00bb.<\/p>\n<p align=\"justify\">Pour aller plus loin : <a href=\"http:\/\/blogs.univ-jfc.fr\/vphn\/art-de-vivre-et-societe\/lamour-courtois-bibliographie\/\">notre bibliographie<\/a>\u00a0ou cette <a href=\"https:\/\/www.youtube.com\/watch?v=BSPsWFzyHQ0\">conf\u00e9rence sur l&rsquo;amour courtois<\/a>.<\/p>\n<p>&nbsp;<\/p>\n","protected":false},"excerpt":{"rendered":"<p>L&rsquo;amour courtois ou fin&rsquo; Amor en occitan est une expression m\u00e9di\u00e9vale pour d\u00e9signer la relation de courtoisie entretenue par deux partenaires, tourn\u00e9e vers l&rsquo;\u00e9rotisme.\u00a0Apparu dans la r\u00e9gion Occitane au XIIe si\u00e8cle, le mouvement s&rsquo;essouffle \u00e0 la fin XIIIe si\u00e8cle. Guillaume IX d&rsquo;Aquitaine (1071-1127), dit Guillaume le troubadour est l&rsquo;un des pr\u00e9curseurs de ce nouveau lyrisme. &hellip; <\/p>\n<p class=\"link-more\"><a href=\"https:\/\/blogs.univ-jfc.fr\/vphn\/art-de-vivre-et-societe\/lamour-courtois-2018\/\" class=\"more-link\">Continuer la lecture<span class=\"screen-reader-text\"> de &laquo;&nbsp;L&rsquo;amour courtois [2018]&nbsp;&raquo;<\/span><\/a><\/p>\n","protected":false},"author":589,"featured_media":0,"parent":39,"menu_order":0,"comment_status":"closed","ping_status":"closed","template":"","meta":[],"_links":{"self":[{"href":"https:\/\/blogs.univ-jfc.fr\/vphn\/wp-json\/wp\/v2\/pages\/3087"}],"collection":[{"href":"https:\/\/blogs.univ-jfc.fr\/vphn\/wp-json\/wp\/v2\/pages"}],"about":[{"href":"https:\/\/blogs.univ-jfc.fr\/vphn\/wp-json\/wp\/v2\/types\/page"}],"author":[{"embeddable":true,"href":"https:\/\/blogs.univ-jfc.fr\/vphn\/wp-json\/wp\/v2\/users\/589"}],"replies":[{"embeddable":true,"href":"https:\/\/blogs.univ-jfc.fr\/vphn\/wp-json\/wp\/v2\/comments?post=3087"}],"version-history":[{"count":17,"href":"https:\/\/blogs.univ-jfc.fr\/vphn\/wp-json\/wp\/v2\/pages\/3087\/revisions"}],"predecessor-version":[{"id":5060,"href":"https:\/\/blogs.univ-jfc.fr\/vphn\/wp-json\/wp\/v2\/pages\/3087\/revisions\/5060"}],"up":[{"embeddable":true,"href":"https:\/\/blogs.univ-jfc.fr\/vphn\/wp-json\/wp\/v2\/pages\/39"}],"wp:attachment":[{"href":"https:\/\/blogs.univ-jfc.fr\/vphn\/wp-json\/wp\/v2\/media?parent=3087"}],"curies":[{"name":"wp","href":"https:\/\/api.w.org\/{rel}","templated":true}]}}