{"id":3111,"date":"2019-02-27T15:07:24","date_gmt":"2019-02-27T14:07:24","guid":{"rendered":"http:\/\/blogs.univ-jfc.fr\/vphn\/?page_id=3111"},"modified":"2019-03-16T11:56:42","modified_gmt":"2019-03-16T10:56:42","slug":"laveyron-dans-la-seconde-guerre-mondiale-2018","status":"publish","type":"page","link":"https:\/\/blogs.univ-jfc.fr\/vphn\/histoire-locale\/laveyron-dans-la-seconde-guerre-mondiale-2018\/","title":{"rendered":"L&rsquo;Aveyron dans la Seconde Guerre mondiale [2018-2019]"},"content":{"rendered":"<p align=\"justify\">L\u2019Aveyron, \u00e0 l\u2019instar d\u2019une immense majorit\u00e9 des d\u00e9partements fran\u00e7ais, a ressenti d\u2019une mani\u00e8re unique le second conflit mondial, entre \u00ab guerre \u00e9clair \u00bb et occupation allemande. C\u2019est le 13 novembre 1942 que les Allemands arrivent dans la pr\u00e9fecture aveyronnaise. Les Ruth\u00e9nois vont conna\u00eetre de fortes restrictions que ce soit au niveau de la presse, de la nourriture et des transports. Les Allemands occupent les \u00e9coles, les h\u00f4tels et r\u00e9quisitionnent aussi les m\u00e9taux dans le but d&rsquo;en faire des bombes et des canons. Ce sont pr\u00e8s de 300 personnes de confession juive r\u00e9sidant en Aveyron qui ont \u00e9t\u00e9 d\u00e9port\u00e9es entre ao\u00fbt 1942 et janvier 1943.<\/p>\n<figure id=\"attachment_4056\" aria-describedby=\"caption-attachment-4056\" style=\"width: 300px\" class=\"wp-caption aligncenter\"><img loading=\"lazy\" class=\"wp-image-4056 size-medium\" src=\"http:\/\/blogs.univ-jfc.fr\/vphn\/wp-content\/uploads\/sites\/65\/2019\/02\/20181206_111316-300x203.jpg\" alt=\"\" width=\"300\" height=\"203\" srcset=\"https:\/\/blogs.univ-jfc.fr\/vphn\/wp-content\/uploads\/sites\/65\/2019\/02\/20181206_111316-300x203.jpg 300w, https:\/\/blogs.univ-jfc.fr\/vphn\/wp-content\/uploads\/sites\/65\/2019\/02\/20181206_111316-768x521.jpg 768w, https:\/\/blogs.univ-jfc.fr\/vphn\/wp-content\/uploads\/sites\/65\/2019\/02\/20181206_111316-1024x694.jpg 1024w\" sizes=\"(max-width: 300px) 100vw, 300px\" \/><figcaption id=\"caption-attachment-4056\" class=\"wp-caption-text\">Arriv\u00e9e des troupes allemandes \u00e0 Rodez. Sources: Archives d\u00e9partementales de l&rsquo;Aveyron<\/figcaption><\/figure>\n<p align=\"justify\">L\u2019\u00e9v\u00e8nement le plus marquant de la Seconde Guerre mondiale en Aveyron s\u2019est sans doute d\u00e9roul\u00e9 \u00e0 <strong>Sainte-Radegonde<\/strong>, le 17 ao\u00fbt 1944. Trente personnes ayant d\u00e9fendu le territoire national ont \u00e9t\u00e9 fusill\u00e9es. De toutes cat\u00e9gories socio-professionnelles, ces individus morts en chantant la Marseillaise ont suscit\u00e9 une grande \u00e9motion aupr\u00e8s des populations voisines. Au lendemain de la Seconde Guerre mondiale, fut inaugur\u00e9 \u00e0 l&rsquo;endroit de la fusillade un monument \u00e0 la m\u00e9moire des victimes du massacre.<\/p>\n<figure id=\"attachment_4057\" aria-describedby=\"caption-attachment-4057\" style=\"width: 300px\" class=\"wp-caption aligncenter\"><img loading=\"lazy\" class=\"wp-image-4057 size-medium\" src=\"http:\/\/blogs.univ-jfc.fr\/vphn\/wp-content\/uploads\/sites\/65\/2019\/02\/Download-300x225.jpg\" alt=\"\" width=\"300\" height=\"225\" srcset=\"https:\/\/blogs.univ-jfc.fr\/vphn\/wp-content\/uploads\/sites\/65\/2019\/02\/Download-300x225.jpg 300w, https:\/\/blogs.univ-jfc.fr\/vphn\/wp-content\/uploads\/sites\/65\/2019\/02\/Download-768x576.jpg 768w, https:\/\/blogs.univ-jfc.fr\/vphn\/wp-content\/uploads\/sites\/65\/2019\/02\/Download-1024x768.jpg 1024w, https:\/\/blogs.univ-jfc.fr\/vphn\/wp-content\/uploads\/sites\/65\/2019\/02\/Download.jpg 2048w\" sizes=\"(max-width: 300px) 100vw, 300px\" \/><figcaption id=\"caption-attachment-4057\" class=\"wp-caption-text\">Photographie au lendemain du massacre de Sainte-Radegonde, le 17 ao\u00fbt 1944. Sources : http:\/\/club.quomodo.com\/aveyronresistance\/archives-et-documents-\/<\/figcaption><\/figure>\n<h3 align=\"justify\">La R\u00e9sistance, les r\u00e9sistants<\/h3>\n<p align=\"justify\">La R\u00e9sistance en Aveyron se d\u00e9veloppe petit \u00e0 petit. En effet, les maquisards ne sont que tr\u00e8s peu nombreux en 1940 et le chiffre augmente au fur et \u00e0 mesure des ann\u00e9es. Des sabotages ou encore des embuscades sont r\u00e9alis\u00e9s par la trentaine de groupes arm\u00e9s pr\u00e9sents dans le d\u00e9partement.<\/p>\n<p align=\"justify\">L\u2019organisation de la R\u00e9sistance aveyronnaise est de nombreuses fois contest\u00e9e. Avant 1944, les maquisards sont en inf\u00e9riorit\u00e9 num\u00e9rique et sont tr\u00e8s souvent rejet\u00e9s par le reste de la population aveyronnaise.<\/p>\n<p align=\"justify\">Le profil des maquisards est tr\u00e8s vari\u00e9, on comptabilise des hommes, des femmes, des jeunes\u2026 De plus, on remarque que les r\u00e9sistants viennent de structures socio-professionnelles tr\u00e8s vari\u00e9es. En effet, ils peuvent tr\u00e8s bien \u00eatre de simples ouvriers ou des hauts fonctionnaires.<\/p>\n<h3>Pont de Salars: un Oradour-sur-Glane \u00e9vit\u00e9 ?<\/h3>\n<p align=\"justify\">L\u2019exemple de Pont-de-Salars, situ\u00e9 en Aveyron, est significatif pour expliquer plusieurs aspects de l\u2019invasion nazie et les cons\u00e9quences que cela a eu sur les Salarsipontains, la gentil\u00e9 du village. Un document unique et \u00e9crit par la main du maire du village <strong>Jean Amans<\/strong> (1900-1989), permet une compr\u00e9hension accrue de la situation et de son r\u00f4le lors d\u2019une journ\u00e9e peu ordinaire, celle du 29 juin 1944. Les Allemands encerclant le village, ses habitants ont d\u00fb se regrouper sur la place de l\u2019\u00e9glise, le but \u00e9tant pour les envahisseurs de soutirer des informations sur le maquis dissimul\u00e9 dans les environs.<\/p>\n<blockquote><p>\u00a0\u00ab\u00a0Prenez-moi comme otage, faites de moi ce que vous voudrez, mais ne mettez pas le feu au village\u00a0\u00bb<\/p><\/blockquote>\n<p align=\"justify\">Jean Amans va prot\u00e9ger la population niant toutes les accusations, le commanditaire B\u00f6ttger finissant par rel\u00e2cher les habitants apr\u00e8s avoir n\u00e9anmoins tent\u00e9 de faire entrer les villageois dans l\u2019\u00e9glise, rappelant alors le triste sort d\u2019Oradour-sur-Glane le 10 juin 1944. La phrase ci-dessus a \u00e9t\u00e9 prononc\u00e9e par\u00a0le maire en r\u00e9ponse \u00e0 la menace du commandant B\u00f6ttger. M\u00e9decin de formation, Jean Amans a pendant toute sa vie \u0153uvr\u00e9 pour son village, l\u2019\u00e9pisode du 29 juin \u00e9tant le point d\u2019orgue de sa d\u00e9votion et de son abn\u00e9gation. D\u00e9c\u00e9d\u00e9 en 1989, il donne son nom au coll\u00e8ge public du village et reste un h\u00e9ros local dans la m\u00e9moire des habitants.<\/p>\n<figure id=\"attachment_3729\" aria-describedby=\"caption-attachment-3729\" style=\"width: 300px\" class=\"wp-caption aligncenter\"><img loading=\"lazy\" class=\"wp-image-3729 size-medium\" src=\"http:\/\/blogs.univ-jfc.fr\/vphn\/wp-content\/uploads\/sites\/65\/2019\/02\/Eglise-de-Pont-de-Salars-300x230.jpg\" alt=\"\" width=\"300\" height=\"230\" srcset=\"https:\/\/blogs.univ-jfc.fr\/vphn\/wp-content\/uploads\/sites\/65\/2019\/02\/Eglise-de-Pont-de-Salars-300x230.jpg 300w, https:\/\/blogs.univ-jfc.fr\/vphn\/wp-content\/uploads\/sites\/65\/2019\/02\/Eglise-de-Pont-de-Salars-768x589.jpg 768w, https:\/\/blogs.univ-jfc.fr\/vphn\/wp-content\/uploads\/sites\/65\/2019\/02\/Eglise-de-Pont-de-Salars.jpg 781w\" sizes=\"(max-width: 300px) 100vw, 300px\" \/><figcaption id=\"caption-attachment-3729\" class=\"wp-caption-text\">\u00c9glise de Pont-de-Salars (Aveyron)<\/figcaption><\/figure>\n<p align=\"justify\">L\u2019Aveyron, outre son isolement vis-\u00e0-vis de l\u2019invasion allemande, a \u00e9t\u00e9 un cas de R\u00e9sistance notable et les \u00e9v\u00e9nements qui s\u2019y sont d\u00e9roul\u00e9s ont laiss\u00e9 une trace dans les m\u00e9moires aveyronnaises.<\/p>\n<p align=\"justify\"><a href=\"http:\/\/blogs.univ-jfc.fr\/vphn\/histoire-locale\/laveyron-dans-la-seconde-guerre-mondiale-2018\/bibliographie-laveyron-dans-la-seconde-guerre-mondiale-2018\/\">En savoir plus<\/a><\/p>\n","protected":false},"excerpt":{"rendered":"<p>L\u2019Aveyron, \u00e0 l\u2019instar d\u2019une immense majorit\u00e9 des d\u00e9partements fran\u00e7ais, a ressenti d\u2019une mani\u00e8re unique le second conflit mondial, entre \u00ab guerre \u00e9clair \u00bb et occupation allemande. C\u2019est le 13 novembre 1942 que les Allemands arrivent dans la pr\u00e9fecture aveyronnaise. Les Ruth\u00e9nois vont conna\u00eetre de fortes restrictions que ce soit au niveau de la presse, de &hellip; <\/p>\n<p class=\"link-more\"><a href=\"https:\/\/blogs.univ-jfc.fr\/vphn\/histoire-locale\/laveyron-dans-la-seconde-guerre-mondiale-2018\/\" class=\"more-link\">Continuer la lecture<span class=\"screen-reader-text\"> de &laquo;&nbsp;L&rsquo;Aveyron dans la Seconde Guerre mondiale [2018-2019]&nbsp;&raquo;<\/span><\/a><\/p>\n","protected":false},"author":474,"featured_media":0,"parent":1173,"menu_order":0,"comment_status":"closed","ping_status":"closed","template":"","meta":[],"_links":{"self":[{"href":"https:\/\/blogs.univ-jfc.fr\/vphn\/wp-json\/wp\/v2\/pages\/3111"}],"collection":[{"href":"https:\/\/blogs.univ-jfc.fr\/vphn\/wp-json\/wp\/v2\/pages"}],"about":[{"href":"https:\/\/blogs.univ-jfc.fr\/vphn\/wp-json\/wp\/v2\/types\/page"}],"author":[{"embeddable":true,"href":"https:\/\/blogs.univ-jfc.fr\/vphn\/wp-json\/wp\/v2\/users\/474"}],"replies":[{"embeddable":true,"href":"https:\/\/blogs.univ-jfc.fr\/vphn\/wp-json\/wp\/v2\/comments?post=3111"}],"version-history":[{"count":25,"href":"https:\/\/blogs.univ-jfc.fr\/vphn\/wp-json\/wp\/v2\/pages\/3111\/revisions"}],"predecessor-version":[{"id":5108,"href":"https:\/\/blogs.univ-jfc.fr\/vphn\/wp-json\/wp\/v2\/pages\/3111\/revisions\/5108"}],"up":[{"embeddable":true,"href":"https:\/\/blogs.univ-jfc.fr\/vphn\/wp-json\/wp\/v2\/pages\/1173"}],"wp:attachment":[{"href":"https:\/\/blogs.univ-jfc.fr\/vphn\/wp-json\/wp\/v2\/media?parent=3111"}],"curies":[{"name":"wp","href":"https:\/\/api.w.org\/{rel}","templated":true}]}}