{"id":3119,"date":"2019-02-07T12:01:50","date_gmt":"2019-02-07T11:01:50","guid":{"rendered":"http:\/\/blogs.univ-jfc.fr\/vphn\/?page_id=3119"},"modified":"2019-05-07T15:19:09","modified_gmt":"2019-05-07T13:19:09","slug":"lindustrie-de-la-ceramique-a-giroussens-xvie-xixe-siecles-2018-2019","status":"publish","type":"page","link":"https:\/\/blogs.univ-jfc.fr\/vphn\/art-de-vivre-et-societe\/lindustrie-de-la-ceramique-a-giroussens-xvie-xixe-siecles-2018-2019\/","title":{"rendered":"L&rsquo;industrie de la c\u00e9ramique \u00e0 Giroussens, XVIe-XIXe si\u00e8cles [2018]"},"content":{"rendered":"<p>&nbsp;<\/p>\n<div id='gallery-1' class='gallery galleryid-3119 gallery-columns-4 gallery-size-thumbnail'><figure class='gallery-item'>\n\t\t\t<div class='gallery-icon portrait'>\n\t\t\t\t<a href='https:\/\/blogs.univ-jfc.fr\/vphn\/art-de-vivre-et-societe\/lindustrie-de-la-ceramique-a-giroussens-xvie-xixe-siecles-2018-2019\/5-2\/'><img width=\"150\" height=\"150\" src=\"https:\/\/blogs.univ-jfc.fr\/vphn\/wp-content\/uploads\/sites\/65\/2019\/02\/5-150x150.jpg\" class=\"attachment-thumbnail size-thumbnail\" alt=\"\" loading=\"lazy\" srcset=\"https:\/\/blogs.univ-jfc.fr\/vphn\/wp-content\/uploads\/sites\/65\/2019\/02\/5-150x150.jpg 150w, https:\/\/blogs.univ-jfc.fr\/vphn\/wp-content\/uploads\/sites\/65\/2019\/02\/5-298x300.jpg 298w, https:\/\/blogs.univ-jfc.fr\/vphn\/wp-content\/uploads\/sites\/65\/2019\/02\/5-100x100.jpg 100w, https:\/\/blogs.univ-jfc.fr\/vphn\/wp-content\/uploads\/sites\/65\/2019\/02\/5.jpg 300w\" sizes=\"100vw\" \/><\/a>\n\t\t\t<\/div><\/figure><figure class='gallery-item'>\n\t\t\t<div class='gallery-icon portrait'>\n\t\t\t\t<a href='https:\/\/blogs.univ-jfc.fr\/vphn\/art-de-vivre-et-societe\/lindustrie-de-la-ceramique-a-giroussens-xvie-xixe-siecles-2018-2019\/attachment\/10\/'><img width=\"150\" height=\"150\" src=\"https:\/\/blogs.univ-jfc.fr\/vphn\/wp-content\/uploads\/sites\/65\/2019\/02\/10-150x150.jpg\" class=\"attachment-thumbnail size-thumbnail\" alt=\"\" loading=\"lazy\" srcset=\"https:\/\/blogs.univ-jfc.fr\/vphn\/wp-content\/uploads\/sites\/65\/2019\/02\/10-150x150.jpg 150w, https:\/\/blogs.univ-jfc.fr\/vphn\/wp-content\/uploads\/sites\/65\/2019\/02\/10-100x100.jpg 100w\" sizes=\"100vw\" \/><\/a>\n\t\t\t<\/div><\/figure><figure class='gallery-item'>\n\t\t\t<div class='gallery-icon portrait'>\n\t\t\t\t<a href='https:\/\/blogs.univ-jfc.fr\/vphn\/art-de-vivre-et-societe\/lindustrie-de-la-ceramique-a-giroussens-xvie-xixe-siecles-2018-2019\/attachment\/4\/'><img width=\"150\" height=\"150\" src=\"https:\/\/blogs.univ-jfc.fr\/vphn\/wp-content\/uploads\/sites\/65\/2019\/02\/4-150x150.jpg\" class=\"attachment-thumbnail size-thumbnail\" alt=\"\" loading=\"lazy\" srcset=\"https:\/\/blogs.univ-jfc.fr\/vphn\/wp-content\/uploads\/sites\/65\/2019\/02\/4-150x150.jpg 150w, https:\/\/blogs.univ-jfc.fr\/vphn\/wp-content\/uploads\/sites\/65\/2019\/02\/4-298x300.jpg 298w, https:\/\/blogs.univ-jfc.fr\/vphn\/wp-content\/uploads\/sites\/65\/2019\/02\/4-100x100.jpg 100w, https:\/\/blogs.univ-jfc.fr\/vphn\/wp-content\/uploads\/sites\/65\/2019\/02\/4.jpg 300w\" sizes=\"100vw\" \/><\/a>\n\t\t\t<\/div><\/figure><figure class='gallery-item'>\n\t\t\t<div class='gallery-icon landscape'>\n\t\t\t\t<a href='https:\/\/blogs.univ-jfc.fr\/vphn\/art-de-vivre-et-societe\/lindustrie-de-la-ceramique-a-giroussens-xvie-xixe-siecles-2018-2019\/3-3\/'><img width=\"150\" height=\"150\" src=\"https:\/\/blogs.univ-jfc.fr\/vphn\/wp-content\/uploads\/sites\/65\/2019\/02\/3-1-150x150.jpg\" class=\"attachment-thumbnail size-thumbnail\" alt=\"\" loading=\"lazy\" srcset=\"https:\/\/blogs.univ-jfc.fr\/vphn\/wp-content\/uploads\/sites\/65\/2019\/02\/3-1-150x150.jpg 150w, https:\/\/blogs.univ-jfc.fr\/vphn\/wp-content\/uploads\/sites\/65\/2019\/02\/3-1-100x100.jpg 100w\" sizes=\"100vw\" \/><\/a>\n\t\t\t<\/div><\/figure>\n\t\t<\/div>\n\n<p style=\"text-align: center\"><em>Toutes les\u00a0 images de c\u00e9ramiques sont issues des pi\u00e8ces\u00a0 expos\u00e9es au<a href=\"https:\/\/www.centre-ceramique-giroussens.com\/\"> Centre de la C\u00e9ramique \u00e0 Giroussens<\/a><\/em><\/p>\n<h5 style=\"text-align: center\">Qu&rsquo;est-ce que la c\u00e9ramique ?<\/h5>\n<p>&nbsp;<\/p>\n<p align=\"justify\">La c\u00e9ramique est l&rsquo;art de fabriquer des poteries (ex : vase,\u00a0 plat),\u00a0 fond\u00e9 sur la propri\u00e9t\u00e9 des argiles de donner avec l&rsquo;eau une p\u00e2te plastique, facile \u00e0 fa\u00e7onner,\u00a0 devenant dure et solide apr\u00e8s cuisson.\u00a0 On assiste \u00e0 l&rsquo;\u00e9mergence de nouveaux centres potiers dans le Royaume de France capable de produire en quantit\u00e9 et pour certains d&rsquo;organiser une commercialisation.<\/p>\n<p align=\"justify\">Cette c\u00e9ramique s&rsquo;adresse \u00e0 une client\u00e8le appartenant \u00e0 la noblesse locale ou \u00e0 la bourgeoisie ayant pris go\u00fbt \u00e0 la c\u00e9ramique de luxe,\u00a0 \u00e0 travers la majolique ant\u00e9rieurement import\u00e9e d&rsquo;Italie.<\/p>\n<p align=\"justify\">Dans le sud-ouest de la France, on trouve de nouveaux centres potiers notamment le petit village de Giroussens.<\/p>\n<figure id=\"attachment_3354\" aria-describedby=\"caption-attachment-3354\" style=\"width: 150px\" class=\"wp-caption aligncenter\"><img loading=\"lazy\" class=\"wp-image-3354 size-thumbnail\" src=\"http:\/\/blogs.univ-jfc.fr\/vphn\/wp-content\/uploads\/sites\/65\/2019\/02\/6-150x150.jpg\" alt=\"\" width=\"150\" height=\"150\" srcset=\"https:\/\/blogs.univ-jfc.fr\/vphn\/wp-content\/uploads\/sites\/65\/2019\/02\/6-150x150.jpg 150w, https:\/\/blogs.univ-jfc.fr\/vphn\/wp-content\/uploads\/sites\/65\/2019\/02\/6-100x100.jpg 100w\" sizes=\"(max-width: 150px) 100vw, 150px\" \/><figcaption id=\"caption-attachment-3354\" class=\"wp-caption-text\">C\u00e9ramique de Giroussens \u00e0 motifs floraux<\/figcaption><\/figure>\n<h5 style=\"text-align: center\">Pourquoi \u00e0 Giroussens ?<\/h5>\n<p align=\"justify\">Cette commune se trouve \u00e0 mi-chemin entre les villes de Toulouse et d&rsquo;Albi sur les berges de l&rsquo;Agout,\u00a0 dans le d\u00e9partement actuel du Tarn.\u00a0 Ce village conna\u00eet au milieu du XVIe si\u00e8cle l&rsquo;apparition d&rsquo;une petite production de c\u00e9ramique qui devient ensuite une petite cit\u00e9 prosp\u00e8re gr\u00e2ce \u00e0 l\u2019activit\u00e9 de nombreux potiers \u00e9tablis \u00e0 l\u2019or\u00e9e de la for\u00eat,\u00a0 qui r\u00e9ussirent \u00e0 exporter une partie de leur production.<\/p>\n<p align=\"justify\">L&rsquo;une des raisons de cet essor de la c\u00e9ramique r\u00e9side dans les d\u00e9buts de l&rsquo;exploitation du territoire \u00e0 partir du XVIe si\u00e8cle.\u00a0 Les giroussinais avaient l&rsquo;autorisation de pr\u00e9lever assez de bois pour alimenter leurs fours et ainsi cr\u00e9er des grandes quantit\u00e9s de c\u00e9ramiques,\u00a0 ce qui n&rsquo;\u00e9tait pas le cas dans la plupart des villages de France \u00e0 cette \u00e9poque.\u00a0 Les villageois ont donc un acc\u00e8s quasi illimit\u00e9 aux ressources n\u00e9cessaires \u00e0 la production.\u00a0 Seuls les oxydes n\u00e9cessaires \u00e0 la coloration sont achet\u00e9s.<\/p>\n<h5 style=\"text-align: center\">De la c\u00e9ramique utilitaire \u00e0 la c\u00e9ramique d\u00e9corative<\/h5>\n<p>&nbsp;<\/p>\n<figure id=\"attachment_3361\" aria-describedby=\"caption-attachment-3361\" style=\"width: 150px\" class=\"wp-caption alignleft\"><img loading=\"lazy\" class=\"wp-image-3361 size-thumbnail\" src=\"http:\/\/blogs.univ-jfc.fr\/vphn\/wp-content\/uploads\/sites\/65\/2019\/02\/14-150x150.jpg\" alt=\"\" width=\"150\" height=\"150\" srcset=\"https:\/\/blogs.univ-jfc.fr\/vphn\/wp-content\/uploads\/sites\/65\/2019\/02\/14-150x150.jpg 150w, https:\/\/blogs.univ-jfc.fr\/vphn\/wp-content\/uploads\/sites\/65\/2019\/02\/14-100x100.jpg 100w\" sizes=\"(max-width: 150px) 100vw, 150px\" \/><figcaption id=\"caption-attachment-3361\" class=\"wp-caption-text\">C\u00e9ramique d\u00e9cor\u00e9e avec un motif d&rsquo;oiseau entour\u00e9 de motifs floraux<\/figcaption><\/figure>\n<p align=\"justify\">Apr\u00e8s\u00a0 le commencement de la production de c\u00e9ramique en 1538,\u00a0 le nombre de potiers augmente progressivement \u00e0 Giroussens.\u00a0 En 1618 est alors cr\u00e9\u00e9e la <a href=\"http:\/\/blogs.univ-jfc.fr\/vphn\/histoire-locale\/lindustrie-de-la-ceramique-a-giroussens-xvie-xixe-siecles-2018-2019\/confrerie-sainte-ruffine\/\">Confr\u00e9rie de Sainte-Ruffine<\/a>,\u00a0 r\u00e9unissant tous les ma\u00eetres-potiers du village,\u00a0 accompagn\u00e9s de leur apprentis.\u00a0 La c\u00e9ramique qui avait pour r\u00f4le principal de stocker la nourriture,\u00a0 se constitue de beaucoup de marmites,\u00a0 de pots,\u00a0 ainsi que de b\u00e9nitiers,\u00a0 etc.\u00a0 La c\u00e9ramique avait donc au d\u00e9part un r\u00f4le utilitaire et va ensuite \u00e9voluer pour avoir un r\u00f4le artistique alliant formes et couleurs originales \u00e0 praticit\u00e9 d&rsquo;utilisation.<\/p>\n<figure id=\"attachment_3362\" aria-describedby=\"caption-attachment-3362\" style=\"width: 150px\" class=\"wp-caption alignright\"><img loading=\"lazy\" class=\"wp-image-3362 size-thumbnail\" src=\"http:\/\/blogs.univ-jfc.fr\/vphn\/wp-content\/uploads\/sites\/65\/2019\/02\/12-150x150.jpg\" alt=\"\" width=\"150\" height=\"150\" srcset=\"https:\/\/blogs.univ-jfc.fr\/vphn\/wp-content\/uploads\/sites\/65\/2019\/02\/12-150x150.jpg 150w, https:\/\/blogs.univ-jfc.fr\/vphn\/wp-content\/uploads\/sites\/65\/2019\/02\/12-100x100.jpg 100w\" sizes=\"(max-width: 150px) 100vw, 150px\" \/><figcaption id=\"caption-attachment-3362\" class=\"wp-caption-text\">C\u00e9ramique repr\u00e9sentant un retable d&rsquo;\u00e9glise<\/figcaption><\/figure>\n<p>&nbsp;<\/p>\n<p align=\"justify\">Les d\u00e9cors des c\u00e9ramiques du centre potier de Giroussens sont typiques de part l\u2019utilisation d\u2019une grande vari\u00e9t\u00e9 de motifs.\u00a0 Les principaux dessins utilis\u00e9s sont des motifs floraux,\u00a0 des caricatures,\u00a0 des personnages humoristiques,\u00a0 des \u00e9cussons,\u00a0 animaux,\u00a0 diff\u00e9rents motifs g\u00e9om\u00e9triques,\u00a0 etc.<\/p>\n<p>&nbsp;<\/p>\n<figure id=\"attachment_3364\" aria-describedby=\"caption-attachment-3364\" style=\"width: 250px\" class=\"wp-caption alignleft\"><img loading=\"lazy\" class=\"wp-image-3364\" src=\"http:\/\/blogs.univ-jfc.fr\/vphn\/wp-content\/uploads\/sites\/65\/2019\/02\/13-300x255.jpg\" alt=\"\" width=\"250\" height=\"213\" \/><figcaption id=\"caption-attachment-3364\" class=\"wp-caption-text\">C\u00e9ramique avec du bleu utilis\u00e9, repr\u00e9sentant le personnage mythologique Clotho, une moire<\/figcaption><\/figure>\n<p align=\"justify\">Cette production se distingue aussi par une utilisation d\u2019une large gamme chromatique.\u00a0 Celle-ci a trois types d\u2019assemblements de couleurs\u00a0:\u00a0 le brun \/violet \/vert,\u00a0 le bleu (qui n\u2019appara\u00eet n\u00e9anmoins que sur les pi\u00e8ces les plus soign\u00e9es) et le jaune. Il existe aussi parmi tout cela,\u00a0 plusieurs types de d\u00e9cors,\u00a0 tel que le d\u00e9cors du bassin,\u00a0 des d\u00e9cors en pastillage\u00a0:\u00a0 pratiqu\u00e9s dans le midi toulousain au dernier quart du XVIIIe d\u00e9but XIXe si\u00e8cle.<\/p>\n<p>&nbsp;<\/p>\n<h5 style=\"text-align: center\">Une exportation \u00e0 plusieurs \u00e9chelles<\/h5>\n<p>&nbsp;<\/p>\n<p align=\"justify\">Giroussens a r\u00e9ussi \u00e0 s&rsquo;exporter et \u00e0 commercer \u00e0 plusieurs \u00e9chelles avec tout d&rsquo;abord un commerce local,\u00a0 puis \u00e0 \u00e9chelle r\u00e9gionale,\u00a0 et ensuite \u00e0 \u00e9chelle nationale,\u00a0 principalement par voies fluviales.\u00a0 L&rsquo;exportation\u00a0 s&rsquo;est aussi faite au niveau de la diffusion des th\u00e8mes d\u00e9coratifs par l&rsquo;apport d&rsquo;un peintre Hollandais (Rijck Camp),\u00a0 qui \u00e9taient alors d\u00e9j\u00e0 utilis\u00e9s en Europe du Nord dans la seconde moiti\u00e9 du XVIIIe si\u00e8cle.<\/p>\n<figure id=\"attachment_3347\" aria-describedby=\"caption-attachment-3347\" style=\"width: 600px\" class=\"wp-caption aligncenter\"><img loading=\"lazy\" class=\"wp-image-3347 size-full\" src=\"http:\/\/blogs.univ-jfc.fr\/vphn\/wp-content\/uploads\/sites\/65\/2019\/02\/Sans-titre-2.jpg\" alt=\"\" width=\"600\" height=\"323\" srcset=\"https:\/\/blogs.univ-jfc.fr\/vphn\/wp-content\/uploads\/sites\/65\/2019\/02\/Sans-titre-2.jpg 600w, https:\/\/blogs.univ-jfc.fr\/vphn\/wp-content\/uploads\/sites\/65\/2019\/02\/Sans-titre-2-300x162.jpg 300w\" sizes=\"(max-width: 600px) 100vw, 600px\" \/><figcaption id=\"caption-attachment-3347\" class=\"wp-caption-text\">Sites principaux en Midi-Pyr\u00e9n\u00e9es dans lesquels ont \u00e9t\u00e9 retrouv\u00e9es des c\u00e9ramiques \u00e0 d\u00e9cor peint de Giroussens (Document de S. Piques, source : Lassure J.-M., Potiers et poteries de Giroussens (XVIe-XIXe si\u00e8cles), 2016, p. 148.)<\/figcaption><\/figure>\n<p>&nbsp;<\/p>\n<h5 style=\"text-align: center\">Le d\u00e9clin de la production<\/h5>\n<p align=\"justify\">De nouveaux concurrents apparaissent sur le march\u00e9 au XVIIIe si\u00e8cle :\u00a0 la porcelaine et l\u2019argenterie. Ces deux nouveaux concurrents s\u2019adressent essentiellement \u00e0 une client\u00e8le ais\u00e9e,\u00a0 s\u2019accaparant donc d\u2019un commerce de renom.\u00a0 Ceci entra\u00eene donc la fin des commandes de prestige pour le centre potier de Giroussens,\u00a0 or ces commandes constituaient la principale demande de ce centre.<\/p>\n<p align=\"justify\">Suite \u00e0 cette concurrence,\u00a0 <span style=\"font-size: medium\">l<\/span><span style=\"font-size: medium\">&lsquo;objectif est d&rsquo;exporter un grand nombre de c\u00e9ramique vers un nouvel espace de commerce dans lequel Giroussens pourrait vendre sa production sans subir toute la forte concurrence qu&rsquo;elle connait dans le Royaume de France.\u00a0 C&rsquo;est <\/span><span style=\"font-size: medium\">d\u2019ailleurs<\/span> <span style=\"font-size: medium\">l&rsquo;<\/span><span style=\"font-size: medium\">exportation d&rsquo;une partie de sa production en Am\u00e9rique du Nord,\u00a0 qui constitue l&rsquo;une des principales diff\u00e9rences du centre potier de Giroussens.\u00a0 <\/span><span style=\"font-size: medium\">En effet,\u00a0 p<\/span><span style=\"font-size: medium\">eu de centres potiers dans le Sud-ouest de la France <\/span><span style=\"font-size: medium\">se sont <\/span><span style=\"font-size: medium\">export\u00e9<\/span><span style=\"font-size: medium\">s<\/span><span style=\"font-size: medium\"> jusqu&rsquo;\u00e0 l\u00e0 bas.<\/span><\/p>\n<figure id=\"attachment_3344\" aria-describedby=\"caption-attachment-3344\" style=\"width: 650px\" class=\"wp-caption aligncenter\"><img loading=\"lazy\" class=\"wp-image-3344\" src=\"http:\/\/blogs.univ-jfc.fr\/vphn\/wp-content\/uploads\/sites\/65\/2019\/02\/Image-blog-carte-quebec.jpg\" alt=\"Extrait de Lassure J.-M., Potiers et poteries de Giroussens (XVIe-XIXe si\u00e8cles),2016, p. 148.\" width=\"650\" height=\"393\" srcset=\"https:\/\/blogs.univ-jfc.fr\/vphn\/wp-content\/uploads\/sites\/65\/2019\/02\/Image-blog-carte-quebec.jpg 750w, https:\/\/blogs.univ-jfc.fr\/vphn\/wp-content\/uploads\/sites\/65\/2019\/02\/Image-blog-carte-quebec-300x182.jpg 300w\" sizes=\"(max-width: 650px) 100vw, 650px\" \/><figcaption id=\"caption-attachment-3344\" class=\"wp-caption-text\">Sites principaux en Am\u00e9rique du Nord dans lesquels ont \u00e9t\u00e9 retrouv\u00e9es des c\u00e9ramiques de Giroussens (Extrait de Lassure J.-M., Potiers et poteries de Giroussens (XVIe-XIXe si\u00e8cles), 2016, p. 148.)<\/figcaption><\/figure>\n<p align=\"justify\">Ce<span style=\"font-size: medium\"> nouveau commerce <\/span><span style=\"font-size: medium\">s<\/span><span style=\"font-size: medium\">&lsquo;est fait dans un contexte de conflit, et<\/span><span style=\"font-size: medium\">\u00a0suite \u00e0 la d\u00e9faite de la France lors de la <a href=\"http:\/\/blogs.univ-jfc.fr\/vphn\/guerre-de-7-ans-1756-1763\/\">Guerre de 7 ans<\/a>, qui\u00a0<\/span><span style=\"font-size: medium\">entra\u00eene<\/span><span style=\"font-size: medium\">\u00a0donc la perte des possessions fran\u00e7aises dans le continent,\u00a0 cela<\/span><span style=\"font-size: medium\"> met<\/span><span style=\"font-size: medium\">\u00a0fin \u00e0 ce nouveau commerce.<\/span><\/p>\n<figure id=\"attachment_3496\" aria-describedby=\"caption-attachment-3496\" style=\"width: 168px\" class=\"wp-caption alignright\"><img loading=\"lazy\" class=\"wp-image-3496 \" src=\"http:\/\/blogs.univ-jfc.fr\/vphn\/wp-content\/uploads\/sites\/65\/2019\/02\/image.php_-150x150.jpeg\" alt=\"\" width=\"168\" height=\"168\" srcset=\"https:\/\/blogs.univ-jfc.fr\/vphn\/wp-content\/uploads\/sites\/65\/2019\/02\/image.php_-150x150.jpeg 150w, https:\/\/blogs.univ-jfc.fr\/vphn\/wp-content\/uploads\/sites\/65\/2019\/02\/image.php_-100x100.jpeg 100w\" sizes=\"(max-width: 168px) 100vw, 168px\" \/><figcaption id=\"caption-attachment-3496\" class=\"wp-caption-text\">C\u00e9ramique de Giroussens \u00e0 motifs floraux<\/figcaption><\/figure>\n<p align=\"justify\">Le d\u00e9clin de cette activit\u00e9 poti\u00e8re s&rsquo;amorce dans les ann\u00e9es\u00a0 1755-1760,\u00a0 d\u00fb \u00e0 la diminution du nombre de potiers en activit\u00e9.\u00a0 Il y avait 75 potiers en activit\u00e9 dans la seconde moiti\u00e9 du XVIIIe si\u00e8cle pour le petit village de Giroussens,\u00a0 mais il n&rsquo;en resta que 25 dans les ann\u00e9es 1820. Le dernier coup fatal <span style=\"font-size: medium\">eut<\/span><span style=\"font-size: medium\"> lieu en 1831,\u00a0 o\u00f9 la for\u00eat domaniale,\u00a0 dans laquelle les potiers pr\u00e9levaient depuis toujours leur bois,\u00a0 <\/span><span style=\"font-size: medium\">fut<\/span><span style=\"font-size: medium\"> vendue. <\/span>Le XIXe si\u00e8cle giroussinais est alors marqu\u00e9 par la destruction des fours et la fin de la production.<\/p>\n<p align=\"justify\">En r\u00e9sum\u00e9,\u00a0 c\u2019est la ma\u00eetrise des s\u00e9diments pouss\u00e9e permettant une gamme chromatique vari\u00e9e,\u00a0 une multitude de motifs utilis\u00e9s et une production diversifi\u00e9e sont les \u00e9l\u00e9ments qui ont permis \u00e0 la production de c\u00e9ramique de Giroussens de s&rsquo;exporter \u00e0 plusieurs \u00e9chelles.\u00a0 Ce qui est peu commun pour un village de cette taille situ\u00e9 dans une r\u00e9gion du Royaume de France peu connect\u00e9e.\u00a0 Mais suite \u00e0 l&rsquo;apparition de nouveaux concurrents sur le march\u00e9,\u00a0 le d\u00e9clin de la production giroussinaise s\u2019amorce d\u00e8s le le milieu du XVIIIe si\u00e8cle et il faut attendre 1991 pour que l&rsquo;activit\u00e9 poti\u00e8re renaisse dans le village avec l&rsquo;association Arts et Poteries de Giroussens et un premier <a href=\"https:\/\/www.terre-et-terres.com\/evenements\/marche-de-giroussens\/\">march\u00e9 des potiers <\/a>afin\u00a0 de revaloriser le patrimoine.<\/p>\n<h2>Pour aller plus loin :<\/h2>\n<p><a href=\"http:\/\/blogs.univ-jfc.fr\/vphn\/2019\/02\/14\/bibliographie-lindustrie-de-la-ceramique-a-giroussens-xvie-xixe-siecles-2018-2019\/\">Bibliographie<\/a><\/p>\n<p>Etudiants : Morell Esteban, Girard Lucie, Pasquet Caroline<\/p>\n","protected":false},"excerpt":{"rendered":"<p>&nbsp; Toutes les\u00a0 images de c\u00e9ramiques sont issues des pi\u00e8ces\u00a0 expos\u00e9es au Centre de la C\u00e9ramique \u00e0 Giroussens Qu&rsquo;est-ce que la c\u00e9ramique ? &nbsp; La c\u00e9ramique est l&rsquo;art de fabriquer des poteries (ex : vase,\u00a0 plat),\u00a0 fond\u00e9 sur la propri\u00e9t\u00e9 des argiles de donner avec l&rsquo;eau une p\u00e2te plastique, facile \u00e0 fa\u00e7onner,\u00a0 devenant dure et &hellip; <\/p>\n<p class=\"link-more\"><a href=\"https:\/\/blogs.univ-jfc.fr\/vphn\/art-de-vivre-et-societe\/lindustrie-de-la-ceramique-a-giroussens-xvie-xixe-siecles-2018-2019\/\" class=\"more-link\">Continuer la lecture<span class=\"screen-reader-text\"> de &laquo;&nbsp;L&rsquo;industrie de la c\u00e9ramique \u00e0 Giroussens, XVIe-XIXe si\u00e8cles [2018]&nbsp;&raquo;<\/span><\/a><\/p>\n","protected":false},"author":436,"featured_media":0,"parent":39,"menu_order":1,"comment_status":"closed","ping_status":"closed","template":"","meta":[],"_links":{"self":[{"href":"https:\/\/blogs.univ-jfc.fr\/vphn\/wp-json\/wp\/v2\/pages\/3119"}],"collection":[{"href":"https:\/\/blogs.univ-jfc.fr\/vphn\/wp-json\/wp\/v2\/pages"}],"about":[{"href":"https:\/\/blogs.univ-jfc.fr\/vphn\/wp-json\/wp\/v2\/types\/page"}],"author":[{"embeddable":true,"href":"https:\/\/blogs.univ-jfc.fr\/vphn\/wp-json\/wp\/v2\/users\/436"}],"replies":[{"embeddable":true,"href":"https:\/\/blogs.univ-jfc.fr\/vphn\/wp-json\/wp\/v2\/comments?post=3119"}],"version-history":[{"count":69,"href":"https:\/\/blogs.univ-jfc.fr\/vphn\/wp-json\/wp\/v2\/pages\/3119\/revisions"}],"predecessor-version":[{"id":5179,"href":"https:\/\/blogs.univ-jfc.fr\/vphn\/wp-json\/wp\/v2\/pages\/3119\/revisions\/5179"}],"up":[{"embeddable":true,"href":"https:\/\/blogs.univ-jfc.fr\/vphn\/wp-json\/wp\/v2\/pages\/39"}],"wp:attachment":[{"href":"https:\/\/blogs.univ-jfc.fr\/vphn\/wp-json\/wp\/v2\/media?parent=3119"}],"curies":[{"name":"wp","href":"https:\/\/api.w.org\/{rel}","templated":true}]}}