{"id":3189,"date":"2019-02-07T17:39:36","date_gmt":"2019-02-07T16:39:36","guid":{"rendered":"http:\/\/blogs.univ-jfc.fr\/vphn\/?page_id=3189"},"modified":"2019-05-07T11:55:33","modified_gmt":"2019-05-07T09:55:33","slug":"bastides-et-castels-2018-2019","status":"publish","type":"page","link":"https:\/\/blogs.univ-jfc.fr\/vphn\/patrimoine-et-sites-remarquables\/bastides-et-castels-2018-2019\/","title":{"rendered":"Bastides et Castelnaux [2018]"},"content":{"rendered":"<h1 align=\"justify\">Introduction<\/h1>\n<figure id=\"attachment_3220\" aria-describedby=\"caption-attachment-3220\" style=\"width: 350px\" class=\"wp-caption aligncenter\"><img loading=\"lazy\" class=\"wp-image-3220\" src=\"http:\/\/blogs.univ-jfc.fr\/vphn\/wp-content\/uploads\/sites\/65\/2019\/02\/521463ba1e1e49aaf440bc9bef6521f9-234x300.jpg\" alt=\"Possession Anglaise sur le continent\" width=\"350\" height=\"449\" srcset=\"https:\/\/blogs.univ-jfc.fr\/vphn\/wp-content\/uploads\/sites\/65\/2019\/02\/521463ba1e1e49aaf440bc9bef6521f9-234x300.jpg 234w, https:\/\/blogs.univ-jfc.fr\/vphn\/wp-content\/uploads\/sites\/65\/2019\/02\/521463ba1e1e49aaf440bc9bef6521f9.jpg 468w\" sizes=\"(max-width: 350px) 100vw, 350px\" \/><figcaption id=\"caption-attachment-3220\" class=\"wp-caption-text\">Possession Anglaise sur le continent fin XIIe si\u00e8cle https:\/\/www.pinterest.fr\/pin\/652670170967912620\/<\/figcaption><\/figure>\n<p align=\"justify\">Le Sud-ouest de la France est marqu\u00e9 par le d\u00e9veloppement de deux styles d\u2019habitat de l\u2019\u00e9poque m\u00e9di\u00e9vale.\u00a0Les castelnaux qui commencent \u00e0 partir du Xe-XIe si\u00e8cle et les bastides \u00e0 partir du XIIIe si\u00e8cle.<br \/>\nCette p\u00e9riode est marqu\u00e9e par des conflits entre trois entit\u00e9s.\u00a0Tout d\u2019abord, au nord le royaume des Francs dirig\u00e9 par la dynastie des<a href=\"http:\/\/blogs.univ-jfc.fr\/vphn\/patrimoine-et-sites-remarquables\/bastides-et-castels-2018-2019\/annexe-bastides-et-castels\/\"> Cap\u00e9tiens<\/a>, \u00e0 l\u2019Ouest le duch\u00e9 de Guyenne propri\u00e9t\u00e9 des <a href=\"http:\/\/blogs.univ-jfc.fr\/vphn\/patrimoine-et-sites-remarquables\/bastides-et-castels-2018-2019\/annexe-bastides-et-castels\/\">Plantagen\u00eats<\/a>, dynastie r\u00e9gnante en Angleterre et le comt\u00e9 de Toulouse avec \u00e0 sa t\u00eate les <a href=\"http:\/\/blogs.univ-jfc.fr\/vphn\/patrimoine-et-sites-remarquables\/bastides-et-castels-2018-2019\/annexe-bastides-et-castels\/\">comtes de Toulouse<\/a> et leur puissant vassaux les <a href=\"http:\/\/blogs.univ-jfc.fr\/vphn\/patrimoine-et-sites-remarquables\/bastides-et-castels-2018-2019\/annexe-bastides-et-castels\/\">Trencavels<\/a>.<br \/>\nCes tensions proviennent tout d\u2019abord des conqu\u00eates militaires avec la volont\u00e9 de domination du royaume franc et du duch\u00e9 de Guyenne, mais aussi de divergence religieuse tel que le <a href=\"http:\/\/blogs.univ-jfc.fr\/vphn\/patrimoine-et-sites-remarquables\/bastides-et-castels-2018-2019\/annexe-bastides-et-castels\/\">catharisme<\/a> qui est condamn\u00e9 au concile de\u00a0Latran III (1179 ap.n.e)\u00a0qui entra\u00eene la croisade des Albigeois et le trait\u00e9 de\u00a0Meaux-Paris\u00a0en 1229 ap.n.e.<\/p>\n<h1 align=\"justify\">Castelnaux:<\/h1>\n<figure id=\"attachment_3196\" aria-describedby=\"caption-attachment-3196\" style=\"width: 525px\" class=\"wp-caption aligncenter\"><img loading=\"lazy\" class=\"wp-image-3196 size-large\" src=\"http:\/\/blogs.univ-jfc.fr\/vphn\/wp-content\/uploads\/sites\/65\/2019\/02\/Capture-d\u2019e\u0301cran-2018-12-04-a\u0300-14.18.35-1024x727.png\" alt=\"\" width=\"525\" height=\"373\" srcset=\"https:\/\/blogs.univ-jfc.fr\/vphn\/wp-content\/uploads\/sites\/65\/2019\/02\/Capture-d\u2019e\u0301cran-2018-12-04-a\u0300-14.18.35-1024x727.png 1024w, https:\/\/blogs.univ-jfc.fr\/vphn\/wp-content\/uploads\/sites\/65\/2019\/02\/Capture-d\u2019e\u0301cran-2018-12-04-a\u0300-14.18.35-300x213.png 300w, https:\/\/blogs.univ-jfc.fr\/vphn\/wp-content\/uploads\/sites\/65\/2019\/02\/Capture-d\u2019e\u0301cran-2018-12-04-a\u0300-14.18.35-768x545.png 768w, https:\/\/blogs.univ-jfc.fr\/vphn\/wp-content\/uploads\/sites\/65\/2019\/02\/Capture-d\u2019e\u0301cran-2018-12-04-a\u0300-14.18.35.png 1422w\" sizes=\"(max-width: 525px) 100vw, 525px\" \/><figcaption id=\"caption-attachment-3196\" class=\"wp-caption-text\">Extrait du plan cadastral 1818 A3. &#8211; S\u00e9raphin, Gilles ; Scell\u00e8s, Maurice, (c) Inventaire g\u00e9n\u00e9ral R\u00e9gion Midi-Pyr\u00e9n\u00e9es ; (c) Conseil g\u00e9n\u00e9ral du Lot<\/figcaption><\/figure>\n<p align=\"justify\">Les\u00a0castelnaux correspondent \u00e0 la r\u00e9ponse d\u2019une forte augmentation d\u00e9mographique de la population durant le Xe si\u00e8cle.\u00a0Le <em>castel<\/em> ou\u00a0<em>castelnau<\/em>\u00a0(<em>Castel\u00a0novum<\/em>\u00a0en latin :\u00a0ville neuve)\u00a0est un des deux nouveaux modes d&rsquo;habitats mis en place pour r\u00e9pondre \u00e0 l&rsquo;augmentation de la population.\u00a0En effet, les deux instances majeures durant l&rsquo;\u00e9poque m\u00e9di\u00e9vale utilisent leurs influences afin de rallier la population \u00e0 eux.\u00a0Le castelnau est donc la cr\u00e9ation du village par le seigneur qui est coll\u00e9 au ch\u00e2teau de celui-ci tandis que l&rsquo;\u00c9glise va mettre en place le syst\u00e8me de sauvet\u00e9, o\u00f9 le village est implant\u00e9 \u00e0 c\u00f4t\u00e9 d&rsquo;un centre religieux.\u00a0Le <em>castel<\/em> se forme donc sous l&rsquo;ordre du seigneur autour de la motte\u00a0castrale\u00a0et le castelnau est organis\u00e9 dans un ensemble fortifi\u00e9.\u00a0Cette logique d&rsquo;habitat est implant\u00e9e dans la f\u00e9odalit\u00e9 m\u00e9di\u00e9vale.\u00a0En effet, le rassemblement de la population sous l&rsquo;influence permet un meilleur contr\u00f4le de celle-ci et aussi le moyen de concentrer les productions notamment agricoles.\u00a0Les seigneurs mettent aussi en place la \u00ab <em>milice\u00a0castri<\/em>\u00a0\u00bb permettant \u00e0 la cit\u00e9 fortifi\u00e9e d&rsquo;avoir une garnison.<\/p>\n<p align=\"justify\"><span id=\"p8\">Le castelnau permet au seigneur un contr\u00f4le \u00e9conomique important par la concentration de la population qui facilitera les taxations.<\/span><span id=\"p9\"> De plus, les monopoles des ressources et des modes de production permet aussi au seigneur d&rsquo;asseoir son pouvoir \u00e9conomique et ainsi de renforcer son rang d&rsquo;influence, en rapport aux nombres de ch\u00e2teaux domin\u00e9s.<\/span><\/p>\n<h2 align=\"justify\">Croisade des Albigeois<\/h2>\n<p>&nbsp;<\/p>\n<figure id=\"attachment_3200\" aria-describedby=\"caption-attachment-3200\" style=\"width: 287px\" class=\"wp-caption alignleft\"><img loading=\"lazy\" class=\"size-medium wp-image-3200\" src=\"http:\/\/blogs.univ-jfc.fr\/vphn\/wp-content\/uploads\/sites\/65\/2019\/02\/Cathars_expelled-287x300.jpg\" alt=\"\" width=\"287\" height=\"300\" srcset=\"https:\/\/blogs.univ-jfc.fr\/vphn\/wp-content\/uploads\/sites\/65\/2019\/02\/Cathars_expelled-287x300.jpg 287w, https:\/\/blogs.univ-jfc.fr\/vphn\/wp-content\/uploads\/sites\/65\/2019\/02\/Cathars_expelled-768x804.jpg 768w, https:\/\/blogs.univ-jfc.fr\/vphn\/wp-content\/uploads\/sites\/65\/2019\/02\/Cathars_expelled.jpg 955w\" sizes=\"(max-width: 287px) 100vw, 287px\" \/><figcaption id=\"caption-attachment-3200\" class=\"wp-caption-text\">Atelier de Ma\u00eetre de Boucicaut (enlumineur) \u2014 Grandes Chroniques de France, BL Cotton MS Nero E II vers 1415<\/figcaption><\/figure>\n<p align=\"justify\">1139 ap.n.e,\u00a0est\u00a0une date cl\u00e9 pour la croisade des\u00a0Albigeois, car\u00a0elle est marqu\u00e9e par le concile de\u00a0Latran\u00a0qui d\u00e9signe le catharisme comme religion h\u00e9r\u00e9tique.<br \/>\nLa croisade \u00e9vang\u00e9lique d\u00e9bute en 1178 ap.n.e, mais la croisade militaire est engag\u00e9e en 1209\u00a0ap.n.e, sous l\u2019ordre du Pape <a href=\"http:\/\/blogs.univ-jfc.fr\/vphn\/patrimoine-et-sites-remarquables\/bastides-et-castels-2018-2019\/annexe-bastides-et-castels\/\">Innocent III<\/a> sous le commandement de <a href=\"http:\/\/blogs.univ-jfc.fr\/vphn\/patrimoine-et-sites-remarquables\/bastides-et-castels-2018-2019\/annexe-bastides-et-castels\/\">Simon IV de Montfort<\/a>.<br \/>\nCette croisade est une trag\u00e9die pour le comt\u00e9 de Toulouse alors dirig\u00e9 par Raymond VI puis <a href=\"http:\/\/blogs.univ-jfc.fr\/vphn\/patrimoine-et-sites-remarquables\/bastides-et-castels-2018-2019\/annexe-bastides-et-castels\/\">Raymond VII<\/a> son fils. Elle est consid\u00e9r\u00e9e par les seigneurs locaux comme une conqu\u00eate ext\u00e9rieure.\u00a0En effet la phrase c\u00e9l\u00e8bre durant le massacre de B\u00e9ziers en 1209 \u201cTuez les tous, dieux reconna\u00eetra les siens\u201d, montre les d\u00e9rives de cette croisade.<br \/>\nCette action tout d\u2019abord pontificale a par la suite un but politique qui aboutira \u00e0 l\u2019annexion du Comt\u00e9 de Toulouse en faveur du roi de France et \u00e0 la main mise de l\u2019\u00c9glise sur les biens eccl\u00e9siastique de la r\u00e9gion.<\/p>\n<h2 align=\"justify\">Trait\u00e9 de Meaux-Paris<\/h2>\n<figure id=\"attachment_3204\" aria-describedby=\"caption-attachment-3204\" style=\"width: 204px\" class=\"wp-caption alignright\"><img loading=\"lazy\" class=\"wp-image-3204 size-medium\" src=\"http:\/\/blogs.univ-jfc.fr\/vphn\/wp-content\/uploads\/sites\/65\/2019\/02\/Ratification_par_Raymond_VII_de_Toulouse_du_traite\u0301_de_Meaux-Paris._-_Archives_Nationales_-_AE-II-230-204x300.jpg\" alt=\"\" width=\"204\" height=\"300\" srcset=\"https:\/\/blogs.univ-jfc.fr\/vphn\/wp-content\/uploads\/sites\/65\/2019\/02\/Ratification_par_Raymond_VII_de_Toulouse_du_traite\u0301_de_Meaux-Paris._-_Archives_Nationales_-_AE-II-230-204x300.jpg 204w, https:\/\/blogs.univ-jfc.fr\/vphn\/wp-content\/uploads\/sites\/65\/2019\/02\/Ratification_par_Raymond_VII_de_Toulouse_du_traite\u0301_de_Meaux-Paris._-_Archives_Nationales_-_AE-II-230-768x1131.jpg 768w, https:\/\/blogs.univ-jfc.fr\/vphn\/wp-content\/uploads\/sites\/65\/2019\/02\/Ratification_par_Raymond_VII_de_Toulouse_du_traite\u0301_de_Meaux-Paris._-_Archives_Nationales_-_AE-II-230-695x1024.jpg 695w, https:\/\/blogs.univ-jfc.fr\/vphn\/wp-content\/uploads\/sites\/65\/2019\/02\/Ratification_par_Raymond_VII_de_Toulouse_du_traite\u0301_de_Meaux-Paris._-_Archives_Nationales_-_AE-II-230.jpg 1024w\" sizes=\"(max-width: 204px) 100vw, 204px\" \/><figcaption id=\"caption-attachment-3204\" class=\"wp-caption-text\">Charte en latin de Raymond VII, comte de Toulouse, portant ratification du trait\u00e9 de Meaux-Paris. Paris le 12 avril 1229 &#8211; Archives Nationales<\/figcaption><\/figure>\n<p align=\"justify\"><span id=\"p29\">Le trait\u00e9 de Meaux Paris a eu pour principaux acteurs le <span id=\"31\" class=\"s-rg\">comte<\/span> de Toulouse Raimond VII, le roi de France Louis IX et le Pape Gr\u00e9goire IX.<\/span><span id=\"p34\"> Ce trait\u00e9 a pour objectif de rattacher l\u2019Occitanie au reste du royaume, par diff\u00e9rents moyens tels que l\u2019alliance par le mariage entre Jeanne de Toulouse et Alphonse de Poitiers, mais aussi par diff\u00e9rentes mesures tr\u00e8s strictes envers le comte de Toulouse :<\/span><\/p>\n<ul>\n<li><span id=\"p102\">D\u00e9truire les ch\u00e2teaux de toutes les villes ayant r\u00e9sist\u00e9 \u00e0 la croisade.<\/span><\/li>\n<li>D\u00e9sarmement du Comt\u00e9.<\/li>\n<li>Obligation de porter la croix en\u00a0 Terre Sainte pendant 5 ans .<\/li>\n<li>Mariage de sa fille Jos\u00e9phine de Toulouse \u00e0 Alphonse de Poitiers, fr\u00e8re de Saint-Louis (roi de France).<\/li>\n<\/ul>\n<p>Cet \u00e9pisode de l\u2019histoire va marquer la fin de l\u2019autonomie Occitanie et permettre \u00e0 Louis IX d\u2019agrandir son territoire et lui permettre de lutter plus activement contre le catharisme.<\/p>\n<h1 align=\"justify\">Bastides :<\/h1>\n<figure id=\"attachment_3207\" aria-describedby=\"caption-attachment-3207\" style=\"width: 375px\" class=\"wp-caption aligncenter\"><img loading=\"lazy\" class=\"wp-image-3207\" src=\"http:\/\/blogs.univ-jfc.fr\/vphn\/wp-content\/uploads\/sites\/65\/2019\/02\/Capture-d\u2019e\u0301cran-2019-01-31-a\u0300-16.12.19-249x300.png\" alt=\"\" width=\"375\" height=\"452\" srcset=\"https:\/\/blogs.univ-jfc.fr\/vphn\/wp-content\/uploads\/sites\/65\/2019\/02\/Capture-d\u2019e\u0301cran-2019-01-31-a\u0300-16.12.19-249x300.png 249w, https:\/\/blogs.univ-jfc.fr\/vphn\/wp-content\/uploads\/sites\/65\/2019\/02\/Capture-d\u2019e\u0301cran-2019-01-31-a\u0300-16.12.19-768x925.png 768w, https:\/\/blogs.univ-jfc.fr\/vphn\/wp-content\/uploads\/sites\/65\/2019\/02\/Capture-d\u2019e\u0301cran-2019-01-31-a\u0300-16.12.19-850x1024.png 850w, https:\/\/blogs.univ-jfc.fr\/vphn\/wp-content\/uploads\/sites\/65\/2019\/02\/Capture-d\u2019e\u0301cran-2019-01-31-a\u0300-16.12.19.png 950w\" sizes=\"(max-width: 375px) 100vw, 375px\" \/><figcaption id=\"caption-attachment-3207\" class=\"wp-caption-text\">Plan cadastral, Lisle sur Tarn, section H. Archives d\u00e9partementale du Tarn. 1833<\/figcaption><\/figure>\n<p>Le\u00a0syst\u00e8me des bastides est un nouveau style de construction <em>ex nihilo<\/em>.\u00a0Ce type d&rsquo;habitat se diffuse essentiellement dans le Sud de la France \u00e0 partir des ann\u00e9es 1220 et qui est une r\u00e9ponse au trait\u00e9 de\u00a0Meaux-Paris.\u00a0Ces constructions ne sont pas obligatoirement l&rsquo;\u0153uvre d&rsquo;un souverain\u00a0(\u00e9glise ou seigneur la\u00efc)\u00a0mais elles sont dict\u00e9es par une charte qui approuve la construction d&rsquo;une ville sur un territoire.\u00a0La charte est aussi appel\u00e9e contrat de par\u00e9age permettant de donner les droits qu&rsquo;ils soient politiques ou civils, mais aussi le plan de construction et le statut de la ville.<\/p>\n<p align=\"justify\">Ces nouvelles villes sont novatrices et sont caract\u00e9ris\u00e9es par la volont\u00e9 de mettre en avant l&rsquo;\u00e9conomie.\u00a0En effet, le centre urbain n&rsquo;est plus repr\u00e9sent\u00e9 par le seigneur ni par les b\u00e2timents eccl\u00e9siastiques, mais la place du march\u00e9 devient le point majeur de la ville.\u00a0De plus, toute la construction favorise le d\u00e9veloppement du commerce par la cr\u00e9ation de grandes rues dites charreti\u00e8res ou <em>carreyras<\/em> qui forme la forme unique des bastides avec le sch\u00e9ma orthogonal des rues principales qui partent toutes de la place. <span id=\"p66\">Avec cela, les rues secondaires permettent un passage pour une seule charrette en ralliant les <em><span id=\"70\">carreyras<\/span><\/em> entre elles sans passer par la place centrale.<\/span><span id=\"p67\"> Les <em><span id=\"71\">carreyrots<\/span><\/em> quant \u00e0 elles sont des rues pi\u00e9tonnes.<\/span><br \/>\nDe plus, la place est \u00e9quip\u00e9e d&rsquo;arcades couvertes ou d&rsquo;une halle centrale permettant le commerce m\u00eame par mauvais temps.\u00a0Les bastides forment aussi une r\u00e9volution juridique et sociale.\u00a0La cr\u00e9ation du contrat ne met pas forc\u00e9ment un seigneur \u00e0 la t\u00eate du village, mais tr\u00e8s souvent un organisme villageois.\u00a0En effet, la cr\u00e9ation des bastides voit le d\u00e9but de la municipalit\u00e9 qui est dirig\u00e9 par un consulat qui administre la cit\u00e9 \u00e9lu par suffrage.\u00a0L&rsquo;autorit\u00e9 seigneuriale n&rsquo;est pas exclue, car le seigneur est repr\u00e9sent\u00e9 par le <em>bayle<\/em>.\u00a0Il y a aussi le <em>jurat<\/em> qui repr\u00e9sente la justice dans la ville.\u00a0La fondation de la bastide voit aussi les premi\u00e8res traces d&rsquo;\u00e9galit\u00e9.\u00a0Effectivement, la population se voit acqu\u00e9rir des parts \u00e9gales de terre, mais aussi ont des droits \u00e9gaux devant la justice qui devient plus rationnelle et juste.\u00a0La construction des bastides va cependant s&rsquo;arr\u00eater \u00e0 partir de la guerre de Cent Ans.<\/p>\n<figure id=\"attachment_3433\" aria-describedby=\"caption-attachment-3433\" style=\"width: 1000px\" class=\"wp-caption aligncenter\"><img loading=\"lazy\" class=\"wp-image-3433 size-full\" src=\"http:\/\/blogs.univ-jfc.fr\/vphn\/wp-content\/uploads\/sites\/65\/2019\/02\/centre-dEtude-des-Bastides-carte.jpg\" alt=\"\" width=\"1000\" height=\"770\" srcset=\"https:\/\/blogs.univ-jfc.fr\/vphn\/wp-content\/uploads\/sites\/65\/2019\/02\/centre-dEtude-des-Bastides-carte.jpg 1000w, https:\/\/blogs.univ-jfc.fr\/vphn\/wp-content\/uploads\/sites\/65\/2019\/02\/centre-dEtude-des-Bastides-carte-300x231.jpg 300w, https:\/\/blogs.univ-jfc.fr\/vphn\/wp-content\/uploads\/sites\/65\/2019\/02\/centre-dEtude-des-Bastides-carte-768x591.jpg 768w\" sizes=\"(max-width: 706px) 89vw, (max-width: 767px) 82vw, 740px\" \/><figcaption id=\"caption-attachment-3433\" class=\"wp-caption-text\">Les villes neuves a plan r\u00e9gulier, Centre d&rsquo;\u00e9tude des Bastides, Le livre blanc, 2007<\/figcaption><\/figure>\n<p align=\"justify\"><span id=\"p42\">La construction des bastides n&rsquo;est pas faite au hasard.<\/span><span id=\"p43\"> Premi\u00e8rement, les premi\u00e8res bastides sont cr\u00e9\u00e9es dans le Midi toulousain par la famille du comte de Toulouse et de Simon de <span id=\"47\" class=\"s-rg\">Montfort<\/span> pendant la croisade.<\/span><span id=\"p44\"> Les constructions du Comte Raymond VII, se font sur les fronti\u00e8res avec la France ou encore la Guyenne afin de se prot\u00e9ger des int\u00e9r\u00eats des deux rois.<\/span><span id=\"p45\"> De plus, les constructions se rassemblent \u00e0 cot\u00e9 des routes commerciales et des chemins de p\u00e8lerinage, qui permet l&rsquo;ancrage des bastides dans le territoire.<\/span><\/p>\n<p align=\"justify\">Pour aller plus loin :<\/p>\n<p align=\"justify\"><a href=\"http:\/\/blogs.univ-jfc.fr\/vphn\/patrimoine-et-sites-remarquables\/bastides-et-castels-2018-2019\/bibliographie-bastides-et-castels\/\">Bibliographie<\/a><\/p>\n<p align=\"justify\"><a href=\"http:\/\/blogs.univ-jfc.fr\/vphn\/patrimoine-et-sites-remarquables\/bastides-et-castels-2018-2019\/sitographie-bastides-et-castels\/\">Sitographie<\/a><\/p>\n<p align=\"justify\">L2: Claire M\u00e9dalle<\/p>\n<p align=\"justify\">L1: Gr\u00e9gory Da Cruz \/ Anthony Baud<\/p>\n","protected":false},"excerpt":{"rendered":"<p>Introduction Le Sud-ouest de la France est marqu\u00e9 par le d\u00e9veloppement de deux styles d\u2019habitat de l\u2019\u00e9poque m\u00e9di\u00e9vale.\u00a0Les castelnaux qui commencent \u00e0 partir du Xe-XIe si\u00e8cle et les bastides \u00e0 partir du XIIIe si\u00e8cle. Cette p\u00e9riode est marqu\u00e9e par des conflits entre trois entit\u00e9s.\u00a0Tout d\u2019abord, au nord le royaume des Francs dirig\u00e9 par la dynastie &hellip; <\/p>\n<p class=\"link-more\"><a href=\"https:\/\/blogs.univ-jfc.fr\/vphn\/patrimoine-et-sites-remarquables\/bastides-et-castels-2018-2019\/\" class=\"more-link\">Continuer la lecture<span class=\"screen-reader-text\"> de &laquo;&nbsp;Bastides et Castelnaux [2018]&nbsp;&raquo;<\/span><\/a><\/p>\n","protected":false},"author":588,"featured_media":0,"parent":30,"menu_order":0,"comment_status":"closed","ping_status":"closed","template":"","meta":[],"_links":{"self":[{"href":"https:\/\/blogs.univ-jfc.fr\/vphn\/wp-json\/wp\/v2\/pages\/3189"}],"collection":[{"href":"https:\/\/blogs.univ-jfc.fr\/vphn\/wp-json\/wp\/v2\/pages"}],"about":[{"href":"https:\/\/blogs.univ-jfc.fr\/vphn\/wp-json\/wp\/v2\/types\/page"}],"author":[{"embeddable":true,"href":"https:\/\/blogs.univ-jfc.fr\/vphn\/wp-json\/wp\/v2\/users\/588"}],"replies":[{"embeddable":true,"href":"https:\/\/blogs.univ-jfc.fr\/vphn\/wp-json\/wp\/v2\/comments?post=3189"}],"version-history":[{"count":31,"href":"https:\/\/blogs.univ-jfc.fr\/vphn\/wp-json\/wp\/v2\/pages\/3189\/revisions"}],"predecessor-version":[{"id":5136,"href":"https:\/\/blogs.univ-jfc.fr\/vphn\/wp-json\/wp\/v2\/pages\/3189\/revisions\/5136"}],"up":[{"embeddable":true,"href":"https:\/\/blogs.univ-jfc.fr\/vphn\/wp-json\/wp\/v2\/pages\/30"}],"wp:attachment":[{"href":"https:\/\/blogs.univ-jfc.fr\/vphn\/wp-json\/wp\/v2\/media?parent=3189"}],"curies":[{"name":"wp","href":"https:\/\/api.w.org\/{rel}","templated":true}]}}