{"id":3245,"date":"2019-02-07T17:54:16","date_gmt":"2019-02-07T16:54:16","guid":{"rendered":"http:\/\/blogs.univ-jfc.fr\/vphn\/?page_id=3245"},"modified":"2019-03-08T16:28:30","modified_gmt":"2019-03-08T15:28:30","slug":"pierre-destaing-1320-1377","status":"publish","type":"page","link":"https:\/\/blogs.univ-jfc.fr\/vphn\/pierre-destaing-1320-1377\/","title":{"rendered":"Pierre d&rsquo;Estaing (1320-1377)"},"content":{"rendered":"<p>&nbsp;<\/p>\n<figure id=\"attachment_3248\" aria-describedby=\"caption-attachment-3248\" style=\"width: 219px\" class=\"wp-caption aligncenter\"><img loading=\"lazy\" class=\"wp-image-3248 size-medium\" src=\"http:\/\/blogs.univ-jfc.fr\/vphn\/wp-content\/uploads\/sites\/65\/2019\/02\/Pierre-dEstaing-219x300.jpg\" alt=\"\" width=\"219\" height=\"300\" srcset=\"https:\/\/blogs.univ-jfc.fr\/vphn\/wp-content\/uploads\/sites\/65\/2019\/02\/Pierre-dEstaing-219x300.jpg 219w, https:\/\/blogs.univ-jfc.fr\/vphn\/wp-content\/uploads\/sites\/65\/2019\/02\/Pierre-dEstaing.jpg 280w\" sizes=\"(max-width: 219px) 100vw, 219px\" \/><figcaption id=\"caption-attachment-3248\" class=\"wp-caption-text\">Gravure repr\u00e9sentant Pierre d&rsquo;Estaing en habit de Cardinal<\/figcaption><\/figure>\n<p align=\"justify\">Pierre d&rsquo;Estaing, n\u00e9 en 1320 \u00e0 Estaing et mort en 1377 \u00e0 Rome,\u00a0fut archev\u00eaque et cardinal. En 1341,\u00a0il rejoint les religieux de saint Beno\u00eet et devient moine. Apr\u00e8s ses \u00e9tudes \u00e0 Marseille, il est \u00e9lu \u00e9v\u00eaque de Saint Flour en 1361, cardinal du Rouergue et \u00e9galement archev\u00eaque de Bourges en 1368. Il organise des exp\u00e9ditions contre les Anglais. En 1369, il devient cardinal puis l\u00e9gat \u00e0 Rome en 1371. Une agitation r\u00e8gne \u00e0 Rome et le pape se d\u00e9place \u00e0 Avignon, laissant Pierre d&rsquo;Estaing repr\u00e9senter la papaut\u00e9 \u00e0 Rome. Il s\u2019installe \u00e0 Bologne et va mener des exp\u00e9ditions dans le nord de l\u2019Italie. Il meurt quelques ann\u00e9es plus tard juste apr\u00e8s que le pape soit retourn\u00e9 \u00e0 Rome. Dans son testament, il veut que son corps soit d\u00e9pos\u00e9 \u00e0 la cath\u00e9drale de Rodez, r\u00e9parer les d\u00e9g\u00e2ts que ses troupes ont caus\u00e9s lors des exp\u00e9ditions et fait don de nombreux legs \u00e0 sa famille.<\/p>\n","protected":false},"excerpt":{"rendered":"<p>&nbsp; Pierre d&rsquo;Estaing, n\u00e9 en 1320 \u00e0 Estaing et mort en 1377 \u00e0 Rome,\u00a0fut archev\u00eaque et cardinal. En 1341,\u00a0il rejoint les religieux de saint Beno\u00eet et devient moine. Apr\u00e8s ses \u00e9tudes \u00e0 Marseille, il est \u00e9lu \u00e9v\u00eaque de Saint Flour en 1361, cardinal du Rouergue et \u00e9galement archev\u00eaque de Bourges en 1368. Il organise des &hellip; <\/p>\n<p class=\"link-more\"><a href=\"https:\/\/blogs.univ-jfc.fr\/vphn\/pierre-destaing-1320-1377\/\" class=\"more-link\">Continuer la lecture<span class=\"screen-reader-text\"> de &laquo;&nbsp;Pierre d&rsquo;Estaing (1320-1377)&nbsp;&raquo;<\/span><\/a><\/p>\n","protected":false},"author":585,"featured_media":0,"parent":0,"menu_order":0,"comment_status":"closed","ping_status":"closed","template":"","meta":[],"_links":{"self":[{"href":"https:\/\/blogs.univ-jfc.fr\/vphn\/wp-json\/wp\/v2\/pages\/3245"}],"collection":[{"href":"https:\/\/blogs.univ-jfc.fr\/vphn\/wp-json\/wp\/v2\/pages"}],"about":[{"href":"https:\/\/blogs.univ-jfc.fr\/vphn\/wp-json\/wp\/v2\/types\/page"}],"author":[{"embeddable":true,"href":"https:\/\/blogs.univ-jfc.fr\/vphn\/wp-json\/wp\/v2\/users\/585"}],"replies":[{"embeddable":true,"href":"https:\/\/blogs.univ-jfc.fr\/vphn\/wp-json\/wp\/v2\/comments?post=3245"}],"version-history":[{"count":4,"href":"https:\/\/blogs.univ-jfc.fr\/vphn\/wp-json\/wp\/v2\/pages\/3245\/revisions"}],"predecessor-version":[{"id":5024,"href":"https:\/\/blogs.univ-jfc.fr\/vphn\/wp-json\/wp\/v2\/pages\/3245\/revisions\/5024"}],"wp:attachment":[{"href":"https:\/\/blogs.univ-jfc.fr\/vphn\/wp-json\/wp\/v2\/media?parent=3245"}],"curies":[{"name":"wp","href":"https:\/\/api.w.org\/{rel}","templated":true}]}}