{"id":3247,"date":"2019-02-07T17:53:43","date_gmt":"2019-02-07T16:53:43","guid":{"rendered":"http:\/\/blogs.univ-jfc.fr\/vphn\/?page_id=3247"},"modified":"2019-02-28T17:38:42","modified_gmt":"2019-02-28T16:38:42","slug":"bibliographie-bastides-et-castels","status":"publish","type":"page","link":"https:\/\/blogs.univ-jfc.fr\/vphn\/patrimoine-et-sites-remarquables\/bastides-et-castels-2018-2019\/bibliographie-bastides-et-castels\/","title":{"rendered":"Bibliographie &#8211; Bastides et Castels"},"content":{"rendered":"<h1>Ouvrages :<\/h1>\n<p>&#8211; AMALVI C., PECH R., LE POTTIER J., Histoire du Tarn, \u00e9ditions Privat, Toulouse, 2018, 1034 p.<\/p>\n<p>&#8211; BIGET J-L (dir.), CASSARD.J-C. Les Cap\u00e9tiens (1180-1328), \u00e9dition Belin, coll Histoire de France, Paris, 2011.<\/p>\n<p>&#8211; BOVE B., Le temps de la guerre de Cent Ans, 1328-1453, Belin, collection Histoire de France, 2015.<\/p>\n<p>&#8211; BOVE B., BUHRER-THIERRY G., CASSARD J. C., MAZEL F., et MERIAUX C., Le Moyen-\u00c2ge 481-1453, Le grand atelier de l\u2019Histoire de France, Belin, Paris, 2012.<\/p>\n<p>&#8211; CASSARD.JF, L&rsquo;age d&rsquo;Or Cap\u00e9tien 1180-1328, Collection Histoire de France, \u00e9dition Belin, Paris, 2014.<\/p>\n<p>&#8211; CLAUSTRE J., La fin du Moyen-Age 1180-1515 , Histoire de France, Hachette, Paris, 2015.<\/p>\n<p>&#8211; CONTAMINE.P, La guerre de Cent Ans, France et Angleterre, La vie quotidienne, \u00e9dition Hachette, Paris, 1994.<\/p>\n<p>&#8211; CORBIN A., Histoire du christianisme, Edition du Seuil, Paris, 2007<\/p>\n<p>.- DUBELIN, M., Eglise et soci\u00e9t\u00e9 chr\u00e9tienne d\u2019Agobard \u00e0 Vald\u00e8s, Lyon, PUL (collection d\u2019histoire et d\u2019arch\u00e9ologie m\u00e9di\u00e9vale, 10), 2003.<\/p>\n<p>&#8211; DUBOURG, J., Histoire des bastides, les villes neuves du Moyen-\u00e2ge, Sud-Ouest, Bordeaux, 2002.<\/p>\n<p>&#8211; DUTOUR T., La ville m\u00e9di\u00e9vale: origine et triomphe de l\u2019Europe urbaine,\u00a0 Odile Jacob, Paris, 2003.<\/p>\n<p>&#8211; JIMENEZ-SANCHEZ P., Les catharismes : Mod\u00e8les dissidents du christianisme m\u00e9di\u00e9val (XIIe-XIIIe si\u00e8cle), Presses Universitaire de Rennes, Rennes, 2008.<\/p>\n<p>&#8211; LAURIOUX, B., La civilisation du Moyen-Age en France \u00a0XI\u00e8me-XV\u00e8me, Nathan, Paris, 1998.<\/p>\n<p>&#8211; LAVEDAN, P., Histoire et Urbanisme, Bulletin Monumental, partie Moyen-Age, Paris, 1926.<\/p>\n<p>&#8211; LEMAS, N., La guerre de Cent Ans, Armand Colin, Paris, 2017.<\/p>\n<p>&#8211; LETURCQ, S., La vie rurale en France au Moyen-Age : Xeme-XVeme si\u00e8cle, Armand Colin, Paris, 2004.<\/p>\n<p>&#8211; MONNIER, G., Histoire de l\u2019architecture, \u00e9dition puf, Paris, 2010.<\/p>\n<p>&#8211; MOORE R. I., H\u00e9r\u00e9tiques : R\u00e9sistances et r\u00e9pression dans l\u2019Occident m\u00e9di\u00e9val, Belin, Collection Histoire, Paris, 2017.<\/p>\n<p>&#8211; MUMFORD, L., La cit\u00e9 \u00e0 travers l\u2019Histoire, M\u00e9moire sociale, Agone, 2011.<\/p>\n<p>&#8211; POLO DE BEAULIEU M-A, La France au Moyen \u00c2ge, De l&rsquo;An mil \u00e0 la Peste, Guide Belles Lettres des civilisations, coll Les Belles, Paris, 2002<\/p>\n<p>&#8211; REFRE, C., L\u2019histoire des Bastides, Un Autre reg\u2019art, Albi, 2016.<\/p>\n<p>&#8211; TELLIEZ R , Les institutions de la France m\u00e9di\u00e9vale, Armand Collin, Paris, 2016.<\/p>\n<p>&#8211; ZERNER-CHARDAVOINE M., La croisade albigeoise, Collection archives, \u00e9dition Gallimard, Paris, 1979.<\/p>\n<h1>Articles :<\/h1>\n<p align=\"justify\">&#8211; BARRET, C. J., \u00ab Origins of the French Bastides \u00bb, Journal of Urban History, I-36, 2016.<\/p>\n<p align=\"justify\">&#8211; BERDOULAY V., et BIELZA DE ORY V., \u00ab Pour une relecture de l\u2019urbanisme m\u00e9di\u00e9vale, processus transpyr\u00e9n\u00e9ens d\u2019innovation et de diffusion \u00bb, revue g\u00e9ographique des Pyr\u00e9n\u00e9es et du Sud-Ouest, presse universitaire du Mirail, Toulouse, 2000.<\/p>\n<p align=\"justify\">&#8211; DE BIDERAN J., et FRAYSSE P., \u00ab mise en exposition et mobilisation num\u00e9riques des m\u00e9moires des bastides du Sud Ouest \u00bb, Les Cahiers Num\u00e9riques volume 12, Toulouse, Lavoisier, 2016, pp 15-30.<\/p>\n<p align=\"justify\">&#8211; DE SAINT-BLANQUAT O., \u00ab Comment se sont cr\u00e9\u00e9s les Bastides du Sud-Ouest de la France \u00bb, Annales \u00e9conomie soci\u00e9t\u00e9s civilisation, N\u00b04-3, 1949, pp. 278-289.<\/p>\n<p align=\"justify\">&#8211; GILLES B., \u00ab G\u00e9ographie historique des Bastides \u00bb, Revue g\u00e9ographique des Pyr\u00e9n\u00e9es et du Sud-Ouest, Tome 3, Fascicule 3, 1985, p 353-362.<\/p>\n<p align=\"justify\">&#8211; HAUTEFEUILLE F., \u00ab La bastide: une juridiction avant le village. L\u2019exemple du Bas-Quercy \u00bb, dans DEBAX (H\u00e9l\u00e8ne) (textes r\u00e9unis par), Les Soci\u00e9t\u00e9s m\u00e9ridionales \u00e0 l\u2019\u00e2ge f\u00e9odal. Hommage \u00e0 Pierre Bonnassie, Toulouse, Framespa, 1999, p.141-148.<\/p>\n<p align=\"justify\">&#8211; HIGOUNET C., \u00ab La frange orientale des Bastides \u00bb, \u00a0Annales du Midi : revue arch\u00e9ologique, historique et philologique de la France m\u00e9ridionale, tome 61, N\u00b07-8, 1949, p 359-367.<\/p>\n<p align=\"justify\">&#8211; HIGOUNET C., \u00ab Sauvet\u00e9s et bastides \u00bb, Annales du Midi : revue arch\u00e9ologique, historique et philologique de la France m\u00e9ridionale, Tome 61, N\u00b03-4, 1948.<\/p>\n<p align=\"justify\">&#8211; MOUSNIER M., \u00ab Bastides de Gascogne toulousaine. Un \u00e9chec ? \u00bb, Villages et villageois au moyen \u00e2ge, 1990, p 101-116.<\/p>\n<p align=\"justify\">&#8211; PUJOL F., \u00ab L\u2019\u00e9laboration de l\u2019image symbolique de la bastide \u00bb, Annale du Midi, ,Toulouse, Privat, 1991, p 103-195.<\/p>\n<p align=\"justify\">&#8211; VALOIS J. P., \u00ab Les bastides des Pyr\u00e9n\u00e9es-Atlantiques : approche morphologique et contexte historique \u00bb, Revue de Pau et du B\u00e9arn, 38, ed. S.S.L.A, \u00a02011, p 115-142.<\/p>\n","protected":false},"excerpt":{"rendered":"<p>Ouvrages : &#8211; AMALVI C., PECH R., LE POTTIER J., Histoire du Tarn, \u00e9ditions Privat, Toulouse, 2018, 1034 p. &#8211; BIGET J-L (dir.), CASSARD.J-C. Les Cap\u00e9tiens (1180-1328), \u00e9dition Belin, coll Histoire de France, Paris, 2011. &#8211; BOVE B., Le temps de la guerre de Cent Ans, 1328-1453, Belin, collection Histoire de France, 2015. &#8211; BOVE &hellip; <\/p>\n<p class=\"link-more\"><a href=\"https:\/\/blogs.univ-jfc.fr\/vphn\/patrimoine-et-sites-remarquables\/bastides-et-castels-2018-2019\/bibliographie-bastides-et-castels\/\" class=\"more-link\">Continuer la lecture<span class=\"screen-reader-text\"> de &laquo;&nbsp;Bibliographie &#8211; Bastides et Castels&nbsp;&raquo;<\/span><\/a><\/p>\n","protected":false},"author":588,"featured_media":0,"parent":3189,"menu_order":0,"comment_status":"closed","ping_status":"closed","template":"","meta":[],"_links":{"self":[{"href":"https:\/\/blogs.univ-jfc.fr\/vphn\/wp-json\/wp\/v2\/pages\/3247"}],"collection":[{"href":"https:\/\/blogs.univ-jfc.fr\/vphn\/wp-json\/wp\/v2\/pages"}],"about":[{"href":"https:\/\/blogs.univ-jfc.fr\/vphn\/wp-json\/wp\/v2\/types\/page"}],"author":[{"embeddable":true,"href":"https:\/\/blogs.univ-jfc.fr\/vphn\/wp-json\/wp\/v2\/users\/588"}],"replies":[{"embeddable":true,"href":"https:\/\/blogs.univ-jfc.fr\/vphn\/wp-json\/wp\/v2\/comments?post=3247"}],"version-history":[{"count":4,"href":"https:\/\/blogs.univ-jfc.fr\/vphn\/wp-json\/wp\/v2\/pages\/3247\/revisions"}],"predecessor-version":[{"id":4696,"href":"https:\/\/blogs.univ-jfc.fr\/vphn\/wp-json\/wp\/v2\/pages\/3247\/revisions\/4696"}],"up":[{"embeddable":true,"href":"https:\/\/blogs.univ-jfc.fr\/vphn\/wp-json\/wp\/v2\/pages\/3189"}],"wp:attachment":[{"href":"https:\/\/blogs.univ-jfc.fr\/vphn\/wp-json\/wp\/v2\/media?parent=3247"}],"curies":[{"name":"wp","href":"https:\/\/api.w.org\/{rel}","templated":true}]}}