{"id":3255,"date":"2019-02-07T18:13:31","date_gmt":"2019-02-07T17:13:31","guid":{"rendered":"http:\/\/blogs.univ-jfc.fr\/vphn\/?page_id=3255"},"modified":"2019-02-13T14:54:59","modified_gmt":"2019-02-13T13:54:59","slug":"annexe-bastides-et-castels","status":"publish","type":"page","link":"https:\/\/blogs.univ-jfc.fr\/vphn\/patrimoine-et-sites-remarquables\/bastides-et-castels-2018-2019\/annexe-bastides-et-castels\/","title":{"rendered":"Annexe &#8211; Bastides et Castels"},"content":{"rendered":"<h1>Catharisme<\/h1>\n<p align=\"justify\">Le catharisme est une dissidence chr\u00e9tienne qui prend racine dans des frustrations spirituelles et sociale \u00e0 cause de la rigidit\u00e9 de la soci\u00e9t\u00e9 f\u00e9odale. Le catharisme n&rsquo;est pas seulement caract\u00e9ristique de la r\u00e9gion du Midi, mais cette r\u00e9gion est le lieu ou les r\u00e9pressions ont \u00e9t\u00e9 la plus violente.<br \/>\nCe mouvement est donc une divergence du message chr\u00e9tien, mais qui n&rsquo;est pas unifi\u00e9 et qui repose sur un message oral et ou les seules sources restantes sont \u00e9crites par le parti chr\u00e9tien alors tr\u00e8s critique envers les h\u00e9r\u00e9sies.<br \/>\nLe catharisme est une repr\u00e9sentation simplifi\u00e9 du message religieux chr\u00e9tien, inspir\u00e9 uniquement du message \u00e9vang\u00e9lique de St Jean, qui rejette l&rsquo;Ancien Testament et les pri\u00e8res autres que le notre P\u00e8re. Il rejette aussi le dualisme entre les deux \u00eatres divins, Satan et Dieu.<br \/>\nIls remettent aussi en cause les sacrements en respectant seulement un nouveau sacrement nomm\u00e9 : le consolament, qui est un rite qui retire tous les p\u00e9ch\u00e9s. De plus, ce sacrement est important pour la communaut\u00e9 qui croit \u00e0 la m\u00e9tempsycose, c&rsquo;est-\u00e0-dire qu&rsquo;une personne de la communaut\u00e9 n&rsquo;ayant pas re\u00e7u le rite une fois sa mort se verrait \u00eatre r\u00e9incarn\u00e9 en un animal.<\/p>\n<h1>Les Familles<\/h1>\n<figure id=\"attachment_3275\" aria-describedby=\"caption-attachment-3275\" style=\"width: 150px\" class=\"wp-caption alignleft\"><img loading=\"lazy\" class=\"wp-image-3275 size-thumbnail\" src=\"http:\/\/blogs.univ-jfc.fr\/vphn\/wp-content\/uploads\/sites\/65\/2019\/02\/ArmoiriesTrencavel-150x150.png\" alt=\"\" width=\"150\" height=\"150\" srcset=\"https:\/\/blogs.univ-jfc.fr\/vphn\/wp-content\/uploads\/sites\/65\/2019\/02\/ArmoiriesTrencavel-150x150.png 150w, https:\/\/blogs.univ-jfc.fr\/vphn\/wp-content\/uploads\/sites\/65\/2019\/02\/ArmoiriesTrencavel-100x100.png 100w\" sizes=\"(max-width: 150px) 100vw, 150px\" \/><figcaption id=\"caption-attachment-3275\" class=\"wp-caption-text\">Armoiries Trencavel<\/figcaption><\/figure>\n<p align=\"justify\"><strong>Les Trencavels<\/strong> : cette famille poss\u00e9dait le vicomte de Carcassonne, de B\u00e9ziers, de N\u00eemes, d\u2019Albi, d\u2019Agde et du Raz\u00e8s. Tr\u00e8s puissante famille du Sud de la France, elle \u00e9tait vassale du Comte de Toulouse, mais suite \u00e0 la croisade des albigeois la famille perd toutes ses possessions et l\u2019histoire ne parlera plus d\u2019elle apr\u00e8s 1269.<\/p>\n<figure id=\"attachment_3438\" aria-describedby=\"caption-attachment-3438\" style=\"width: 150px\" class=\"wp-caption alignright\"><img loading=\"lazy\" class=\"size-thumbnail wp-image-3438\" src=\"http:\/\/blogs.univ-jfc.fr\/vphn\/wp-content\/uploads\/sites\/65\/2019\/02\/1280px-Royal_Arms_of_England.svg_-150x150.png\" alt=\"\" width=\"150\" height=\"150\" srcset=\"https:\/\/blogs.univ-jfc.fr\/vphn\/wp-content\/uploads\/sites\/65\/2019\/02\/1280px-Royal_Arms_of_England.svg_-150x150.png 150w, https:\/\/blogs.univ-jfc.fr\/vphn\/wp-content\/uploads\/sites\/65\/2019\/02\/1280px-Royal_Arms_of_England.svg_-100x100.png 100w\" sizes=\"(max-width: 150px) 100vw, 150px\" \/><figcaption id=\"caption-attachment-3438\" class=\"wp-caption-text\">Armoirie Royale Anglaise<\/figcaption><\/figure>\n<p align=\"justify\"><strong>Les Plantagen\u00eats<\/strong> : famille royale issue des comtes d\u2019Anjou et du Maine (France), elle se lib\u00e8re de sa suzerainet\u00e9 d\u00fbt au roi de France et monte sur le tr\u00f4ne d\u2019Angleterre de 1154 \u00e0 1485. Puissante famille qui poss\u00e8de le royaume d\u2019Angleterre, le duch\u00e9 de Normandie, le comt\u00e9 d\u2019Anjou, le comt\u00e9 du Maine, comt\u00e9 du Poitou et le duch\u00e9 d\u2019Aquitaine. Toutes ces possessions sur le continent cr\u00e9ent \u00e9norm\u00e9ment de tension entre les Plantagen\u00eats et les rois de France.<\/p>\n<figure id=\"attachment_3439\" aria-describedby=\"caption-attachment-3439\" style=\"width: 150px\" class=\"wp-caption alignleft\"><img loading=\"lazy\" class=\"size-thumbnail wp-image-3439\" src=\"http:\/\/blogs.univ-jfc.fr\/vphn\/wp-content\/uploads\/sites\/65\/2019\/02\/Blason_pays_fr_FranceAncien.svg_-150x150.png\" alt=\"\" width=\"150\" height=\"150\" srcset=\"https:\/\/blogs.univ-jfc.fr\/vphn\/wp-content\/uploads\/sites\/65\/2019\/02\/Blason_pays_fr_FranceAncien.svg_-150x150.png 150w, https:\/\/blogs.univ-jfc.fr\/vphn\/wp-content\/uploads\/sites\/65\/2019\/02\/Blason_pays_fr_FranceAncien.svg_-100x100.png 100w\" sizes=\"(max-width: 150px) 100vw, 150px\" \/><figcaption id=\"caption-attachment-3439\" class=\"wp-caption-text\">Blason Royal de France<\/figcaption><\/figure>\n<p align=\"justify\"><strong>Les Cap\u00e9tiens<\/strong> : dynastie qui succ\u00e8de aux Carolingiens, r\u00e8gne sur le royaume de France de 987 \u00e0 1328. Les rois, Philippe II Auguste, Louis VIII le lion et Louis IX (Saint-Louis), consacreront les plus grosses parties de leurs r\u00e8gnes (p\u00e8re =&gt; fils) \u00e0 reprendre les possessions anglaises sur le continent ainsi que d\u2019unir le territoire (Sud de la France).<\/p>\n<figure id=\"attachment_3276\" aria-describedby=\"caption-attachment-3276\" style=\"width: 150px\" class=\"wp-caption alignright\"><img loading=\"lazy\" class=\"size-thumbnail wp-image-3276\" src=\"http:\/\/blogs.univ-jfc.fr\/vphn\/wp-content\/uploads\/sites\/65\/2019\/02\/Blason_Languedoc.svg_-150x150.png\" alt=\"\" width=\"150\" height=\"150\" srcset=\"https:\/\/blogs.univ-jfc.fr\/vphn\/wp-content\/uploads\/sites\/65\/2019\/02\/Blason_Languedoc.svg_-150x150.png 150w, https:\/\/blogs.univ-jfc.fr\/vphn\/wp-content\/uploads\/sites\/65\/2019\/02\/Blason_Languedoc.svg_-100x100.png 100w\" sizes=\"(max-width: 150px) 100vw, 150px\" \/><figcaption id=\"caption-attachment-3276\" class=\"wp-caption-text\">Armoirie des Comtes de Toulouse<\/figcaption><\/figure>\n<p align=\"justify\"><strong>Les Comtes de Toulouse<\/strong> : plusieurs dynasties se succ\u00e8dent \u00e0 la direction du comt\u00e9 de Toulouse, d\u2019abord par droit non-h\u00e9r\u00e9ditaire sous les Carolingiens de 778 \u00e0 849 puis le titre devient h\u00e9r\u00e9ditaire de 849 \u00e0 1271. C\u2019est durant cette p\u00e9riode h\u00e9r\u00e9ditaire que les comtes souvent appel\u00e9s Raymond seront les plus puissants dans le Sud de la France. Malheureusement les tensions avec le roi de France et la prise de position en faveur des cathares signera la fin de la puissance des comtes de Toulouse en la personne de Raymond VII.<\/p>\n<h1>Personnages puissants<\/h1>\n<figure id=\"attachment_3440\" aria-describedby=\"caption-attachment-3440\" style=\"width: 150px\" class=\"wp-caption alignleft\"><img loading=\"lazy\" class=\"size-thumbnail wp-image-3440\" src=\"http:\/\/blogs.univ-jfc.fr\/vphn\/wp-content\/uploads\/sites\/65\/2019\/02\/RaimondVIIToulouse1242-150x150.jpg\" alt=\"\" width=\"150\" height=\"150\" srcset=\"https:\/\/blogs.univ-jfc.fr\/vphn\/wp-content\/uploads\/sites\/65\/2019\/02\/RaimondVIIToulouse1242-150x150.jpg 150w, https:\/\/blogs.univ-jfc.fr\/vphn\/wp-content\/uploads\/sites\/65\/2019\/02\/RaimondVIIToulouse1242-100x100.jpg 100w\" sizes=\"(max-width: 150px) 100vw, 150px\" \/><figcaption id=\"caption-attachment-3440\" class=\"wp-caption-text\">Pi\u00e8ce de Raymond VII, comte de Toulouse, 1242<\/figcaption><\/figure>\n<p align=\"justify\"><strong>Raymond VII<\/strong> : titre de Comte de Toulouse de 1222 \u00e0 1249, il doit avant le d\u00e9but de son accession au titre reprendre les terres perdues de son p\u00e8re le comte Raymond VI pris par Simon IV de Montfort. Tr\u00e8s puissant homme de son \u00e9poque, il se heurte n\u00e9anmoins au roi de France Louis VIII le lion qui le d\u00e9poss\u00e8de des territoires des Trencavels. Raymond VII s\u2019engage \u00e0 lutter contre les Cathares, mais cela n\u2019emp\u00eache pas les puissants de France d\u2019organiser une \u00ab Croisade \u00bb contre lui. Il est finalement soumis \u00e0 signer le trait\u00e9 de Meaux-Paris en 1229 qui le rattache au domaine royale des rois de France. Il doit aussi s\u2019engager \u00e0 donner sa fille et unique h\u00e9riti\u00e8re en mariage au fr\u00e8re du roi Louis IX.<\/p>\n<figure id=\"attachment_3447\" aria-describedby=\"caption-attachment-3447\" style=\"width: 150px\" class=\"wp-caption alignright\"><img loading=\"lazy\" class=\"size-thumbnail wp-image-3447\" src=\"http:\/\/blogs.univ-jfc.fr\/vphn\/wp-content\/uploads\/sites\/65\/2019\/02\/monfort-150x150.jpg\" alt=\"\" width=\"150\" height=\"150\" srcset=\"https:\/\/blogs.univ-jfc.fr\/vphn\/wp-content\/uploads\/sites\/65\/2019\/02\/monfort-150x150.jpg 150w, https:\/\/blogs.univ-jfc.fr\/vphn\/wp-content\/uploads\/sites\/65\/2019\/02\/monfort-100x100.jpg 100w\" sizes=\"(max-width: 150px) 100vw, 150px\" \/><figcaption id=\"caption-attachment-3447\" class=\"wp-caption-text\">Simon de Monfort IV, par Jacques Feuch\u00e8re, Versailles,<\/figcaption><\/figure>\n<p align=\"justify\"><strong>Simon de Montfort<\/strong> : Seigneur des Yvelines, il devient le commandant de l\u2019arm\u00e9e des crois\u00e9es envoy\u00e9 combattre l\u2019h\u00e9r\u00e9sie cathare. Il prend Carcassonne en 1209 et organise par la suite les b\u00fbchers les plus importants contre l\u2019h\u00e9r\u00e9sie Cathare, mais tr\u00e8s vite ses victoires et conqu\u00eates sur le comt\u00e9 de Toulouse finisse des fins personnelles et il refuse de les rendre au Pape. Il sera finalement tu\u00e9 durant le si\u00e8ge de Toulouse en 1218.<\/p>\n<figure id=\"attachment_3442\" aria-describedby=\"caption-attachment-3442\" style=\"width: 150px\" class=\"wp-caption alignleft\"><img loading=\"lazy\" class=\"size-thumbnail wp-image-3442\" src=\"http:\/\/blogs.univ-jfc.fr\/vphn\/wp-content\/uploads\/sites\/65\/2019\/02\/louis-IX-150x150.jpg\" alt=\"\" width=\"150\" height=\"150\" srcset=\"https:\/\/blogs.univ-jfc.fr\/vphn\/wp-content\/uploads\/sites\/65\/2019\/02\/louis-IX-150x150.jpg 150w, https:\/\/blogs.univ-jfc.fr\/vphn\/wp-content\/uploads\/sites\/65\/2019\/02\/louis-IX-100x100.jpg 100w\" sizes=\"(max-width: 150px) 100vw, 150px\" \/><figcaption id=\"caption-attachment-3442\" class=\"wp-caption-text\">Enluminure de Louis IX, dans la Bible moralis\u00e9e de Tol\u00e8de, 1240<\/figcaption><\/figure>\n<p align=\"justify\"><strong>Louis IX<\/strong> : fils de Louis VIII le lion et de Blanche de Castille est form\u00e9 sous la direction de sa m\u00e8re Blanche de Castille alors r\u00e9gente du royaume jusqu&rsquo;\u00e0 sa majorit\u00e9. Louis IX tr\u00e8s croyant sera le seul roi de France \u00e0 avoir le titre de Saint.<\/p>\n<figure id=\"attachment_3443\" aria-describedby=\"caption-attachment-3443\" style=\"width: 150px\" class=\"wp-caption alignright\"><img loading=\"lazy\" class=\"size-thumbnail wp-image-3443\" src=\"http:\/\/blogs.univ-jfc.fr\/vphn\/wp-content\/uploads\/sites\/65\/2019\/02\/blanche-de-castille-150x150.jpg\" alt=\"\" width=\"150\" height=\"150\" srcset=\"https:\/\/blogs.univ-jfc.fr\/vphn\/wp-content\/uploads\/sites\/65\/2019\/02\/blanche-de-castille-150x150.jpg 150w, https:\/\/blogs.univ-jfc.fr\/vphn\/wp-content\/uploads\/sites\/65\/2019\/02\/blanche-de-castille-100x100.jpg 100w\" sizes=\"(max-width: 150px) 100vw, 150px\" \/><figcaption id=\"caption-attachment-3443\" class=\"wp-caption-text\">Enluminure de Blanche de Castille, dans la Bible moralis\u00e9e de Tol\u00e8de, 1240<\/figcaption><\/figure>\n<p align=\"justify\"><strong>Blanche de Castille<\/strong> : \u00e9pouse de Louis VIII le lion et m\u00e8re du roi Louis IX, elle est r\u00e9gente du royaume de France durant 8 ans suite \u00e0 la mort de Louis VIII qui revenait des croisades contres les Albigeois. Femme forte sur le tr\u00f4ne, elle combat les puissants pour garder l\u2019unit\u00e9 du royaume, c\u2019est elle qui encouragea Louis VIII et Louis IX de combattre l\u2019h\u00e9r\u00e9sie cathare.<\/p>\n<figure id=\"attachment_3444\" aria-describedby=\"caption-attachment-3444\" style=\"width: 150px\" class=\"wp-caption alignleft\"><img loading=\"lazy\" class=\"size-thumbnail wp-image-3444\" src=\"http:\/\/blogs.univ-jfc.fr\/vphn\/wp-content\/uploads\/sites\/65\/2019\/02\/Innocent-III-150x150.jpg\" alt=\"\" width=\"150\" height=\"150\" srcset=\"https:\/\/blogs.univ-jfc.fr\/vphn\/wp-content\/uploads\/sites\/65\/2019\/02\/Innocent-III-150x150.jpg 150w, https:\/\/blogs.univ-jfc.fr\/vphn\/wp-content\/uploads\/sites\/65\/2019\/02\/Innocent-III-100x100.jpg 100w\" sizes=\"(max-width: 150px) 100vw, 150px\" \/><figcaption id=\"caption-attachment-3444\" class=\"wp-caption-text\">Innocent III, fresque du \u00ab\u00a0Sacro Speco\u00a0\u00bb, vers 1219<\/figcaption><\/figure>\n<p align=\"justify\"><strong>Innocent III<\/strong> : souvent cit\u00e9 comme le pape le plus prestigieux de l\u2019\u00e9poque m\u00e9di\u00e9vale, il pr\u00f4ne la sup\u00e9riorit\u00e9 de l\u2019\u00e9glise sur les puissants du monde. Pour cela, il excommunie plusieurs rois durant sa papaut\u00e9, organise une croisade (IV croisade) en terre sainte, mais aussi la croisade contre les cathares dans le sud de la France.<\/p>\n","protected":false},"excerpt":{"rendered":"<p>Catharisme Le catharisme est une dissidence chr\u00e9tienne qui prend racine dans des frustrations spirituelles et sociale \u00e0 cause de la rigidit\u00e9 de la soci\u00e9t\u00e9 f\u00e9odale. Le catharisme n&rsquo;est pas seulement caract\u00e9ristique de la r\u00e9gion du Midi, mais cette r\u00e9gion est le lieu ou les r\u00e9pressions ont \u00e9t\u00e9 la plus violente. Ce mouvement est donc une &hellip; <\/p>\n<p class=\"link-more\"><a href=\"https:\/\/blogs.univ-jfc.fr\/vphn\/patrimoine-et-sites-remarquables\/bastides-et-castels-2018-2019\/annexe-bastides-et-castels\/\" class=\"more-link\">Continuer la lecture<span class=\"screen-reader-text\"> de &laquo;&nbsp;Annexe &#8211; Bastides et Castels&nbsp;&raquo;<\/span><\/a><\/p>\n","protected":false},"author":588,"featured_media":0,"parent":3189,"menu_order":0,"comment_status":"closed","ping_status":"closed","template":"","meta":[],"_links":{"self":[{"href":"https:\/\/blogs.univ-jfc.fr\/vphn\/wp-json\/wp\/v2\/pages\/3255"}],"collection":[{"href":"https:\/\/blogs.univ-jfc.fr\/vphn\/wp-json\/wp\/v2\/pages"}],"about":[{"href":"https:\/\/blogs.univ-jfc.fr\/vphn\/wp-json\/wp\/v2\/types\/page"}],"author":[{"embeddable":true,"href":"https:\/\/blogs.univ-jfc.fr\/vphn\/wp-json\/wp\/v2\/users\/588"}],"replies":[{"embeddable":true,"href":"https:\/\/blogs.univ-jfc.fr\/vphn\/wp-json\/wp\/v2\/comments?post=3255"}],"version-history":[{"count":11,"href":"https:\/\/blogs.univ-jfc.fr\/vphn\/wp-json\/wp\/v2\/pages\/3255\/revisions"}],"predecessor-version":[{"id":3452,"href":"https:\/\/blogs.univ-jfc.fr\/vphn\/wp-json\/wp\/v2\/pages\/3255\/revisions\/3452"}],"up":[{"embeddable":true,"href":"https:\/\/blogs.univ-jfc.fr\/vphn\/wp-json\/wp\/v2\/pages\/3189"}],"wp:attachment":[{"href":"https:\/\/blogs.univ-jfc.fr\/vphn\/wp-json\/wp\/v2\/media?parent=3255"}],"curies":[{"name":"wp","href":"https:\/\/api.w.org\/{rel}","templated":true}]}}