{"id":33,"date":"2017-11-07T16:50:17","date_gmt":"2017-11-07T15:50:17","guid":{"rendered":"http:\/\/blogs.univ-jfc.fr\/vphn\/?page_id=33"},"modified":"2025-04-10T13:05:28","modified_gmt":"2025-04-10T11:05:28","slug":"patrimoine-immateriel","status":"publish","type":"page","link":"https:\/\/blogs.univ-jfc.fr\/vphn\/patrimoine-immateriel\/","title":{"rendered":"Patrimoine immat\u00e9riel"},"content":{"rendered":"\n<p>Vous trouverez dans cette section les pages suivantes (suivez les liens !) :<\/p>\n\n\n\n<ul><li>La croix occitane [2020]<\/li><li><a href=\"http:\/\/blogs.univ-jfc.fr\/vphn\/de-loccitan-au-francais-2018\/\">De l&rsquo;occitan au fran\u00e7ais [2018]<\/a><\/li><li><a href=\"http:\/\/blogs.univ-jfc.fr\/vphn\/patrimoine-immateriel\/le-jumelage-albi-girona\/\">Jumelage Albi-Girona [2018]<\/a><\/li><li><a href=\"http:\/\/blogs.univ-jfc.fr\/vphn\/patrimoine-immateriel\/la-bete-du-gevaudan-2017\/\">La b\u00eate du G\u00e9vaudan [2017]<\/a><\/li><li><a href=\"http:\/\/blogs.univ-jfc.fr\/vphn\/patrimoine-immateriel\/lapogee-de-lindustrialisation-a-graulhet-2017\/\">L&rsquo;apog\u00e9e de l&rsquo;industrialisation \u00e0 Graulhet [2017]<\/a><\/li><li><a href=\"http:\/\/blogs.univ-jfc.fr\/vphn\/patrimoine-immateriel\/lapogee-de-lindustrie-mazametaine-au-xixeme-siecle-2017\/\">L&rsquo;apog\u00e9e de l&rsquo;industrie mazam\u00e9taine au XIXe si\u00e8cle [2017]<\/a><a href=\"http:\/\/blogs.univ-jfc.fr\/vphn\/patrimoine-immateriel\/le-rugby-dans-le-midi-au-xxe-siecle\/\">Le rugby dans le Midi au XXe si\u00e8cle [2017]<\/a><\/li><li><a href=\"http:\/\/blogs.univ-jfc.fr\/vphn\/art-de-vivre-et-societe\/le-cassoulet\/\">Le cassoulet [2017]<\/a><\/li><li><a href=\"http:\/\/blogs.univ-jfc.fr\/vphn\/patrimoine-immateriel\/le-roquefort-2020\/\">Le roquefort [2020]<\/a><\/li><li><a href=\"http:\/\/blogs.univ-jfc.fr\/vphn\/patrimoine-immateriel\/le-syndicalisme-dans-le-sud-ouest-au-20e-siecle-2021\/\">Le syndicalisme dans le Sud-Ouest au 20e si\u00e8cle [2021]<\/a><\/li><li><a href=\"http:\/\/blogs.univ-jfc.fr\/vphn\/patrimoine-immateriel\/les-troubadours-en-occitanie-2020\/\">Les troubadours en Occitanie [2020]<\/a><\/li><li><a href=\"http:\/\/blogs.univ-jfc.fr\/vphn\/patrimoine-immateriel\/lours-brun-des-pyrenees\/\">L&rsquo;ours brun des Pyr\u00e9n\u00e9es [2017]<\/a><\/li><li><a href=\"https:\/\/blogs.univ-jfc.fr\/vphn\/2023\/03\/16\/les-cisterciens-en-occitanie-2023-realise-par-rieucau-eugenie-thomas-jules-gary-ian\/\">Les Cisterciens en Occitanie [2023<\/a>]<\/li><li><a href=\"http:\/\/blogs.univ-jfc.fr\/vphn\/2023\/03\/30\/lagriculture-aveyronnaise-au-xxe-siecle\/\">L&rsquo;Agriculture en Aveyron au XXe si\u00e8cle [2023]<\/a><\/li><li><a href=\"https:\/\/blogs.univ-jfc.fr\/vphn\/2023\/05\/08\/la-folle-histoire-des-chemins-de-saint-jacques-de-compostelle\/\">La folle Histoire des chemins de Saint Jacques de Compostelle [2023]<\/a><\/li><li><a href=\"https:\/\/blogs.univ-jfc.fr\/vphn\/2024\/03\/21\/les-animaux-dans-lart-en-occitanie-du-xie-au-xive-siecle-2023-2024\/\" data-type=\"URL\" data-id=\"https:\/\/blogs.univ-jfc.fr\/vphn\/2024\/03\/21\/les-animaux-dans-lart-en-occitanie-du-xie-au-xive-siecle-2023-2024\/\">Les animaux dans l\u2019art en Occitanie du XIIe au XIVe si\u00e8cle [2024]<\/a><\/li><li><a href=\"https:\/\/blogs.univ-jfc.fr\/vphn\/2024\/04\/04\/larmagnac\/\">L&rsquo;Armagnac [2024]<\/a><\/li><li><a href=\"https:\/\/blogs.univ-jfc.fr\/vphn\/2025\/04\/03\/sinformer-en-occitanie-1850-1945\/\">S&rsquo;informer en Occitanie (1850-1945) [2025]<\/a><\/li><li><a href=\"https:\/\/blogs.univ-jfc.fr\/vphn\/2025\/04\/10\/les-jeux-pythiques-isthmiques-et-nemeens\/\">Les Jeux Pythiques, Isthmiques et N\u00e9m\u00e9ens [2025]<\/a><\/li><\/ul>\n\n\n\n<p><\/p>\n","protected":false},"excerpt":{"rendered":"<p>Vous trouverez dans cette section les pages suivantes (suivez les liens !) : La croix occitane [2020] De l&rsquo;occitan au fran\u00e7ais [2018] Jumelage Albi-Girona [2018] La b\u00eate du G\u00e9vaudan [2017] L&rsquo;apog\u00e9e de l&rsquo;industrialisation \u00e0 Graulhet [2017] L&rsquo;apog\u00e9e de l&rsquo;industrie mazam\u00e9taine au XIXe si\u00e8cle [2017]Le rugby dans le Midi au XXe si\u00e8cle [2017] Le cassoulet [2017] &hellip; <\/p>\n<p class=\"link-more\"><a href=\"https:\/\/blogs.univ-jfc.fr\/vphn\/patrimoine-immateriel\/\" class=\"more-link\">Continuer la lecture<span class=\"screen-reader-text\"> de &laquo;&nbsp;Patrimoine immat\u00e9riel&nbsp;&raquo;<\/span><\/a><\/p>\n","protected":false},"author":20,"featured_media":0,"parent":0,"menu_order":0,"comment_status":"closed","ping_status":"closed","template":"","meta":[],"_links":{"self":[{"href":"https:\/\/blogs.univ-jfc.fr\/vphn\/wp-json\/wp\/v2\/pages\/33"}],"collection":[{"href":"https:\/\/blogs.univ-jfc.fr\/vphn\/wp-json\/wp\/v2\/pages"}],"about":[{"href":"https:\/\/blogs.univ-jfc.fr\/vphn\/wp-json\/wp\/v2\/types\/page"}],"author":[{"embeddable":true,"href":"https:\/\/blogs.univ-jfc.fr\/vphn\/wp-json\/wp\/v2\/users\/20"}],"replies":[{"embeddable":true,"href":"https:\/\/blogs.univ-jfc.fr\/vphn\/wp-json\/wp\/v2\/comments?post=33"}],"version-history":[{"count":32,"href":"https:\/\/blogs.univ-jfc.fr\/vphn\/wp-json\/wp\/v2\/pages\/33\/revisions"}],"predecessor-version":[{"id":14650,"href":"https:\/\/blogs.univ-jfc.fr\/vphn\/wp-json\/wp\/v2\/pages\/33\/revisions\/14650"}],"wp:attachment":[{"href":"https:\/\/blogs.univ-jfc.fr\/vphn\/wp-json\/wp\/v2\/media?parent=33"}],"curies":[{"name":"wp","href":"https:\/\/api.w.org\/{rel}","templated":true}]}}