{"id":3374,"date":"2019-02-11T18:01:57","date_gmt":"2019-02-11T17:01:57","guid":{"rendered":"http:\/\/blogs.univ-jfc.fr\/vphn\/?page_id=3374"},"modified":"2019-03-13T11:03:56","modified_gmt":"2019-03-13T10:03:56","slug":"la-rivalite-entre-castres-et-albi-lors-de-la-creation-du-departement-du-tarn-pendant-la-revolution-francaise2018","status":"publish","type":"page","link":"https:\/\/blogs.univ-jfc.fr\/vphn\/histoire-locale\/la-rivalite-entre-castres-et-albi-lors-de-la-creation-du-departement-du-tarn-pendant-la-revolution-francaise2018\/","title":{"rendered":"La rivalit\u00e9 entre Castres et Albi lors de la cr\u00e9ation du d\u00e9partement du Tarn pendant la R\u00e9volution fran\u00e7aise [2018]"},"content":{"rendered":"<h1 style=\"text-align: justify\"><span style=\"text-decoration: underline\">La R\u00e9volution Fran\u00e7aise: La cr\u00e9ation d\u2019une unit\u00e9 d\u00e9partementale<\/span><\/h1>\n<p style=\"text-align: justify\">L\u2019Assembl\u00e9e nationale constituante de 1789 est n\u00e9e des \u00c9tats G\u00e9n\u00e9raux. Elle est convoqu\u00e9e \u00e0 Versailles le 5 mai 1789 par Louis XVI dans le contexte des \u00e9v\u00e8nements de la R\u00e9volution Fran\u00e7aise. Le tiers \u00e9tat d\u00e9cide de se rassembler sous le nom de Communes pour v\u00e9rifier les pouvoirs de l\u2019ensemble des d\u00e9put\u00e9s des trois ordres de l\u2019Ancien R\u00e9gime. Le roi et la noblesse emp\u00eachent l\u2019Assembl\u00e9e de se r\u00e9unir. Celle-ci trouve refuge dans la salle du Jeu de paume et prononce le serment du Jeu de Paume. Le 9 juillet 1789, elle se proclame \u00abConstituante\u00bb et commence \u00e0 gouverner la France en pr\u00e9parant une constitution. L\u2019Assembl\u00e9e a pour but d\u2019an\u00e9antir des sectes de centralisation monarchique.<\/p>\n<figure id=\"attachment_3375\" aria-describedby=\"caption-attachment-3375\" style=\"width: 1000px\" class=\"wp-caption aligncenter\"><a href=\"http:\/\/www.carnavalet.paris.fr\/en\/collections\/le-serment-du-jeu-de-paume-le-20-juin-1789\"><img loading=\"lazy\" class=\"size-full wp-image-3375\" src=\"http:\/\/blogs.univ-jfc.fr\/vphn\/wp-content\/uploads\/sites\/65\/2019\/02\/jeu_de_paume.jpg\" alt=\"\" width=\"1000\" height=\"660\" srcset=\"https:\/\/blogs.univ-jfc.fr\/vphn\/wp-content\/uploads\/sites\/65\/2019\/02\/jeu_de_paume.jpg 1000w, https:\/\/blogs.univ-jfc.fr\/vphn\/wp-content\/uploads\/sites\/65\/2019\/02\/jeu_de_paume-300x198.jpg 300w, https:\/\/blogs.univ-jfc.fr\/vphn\/wp-content\/uploads\/sites\/65\/2019\/02\/jeu_de_paume-768x507.jpg 768w\" sizes=\"(max-width: 706px) 89vw, (max-width: 767px) 82vw, 740px\" \/><\/a><figcaption id=\"caption-attachment-3375\" class=\"wp-caption-text\">Le Serment du Jeu de Paume<\/figcaption><\/figure>\n<p style=\"text-align: justify\">Ainsi, le territoire fran\u00e7ais est d\u00e9coup\u00e9 en quatre-vingt-trois d\u00e9partements organis\u00e9s autour d\u2019un chef-lieu. Ces d\u00e9partements sont cr\u00e9\u00e9s le 22 d\u00e9cembre 1789 par d\u00e9cret appliqu\u00e9 le 4 mars 1790.<\/p>\n<p style=\"text-align: justify\">La Constituante divise le Languedoc en 8 d\u00e9partements. Par peur d\u2019une trop grande influence de Toulouse, les trois dioc\u00e8ses d&rsquo;Albi, de Castres et de Lavaur d\u00e9cident de se rassembler en un d\u00e9partement, le Tarn.<\/p>\n<p style=\"text-align: justify\">Lors de la cr\u00e9ation du Tarn, les villes d\u2019Albi et de Castres commencent \u00e0 d\u00e9fendre leur pr\u00e9tention au chef-lieu, en adressant des m\u00e9moires \u00e0 la Constituante. Albi ne peut compter sur l\u2019appui de l\u2019\u00e9v\u00eaque Fran\u00e7ois de Bernis et de ses faibles repr\u00e9sentants. Castres montre une ferveur plus \u00ab patriotique\u00bb que sa rivale.<\/p>\n<p style=\"text-align: justify\">Une rivalit\u00e9 entre les deux villes tarnaises pour l\u2019attribution de ce chef-lieu est n\u00e9e.<\/p>\n<hr \/>\n<h1 style=\"text-align: justify\"><span style=\"text-decoration: underline\">Le Tarn, un d\u00e9partement divis\u00e9<\/span><\/h1>\n<p style=\"text-align: justify\">\u00c9videmment, dans un contexte de R\u00e9volution, royalistes et anti-royalistes s\u2019affrontent \u00e2prement . Fait n\u00e9anmoins surprenant, les intrigues et la politique suppl\u00e9ent assez largement l\u2019\u00e9p\u00e9e et le sang dans le d\u00e9partement du Tarn. Chacun des camps fomente complots et intrigues politiques afin de l\u2019emporter. Albi est consid\u00e9r\u00e9e \u00e0 tort comme une ville r\u00e9actionnaire et monarchiste, tandis que Castres est plus encline aux mouvements r\u00e9volutionnaires dans un premier temps.<\/p>\n<p style=\"text-align: justify\">Entre mensonges, interventions des membres du clerg\u00e9 , interventions des militaires \u00e0 l\u2019instar de De Toulouse-Lautrec et de la population malgr\u00e9 elle, le destin des deux p\u00f4les urbains tarnais va se croiser. La mise en exergue des tensions est visible lors de la tenue des f\u00eates de la f\u00e9d\u00e9ration de 1791.<\/p>\n<figure id=\"attachment_3376\" aria-describedby=\"caption-attachment-3376\" style=\"width: 191px\" class=\"wp-caption aligncenter\"><a href=\"https:\/\/data.bnf.fr\/fr\/10710331\/pierre-joseph_toulouse-lautrec\/\"><img loading=\"lazy\" class=\"size-full wp-image-3376\" src=\"http:\/\/blogs.univ-jfc.fr\/vphn\/wp-content\/uploads\/sites\/65\/2019\/02\/De-Toulouse-Lautrec.jpg\" alt=\"\" width=\"191\" height=\"264\" \/><\/a><figcaption id=\"caption-attachment-3376\" class=\"wp-caption-text\">Pierre de Toulouse -Lautrec<\/figcaption><\/figure>\n<hr \/>\n<h1 style=\"text-align: justify\"><span style=\"text-decoration: underline\">Remise en cause du chef-lieu<\/span><\/h1>\n<p style=\"text-align: justify\">Concernant l\u2019aspect religieux\u00a0: La Constitution civile du clerg\u00e9 de 1790 vient bouleverser l\u2019ordre \u00e9tabli, les hommes d\u2019\u00c9glise sont maintenant des fonctionnaires.\u00a0Dans le Tarn, plus que dans les autres d\u00e9partements fran\u00e7ais, la nouvelle est tr\u00e8s mal re\u00e7ue.\u00a0La majorit\u00e9 des membres du clerg\u00e9 et des pratiquants tarnais n\u2019accepte pas cette loi.<br \/>\nDurant la Grande Terreur, le Tarn est \u00e9pargn\u00e9 de la violence et de la brutalit\u00e9 mise en place par Robespierre pour purger la France des contre-r\u00e9volutionnaires.\u00a0Apr\u00e8s la mort de Robespierre en 1794, les bourgeois s\u2019emparent du pouvoir et mettent en place des lois plus mod\u00e9r\u00e9es.<br \/>\nUne vague de violence s\u2019abat sur le Tarn, c\u2019est \u00e0 Castres que les contre-r\u00e9volutionnaires s\u2019insurgent et tuent les amis de la R\u00e9volution.\u00a0L\u2019administration fran\u00e7aise situ\u00e9e \u00e0 Castres est d\u00e9plac\u00e9e \u00e0 Albi pour la prot\u00e9ger des contre-r\u00e9volutionnaires.\u00a0C\u2019est alors qu\u2019en 1797 un projet de loi est vot\u00e9, le chef-lieu est donn\u00e9 \u00e0 Albi.<\/p>\n<figure id=\"attachment_3377\" aria-describedby=\"caption-attachment-3377\" style=\"width: 1057px\" class=\"wp-caption aligncenter\"><a href=\"https:\/\/www.herodote.net\/12_juillet_1790-evenement-17900712.php\"><img loading=\"lazy\" class=\"size-full wp-image-3377\" src=\"http:\/\/blogs.univ-jfc.fr\/vphn\/wp-content\/uploads\/sites\/65\/2019\/02\/Constitution_Civile_Du_Clerg\u00e9.jpg\" alt=\"\" width=\"1057\" height=\"1264\" srcset=\"https:\/\/blogs.univ-jfc.fr\/vphn\/wp-content\/uploads\/sites\/65\/2019\/02\/Constitution_Civile_Du_Clerg\u00e9.jpg 1057w, https:\/\/blogs.univ-jfc.fr\/vphn\/wp-content\/uploads\/sites\/65\/2019\/02\/Constitution_Civile_Du_Clerg\u00e9-251x300.jpg 251w, https:\/\/blogs.univ-jfc.fr\/vphn\/wp-content\/uploads\/sites\/65\/2019\/02\/Constitution_Civile_Du_Clerg\u00e9-768x918.jpg 768w, https:\/\/blogs.univ-jfc.fr\/vphn\/wp-content\/uploads\/sites\/65\/2019\/02\/Constitution_Civile_Du_Clerg\u00e9-856x1024.jpg 856w\" sizes=\"(max-width: 706px) 89vw, (max-width: 767px) 82vw, 740px\" \/><\/a><figcaption id=\"caption-attachment-3377\" class=\"wp-caption-text\">Proclamation du Roi pour la Constitution Civile du Clerg\u00e9<\/figcaption><\/figure>\n<hr \/>\n<h1><span style=\"text-decoration: underline\">Pour aller plus loin<\/span>:<\/h1>\n<p><a href=\"http:\/\/blogs.univ-jfc.fr\/vphn\/histoire-locale\/bibliographie-la-rivalite-entre-castres-et-albi-lors-de-la-creation-du-departement-du-tarn-pendant-la-revolution-francaise-2018\/\">Bibliographie<\/a><\/p>\n<p><a href=\"http:\/\/archives.tarn.fr\/index.php?id=858\">Archives d\u00e9partementales du Tarn<\/a><\/p>\n<p>\u00c9tudiants: Blanc Mathilde, Cartier Laly, Bedu Antoine<\/p>\n","protected":false},"excerpt":{"rendered":"<p>La R\u00e9volution Fran\u00e7aise: La cr\u00e9ation d\u2019une unit\u00e9 d\u00e9partementale L\u2019Assembl\u00e9e nationale constituante de 1789 est n\u00e9e des \u00c9tats G\u00e9n\u00e9raux. Elle est convoqu\u00e9e \u00e0 Versailles le 5 mai 1789 par Louis XVI dans le contexte des \u00e9v\u00e8nements de la R\u00e9volution Fran\u00e7aise. Le tiers \u00e9tat d\u00e9cide de se rassembler sous le nom de Communes pour v\u00e9rifier les pouvoirs &hellip; <\/p>\n<p class=\"link-more\"><a href=\"https:\/\/blogs.univ-jfc.fr\/vphn\/histoire-locale\/la-rivalite-entre-castres-et-albi-lors-de-la-creation-du-departement-du-tarn-pendant-la-revolution-francaise2018\/\" class=\"more-link\">Continuer la lecture<span class=\"screen-reader-text\"> de &laquo;&nbsp;La rivalit\u00e9 entre Castres et Albi lors de la cr\u00e9ation du d\u00e9partement du Tarn pendant la R\u00e9volution fran\u00e7aise [2018]&nbsp;&raquo;<\/span><\/a><\/p>\n","protected":false},"author":598,"featured_media":0,"parent":1173,"menu_order":0,"comment_status":"closed","ping_status":"closed","template":"","meta":[],"_links":{"self":[{"href":"https:\/\/blogs.univ-jfc.fr\/vphn\/wp-json\/wp\/v2\/pages\/3374"}],"collection":[{"href":"https:\/\/blogs.univ-jfc.fr\/vphn\/wp-json\/wp\/v2\/pages"}],"about":[{"href":"https:\/\/blogs.univ-jfc.fr\/vphn\/wp-json\/wp\/v2\/types\/page"}],"author":[{"embeddable":true,"href":"https:\/\/blogs.univ-jfc.fr\/vphn\/wp-json\/wp\/v2\/users\/598"}],"replies":[{"embeddable":true,"href":"https:\/\/blogs.univ-jfc.fr\/vphn\/wp-json\/wp\/v2\/comments?post=3374"}],"version-history":[{"count":15,"href":"https:\/\/blogs.univ-jfc.fr\/vphn\/wp-json\/wp\/v2\/pages\/3374\/revisions"}],"predecessor-version":[{"id":5085,"href":"https:\/\/blogs.univ-jfc.fr\/vphn\/wp-json\/wp\/v2\/pages\/3374\/revisions\/5085"}],"up":[{"embeddable":true,"href":"https:\/\/blogs.univ-jfc.fr\/vphn\/wp-json\/wp\/v2\/pages\/1173"}],"wp:attachment":[{"href":"https:\/\/blogs.univ-jfc.fr\/vphn\/wp-json\/wp\/v2\/media?parent=3374"}],"curies":[{"name":"wp","href":"https:\/\/api.w.org\/{rel}","templated":true}]}}