{"id":3534,"date":"2019-02-14T11:49:14","date_gmt":"2019-02-14T10:49:14","guid":{"rendered":"http:\/\/blogs.univ-jfc.fr\/vphn\/?page_id=3534"},"modified":"2019-02-26T21:38:19","modified_gmt":"2019-02-26T20:38:19","slug":"bibliographie-antoine-de-saint-exupery-pilote-daeropostale-a-toulouse-2018","status":"publish","type":"page","link":"https:\/\/blogs.univ-jfc.fr\/vphn\/saint-exupery-pilote-daeropostale-a-toulouse-2018\/bibliographie-antoine-de-saint-exupery-pilote-daeropostale-a-toulouse-2018\/","title":{"rendered":"Bibliographie Antoine de Saint-Exup\u00e9ry, pilote d&rsquo;A\u00e9ropostale \u00e0 Toulouse [2018]"},"content":{"rendered":"<h2>Pour en apprendre plus sur Saint Exup\u00e9ry<\/h2>\n<p align=\"justify\">MARCK, Bernard, <em>Antoine de Saint Exup\u00e9ry La gloire am\u00e8re (1937-1944)<\/em>, tome 2, \u00c9ditions l\u2019Archipel, Paris, 2012, 560 p.<\/p>\n<p align=\"justify\">MARCK, Bernard, <em>Antoine de Saint Exup\u00e9ry La soif d\u2019exister (1900-1936),<\/em> tome 1, \u00c9ditions l\u2019Archipel, Paris, 2012, 560 p.<\/p>\n<h2 align=\"justify\">&#8230; et sur l&rsquo;A\u00e9ropostale (\u00e0 Toulouse)<\/h2>\n<p>REY, G\u00e9rard, <em>Toulouse Montaudran : de Lat\u00e9co\u00e8re \u00e0 Air France<\/em>, \u00c9ditions Loubati\u00e8res, Portet-sur-Garonne, 2003, 383 p.<\/p>\n<p align=\"justify\">HEIMERMANN, Beno\u00eet, MARGOT, Olivier, <em>L\u2019A\u00e9ropostale La fabuleuse \u00e9pop\u00e9e de<\/em><em> Mermoz, Saint-Exup\u00e9ry, Guillaumet<\/em>, \u00c9ditions Arthaud, Paris, 1999, 200 p.<\/p>\n<p align=\"justify\">\n","protected":false},"excerpt":{"rendered":"<p>Pour en apprendre plus sur Saint Exup\u00e9ry MARCK, Bernard, Antoine de Saint Exup\u00e9ry La gloire am\u00e8re (1937-1944), tome 2, \u00c9ditions l\u2019Archipel, Paris, 2012, 560 p. MARCK, Bernard, Antoine de Saint Exup\u00e9ry La soif d\u2019exister (1900-1936), tome 1, \u00c9ditions l\u2019Archipel, Paris, 2012, 560 p. &#8230; et sur l&rsquo;A\u00e9ropostale (\u00e0 Toulouse) REY, G\u00e9rard, Toulouse Montaudran : de &hellip; <\/p>\n<p class=\"link-more\"><a href=\"https:\/\/blogs.univ-jfc.fr\/vphn\/saint-exupery-pilote-daeropostale-a-toulouse-2018\/bibliographie-antoine-de-saint-exupery-pilote-daeropostale-a-toulouse-2018\/\" class=\"more-link\">Continuer la lecture<span class=\"screen-reader-text\"> de &laquo;&nbsp;Bibliographie Antoine de Saint-Exup\u00e9ry, pilote d&rsquo;A\u00e9ropostale \u00e0 Toulouse [2018]&nbsp;&raquo;<\/span><\/a><\/p>\n","protected":false},"author":452,"featured_media":0,"parent":2903,"menu_order":0,"comment_status":"closed","ping_status":"closed","template":"","meta":[],"_links":{"self":[{"href":"https:\/\/blogs.univ-jfc.fr\/vphn\/wp-json\/wp\/v2\/pages\/3534"}],"collection":[{"href":"https:\/\/blogs.univ-jfc.fr\/vphn\/wp-json\/wp\/v2\/pages"}],"about":[{"href":"https:\/\/blogs.univ-jfc.fr\/vphn\/wp-json\/wp\/v2\/types\/page"}],"author":[{"embeddable":true,"href":"https:\/\/blogs.univ-jfc.fr\/vphn\/wp-json\/wp\/v2\/users\/452"}],"replies":[{"embeddable":true,"href":"https:\/\/blogs.univ-jfc.fr\/vphn\/wp-json\/wp\/v2\/comments?post=3534"}],"version-history":[{"count":6,"href":"https:\/\/blogs.univ-jfc.fr\/vphn\/wp-json\/wp\/v2\/pages\/3534\/revisions"}],"predecessor-version":[{"id":3952,"href":"https:\/\/blogs.univ-jfc.fr\/vphn\/wp-json\/wp\/v2\/pages\/3534\/revisions\/3952"}],"up":[{"embeddable":true,"href":"https:\/\/blogs.univ-jfc.fr\/vphn\/wp-json\/wp\/v2\/pages\/2903"}],"wp:attachment":[{"href":"https:\/\/blogs.univ-jfc.fr\/vphn\/wp-json\/wp\/v2\/media?parent=3534"}],"curies":[{"name":"wp","href":"https:\/\/api.w.org\/{rel}","templated":true}]}}