{"id":3573,"date":"2019-02-28T14:50:06","date_gmt":"2019-02-28T13:50:06","guid":{"rendered":"http:\/\/blogs.univ-jfc.fr\/vphn\/?page_id=3573"},"modified":"2019-05-07T14:14:03","modified_gmt":"2019-05-07T12:14:03","slug":"la-bande-a-mina-2018-2019","status":"publish","type":"page","link":"https:\/\/blogs.univ-jfc.fr\/vphn\/figures-et-evenements\/la-bande-a-mina-2018-2019\/","title":{"rendered":"La bande \u00e0 Mina [2018]"},"content":{"rendered":"<p style=\"text-align: left\"><em>Janvier 1834, 6 h 30 du matin, les \u00e9poux Coutaud ainsi que leur servante Marie Gard\u00e8s sont retrouv\u00e9s mort dans la maison familiale. La piste criminelle est rapidement \u00e9tudi\u00e9e apr\u00e8s le t\u00e9moignage d\u2019une jeune fillette de sept ans, la nouvelle se r\u00e9pandra rapidement dans la ville de Gaillac.\u00a0Par la suite plusieurs suspects sont arr\u00eat\u00e9s ils se nomment : <a href=\"http:\/\/blogs.univ-jfc.fr\/vphn\/?page_id=4599&amp;preview=true\">Dalbis, Ginestet et Salabert<\/a> ainsi que deux femmes dont nous n&rsquo;avons pas les noms. C&rsquo;est alors le d\u00e9but de plusieurs proc\u00e8s qui ont appel\u00e9s \u00ab\u00a0les sept sessions d\u2019assises\u00a0\u00bb et qui ont tenu en haleine toute une population locale pendant cinq ann\u00e9es. C\u2019est au cours de la premi\u00e8re session que Dalbis un malfrat de profession avec un lourd pass\u00e9 judiciaire afin d\u2019\u00e9viter sa mise \u00e0 mort rompit le pacte pass\u00e9 avec ses comp\u00e8res le soir des meurtres en les d\u00e9non\u00e7ant ce qui amena \u00e0 remettre toute l&rsquo;affaire en question. \u00c0 partir de ce moment l\u00e0 chacun tente de sauver sa peau avec des d\u00e9nonciations et des trahisons.\u00a0Par la suite l&rsquo;affaire r\u00e9v\u00e8le une quarantaine d\u2019hommes et une dizaine de femmes dont faisant partie\u00a0 l&rsquo;\u00e9pouse du commissaire de la ville qui joua un grand r\u00f4le dans la bande durant leur \u00e9pop\u00e9e. L&rsquo;affaire se termine au bout de cinq ann\u00e9es de proc\u00e8s en 1839.<\/em><\/p>\n<p><b>De quelle mani\u00e8re la bande s\u2019est-elle form\u00e9e ? <\/b><\/p>\n<figure id=\"attachment_4300\" aria-describedby=\"caption-attachment-4300\" style=\"width: 229px\" class=\"wp-caption alignright\"><img loading=\"lazy\" class=\"wp-image-4300\" src=\"http:\/\/blogs.univ-jfc.fr\/vphn\/wp-content\/uploads\/sites\/65\/2019\/02\/IMG_0618.jpg\" alt=\"\" width=\"229\" height=\"305\" \/><figcaption id=\"caption-attachment-4300\" class=\"wp-caption-text\">Joseph Jean Antoine Rigal, Gaillac (1797-1865) Maire de Gaillac de 1830 \u00e0 1832<\/figcaption><\/figure>\n<p>1830, la r\u00e9volution \u00e9clate en France suite \u00e0 la chute de Charles X et de l&rsquo;investiture de Louis Philippe d&rsquo;Orl\u00e9ans. La France est donc divis\u00e9e en deux camps : d\u2019un c\u00f4t\u00e9 les l\u00e9gitimistes aussi appel\u00e9s les blancs et de l\u2019autre les orl\u00e9anistes aussi appel\u00e9s les rouges.\u00a0La ville de Gaillac est le reflet de la situation du pays, en effet en 1830 Joseph Rigal est \u00e9lu maire de la ville au d\u00e9pend de M.d&rsquo;Yversen. Ce fut donc suite \u00e0 cette crise politique que la bande se constitua : le nouveau maire un orl\u00e9aniste tout comme le nouveau roi Louis Philippe tandis que l&rsquo;ancien maire lui est un l\u00e9gitimiste comme l\u2019ancien roi Charles X qui chuta du pouvoir. \u00a0Peu de temps apr\u00e8s M. d&rsquo;Yversen constitue un petit groupe d&rsquo;une dizaine de<span class=\"Apple-converted-space\">\u00a0 <\/span>personnes afin de mener des actions contre le nouveau maire. Actions apr\u00e8s actions la bande parvient \u00e0 prendre de l\u2019ampleur<\/p>\n<p><b>Qui est Mina? <\/b><\/p>\n<p>Mina est le surnom donn\u00e9 \u00e0 M.Fabre, le chef de la bande ! Il fut nomm\u00e9 par M. d&rsquo;Yversen car ces derniers ont un lien proche depuis la R\u00e9volution Fran\u00e7aise : en effet le p\u00e8re de Mina a sauv\u00e9 celui de M. d&rsquo;Yversen lors de la R\u00e9volution de 1789, c&rsquo;est<span class=\"Apple-converted-space\">\u00a0 <\/span>ainsi qu&rsquo;il est choisi comme chef.<\/p>\n<p><b>Quelles sont leurs actions? <\/b><\/p>\n<figure id=\"attachment_4302\" aria-describedby=\"caption-attachment-4302\" style=\"width: 215px\" class=\"wp-caption alignright\"><img loading=\"lazy\" class=\"wp-image-4302\" src=\"http:\/\/blogs.univ-jfc.fr\/vphn\/wp-content\/uploads\/sites\/65\/2019\/02\/IMG_0619-211x300.jpg\" alt=\"\" width=\"215\" height=\"305\" srcset=\"https:\/\/blogs.univ-jfc.fr\/vphn\/wp-content\/uploads\/sites\/65\/2019\/02\/IMG_0619-211x300.jpg 211w, https:\/\/blogs.univ-jfc.fr\/vphn\/wp-content\/uploads\/sites\/65\/2019\/02\/IMG_0619.jpg 313w\" sizes=\"(max-width: 215px) 100vw, 215px\" \/><figcaption id=\"caption-attachment-4302\" class=\"wp-caption-text\">Emilie de Vialar (1797-1856) Fondatrice de la congr\u00e9gation des soeurs de Saint-Joseph de l&rsquo;Apparition en 1834<\/figcaption><\/figure>\n<p>Leurs premi\u00e8res actions sont d&rsquo;ordre politique puisque lors du passage de Joseph Rigal dans la rue, ils \u00e9taient charg\u00e9s de remplacer le drapeau tricolore par le drapeau blanc du clan l\u00e9gitimiste mais aussi de distribuer des cocardes de leur parti\u2026 Le vrai d\u00e9part de la bande est celui de l&rsquo;\u00e9pisode du prix de bl\u00e9 qui plonge la ville dans une situation \u00e9conomique critique et d\u00e9clenche une \u00e9meute ce qui entra\u00eene l&rsquo;intervention de la garde nationale. La bande s\u00e8me la terreur dans la ville, les rues sont dangereuses, \u00e0 l&rsquo;int\u00e9rieur des murs des crimes de tout ordre sont commis ainsi que des vols\u2026 Une autre action bien connue est le cambriolage du couvent d&rsquo;Emilie de Vialar qui venait de recevoir des coffres remplis d&rsquo;objets de fer et de m\u00e9tal. Ce cambriolage a bien failli \u00eatre le d\u00e9but de la fin car la bande a \u00e9t\u00e9 interrompue durant son crime, une none a reconnu un membre, c&rsquo;\u00e9tait son fr\u00e8re !<span class=\"Apple-converted-space\">\u00a0 <\/span>La chute de la bande se r\u00e9suma par leur dernier crime qui fut celui des \u00e9poux Coutaud et de leur servante.<\/p>\n<p><b>Pourquoi leurs actions<br \/>\nsont-elles pris autant d\u2019ampleur? <\/b><\/p>\n<p>La bande a r\u00e9alis\u00e9 ses actions dans le plus grand des silences \u00e9tant prot\u00e9g\u00e9e par les grands noms de la ville comme M. d&rsquo;Yversen, sa chute est caus\u00e9e par\u00a0une faute dans l&rsquo;organisation de leur dernier crime. Durant\u00a0les sept sessions d&rsquo;assises les m\u00e9dias s&#8217;emparent de l&rsquo;affaire, les ex\u00e9cutions et les condamnations s&rsquo;encha\u00eenent. La population d\u00e9nonce des crimes ant\u00e9rieur \u00e0 l&rsquo;affaire Coutaud ce qui permet de conna\u00eetre les actions de la bande ainsi que les membres.<\/p>\n<p style=\"text-align: right\"><a href=\"https:\/\/gallica.bnf.fr\/ark:\/12148\/bpt6k590200s\/f4.image.r=la%20bande%20%C3%A0%20Mina,%20henri%20s%C3%A9rignan\">Journal du 19 novembre 1868 par Le Petit Journal<\/a><\/p>\n<p>Pour aller plus loin\u00a0:<\/p>\n<ul>\n<li style=\"list-style-type: none\">\n<ul>\n<li>Livre d&rsquo;Alain Soriano<\/li>\n<li>archives communales de Gaillac<\/li>\n<\/ul>\n<\/li>\n<\/ul>\n","protected":false},"excerpt":{"rendered":"<p>Janvier 1834, 6 h 30 du matin, les \u00e9poux Coutaud ainsi que leur servante Marie Gard\u00e8s sont retrouv\u00e9s mort dans la maison familiale. La piste criminelle est rapidement \u00e9tudi\u00e9e apr\u00e8s le t\u00e9moignage d\u2019une jeune fillette de sept ans, la nouvelle se r\u00e9pandra rapidement dans la ville de Gaillac.\u00a0Par la suite plusieurs suspects sont arr\u00eat\u00e9s ils &hellip; <\/p>\n<p class=\"link-more\"><a href=\"https:\/\/blogs.univ-jfc.fr\/vphn\/figures-et-evenements\/la-bande-a-mina-2018-2019\/\" class=\"more-link\">Continuer la lecture<span class=\"screen-reader-text\"> de &laquo;&nbsp;La bande \u00e0 Mina [2018]&nbsp;&raquo;<\/span><\/a><\/p>\n","protected":false},"author":595,"featured_media":0,"parent":69,"menu_order":1,"comment_status":"closed","ping_status":"closed","template":"","meta":[],"_links":{"self":[{"href":"https:\/\/blogs.univ-jfc.fr\/vphn\/wp-json\/wp\/v2\/pages\/3573"}],"collection":[{"href":"https:\/\/blogs.univ-jfc.fr\/vphn\/wp-json\/wp\/v2\/pages"}],"about":[{"href":"https:\/\/blogs.univ-jfc.fr\/vphn\/wp-json\/wp\/v2\/types\/page"}],"author":[{"embeddable":true,"href":"https:\/\/blogs.univ-jfc.fr\/vphn\/wp-json\/wp\/v2\/users\/595"}],"replies":[{"embeddable":true,"href":"https:\/\/blogs.univ-jfc.fr\/vphn\/wp-json\/wp\/v2\/comments?post=3573"}],"version-history":[{"count":5,"href":"https:\/\/blogs.univ-jfc.fr\/vphn\/wp-json\/wp\/v2\/pages\/3573\/revisions"}],"predecessor-version":[{"id":5166,"href":"https:\/\/blogs.univ-jfc.fr\/vphn\/wp-json\/wp\/v2\/pages\/3573\/revisions\/5166"}],"up":[{"embeddable":true,"href":"https:\/\/blogs.univ-jfc.fr\/vphn\/wp-json\/wp\/v2\/pages\/69"}],"wp:attachment":[{"href":"https:\/\/blogs.univ-jfc.fr\/vphn\/wp-json\/wp\/v2\/media?parent=3573"}],"curies":[{"name":"wp","href":"https:\/\/api.w.org\/{rel}","templated":true}]}}