{"id":3640,"date":"2019-02-28T11:58:49","date_gmt":"2019-02-28T10:58:49","guid":{"rendered":"http:\/\/blogs.univ-jfc.fr\/vphn\/?page_id=3640"},"modified":"2019-02-28T11:59:32","modified_gmt":"2019-02-28T10:59:32","slug":"bibliographie-dartagnan-ou-lideal-du-mousquetaire-gascon-2018","status":"publish","type":"page","link":"https:\/\/blogs.univ-jfc.fr\/vphn\/dartagnan-ou-lideal-du-mousquetaire-gascon-2018\/bibliographie-dartagnan-ou-lideal-du-mousquetaire-gascon-2018\/","title":{"rendered":"Bibliographie d&rsquo;Artagnan ou l&rsquo;id\u00e9al du mousquetaire gascon [2018]"},"content":{"rendered":"<h3>La vie de d&rsquo;Artagnan<\/h3>\n<p>BORDAZ, Odile. <i>D&rsquo;Artagnan\u00a0: biographie du capitaine-lieutenant des Grands Mousquetaires du roy<\/i>, Baixas, \u00c9ditions Balzac, 2001, 414 p, coll. \u00ab\u00a0L&rsquo;envers du d\u00e9cor\u00a0\u00bb.<\/p>\n<p><em>PETITFILS, Jean-Christian. <\/em><i>Le v\u00e9ritable d&rsquo;Artagnan<\/i><em>, Paris, \u00c9ditions Tallandier, 2002, 270 p.<\/em><\/p>\n<h3>Les Gascons<\/h3>\n<p><em>LARCADE, V\u00e9ronique.<\/em> \u00ab\u00a0Versailles sous Louis XIV ou le tombeau des cadets de Gascogne\u00a0?\u00bb<i>, <\/i><em>Bulletin du Centre de recherche du ch\u00e2teau de Versailles, <\/em><em>14 juin 2008<\/em> [En ligne]. &lt;<a href=\"http:\/\/journals.openedition.org\/crcv\/5623\" target=\"_top\">http:\/\/journals.openedition.org\/crcv\/5623<\/a>&gt;, consult\u00e9 le 22 octobre 2018.<\/p>\n<p>DEMANGE, Jean-Fran\u00e7ois. <i>Cadets de Gascogne, de cape, de plume et d&rsquo;\u00e9p\u00e9e<\/i>, Orthez, \u00c9ditions Gascogne, 2010, 320 p.<\/p>\n<p><em>MASSON, R\u00e9mi. <\/em><em>Les mousquetaires ou La violence d\u2019\u00c9tat<\/em><em>, Paris, \u00c9ditions Vend\u00e9miaire, 2013, 156 p, coll. \u00ab\u00a0Le temps de la guerre\u00a0\u00bb.<\/em><\/p>\n","protected":false},"excerpt":{"rendered":"<p>La vie de d&rsquo;Artagnan BORDAZ, Odile. D&rsquo;Artagnan\u00a0: biographie du capitaine-lieutenant des Grands Mousquetaires du roy, Baixas, \u00c9ditions Balzac, 2001, 414 p, coll. \u00ab\u00a0L&rsquo;envers du d\u00e9cor\u00a0\u00bb. PETITFILS, Jean-Christian. Le v\u00e9ritable d&rsquo;Artagnan, Paris, \u00c9ditions Tallandier, 2002, 270 p. Les Gascons LARCADE, V\u00e9ronique. \u00ab\u00a0Versailles sous Louis XIV ou le tombeau des cadets de Gascogne\u00a0?\u00bb, Bulletin du Centre de &hellip; <\/p>\n<p class=\"link-more\"><a href=\"https:\/\/blogs.univ-jfc.fr\/vphn\/dartagnan-ou-lideal-du-mousquetaire-gascon-2018\/bibliographie-dartagnan-ou-lideal-du-mousquetaire-gascon-2018\/\" class=\"more-link\">Continuer la lecture<span class=\"screen-reader-text\"> de &laquo;&nbsp;Bibliographie d&rsquo;Artagnan ou l&rsquo;id\u00e9al du mousquetaire gascon [2018]&nbsp;&raquo;<\/span><\/a><\/p>\n","protected":false},"author":411,"featured_media":0,"parent":2949,"menu_order":0,"comment_status":"closed","ping_status":"closed","template":"","meta":[],"_links":{"self":[{"href":"https:\/\/blogs.univ-jfc.fr\/vphn\/wp-json\/wp\/v2\/pages\/3640"}],"collection":[{"href":"https:\/\/blogs.univ-jfc.fr\/vphn\/wp-json\/wp\/v2\/pages"}],"about":[{"href":"https:\/\/blogs.univ-jfc.fr\/vphn\/wp-json\/wp\/v2\/types\/page"}],"author":[{"embeddable":true,"href":"https:\/\/blogs.univ-jfc.fr\/vphn\/wp-json\/wp\/v2\/users\/411"}],"replies":[{"embeddable":true,"href":"https:\/\/blogs.univ-jfc.fr\/vphn\/wp-json\/wp\/v2\/comments?post=3640"}],"version-history":[{"count":4,"href":"https:\/\/blogs.univ-jfc.fr\/vphn\/wp-json\/wp\/v2\/pages\/3640\/revisions"}],"predecessor-version":[{"id":4488,"href":"https:\/\/blogs.univ-jfc.fr\/vphn\/wp-json\/wp\/v2\/pages\/3640\/revisions\/4488"}],"up":[{"embeddable":true,"href":"https:\/\/blogs.univ-jfc.fr\/vphn\/wp-json\/wp\/v2\/pages\/2949"}],"wp:attachment":[{"href":"https:\/\/blogs.univ-jfc.fr\/vphn\/wp-json\/wp\/v2\/media?parent=3640"}],"curies":[{"name":"wp","href":"https:\/\/api.w.org\/{rel}","templated":true}]}}