{"id":3693,"date":"2019-02-16T16:16:46","date_gmt":"2019-02-16T15:16:46","guid":{"rendered":"http:\/\/blogs.univ-jfc.fr\/vphn\/?page_id=3693"},"modified":"2019-02-16T16:17:15","modified_gmt":"2019-02-16T15:17:15","slug":"bibliographie-la-septimanie-musulmane-face-au-francs","status":"publish","type":"page","link":"https:\/\/blogs.univ-jfc.fr\/vphn\/la-septimanie-musulmane-face-aux-francs-2019\/bibliographie-la-septimanie-musulmane-face-au-francs\/","title":{"rendered":"Bibliographie La Septimanie musulmane face au Francs"},"content":{"rendered":"<p><span style=\"font-family: Times New Roman, serif\"><span style=\"font-size: medium\"><b>Histoire de l\u2019occident au Moyen-\u00c2ge<\/b><\/span><\/span><\/p>\n<p align=\"justify\"><span style=\"font-family: Times New Roman, serif\">&#8211; Dum\u00e9zil B., <i>Des gaulois aux Carolingiens (du Ier au IXe si\u00e8cle)<\/i>, Paris, Presses universitaires de France, 2013.<\/span><\/p>\n<p align=\"justify\"><span style=\"font-family: Times New Roman, serif\">&#8211; Gauvard C., <i>La France au Moyen-<\/i><i>\u00c2<\/i><i>ge du Ve au XVe si\u00e8cle<\/i>, Paris, quadrige, 1996 (r\u00e9\u00e9d. 2013).<\/span><\/p>\n<p align=\"justify\"><span style=\"font-family: Times New Roman, serif\">&#8211; Geary P.J., <i>Naissance de la France, le monde m\u00e9rovingien<\/i>, Paris, Flammarion, 1988 (trad. 1989).<\/span><\/p>\n<p align=\"justify\"><span style=\"font-family: Times New Roman, serif\">&#8211; Guichard P., <i>al-Andalus, une histoire de l\u2019Espagne musulmane, <\/i>Paris, Pluriel, 2011.<\/span><\/p>\n<p align=\"justify\"><span style=\"font-family: Times New Roman, serif\">&#8211; Kaplan M.,<i> Le Moyen-<\/i><i>\u00c2<\/i><i>ge IVe au Xe si\u00e8cle, <\/i>Histoire m\u00e9di\u00e9vale, Paris, Br\u00e9al, 2005.<\/span><\/p>\n<p align=\"justify\"><span style=\"font-family: Times New Roman, serif\">&#8211; Lebecq S., <i>Les origines franques Ve au IXe si\u00e8cle<\/i>, Paris, Points histoire, 1990.<\/span><\/p>\n<p align=\"justify\"><span style=\"font-family: Times New Roman, serif\">&#8211; Rich\u00e9 P., <i>Dictionnaire des francs, les Carolingiens<\/i>, Paris, Bartillat, 1997.<\/span><\/p>\n<p align=\"justify\"><span style=\"font-family: Times New Roman, serif\">&#8211; S\u00e9nac P., <i>Le monde musulman. Des origines au XIe si\u00e8cle<\/i>, Paris, Armand Colin, 2004 (r\u00e9\u00e9d. 2011).<\/span><\/p>\n<p><span style=\"font-family: Times New Roman, serif\"><span style=\"font-size: medium\"><b>Pr\u00e9sence musulmane <\/b><\/span><span style=\"font-size: medium\"><b>dans le sud de la Gaule<\/b><\/span><\/span><\/p>\n<p align=\"justify\"><span style=\"font-family: Times New Roman, serif\">&#8211; Marti R., \u00ab\u00a0L\u2019organisation territoriale en Catalogne entre Antiquit\u00e9 et f\u00e9odalit\u00e9\u00a0\u00bb, <i>Annales du Midi, <\/i>Toulouse,<i> <\/i>octobre-d\u00e9cembre 2009, tome 121 n\u00b0266, p. 177-197.<\/span><\/p>\n<p align=\"justify\"><span style=\"font-family: Times New Roman, serif\">&#8211; Parv\u00e9rie M., \u00ab\u00a0D\u2019Arb\u00fbnah \u00e0 Sakhrat Abiny\u00fbn : quelques hypoth\u00e8ses sur la pr\u00e9sence musulmane en Narbonnaise et dans la vall\u00e9e du Rh\u00f4ne au vu des d\u00e9couvertes mon\u00e9taires\u00a0\u00bb, <i>Annales du Midi<\/i>, Toulouse, octobre-d\u00e9cembre 2012, tome 124 n\u00b0 278, p. 165-181.<\/span><\/p>\n<p align=\"justify\"><span style=\"font-family: Times New Roman, serif\">&#8211; Reb\u00e9 I. Raynaud C. S\u00e9nac P. (dir.), <i>Le premier moyen-\u00e2ge \u00e0 Ruscino, entre Septimanie et al-Andalus (VIIe-IXe s.)<\/i>, UMR 5140 du CNRS \u00ab\u00a0Arch\u00e9ologie des soci\u00e9t\u00e9s m\u00e9diterran\u00e9ennes\u00a0\u00bb, 2014.<\/span><\/p>\n<p align=\"justify\"><span style=\"font-family: Times New Roman, serif\">&#8211; Rouche M., <i>Des wisigoths aux Arabes l\u2019Aquitaine 418-781 naissance d\u2019une r\u00e9gion<\/i>, Paris, <\/span><\/p>\n<p align=\"justify\"><span style=\"font-family: Times New Roman, serif\">\u00e9ditions E.D.H.E.S.S., 1979.<\/span><\/p>\n<p align=\"justify\"><span style=\"font-family: Times New Roman, serif\">&#8211; Rouche M., \u00ab\u00a0La crise de l&rsquo;Europe au cours de la deuxi\u00e8me moiti\u00e9 du VIIe si\u00e8cle et la naissance des r\u00e9gionalismes\u00a0\u00bb, <i>Annales Economies, soci\u00e9t\u00e9s, civilisations,<\/i> 41\u1d49 ann\u00e9e, n\u00b0 2, 1986, p. 347-360.<\/span><\/p>\n<p align=\"justify\"><span style=\"font-family: Times New Roman, serif\"><span style=\"font-size: medium\">&#8211; Schneider L., \u00ab\u00a0Aux marges m\u00e9diterran\u00e9ennes de la Gaule m\u00e9rovingienne. <\/span><span style=\"font-size: medium\">Les cadres politiques et eccl\u00e9siastiques de l\u2019ancienne Narbonnaise I\u00e8re entre Antiquit\u00e9 et Moyen \u00c2ge (Ve-IXe si\u00e8cles)\u00a0\u00bb, &#8211; Mazel <\/span><span style=\"font-size: medium\">F<\/span><span style=\"font-size: medium\">. <\/span><span style=\"font-size: medium\">(dir.)<\/span><span style=\"font-size: medium\">, \u00ab\u00a0L\u2019espace du dioc\u00e8se. Gen\u00e8se d\u2019un terri<\/span><span style=\"font-size: medium\">t<\/span><span style=\"font-size: medium\">oire dans l\u2019occident m\u00e9di\u00e9val (Ve-XIIIe si\u00e8cle)\u00a0\u00bb, <\/span><span style=\"font-size: medium\"><i>Presses universitaires de Rennes<\/i><\/span><span style=\"font-size: medium\">, <\/span><span style=\"font-size: medium\">2008,<\/span><span style=\"font-size: medium\"> p. 69-95.<\/span><\/span><\/p>\n<p align=\"justify\"><span style=\"font-family: Times New Roman, serif\">&#8211; Sciences et Avenir avec AFP, \u00ab\u00a03 tombes musulmanes, les plus anciennes de France, d\u00e9couvertes \u00e0 N\u00eemes\u00a0\u00bb, www.s<i>ciences<\/i><i>e<\/i><i>t<\/i><i>a<\/i><i>venir.<\/i><i>fr<\/i>, arch\u00e9ologie, 2016.<\/span><\/p>\n<p align=\"justify\"><span style=\"font-family: Times New Roman, serif\">&#8211; S\u00e9nac P., \u00ab\u00a0Contribution \u00e0 l&rsquo;\u00e9tude des incursions musulmanes dans l&rsquo;Occident chr\u00e9tien : la localisation du Gabal al-Qil\u00e2l\u00a0\u00bb, <i>Revue des mondes musulmans et de la M\u00e9diterrann\u00e9e<\/i>, Aix en Provence, 1981, n\u00b0 31, p. 7-14.<\/span><\/p>\n<p align=\"justify\"><span style=\"font-family: Times New Roman, serif\"><span style=\"font-size: medium\">&#8211; S\u00e9nac P., \u00ab De la mad\u00eena \u00e0 l\u2019almunia. Quelques r\u00e9flexions autour du peuplement musulman au nord de l\u2019\u00c8bre\u00a0\u00bb, <\/span><span style=\"font-size: medium\"><i>Annales du Midi<\/i><\/span><span style=\"font-size: medium\">, Tome 124, N\u00b0278, 2012, p. 183-201.<\/span><\/span><\/p>\n<p align=\"justify\"><span style=\"font-family: Times New Roman, serif\"><span style=\"font-size: medium\">&#8211; S\u00e9nac P., Gasc S., Rebi\u00e8re J., Savarese <\/span><span style=\"font-size: medium\">L., \u00ab\u00a0Notes sur les ful\u00fbs de Narbonnaise (VIIIe si\u00e8cle)\u00a0\u00bb, <\/span><span style=\"font-size: medium\"><i>Al Qantara<\/i><\/span><span style=\"font-size: medium\">, XXI, 2010, p. 225-243.<\/span><\/span><\/p>\n<p align=\"justify\"><span style=\"font-family: Times New Roman, serif\"><span style=\"font-size: medium\">&#8211; S\u00e9nas P., Gasc S., Melmoux P-Y., Savarese L., \u00ab\u00a0<\/span><span style=\"font-size: medium\">Nouveaux vestiges de la pr\u00e9sence musulmane en Narbonnaise au VIIIe si\u00e8cle\u00a0\u00bb, <\/span><span style=\"font-size: medium\"><i>Al Qantara<\/i><\/span><span style=\"font-size: medium\">, XXXVI, 1, 2014, p. 61-94.<\/span><\/span><\/p>\n<p align=\"justify\"><span style=\"font-family: Times New Roman, serif\">&#8211; S\u00e9nac P., <i>Musulmans et Sarrasins dans le sud de la Gaule du VIIIe au XIe si\u00e8cle<\/i>, Paris, <\/span><\/p>\n<p align=\"justify\"><span style=\"font-family: Times New Roman, serif\">Le sycomore, 1980.<\/span><\/p>\n<p align=\"justify\"><span style=\"font-family: Times New Roman, serif\"><b><span style=\"font-size: medium\">Islam et <\/span><span style=\"font-size: medium\">monde Carolingien<\/span><\/b><\/span><\/p>\n<h2 align=\"justify\"><span style=\"font-family: Times New Roman, serif\"><b>Les rapports de force<\/b><\/span><\/h2>\n<p align=\"justify\"><span style=\"font-family: Times New Roman, serif\">&#8211; Bonnery A., \u00ab\u00a0Les transformations de la cath\u00e9drale de Narbonne au IXe si\u00e8cle\u00a0\u00bb, <i>Annales du Midi<\/i>, Tome 102, n\u00b0 192, 1990, p. 635-642.<\/span><\/p>\n<p align=\"justify\"><span style=\"font-family: Times New Roman, serif\"><span style=\"font-size: medium\">&#8211; Boussard Jacques. \u00ab\u00a0L&rsquo;<\/span><span style=\"font-size: medium\">o<\/span><span style=\"font-size: medium\">uest du royaume franc aux VIIe et VIIIe si\u00e8cles\u00a0\u00bb, <\/span><span style=\"font-size: medium\"><i>Journal des savants<\/i><\/span><span style=\"font-size: medium\">, 1973, p. 3-27.<\/span><\/span><\/p>\n<p align=\"justify\"><span style=\"font-family: Times New Roman, serif\">&#8211; Deviosse J., <i>Charles Martel<\/i>, Paris, Editions Tallandier, 2006.<\/span><\/p>\n<p align=\"justify\"><span style=\"font-family: Times New Roman, serif\">&#8211; Guichard P., \u00ab\u00a0Les d\u00e9buts de la piraterie andalouse en M\u00e9diterrann\u00e9e occidentale (798-813)\u00a0\u00bb, <i>Revue de l\u2019Occident musulman et de la M\u00e9diterrann\u00e9e<\/i>, n\u00b035, 1983, p. 55-76.<\/span><\/p>\n<p align=\"justify\"><span style=\"font-family: Times New Roman, serif\">&#8211; Rouche M., \u00ab\u00a0Le pape face \u00e0 l\u2019Islam au VIIIe si\u00e8cle\u00a0\u00bb, <i>M\u00e9langes de la Casa de Velazquez<\/i>, tome 32-1, 1996, p. 205-216.<\/span><\/p>\n<p align=\"justify\"><span style=\"font-family: Times New Roman, serif\">&#8211; S\u00e9nac P., <i>Charlemagne et Mahomet en Espagne (VIIIe-IXe si\u00e8cles)<\/i>, Paris, Folio Histoire, 2015.<\/span><\/p>\n<p align=\"justify\"><span style=\"font-family: Times New Roman, serif\">&#8211; S\u00e9nac P., <i>Le monde carolingien et l\u2019Islam<\/i>, Paris, Editions l\u2019Harmattan, 2006.<\/span><\/p>\n<p align=\"justify\"><span style=\"font-family: Times New Roman, serif\">&#8211; S\u00e9nac P., <i>Les Carolingiens et al-Andalus (VIIIe-IXe si\u00e8cles)<\/i>, Paris, Maisonneuve et Larose, 2002.<\/span><\/p>\n<p align=\"justify\"><span style=\"font-family: Times New Roman, serif\">&#8211; S\u00e9nac P., <i>L\u2019Occident m\u00e9di\u00e9val face \u00e0 l\u2019Islam, l\u2019image de l\u2019autre<\/i>, Paris, Flammarion, 2000.<\/span><\/p>\n<p align=\"justify\"><span style=\"font-family: Times New Roman, serif\">&#8211; Udina Martorell F., \u00ab\u00a0L\u2019\u00e9volution du titre comtal \u00e0 Barcelone-Les d\u00e9buts de l\u2019institution\u00a0\u00bb, <i>Cahiers de civilisation m\u00e9di\u00e9vale<\/i>, avril-juin 1971, p. 149-157.<\/span><\/p>\n<p align=\"justify\"><span style=\"font-family: Times New Roman, serif\">&#8211; Vissi\u00e8re L., \u00ab\u00a0Poitiers\u00a0: le marteau de Dieu\u00a0\u00bb, <i>Historia num\u00e9ro sp\u00e9cial<\/i>, Paris, septembre-octobre 2016, p. 20-23.<\/span><\/p>\n<h2 align=\"justify\"><span style=\"font-family: Times New Roman, serif\"><b>Les liens diplomatiques <\/b><\/span><\/h2>\n<p align=\"justify\"><span style=\"font-family: Times New Roman, serif\">&#8211; Bathias-Rascalou C., <i>Charlemagne et l\u2019Europe<\/i>, Paris, Vuibert, 2004.<\/span><\/p>\n<p align=\"justify\"><span style=\"font-family: Times New Roman, serif\">&#8211; Favier J., <i>Charlemagne<\/i>, Paris, \u00e9ditions Fayard, 1999 (r\u00e9\u00e9d. 2010).<\/span><\/p>\n<p align=\"justify\"><span style=\"font-family: Times New Roman, serif\"><span style=\"font-size: medium\">&#8211; Gillard X. S\u00e9nac P,. \u00ab\u00a0\u00c0 propos de quelques <\/span><span style=\"font-size: medium\">Hispani\u00a0\u00bb, <\/span><span style=\"font-size: medium\"><i>Cahiers de civilisation m\u00e9di\u00e9vale<\/i><\/span><span style=\"font-size: medium\">, 47e ann\u00e9e, n\u00b0186, <\/span><span style=\"font-size: medium\">a<\/span><span style=\"font-size: medium\">vril-juin 2004, p. 163-169.<\/span><\/span><\/p>\n<p align=\"justify\"><span style=\"font-family: Times New Roman, serif\">&#8211; Gobry I., <i>P\u00e9pin le Bref 751-768\u00a0: P\u00e8re de Charlemagne,<\/i> Paris, Pygmalion, 2001 (r\u00e9\u00e9d. 2012).<\/span><\/p>\n<p align=\"justify\"><span style=\"font-family: Times New Roman, serif\"><span style=\"font-size: medium\">&#8211; Griffe \u00c9., \u00abLa razzia sarrasine de 793 en Septimanie. Bataille de l&rsquo;Orbieu ou Bataille de L&rsquo;Orbiel ?\u00a0\u00bb, <i>Annales du Midi<\/i>, Tome 53, N\u00b0211, 1941, p. 225-236.<\/span><\/span><\/p>\n<p align=\"justify\"><span style=\"font-family: Times New Roman, serif\">&#8211; Guizot F., <i>Annales de P\u00e9pin le Bref et <\/i><i>de <\/i><i>Charlemagne <\/i><i>741-814<\/i>, \u00e9ditions Pal\u00e9o, (r\u00e9\u00e9d. 2010)<\/span><\/p>\n<p align=\"justify\"><span style=\"font-family: Times New Roman, serif\">&#8211; Miquel A., \u00ab\u00a0La perception de la fronti\u00e8re aux approches de l\u2019an mil de notre \u00e8re\u00a0\u00bb, <i>Revue de l\u2019Occident musulman et de la M\u00e9diterrann\u00e9e<\/i>, n\u00b048-49, 1988, p. 22-25.<\/span><\/p>\n<p align=\"justify\"><span style=\"font-family: Times New Roman, serif\">&#8211; Minois G., <i>Charlemagne<\/i>, Paris, \u00e9ditions Perrin, 2010.<\/span><\/p>\n<p align=\"justify\"><span style=\"font-family: Times New Roman, serif\">&#8211; Pradali\u00e9 G., \u00ab\u00a0Les comtes de Toulouse et l\u2019Aquitaine (IXe-XIIe si\u00e8cle)\u00a0\u00bb, <i>Annales du midi<\/i>, 2005, <span style=\"font-size: medium\">Tome 117, N\u00b0249, p. 5-23.<\/span><\/span><\/p>\n<p align=\"justify\"><span style=\"font-family: Times New Roman, serif\">&#8211; Rich\u00e9 P., <i>Les Carolingiens\u00a0: une famille qui fit l\u2019Europe<\/i>, Paris, Hachette litt\u00e9ratures, 1983 (r\u00e9\u00e9d. 1997)<\/span><\/p>\n","protected":false},"excerpt":{"rendered":"<p>Histoire de l\u2019occident au Moyen-\u00c2ge &#8211; Dum\u00e9zil B., Des gaulois aux Carolingiens (du Ier au IXe si\u00e8cle), Paris, Presses universitaires de France, 2013. &#8211; Gauvard C., La France au Moyen-\u00c2ge du Ve au XVe si\u00e8cle, Paris, quadrige, 1996 (r\u00e9\u00e9d. 2013). &#8211; Geary P.J., Naissance de la France, le monde m\u00e9rovingien, Paris, Flammarion, 1988 (trad. 1989). &hellip; <\/p>\n<p class=\"link-more\"><a href=\"https:\/\/blogs.univ-jfc.fr\/vphn\/la-septimanie-musulmane-face-aux-francs-2019\/bibliographie-la-septimanie-musulmane-face-au-francs\/\" class=\"more-link\">Continuer la lecture<span class=\"screen-reader-text\"> de &laquo;&nbsp;Bibliographie La Septimanie musulmane face au Francs&nbsp;&raquo;<\/span><\/a><\/p>\n","protected":false},"author":599,"featured_media":0,"parent":3651,"menu_order":1,"comment_status":"closed","ping_status":"closed","template":"","meta":[],"_links":{"self":[{"href":"https:\/\/blogs.univ-jfc.fr\/vphn\/wp-json\/wp\/v2\/pages\/3693"}],"collection":[{"href":"https:\/\/blogs.univ-jfc.fr\/vphn\/wp-json\/wp\/v2\/pages"}],"about":[{"href":"https:\/\/blogs.univ-jfc.fr\/vphn\/wp-json\/wp\/v2\/types\/page"}],"author":[{"embeddable":true,"href":"https:\/\/blogs.univ-jfc.fr\/vphn\/wp-json\/wp\/v2\/users\/599"}],"replies":[{"embeddable":true,"href":"https:\/\/blogs.univ-jfc.fr\/vphn\/wp-json\/wp\/v2\/comments?post=3693"}],"version-history":[{"count":1,"href":"https:\/\/blogs.univ-jfc.fr\/vphn\/wp-json\/wp\/v2\/pages\/3693\/revisions"}],"predecessor-version":[{"id":3694,"href":"https:\/\/blogs.univ-jfc.fr\/vphn\/wp-json\/wp\/v2\/pages\/3693\/revisions\/3694"}],"up":[{"embeddable":true,"href":"https:\/\/blogs.univ-jfc.fr\/vphn\/wp-json\/wp\/v2\/pages\/3651"}],"wp:attachment":[{"href":"https:\/\/blogs.univ-jfc.fr\/vphn\/wp-json\/wp\/v2\/media?parent=3693"}],"curies":[{"name":"wp","href":"https:\/\/api.w.org\/{rel}","templated":true}]}}