{"id":3775,"date":"2019-02-22T12:08:51","date_gmt":"2019-02-22T11:08:51","guid":{"rendered":"http:\/\/blogs.univ-jfc.fr\/vphn\/?page_id=3775"},"modified":"2019-02-26T11:12:05","modified_gmt":"2019-02-26T10:12:05","slug":"quest-ce-que-le-segala","status":"publish","type":"page","link":"https:\/\/blogs.univ-jfc.fr\/vphn\/quest-ce-que-le-segala\/","title":{"rendered":"Qu&rsquo;est-ce que le S\u00e9gala ?"},"content":{"rendered":"<p align=\"justify\">Le S\u00e9gala est une r\u00e9gion naturelle qui se situe dans le Massif Central. Plus pr\u00e9cis\u00e9ment, cette derni\u00e8re s\u2019\u00e9tend \u00e0 l\u2019ouest de l\u2019Aveyron et au nord du Tarn d\u00e9limit\u00e9e au nord par les villes de Rieupeyroux et Baraqueville et au sud, par R\u00e9quista et Carmaux. Le S\u00e9gala est une r\u00e9gion \u00e0 forte pr\u00e9dominance agricole, c\u00f4t\u00e9 g\u00e9ologie, ses terres sont dites siliceuses ou acides. Enfin, les nombreux cours d\u2019eau qu\u2019accueillent le S\u00e9gala dont par exemple le Tarn, l\u2019Aveyron ou encore le Viaur lui ont donn\u00e9 le surnom de \u00ab\u00a0Pays des cent vall\u00e9es\u00a0\u00bb.<\/p>\n<figure id=\"attachment_3768\" aria-describedby=\"caption-attachment-3768\" style=\"width: 419px\" class=\"wp-caption aligncenter\"><img loading=\"lazy\" class=\"wp-image-3768 size-full\" src=\"http:\/\/blogs.univ-jfc.fr\/vphn\/wp-content\/uploads\/sites\/65\/2019\/02\/carte-s\u00e9gala-aveyron.gif\" alt=\"\" width=\"419\" height=\"375\" \/><figcaption id=\"caption-attachment-3768\" class=\"wp-caption-text\">Carte de l&rsquo;Aveyron y figurant le S\u00e9gala aveyronnais, \u00ab\u00a0Aveyron S\u00e9gala Tourisme.com\u00a0\u00bb<\/figcaption><\/figure>\n<p>&nbsp;<\/p>\n<figure id=\"attachment_3771\" aria-describedby=\"caption-attachment-3771\" style=\"width: 400px\" class=\"wp-caption aligncenter\"><img loading=\"lazy\" class=\"wp-image-3771 size-full\" src=\"http:\/\/blogs.univ-jfc.fr\/vphn\/wp-content\/uploads\/sites\/65\/2019\/02\/carte-s\u00e9gala-tarnais.jpg\" alt=\"\" width=\"400\" height=\"329\" srcset=\"https:\/\/blogs.univ-jfc.fr\/vphn\/wp-content\/uploads\/sites\/65\/2019\/02\/carte-s\u00e9gala-tarnais.jpg 400w, https:\/\/blogs.univ-jfc.fr\/vphn\/wp-content\/uploads\/sites\/65\/2019\/02\/carte-s\u00e9gala-tarnais-300x247.jpg 300w\" sizes=\"(max-width: 400px) 100vw, 400px\" \/><figcaption id=\"caption-attachment-3771\" class=\"wp-caption-text\">Carte du Tarn y figurant le S\u00e9gala tarnais, \u00a0 \u00a0 \u00a0 \u00a0 \u00a0 \u00a0 \u00a0 \u00a0 \u00a0 \u00a0 \u00a0 \u00a0 \u00a0 \u00a0 \u00a0 \u00a0 \u00a0 \u00a0 \u00a0 \u00a0 \u00a0 \u00a0\u00a0www.salvagnacportedutarn.com\/tarn.html<\/figcaption><\/figure>\n<p>&nbsp;<\/p>\n","protected":false},"excerpt":{"rendered":"<p>Le S\u00e9gala est une r\u00e9gion naturelle qui se situe dans le Massif Central. Plus pr\u00e9cis\u00e9ment, cette derni\u00e8re s\u2019\u00e9tend \u00e0 l\u2019ouest de l\u2019Aveyron et au nord du Tarn d\u00e9limit\u00e9e au nord par les villes de Rieupeyroux et Baraqueville et au sud, par R\u00e9quista et Carmaux. Le S\u00e9gala est une r\u00e9gion \u00e0 forte pr\u00e9dominance agricole, c\u00f4t\u00e9 g\u00e9ologie, &hellip; <\/p>\n<p class=\"link-more\"><a href=\"https:\/\/blogs.univ-jfc.fr\/vphn\/quest-ce-que-le-segala\/\" class=\"more-link\">Continuer la lecture<span class=\"screen-reader-text\"> de &laquo;&nbsp;Qu&rsquo;est-ce que le S\u00e9gala ?&nbsp;&raquo;<\/span><\/a><\/p>\n","protected":false},"author":407,"featured_media":0,"parent":0,"menu_order":0,"comment_status":"closed","ping_status":"closed","template":"","meta":[],"_links":{"self":[{"href":"https:\/\/blogs.univ-jfc.fr\/vphn\/wp-json\/wp\/v2\/pages\/3775"}],"collection":[{"href":"https:\/\/blogs.univ-jfc.fr\/vphn\/wp-json\/wp\/v2\/pages"}],"about":[{"href":"https:\/\/blogs.univ-jfc.fr\/vphn\/wp-json\/wp\/v2\/types\/page"}],"author":[{"embeddable":true,"href":"https:\/\/blogs.univ-jfc.fr\/vphn\/wp-json\/wp\/v2\/users\/407"}],"replies":[{"embeddable":true,"href":"https:\/\/blogs.univ-jfc.fr\/vphn\/wp-json\/wp\/v2\/comments?post=3775"}],"version-history":[{"count":5,"href":"https:\/\/blogs.univ-jfc.fr\/vphn\/wp-json\/wp\/v2\/pages\/3775\/revisions"}],"predecessor-version":[{"id":3944,"href":"https:\/\/blogs.univ-jfc.fr\/vphn\/wp-json\/wp\/v2\/pages\/3775\/revisions\/3944"}],"wp:attachment":[{"href":"https:\/\/blogs.univ-jfc.fr\/vphn\/wp-json\/wp\/v2\/media?parent=3775"}],"curies":[{"name":"wp","href":"https:\/\/api.w.org\/{rel}","templated":true}]}}