{"id":3814,"date":"2019-02-27T15:17:32","date_gmt":"2019-02-27T14:17:32","guid":{"rendered":"http:\/\/blogs.univ-jfc.fr\/vphn\/?page_id=3814"},"modified":"2019-02-27T15:21:37","modified_gmt":"2019-02-27T14:21:37","slug":"la-greve-des-megissiers-graulhetois-de-1910-2018-bibliographie","status":"publish","type":"page","link":"https:\/\/blogs.univ-jfc.fr\/vphn\/histoire-locale\/la-greve-des-megissiers-graulhetois-de-1910-2018\/la-greve-des-megissiers-graulhetois-de-1910-2018-bibliographie\/","title":{"rendered":"La Gr\u00e8ve des m\u00e9gissiers graulh\u00e9tois de 1910 [2018] : Bibliographie"},"content":{"rendered":"<p>Nous vous pr\u00e9sentons ici la bibliographie la plus exhaustive possible concernant la Gr\u00e8ve de Graulhet de 1910, issue de nos recherches.<\/p>\n<p>&nbsp;<\/p>\n<ol type=\"I\">\n<li>\n<h1 align=\"left\"><span style=\"font-size: large\"><u>Sources g\u00e9n\u00e9rales<\/u><\/span><\/h1>\n<\/li>\n<\/ol>\n<ol type=\"I\">\n<li style=\"list-style-type: none\">\n<ol type=\"A\">\n<li>\n<h2 align=\"left\"><span style=\"font-size: large\"><span style=\"font-size: medium\"><span lang=\"fr-FR\">Histoire du mouvement ouvrier<\/span><\/span> <\/span><\/h2>\n<\/li>\n<\/ol>\n<\/li>\n<\/ol>\n<ul>\n<li>\n<p lang=\"fr-FR\" align=\"left\">Dewerpe Alain, <em>Le Monde du Travail en France, 1800-1950<\/em>, Paris, Armand Collin, \u00ab\u00a0Cursus\u00a0\u00bb, 1989, 187 p.<\/p>\n<\/li>\n<li>\n<p lang=\"fr-FR\" align=\"left\">Noirel G.,<em>Les ouvriers dans la soci\u00e9t\u00e9 fran\u00e7aise : XIX\u00e8me \u2013 XX\u00e8me Si\u00e8cle<\/em>, Paris, Editions du Seuil, Collection \u00ab\u00a0Points\u00a0\u00bb, 1988 (r\u00e9\u00e9dition 2002), 321 p.<\/p>\n<\/li>\n<li>\n<p lang=\"fr-FR\" align=\"left\">Vigna X., <em>Histoire des ouvriers en France au XX\u00e8me Si\u00e8cle<\/em>, Paris, Perrin, collection Pour l&rsquo;Histoire, 2012, 404 p.<\/p>\n<\/li>\n<li>Th\u00e8be G.,<em> Les gr\u00e8ves dans la r\u00e9gion Midi-Pyr\u00e9n\u00e9es : 1890-1913<\/em>, M\u00e9moire ma\u00eetrise Histoire contemporaine Toulouse 2, 1970<\/li>\n<\/ul>\n<ol type=\"I\">\n<li style=\"list-style-type: none\">\n<ol start=\"2\" type=\"A\">\n<li>\n<h2 align=\"left\"><span style=\"font-size: medium\">Histoires graulh\u00e9toise et tarnaise <\/span><\/h2>\n<\/li>\n<\/ol>\n<\/li>\n<\/ol>\n<ul>\n<li>\n<p lang=\"fr-FR\" align=\"left\">Az\u00e9mar C., Souvenirs et notes d&rsquo;un vieux Graulh\u00e9tois sur des traditions locales, Lavaur, Imprimerie Artistique, 1942, 48 p.<\/p>\n<\/li>\n<li>\n<p lang=\"fr-FR\" align=\"left\">Cathalau S. &amp; Cathalau A., Le Pass\u00e9 d\u00e9chir\u00e9\u00a0: l&rsquo;Histoire de Graulhet au fil des si\u00e8cles, Graulhet, Escourbiac, 2013, 368 p.<\/p>\n<\/li>\n<li>\n<p lang=\"fr-FR\" align=\"left\">Collectif, Histoire et images du pays graulh\u00e9tois,\u00a0Graulhet, Commission municipale d&rsquo;histoire locale, 1975<\/p>\n<\/li>\n<li>\n<p lang=\"fr-FR\" align=\"left\">Durand C., Graulhet, reflet du pass\u00e9, Ville de Graulhet, 1991, 125 p.<\/p>\n<\/li>\n<li>\n<p lang=\"fr-FR\" align=\"left\">Palacin J-P, Graulhet, pionni\u00e8re du mouvement ouvrier fran\u00e7ais, Castres, Institut Tarnais (C. G. T.) d&rsquo;Histoire Sociale, 1995, 89 p.<\/p>\n<\/li>\n<li>\n<p lang=\"fr-FR\" align=\"left\">Pech R., Amalvi C. &amp; Le Pottier J., Histoire du Tarn, Toulouse, Privat, Collection \u00ab\u00a0Histoire des Villes\u00a0\u00bb, 2018, 1020 p.<\/p>\n<\/li>\n<li>\n<p lang=\"fr-FR\" align=\"left\">Serres D., Les Gr\u00e8ves du XXeme si\u00e8cle dans le Tarn au travers de la carte postale, Castres, Carto-club tarnais , 2008, 56 p.<\/p>\n<\/li>\n<li>\n<p lang=\"fr-FR\" align=\"left\">Tremp\u00e9 R., Jaur\u00e8s et les syndicats du Tarn, Castres, Institut Tarnais d&rsquo;Histoire Sociale (CGT) du Tarn, 1994, 167 p.<\/p>\n<\/li>\n<li>\n<p lang=\"zxx\" align=\"left\"><span lang=\"fr-FR\">Vergnes<\/span><span lang=\"fr-FR\"> G., <\/span><span lang=\"fr-FR\">Graulhet, 1000 d&rsquo;Histoire<\/span><span lang=\"fr-FR\">, Graulhet, Georges Vergnes, 1987, 535 p.<\/span><\/p>\n<\/li>\n<\/ul>\n<ol start=\"2\" type=\"I\">\n<li>\n<h2><span style=\"font-size: large\"><u>Sources sp\u00e9cifiques<\/u><\/span><\/h2>\n<\/li>\n<\/ol>\n<ol type=\"I\">\n<li style=\"list-style-type: none\">\n<ol type=\"A\">\n<li>\n<h2 align=\"left\"><span style=\"font-size: medium\">Ouvrages<\/span><\/h2>\n<\/li>\n<\/ol>\n<\/li>\n<\/ol>\n<ul>\n<li>\n<p lang=\"fr-FR\" align=\"left\">Brugui\u00e8re E., 1909-1910 La Grande Gr\u00e8ve des Ouvriers Moutonniers de Graulhet, Graulhet, M\u00e9moire Sociale Graulh\u00e9toise, 2011, 260 p.<\/p>\n<\/li>\n<li>\n<p lang=\"fr-FR\" align=\"left\">De Seilhac L., Les Gr\u00e8ves du Tarn\u00a0: Mazamet et Graulhet (1910), Paris, A. Rousseau, 1910, 120 p.<\/p>\n<\/li>\n<li>\n<p lang=\"fr-FR\" align=\"left\">Jarrigue F. \u00ab\u00a0Une invention de Jaur\u00e8s\u00a0? La gr\u00e8ve de Graulhet entre hygi\u00e9nisme et machinisme au d\u00e9but du XXe si\u00e8cle\u00a0\u00bb, Cahiers de Jaur\u00e8s\u00a0: n\u00b0199, Gr\u00e8ves et R\u00e9formisme chez Jean Jaur\u00e8s, Paris, Soci\u00e9t\u00e9 d\u2019\u00c9tudes Jauresiennes, 01\/2011, p. 9 \u2013 26.<\/p>\n<\/li>\n<li>\n<p lang=\"fr-FR\" align=\"left\">Manavit H., Conflits sociaux\u00a0: La grande gr\u00e8ve de 1910, Graulhet, Arc En Ciel, 2005, 37 p.<\/p>\n<\/li>\n<\/ul>\n<ol type=\"I\">\n<li style=\"list-style-type: none\">\n<ol start=\"2\" type=\"A\">\n<li>\n<h2 align=\"left\"><span style=\"font-size: medium\">Fictions<\/span><\/h2>\n<\/li>\n<\/ol>\n<\/li>\n<\/ol>\n<ul>\n<li>\n<p lang=\"fr-FR\" align=\"left\"><span style=\"font-size: medium\">Faure M., <i>Le Journal de Jeanne\u00a0: une ouvri\u00e8re pendant la Grande gr\u00e8ve de Graulhet de 1910<\/i>, Graulhet, Futurs Ant\u00e9rieurs, 2010, 155 p.<\/span><\/p>\n<\/li>\n<\/ul>\n<ol type=\"I\">\n<li style=\"list-style-type: none\">\n<ol start=\"3\" type=\"A\">\n<li>\n<h2 align=\"left\"><span style=\"font-size: medium\">Articles de presse <\/span><\/h2>\n<\/li>\n<\/ol>\n<\/li>\n<\/ol>\n<ol type=\"I\">\n<li style=\"list-style-type: none\">\n<ol type=\"A\">\n<li style=\"list-style-type: none\">\n<ol type=\"i\">\n<li>\n<h3 align=\"left\"><span style=\"font-size: medium\">Contemporaines \u00e0 l&rsquo;\u00e9v\u00e9nement<\/span><\/h3>\n<\/li>\n<\/ol>\n<\/li>\n<\/ol>\n<\/li>\n<\/ol>\n<ul>\n<li>\n<p lang=\"fr-FR\" align=\"left\">Le Figaro, La gr\u00e8ve de Graulhet, 29 D\u00e9cembre 1909 \u2013 55\u00e8me Ann\u00e9e, n\u00b0363, p. 5<\/p>\n<\/li>\n<li>\n<p lang=\"fr-FR\" align=\"left\">Le Matin, M. Jaur\u00e8s \u00e0 Graulhet, 12 Janvier 1910 \u2013 27\u00e8me ann\u00e9e, n\u00b09451, p. 3<\/p>\n<\/li>\n<li>\n<p lang=\"fr-FR\" align=\"left\">Le Temps, \u00c0 Graulhet, la situation ne s&rsquo;am\u00e9liore pas, 12 F\u00e9vrier 1910 \u2013 50\u00e8me ann\u00e9e, n\u00b017760, p.4<\/p>\n<\/li>\n<li>\n<p lang=\"fr-FR\" align=\"left\">L&rsquo;Humanit\u00e9, La gr\u00e8ve de Graulhet, 3 Mars 1910 \u2013 7\u00e8me ann\u00e9e, n\u00b02146, p. 1<\/p>\n<\/li>\n<li>\n<p lang=\"fr-FR\" align=\"left\">Le Matin, La gr\u00e8ve de Graulhet, 8 Avril 1910, 27\u00e8me Ann\u00e9e, n\u00b09537, p. 5<\/p>\n<\/li>\n<li>\n<p lang=\"fr-FR\" align=\"left\">Le Figaro, Retour des enfants,16 Mai 1910 \u2013 56\u00e8me ann\u00e9e,n\u00b0 136<\/p>\n<\/li>\n<\/ul>\n<ol type=\"I\">\n<li style=\"list-style-type: none\">\n<ol type=\"A\">\n<li style=\"list-style-type: none\">\n<ol start=\"2\" type=\"i\">\n<li>\n<h3 align=\"left\"><span style=\"font-size: medium\">Concernant la comm\u00e9moration de l&rsquo;\u00e9v\u00e9nement<\/span><\/h3>\n<\/li>\n<\/ol>\n<\/li>\n<\/ol>\n<\/li>\n<\/ol>\n<ul>\n<li>\n<p lang=\"zxx\" align=\"left\"><span lang=\"fr-FR\">La D\u00e9p\u00eache du Midi,<\/span> <span lang=\"fr-FR\">Graulhet. Il y a 100 ans d\u00e9butait la grande gr\u00e8ve des m\u00e9gissiers, <\/span><span lang=\"fr-FR\">19 Novembre 2009<\/span><\/p>\n<\/li>\n<li>\n<p lang=\"zxx\" align=\"left\">L\u00e9pine M., Espace p\u00e9dagogique de l&rsquo;Acad\u00e9mie de Nantes, Les ouvri\u00e8res et ouvriers moutonniers de Graulhet (1909-1910)<\/p>\n<\/li>\n<li>\n<p lang=\"fr-FR\" align=\"left\">Mairie de Graulhet, Comm\u00e9moration des 100 ans de la grande gr\u00e8ve des ouvriers m\u00e9gissiers, circa 2009<\/p>\n<\/li>\n<\/ul>\n<ol type=\"I\">\n<li style=\"list-style-type: none\">\n<ol start=\"4\" type=\"A\">\n<li>\n<h2 align=\"left\"><span style=\"font-size: medium\">Sitographie<\/span><\/h2>\n<\/li>\n<\/ol>\n<\/li>\n<\/ol>\n<ul>\n<li>\n<p lang=\"fr-FR\" align=\"left\">Jaur\u00e8s.info , Compte rendu de la s\u00e9ance \u00e0 la Chambre des D\u00e9put\u00e9s, le 17 Janvier 1910.<\/p>\n<h2 align=\"left\">III) Sources annexes<\/h2>\n<\/li>\n<\/ul>\n<ul>\n<li>\n<p lang=\"zxx\" align=\"left\"><span lang=\"fr-FR\">Auriol<\/span><span lang=\"fr-FR\"> V., <\/span><span lang=\"fr-FR\">Jean Jaur\u00e8s<\/span><span lang=\"fr-FR\">, <\/span><span lang=\"fr-FR\">Paris ,<\/span><span lang=\"fr-FR\">Presses universitaires de France,<\/span><span lang=\"fr-FR\">1962<\/span><span lang=\"fr-FR\"> , 199 p.<\/span><\/p>\n<\/li>\n<li>\n<p lang=\"zxx\" align=\"left\"><span lang=\"fr-FR\">Cazals<\/span><span lang=\"fr-FR\"> R, <\/span><span lang=\"fr-FR\">Avec les ouvriers de Mazamet\u00a0: dans la gr\u00e8ve et l&rsquo;action quotidienne, 1909 \u2013 1914,<\/span> <span lang=\"fr-FR\">Paris ,<\/span><span lang=\"fr-FR\">F. Maspero, <\/span><span lang=\"fr-FR\">1978, 350 p.<\/span><\/p>\n<\/li>\n<li>\n<p lang=\"zxx\" align=\"left\"><span lang=\"fr-FR\">Ravari<\/span><span lang=\"fr-FR\"> G., <\/span><span lang=\"fr-FR\">Histoire et technique des m\u00e9tiers du cuir et de la peau, <\/span><span lang=\"fr-FR\">Graulhet<\/span><span lang=\"fr-FR\">, Ed. De Roucatel, 1981, 200 p.<\/span><\/p>\n<\/li>\n<\/ul>\n","protected":false},"excerpt":{"rendered":"<p>Nous vous pr\u00e9sentons ici la bibliographie la plus exhaustive possible concernant la Gr\u00e8ve de Graulhet de 1910, issue de nos recherches. &nbsp; Sources g\u00e9n\u00e9rales Histoire du mouvement ouvrier Dewerpe Alain, Le Monde du Travail en France, 1800-1950, Paris, Armand Collin, \u00ab\u00a0Cursus\u00a0\u00bb, 1989, 187 p. Noirel G.,Les ouvriers dans la soci\u00e9t\u00e9 fran\u00e7aise : XIX\u00e8me \u2013 XX\u00e8me &hellip; <\/p>\n<p class=\"link-more\"><a href=\"https:\/\/blogs.univ-jfc.fr\/vphn\/histoire-locale\/la-greve-des-megissiers-graulhetois-de-1910-2018\/la-greve-des-megissiers-graulhetois-de-1910-2018-bibliographie\/\" class=\"more-link\">Continuer la lecture<span class=\"screen-reader-text\"> de &laquo;&nbsp;La Gr\u00e8ve des m\u00e9gissiers graulh\u00e9tois de 1910 [2018] : Bibliographie&nbsp;&raquo;<\/span><\/a><\/p>\n","protected":false},"author":592,"featured_media":0,"parent":2457,"menu_order":0,"comment_status":"closed","ping_status":"closed","template":"","meta":[],"_links":{"self":[{"href":"https:\/\/blogs.univ-jfc.fr\/vphn\/wp-json\/wp\/v2\/pages\/3814"}],"collection":[{"href":"https:\/\/blogs.univ-jfc.fr\/vphn\/wp-json\/wp\/v2\/pages"}],"about":[{"href":"https:\/\/blogs.univ-jfc.fr\/vphn\/wp-json\/wp\/v2\/types\/page"}],"author":[{"embeddable":true,"href":"https:\/\/blogs.univ-jfc.fr\/vphn\/wp-json\/wp\/v2\/users\/592"}],"replies":[{"embeddable":true,"href":"https:\/\/blogs.univ-jfc.fr\/vphn\/wp-json\/wp\/v2\/comments?post=3814"}],"version-history":[{"count":10,"href":"https:\/\/blogs.univ-jfc.fr\/vphn\/wp-json\/wp\/v2\/pages\/3814\/revisions"}],"predecessor-version":[{"id":4248,"href":"https:\/\/blogs.univ-jfc.fr\/vphn\/wp-json\/wp\/v2\/pages\/3814\/revisions\/4248"}],"up":[{"embeddable":true,"href":"https:\/\/blogs.univ-jfc.fr\/vphn\/wp-json\/wp\/v2\/pages\/2457"}],"wp:attachment":[{"href":"https:\/\/blogs.univ-jfc.fr\/vphn\/wp-json\/wp\/v2\/media?parent=3814"}],"curies":[{"name":"wp","href":"https:\/\/api.w.org\/{rel}","templated":true}]}}