{"id":3820,"date":"2019-02-22T15:38:13","date_gmt":"2019-02-22T14:38:13","guid":{"rendered":"http:\/\/blogs.univ-jfc.fr\/vphn\/?page_id=3820"},"modified":"2019-02-22T15:38:13","modified_gmt":"2019-02-22T14:38:13","slug":"bibliographie-histoire-du-segala-xixe-xxe-siecle","status":"publish","type":"page","link":"https:\/\/blogs.univ-jfc.fr\/vphn\/bibliographie-histoire-du-segala-xixe-xxe-siecle\/","title":{"rendered":"Bibliographie Histoire du S\u00e9gala XIX\u00e8-XX\u00e8 si\u00e8cle"},"content":{"rendered":"<h4>\u00c9tudes sur l\u2019Histoire du S\u00e9gala aux XIX\u00e8 et XX\u00e8 si\u00e8cles\u00a0:<\/h4>\n<p align=\"justify\">Bertrand G. , \u00ab\u00a0Soci\u00e9t\u00e9 rurale et r\u00e9am\u00e9nagement agricole dans le S\u00e9gala tarnais\u00a0\u00bb, Revue g\u00e9ographique des Pyr\u00e9n\u00e9es et du Sud-Ouest, Toulouse, 1962, p 137-161<\/p>\n<p>Calm\u00e8s R. , Les campagnes des S\u00e9galas et du L\u00e9v\u00e9zou: d\u00e9veloppement et progr\u00e8s agricoles, Rodez, Subervie, 1980<\/p>\n<p>Chevalier M. , \u00ab\u00a0Histoire \u00e9conomique et g\u00e9ographie humaine du S\u00e9gala\u00a0\u00bb, Revue g\u00e9ographique des Pyr\u00e9n\u00e9es et du Sud-Ouest, Toulouse, 1951, p 92-94<\/p>\n<p>Demangeon A. , \u00ab\u00a0S\u00e9galas, L\u00e9v\u00e9zou et ch\u00e2taigneraie\u00a0\u00bb, Annales de G\u00e9ographie, Paris, 1931, p 661-663<\/p>\n<p>Enjalbert H. , A travers le S\u00e9gala. Notes de g\u00e9ographie historique, Rodez, \u00c9ditions de la Cit\u00e9, 1950<\/p>\n<p>Enjalbert H. , \u00ab\u00a0Les plateaux et les gorges du Viaur. \u00c9tude morphologique\u00a0\u00bb, Revue g\u00e9ographique des Pyr\u00e9n\u00e9es et du Sud-Ouest, Toulouse, 1952<\/p>\n<p>Espinasse M. , Dynamiques paysage\u0300res et dynamiques agricoles dans le S\u00e9gala aveyronnais, le \u00ab\u00a0Pays des Cent Vall\u00e9es\u00a0\u00bb, th\u00e8se, 2002, 123 p.<\/p>\n<p>Lablanquie M. , \u00ab\u00a0Le S\u00e9gala aveyronnais: propos sur un d\u00e9veloppement agricole\u00a0\u00bb, Revue g\u00e9ographique des Pyr\u00e9n\u00e9es et du Sud-Ouest, Toulouse, 1992, p 425-451<\/p>\n<p>Lombard C. , Transports et \u00e9conomie rurale dans le S\u00e9gala de 1900 \u00e0 nos jours, th\u00e8se, 1969<\/p>\n<p>Vergnes A. , La vall\u00e9e de l\u2019Aveyron: t\u00e9moin de l\u2019histoire du S\u00e9gala Rouergat, th\u00e8se, 1999, 151 p.<\/p>\n<h4>Ouvrages et articles concernant le viaduc du Viaur\u00a0:<\/h4>\n<p>Assi\u00e9 M. , Il \u00e9tait une fois Paul Bodin\u00a0: Biographie de Paul Bodin, constructeur du viaduc du Viaur, Albi, \u00c9ditions Bleu Pastel, 2016, 253 p.<\/p>\n<p>Assi\u00e9 M., Le viaduc du Viaur: chef d\u2019\u0153uvre de Paul Bodin, Albi, \u00c9ditions Bleu Pastel, 1996, 84 p.<\/p>\n<p>Delmas J. , Le viaduc du Viaur, une \u0153uvre au service du S\u00e9gala, Rodez, Archives d\u00e9partementales de l\u2019Aveyron, 1996<\/p>\n<p>De Volontat T. , \u00ab\u00a0Notes sur la construction du viaduc du Viaur\u00a0\u00bb, Annales des ponts et chauss\u00e9es, Paris, 1898, p 329-337<\/p>\n<p>Garcia F. , Le viaduc du Viaur: r\u00e9volutions ferroviaire et socio-\u00e9conomique, Toulouse, CDDP du Tarn, 2017, 192 p.<\/p>\n<p>Henry M. , \u00ab\u00a0Le viaduc du Viaur sur la ligne de Carmaux\u00a0\u00bb, Le g\u00e9nie civil, Paris, 1903,<br \/>\np 1-7<\/p>\n<p>Rang-Ri P. , \u00ab\u00a0La soci\u00e9t\u00e9 de construction des Batignolles : des origines \u00e0 la premi\u00e8re Guerre Mondiale (1846-1914)\u00a0\u00bb, Histoire, \u00e9conomie &amp; soci\u00e9t\u00e9, Paris, 2000, p 361-386<\/p>\n<h4>\u00c9tudes de cas sur des villages du S\u00e9gala\u00a0:<\/h4>\n<p>Beteille R. , \u00ab\u00a0Difficult\u00e9s et promesses de modernisation d\u2019un canton du S\u00e9gala\u00a0: le Naucellois\u00a0\u00bb, Revue g\u00e9ographique des Pyr\u00e9n\u00e9es et du Sud-Ouest, Toulouse, 1972,<br \/>\np 45-69<\/p>\n<p>Calm\u00e8s R. , \u00ab\u00a0Adaptation et modernisation agricole dans une commune du Bas-S\u00e9gala\u00a0: St-Just-sur-Viaur\u00a0\u00bb, Revue g\u00e9ographique des Pyr\u00e9n\u00e9es et du Sud-Ouest, Toulouse, 1968, p 299-322<\/p>\n<p>P\u00e9choux P-Y. , \u00ab\u00a0L\u2019\u00e9volution du S\u00e9gala, vue \u00e0 travers la formation de Baraqueville\u00a0: Henri<br \/>\nEnjalbert, Ainsi naquit Baraqueville\u00a0\u00bb, Revue g\u00e9ographique des Pyr\u00e9n\u00e9es et du Sud-Ouest, Toulouse, 1967, p 116-117<\/p>\n","protected":false},"excerpt":{"rendered":"<p>\u00c9tudes sur l\u2019Histoire du S\u00e9gala aux XIX\u00e8 et XX\u00e8 si\u00e8cles\u00a0: Bertrand G. , \u00ab\u00a0Soci\u00e9t\u00e9 rurale et r\u00e9am\u00e9nagement agricole dans le S\u00e9gala tarnais\u00a0\u00bb, Revue g\u00e9ographique des Pyr\u00e9n\u00e9es et du Sud-Ouest, Toulouse, 1962, p 137-161 Calm\u00e8s R. , Les campagnes des S\u00e9galas et du L\u00e9v\u00e9zou: d\u00e9veloppement et progr\u00e8s agricoles, Rodez, Subervie, 1980 Chevalier M. , \u00ab\u00a0Histoire \u00e9conomique &hellip; <\/p>\n<p class=\"link-more\"><a href=\"https:\/\/blogs.univ-jfc.fr\/vphn\/bibliographie-histoire-du-segala-xixe-xxe-siecle\/\" class=\"more-link\">Continuer la lecture<span class=\"screen-reader-text\"> de &laquo;&nbsp;Bibliographie Histoire du S\u00e9gala XIX\u00e8-XX\u00e8 si\u00e8cle&nbsp;&raquo;<\/span><\/a><\/p>\n","protected":false},"author":407,"featured_media":0,"parent":0,"menu_order":0,"comment_status":"closed","ping_status":"closed","template":"","meta":[],"_links":{"self":[{"href":"https:\/\/blogs.univ-jfc.fr\/vphn\/wp-json\/wp\/v2\/pages\/3820"}],"collection":[{"href":"https:\/\/blogs.univ-jfc.fr\/vphn\/wp-json\/wp\/v2\/pages"}],"about":[{"href":"https:\/\/blogs.univ-jfc.fr\/vphn\/wp-json\/wp\/v2\/types\/page"}],"author":[{"embeddable":true,"href":"https:\/\/blogs.univ-jfc.fr\/vphn\/wp-json\/wp\/v2\/users\/407"}],"replies":[{"embeddable":true,"href":"https:\/\/blogs.univ-jfc.fr\/vphn\/wp-json\/wp\/v2\/comments?post=3820"}],"version-history":[{"count":2,"href":"https:\/\/blogs.univ-jfc.fr\/vphn\/wp-json\/wp\/v2\/pages\/3820\/revisions"}],"predecessor-version":[{"id":3822,"href":"https:\/\/blogs.univ-jfc.fr\/vphn\/wp-json\/wp\/v2\/pages\/3820\/revisions\/3822"}],"wp:attachment":[{"href":"https:\/\/blogs.univ-jfc.fr\/vphn\/wp-json\/wp\/v2\/media?parent=3820"}],"curies":[{"name":"wp","href":"https:\/\/api.w.org\/{rel}","templated":true}]}}